{"id":1090,"date":"2018-07-10T15:22:54","date_gmt":"2018-07-10T18:22:54","guid":{"rendered":"http:\/\/www.encontrateresina.com\/sobre\/?page_id=1090"},"modified":"2019-05-03T23:16:53","modified_gmt":"2019-05-04T02:16:53","slug":"delegacia-da-mulher-teresina","status":"publish","type":"page","link":"https:\/\/www.encontrateresina.com\/sobre\/delegacia-da-mulher-teresina\/","title":{"rendered":"Delegacia da Mulher Teresina"},"content":{"rendered":"<div class=\"0a7f0342045e68db0e2c8d55d9616140\" data-index=\"1\" style=\"float: left; margin: 15px 15px 15px 0;\">\n<!-- EBR \/Novo-Bairro-Topo\/ 300x250 -->\r\n<ins class=\"adsbygoogle\"\r\n     style=\"display:inline-block;width:300px;height:250px\"\r\n     data-ad-client=\"ca-pub-6414922941841817\"\r\n     data-ad-slot=\"5351822287\"><\/ins>\r\n<script>\r\n(adsbygoogle = window.adsbygoogle || []).push({});\r\n<\/script>\n<\/div>\n<p>A <strong>Delegacia da Mulher Teresina<\/strong>, \u00e9 um \u00f3rg\u00e3o p\u00fablico brasileiro criado para o combate \u00e0 viol\u00eancia contra as mulheres.<\/p>\n<p>Assegura tranq\u00fcilidade \u00e0 popula\u00e7\u00e3o feminina v\u00edtima de viol\u00eancia, atrav\u00e9s das atividades de investiga\u00e7\u00e3o, preven\u00e7\u00e3o e repress\u00e3o dos delitos praticados contra a mulher;<\/p>\n<p><img decoding=\"async\" loading=\"lazy\" class=\"alignnone wp-image-1094 size-full\" title=\"Delegacia da Mulher Teresina\" src=\"http:\/\/www.encontrateresina.com\/sobre\/wp-content\/uploads\/2018\/07\/delegacia-da-mulher-teresina.jpg\" alt=\"Delegacia da Mulher Teresina\" width=\"680\" height=\"189\" srcset=\"https:\/\/www.encontrateresina.com\/sobre\/wp-content\/uploads\/2018\/07\/delegacia-da-mulher-teresina.jpg 680w, https:\/\/www.encontrateresina.com\/sobre\/wp-content\/uploads\/2018\/07\/delegacia-da-mulher-teresina-300x83.jpg 300w\" sizes=\"(max-width: 680px) 100vw, 680px\" \/><\/p>\n<h2>Hor\u00e1rio de Funcionamento Delegacia da Mulher Teresina<\/h2>\n<ul>\n<li>Aberto 24 horas<\/li>\n<\/ul>\n<h3>Onde Fica, Endere\u00e7o e Telefone Delegacia da Mulher Teresina<\/h3>\n<ul>\n<li>R. 24 de Janeiro, 500 &#8211; Centro (Sul), Teresina &#8211; PI<\/li>\n<li>Telefone: (86) 3222-2323<\/li>\n<\/ul>\n<h4>Mapa de localiza\u00e7\u00e3o<\/h4>\n<a class=\"wp-colorbox-iframe\" href=\"https:\/\/www.google.com\/maps\/embed?pb=!1m14!1m8!1m3!1d15896.428858870888!2d-42.8135061!3d-5.0863596!3m2!1i1024!2i768!4f13.1!3m3!1m2!1s0x00xa1f0168e5ea26c51!2sDelegacia+de+Proteo+dos+Direitos+da+Mulher!5e0!3m2!1spt-BR!2sbr!4v1531229702423\"><img src=\"http:\/\/www.encontrabelohorizonte.com.br\/imgs\/maps-post.png\"><\/a>\n\n<div style=\"font-size: 0px; height: 0px; line-height: 0px; margin: 0; padding: 0; clear: both;\"><\/div>","protected":false},"excerpt":{"rendered":"<p>A Delegacia da Mulher Teresina, \u00e9 um \u00f3rg\u00e3o p\u00fablico brasileiro criado para o combate \u00e0 viol\u00eancia contra as mulheres. Assegura tranq\u00fcilidade \u00e0 popula\u00e7\u00e3o feminina v\u00edtima de viol\u00eancia, atrav\u00e9s das atividades de investiga\u00e7\u00e3o, preven\u00e7\u00e3o e repress\u00e3o dos delitos praticados contra a mulher; Hor\u00e1rio de Funcionamento Delegacia da Mulher Teresina Aberto 24 horas Onde Fica, Endere\u00e7o e Telefone Delegacia da Mulher Teresina R. 24 de Janeiro, 500 &#8211; Centro (Sul), Teresina &#8211; PI Telefone: (86) 3222-2323 Mapa de localiza\u00e7\u00e3o<\/p>\n","protected":false},"author":1,"featured_media":0,"parent":0,"menu_order":0,"comment_status":"closed","ping_status":"closed","template":"","meta":[],"aioseo_notices":[],"_links":{"self":[{"href":"https:\/\/www.encontrateresina.com\/sobre\/wp-json\/wp\/v2\/pages\/1090"}],"collection":[{"href":"https:\/\/www.encontrateresina.com\/sobre\/wp-json\/wp\/v2\/pages"}],"about":[{"href":"https:\/\/www.encontrateresina.com\/sobre\/wp-json\/wp\/v2\/types\/page"}],"author":[{"embeddable":true,"href":"https:\/\/www.encontrateresina.com\/sobre\/wp-json\/wp\/v2\/users\/1"}],"replies":[{"embeddable":true,"href":"https:\/\/www.encontrateresina.com\/sobre\/wp-json\/wp\/v2\/comments?post=1090"}],"version-history":[{"count":0,"href":"https:\/\/www.encontrateresina.com\/sobre\/wp-json\/wp\/v2\/pages\/1090\/revisions"}],"wp:attachment":[{"href":"https:\/\/www.encontrateresina.com\/sobre\/wp-json\/wp\/v2\/media?parent=1090"}],"curies":[{"name":"wp","href":"https:\/\/api.w.org\/{rel}","templated":true}]}}