{"id":1096,"date":"2018-07-10T15:24:48","date_gmt":"2018-07-10T18:24:48","guid":{"rendered":"http:\/\/www.encontrateresina.com\/sobre\/?page_id=1096"},"modified":"2019-05-03T23:19:14","modified_gmt":"2019-05-04T02:19:14","slug":"delegacia-do-idoso-teresina","status":"publish","type":"page","link":"https:\/\/www.encontrateresina.com\/sobre\/delegacia-do-idoso-teresina\/","title":{"rendered":"Delegacia do Idoso Teresina"},"content":{"rendered":"<div class=\"0a7f0342045e68db0e2c8d55d9616140\" data-index=\"1\" style=\"float: left; margin: 15px 15px 15px 0;\">\n<!-- EBR \/Novo-Bairro-Topo\/ 300x250 -->\r\n<ins class=\"adsbygoogle\"\r\n     style=\"display:inline-block;width:300px;height:250px\"\r\n     data-ad-client=\"ca-pub-6414922941841817\"\r\n     data-ad-slot=\"5351822287\"><\/ins>\r\n<script>\r\n(adsbygoogle = window.adsbygoogle || []).push({});\r\n<\/script>\n<\/div>\n<p><strong>Delegacia do Idoso Teresina<\/strong> atende den\u00fancias de maus tratos, abandono, amea\u00e7a ou apropria\u00e7\u00e3o indevida de bens materiais.<\/p>\n<p>A maior parte das den\u00fancias foi de neglig\u00eancia ou abandono, seguido dos registros de viol\u00eancia psicol\u00f3gica, abuso financeiro e viol\u00eancia f\u00edsica (26,5%).<\/p>\n<p><img decoding=\"async\" loading=\"lazy\" class=\"alignnone wp-image-1098 size-full\" title=\"Delegacia do Idoso Teresina\" src=\"http:\/\/www.encontrateresina.com\/sobre\/wp-content\/uploads\/2018\/07\/delegacia-do-idoso-teresina.jpg\" alt=\"Delegacia do Idoso Teresina\" width=\"680\" height=\"189\" srcset=\"https:\/\/www.encontrateresina.com\/sobre\/wp-content\/uploads\/2018\/07\/delegacia-do-idoso-teresina.jpg 680w, https:\/\/www.encontrateresina.com\/sobre\/wp-content\/uploads\/2018\/07\/delegacia-do-idoso-teresina-300x83.jpg 300w\" sizes=\"(max-width: 680px) 100vw, 680px\" \/><\/p>\n<h2>Hor\u00e1rio de Funcionamento Delegacia do Idoso Teresina<\/h2>\n<ul>\n<li>Aberto 24 horas<\/li>\n<\/ul>\n<h3>Onde Fica, Endere\u00e7o e Telefone Delegacia do Idoso Teresina<\/h3>\n<ul>\n<li>R. 24 de Janeiro, 500 &#8211; Centro (Sul), Teresina &#8211; PI<\/li>\n<li>Telefone: (86) 3216-5251<\/li>\n<\/ul>\n<h4>Mapa de localiza\u00e7\u00e3o<\/h4>\n<a class=\"wp-colorbox-iframe\" href=\"https:\/\/www.google.com\/maps\/embed?pb=!1m14!1m8!1m3!1d15896.428352627852!2d-42.8134707!3d-5.0863801!3m2!1i1024!2i768!4f13.1!3m3!1m2!1s0x00x23b40dae566b9659!2sDelegacia+de+Segurana+e+Proteao+ao+Idoso!5e0!3m2!1spt-BR!2sbr!4v1531231680508\"><img src=\"http:\/\/www.encontrabelohorizonte.com.br\/imgs\/maps-post.png\"><\/a>\n\n<div style=\"font-size: 0px; height: 0px; line-height: 0px; margin: 0; padding: 0; clear: both;\"><\/div>","protected":false},"excerpt":{"rendered":"<p>Delegacia do Idoso Teresina atende den\u00fancias de maus tratos, abandono, amea\u00e7a ou apropria\u00e7\u00e3o indevida de bens materiais. A maior parte das den\u00fancias foi de neglig\u00eancia ou abandono, seguido dos registros de viol\u00eancia psicol\u00f3gica, abuso financeiro e viol\u00eancia f\u00edsica (26,5%). Hor\u00e1rio de Funcionamento Delegacia do Idoso Teresina Aberto 24 horas Onde Fica, Endere\u00e7o e Telefone Delegacia do Idoso Teresina R. 24 de Janeiro, 500 &#8211; Centro (Sul), Teresina &#8211; PI Telefone: (86) 3216-5251 Mapa de localiza\u00e7\u00e3o<\/p>\n","protected":false},"author":1,"featured_media":0,"parent":0,"menu_order":0,"comment_status":"closed","ping_status":"closed","template":"","meta":[],"aioseo_notices":[],"_links":{"self":[{"href":"https:\/\/www.encontrateresina.com\/sobre\/wp-json\/wp\/v2\/pages\/1096"}],"collection":[{"href":"https:\/\/www.encontrateresina.com\/sobre\/wp-json\/wp\/v2\/pages"}],"about":[{"href":"https:\/\/www.encontrateresina.com\/sobre\/wp-json\/wp\/v2\/types\/page"}],"author":[{"embeddable":true,"href":"https:\/\/www.encontrateresina.com\/sobre\/wp-json\/wp\/v2\/users\/1"}],"replies":[{"embeddable":true,"href":"https:\/\/www.encontrateresina.com\/sobre\/wp-json\/wp\/v2\/comments?post=1096"}],"version-history":[{"count":0,"href":"https:\/\/www.encontrateresina.com\/sobre\/wp-json\/wp\/v2\/pages\/1096\/revisions"}],"wp:attachment":[{"href":"https:\/\/www.encontrateresina.com\/sobre\/wp-json\/wp\/v2\/media?parent=1096"}],"curies":[{"name":"wp","href":"https:\/\/api.w.org\/{rel}","templated":true}]}}