{"id":1099,"date":"2018-07-10T15:28:41","date_gmt":"2018-07-10T18:28:41","guid":{"rendered":"http:\/\/www.encontrateresina.com\/sobre\/?page_id=1099"},"modified":"2019-05-03T23:20:06","modified_gmt":"2019-05-04T02:20:06","slug":"fundacao-bradesco-teresina","status":"publish","type":"page","link":"https:\/\/www.encontrateresina.com\/sobre\/fundacao-bradesco-teresina\/","title":{"rendered":"Funda\u00e7\u00e3o Bradesco Teresina"},"content":{"rendered":"<div class=\"0a7f0342045e68db0e2c8d55d9616140\" data-index=\"1\" style=\"float: left; margin: 15px 15px 15px 0;\">\n<!-- EBR \/Novo-Bairro-Topo\/ 300x250 -->\r\n<ins class=\"adsbygoogle\"\r\n     style=\"display:inline-block;width:300px;height:250px\"\r\n     data-ad-client=\"ca-pub-6414922941841817\"\r\n     data-ad-slot=\"5351822287\"><\/ins>\r\n<script>\r\n(adsbygoogle = window.adsbygoogle || []).push({});\r\n<\/script>\n<\/div>\n<p>A Funda\u00e7\u00e3o Bradesco foi criada em 1956 por Amador Aguiar, com o objetivo de proporcionar educa\u00e7\u00e3o e profissionaliza\u00e7\u00e3o \u00e0s crian\u00e7as, jovens e adultos.<\/p>\n<p>A comunidade v\u00ea na <strong>Funda\u00e7\u00e3o Bradesco Teresina<\/strong> possibilidades de ampliar horizontes de trabalho e de realiza\u00e7\u00f5es.<\/p>\n<p>As unidades destacam-se pela qualidade de trabalho e excelente infraestrutura.<\/p>\n<p><img decoding=\"async\" loading=\"lazy\" class=\"alignnone wp-image-1103 size-full\" title=\"Funda\u00e7\u00e3o Bradesco Teresina\" src=\"http:\/\/www.encontrateresina.com\/sobre\/wp-content\/uploads\/2018\/07\/fundacao-bradesco-teresina.jpg\" alt=\"Funda\u00e7\u00e3o Bradesco Teresina\" width=\"680\" height=\"189\" srcset=\"https:\/\/www.encontrateresina.com\/sobre\/wp-content\/uploads\/2018\/07\/fundacao-bradesco-teresina.jpg 680w, https:\/\/www.encontrateresina.com\/sobre\/wp-content\/uploads\/2018\/07\/fundacao-bradesco-teresina-300x83.jpg 300w\" sizes=\"(max-width: 680px) 100vw, 680px\" \/><\/p>\n<p>Entende-se que tudo isso justifique a grande procura de moradores da regi\u00e3o por matr\u00edculas em todos os cursos.<\/p>\n<h2>Funda\u00e7\u00e3o Bradesco Teresina Cursos Gratuitos<\/h2>\n<p>S\u00e3o muitos os<span style=\"text-decoration: underline;\"> cursos oferecidos<\/span> atrav\u00e9s da Funda\u00e7\u00e3o Bradesco Inscri\u00e7\u00f5es. Entre as diversas <span style=\"text-decoration: underline;\">op\u00e7\u00f5es de cursos<\/span>, est\u00e3o:<\/p>\n<ul>\n<li>An\u00e1lise de Balan\u00e7os;<\/li>\n<li>Administra\u00e7\u00e3o e Planejamento de Finan\u00e7as Pessoais;<\/li>\n<li>Aprendendo na WebAtendimento ao P\u00fablico;<\/li>\n<li>Comunica\u00e7\u00e3o Escrita;<\/li>\n<li>Desenvolvimento Profissional;<\/li>\n<li>Fam\u00edlia+Segura na Internet;<\/li>\n<li>Introdu\u00e7\u00e3o \u00e0 Fotografia Digital;<\/li>\n<li>Organiza\u00e7\u00e3o Pessoal;<\/li>\n<li>An\u00e1lise Estruturada de Sistemas;<\/li>\n<li>Aplica\u00e7\u00f5es Java Mobile (J2ME);<\/li>\n<li>HTML \u2013 B\u00e1sico;<\/li>\n<li>Ilustra\u00e7\u00e3o &amp; Design Gr\u00e1fico para Web;<\/li>\n<li>L\u00f3gica de Programa\u00e7\u00e3o;<\/li>\n<li>Introdu\u00e7\u00e3o \u00e0 Inform\u00e1tica;<\/li>\n<li>Introdu\u00e7\u00e3o a Redes de Computadores;<\/li>\n<li>Seguran\u00e7a da Informa\u00e7\u00e3o;<\/li>\n<li>TI na Educa\u00e7\u00e3o.<\/li>\n<\/ul>\n<p>Para conferir a lista completa dos c<span style=\"text-decoration: underline;\">ursos dispon\u00edveis<\/span> pela funda\u00e7\u00e3o, acesse o site oficial.<\/p>\n<h3>Funda\u00e7\u00e3o Bradesco Teresina Inscri\u00e7\u00f5es<\/h3>\n<p>Com o aumento da crise econ\u00f4mica que o pa\u00eds enfrenta, a procura por <em>cursos gratuitos<\/em> tamb\u00e9m aumentam. A Funda\u00e7\u00e3o Bradesco, oferece aos seus alunos cursos de \u00f3tima qualidade, preparando-os para o mercado de trabalho.<\/p>\n<p>Aos interessados, as<em> inscri\u00e7\u00f5es<\/em> s\u00e3o feitas pela internet atrav\u00e9s do site oficial da Funda\u00e7\u00e3o Bradesco. Acesse o site<\/p>\n<h3>Funda\u00e7\u00e3o Bradesco Teresina Trabalhe Conosco<\/h3>\n<p>Na Funda\u00e7\u00e3o Bradesco, os educadores atuam como inspiradores do processo de constru\u00e7\u00e3o do conhecimento. A rede de Escolas amplia horizontes e multiplica <em>oportunidades<\/em>, constituindo-se em refer\u00eancia gra\u00e7as \u00e0 soma de esfor\u00e7os de sua equipe. integre o\u00a0<span style=\"text-decoration: underline;\">\u00a0time<\/span>, acesse o site.<\/p>\n<h3>Hor\u00e1rio de Funcionamento Funda\u00e7\u00e3o Bradesco Teresina<\/h3>\n<ul>\n<li>Segunda a sexta das 8h \u00e0s 17h<\/li>\n<\/ul>\n<h3>Onde Fica, Endere\u00e7o e Telefone Funda\u00e7\u00e3o Bradesco Teresina<\/h3>\n<ul>\n<li>Rua Clidenor de Freitas , Conjunto Dirceu Arcoverde I, s.n &#8211; Itarar\u00e9, Teresina &#8211; PI<\/li>\n<li>Telefone: (86) 3236-2001<\/li>\n<\/ul>\n<h4>Outras informa\u00e7\u00f5es e site<\/h4>\n<ul>\n<li>Mais informa\u00e7\u00f5es: <a href=\"https:\/\/fundacao.bradesco\/\" target=\"_blank\" rel=\"noopener\">www.fundacao.bradesco\/<\/a><\/li>\n<\/ul>\n<h4>Mapa de localiza\u00e7\u00e3o<\/h4>\n<a class=\"wp-colorbox-iframe\" href=\"https:\/\/www.google.com\/maps\/embed?pb=!1m14!1m8!1m3!1d15895.972072392204!2d-42.7663985!3d-5.1048235!3m2!1i1024!2i768!4f13.1!3m3!1m2!1s0x00xe3a6f1a0ad272b39!2zRnVuZGHDp8OjbyBCcmFkZXNjbw!5e0!3m2!1spt-BR!2sbr!4v1531233747857\"><img src=\"http:\/\/www.encontrabelohorizonte.com.br\/imgs\/maps-post.png\"><\/a>\n\n<div style=\"font-size: 0px; height: 0px; line-height: 0px; margin: 0; padding: 0; clear: both;\"><\/div>","protected":false},"excerpt":{"rendered":"<p>A Funda\u00e7\u00e3o Bradesco foi criada em 1956 por Amador Aguiar, com o objetivo de proporcionar educa\u00e7\u00e3o e profissionaliza\u00e7\u00e3o \u00e0s crian\u00e7as, jovens e adultos. A comunidade v\u00ea na Funda\u00e7\u00e3o Bradesco Teresina possibilidades de ampliar horizontes de trabalho e de realiza\u00e7\u00f5es. As unidades destacam-se pela qualidade de trabalho e excelente infraestrutura. Entende-se que tudo isso justifique a grande procura de moradores da regi\u00e3o por matr\u00edculas em todos os cursos. Funda\u00e7\u00e3o Bradesco Teresina Cursos Gratuitos S\u00e3o muitos os cursos oferecidos atrav\u00e9s da Funda\u00e7\u00e3o Bradesco Inscri\u00e7\u00f5es. Entre as diversas op\u00e7\u00f5es de cursos, est\u00e3o: An\u00e1lise de Balan\u00e7os; Administra\u00e7\u00e3o e Planejamento de Finan\u00e7as Pessoais; Aprendendo na <\/p>\n","protected":false},"author":1,"featured_media":0,"parent":0,"menu_order":0,"comment_status":"closed","ping_status":"closed","template":"","meta":[],"aioseo_notices":[],"_links":{"self":[{"href":"https:\/\/www.encontrateresina.com\/sobre\/wp-json\/wp\/v2\/pages\/1099"}],"collection":[{"href":"https:\/\/www.encontrateresina.com\/sobre\/wp-json\/wp\/v2\/pages"}],"about":[{"href":"https:\/\/www.encontrateresina.com\/sobre\/wp-json\/wp\/v2\/types\/page"}],"author":[{"embeddable":true,"href":"https:\/\/www.encontrateresina.com\/sobre\/wp-json\/wp\/v2\/users\/1"}],"replies":[{"embeddable":true,"href":"https:\/\/www.encontrateresina.com\/sobre\/wp-json\/wp\/v2\/comments?post=1099"}],"version-history":[{"count":0,"href":"https:\/\/www.encontrateresina.com\/sobre\/wp-json\/wp\/v2\/pages\/1099\/revisions"}],"wp:attachment":[{"href":"https:\/\/www.encontrateresina.com\/sobre\/wp-json\/wp\/v2\/media?parent=1099"}],"curies":[{"name":"wp","href":"https:\/\/api.w.org\/{rel}","templated":true}]}}