{"id":1111,"date":"2018-07-10T15:35:05","date_gmt":"2018-07-10T18:35:05","guid":{"rendered":"http:\/\/www.encontrateresina.com\/sobre\/?page_id=1111"},"modified":"2019-05-04T15:38:00","modified_gmt":"2019-05-04T18:38:00","slug":"shalom-teresina","status":"publish","type":"page","link":"https:\/\/www.encontrateresina.com\/sobre\/shalom-teresina\/","title":{"rendered":"Shalom Teresina"},"content":{"rendered":"<div class=\"0a7f0342045e68db0e2c8d55d9616140\" data-index=\"1\" style=\"float: left; margin: 15px 15px 15px 0;\">\n<!-- EBR \/Novo-Bairro-Topo\/ 300x250 -->\r\n<ins class=\"adsbygoogle\"\r\n     style=\"display:inline-block;width:300px;height:250px\"\r\n     data-ad-client=\"ca-pub-6414922941841817\"\r\n     data-ad-slot=\"5351822287\"><\/ins>\r\n<script>\r\n(adsbygoogle = window.adsbygoogle || []).push({});\r\n<\/script>\n<\/div>\n<p>A Comunidade Cat\u00f3lica <strong>Shalom Teresina<\/strong> \u00e9 uma Associa\u00e7\u00e3o Privada Internacional de Fieis, com personalidade jur\u00eddica, reconhecida pela Santa S\u00e9 com o decreto do dia 22 de fevereiro de 2007, junto ao ent\u00e3o Pontif\u00edcio Conselho para os Leigos.<\/p>\n<p>\u00c9 formada por homens e mulheres que, na diversidade das formas de vida presentes na Igreja, engajam-se em uma vida comunit\u00e1ria e mission\u00e1ria com a finalidade de levar o Evangelho de Jesus Cristo a todos os homens e mulheres.<\/p>\n<p><img decoding=\"async\" loading=\"lazy\" class=\"alignnone wp-image-1116 size-full\" title=\"Shalom Teresina\" src=\"http:\/\/www.encontrateresina.com\/sobre\/wp-content\/uploads\/2018\/07\/shalom-teresina.jpg\" alt=\"Shalom Teresina\" width=\"680\" height=\"189\" srcset=\"https:\/\/www.encontrateresina.com\/sobre\/wp-content\/uploads\/2018\/07\/shalom-teresina.jpg 680w, https:\/\/www.encontrateresina.com\/sobre\/wp-content\/uploads\/2018\/07\/shalom-teresina-300x83.jpg 300w\" sizes=\"(max-width: 680px) 100vw, 680px\" \/><\/p>\n<h2>Shalom Teresina Carisma Shalom<\/h2>\n<p>Em cada tempo, o Esp\u00edrito Santo concede \u00e0 Igreja gra\u00e7as necess\u00e1rias para que ela responda aos desafios contempor\u00e2neos. Carisma \u00e9 um desses dons divinos derramados sobre a Igreja para renov\u00e1-la e atualizar a viv\u00eancia do Evangelho. Assim, foi manifestado ao mundo o Carisma Shalom, que desabrochou no cora\u00e7\u00e3o de Moys\u00e9s Azevedo durante encontro com o Papa Jo\u00e3o Paulo II, em 1980. Deus chamou pessoas a assumir essa gra\u00e7a em suas vidas, dando-lhes uma voca\u00e7\u00e3o espec\u00edfica: Shalom.<\/p>\n<p>Nascida no meio dos jovens, a Obra Shalom teve in\u00edcio a partir de uma ousada inspira\u00e7\u00e3o: criar uma interface que falasse a linguagem dos jovens, para criar uma ponte entre eles e uma experi\u00eancia pessoal com Jesus Cristo e a Sua Igreja. Assim, nasceu a primeira \u201cLanchonete do Senhor\u201d, no dia 9 de julho de 1982, em Fortaleza (Brasil): um lugar atraente onde os jovens tinham a oportunidade de experimentar momentos de ora\u00e7\u00e3o, fraternidade e miss\u00e3o, crescendo assim em seu caminho de f\u00e9.<\/p>\n<p>Hoje, para levar a experi\u00eancia de Jesus Cristo a muitos outros, em meio \u00e0 diversidade dos povos, das culturas e dos diversos contextos da sociedade, o Shalom realiza a\u00e7\u00f5es evangelizadoras diversificadas e multiformes em meio aos jovens, \u00e0s fam\u00edlias, \u00e0s crian\u00e7as, aos mais pobres e necessitados, aos profissionais de diversas \u00e1reas, nos meios de comunica\u00e7\u00e3o, no mundo das artes, da ci\u00eancia, da cultura e da promo\u00e7\u00e3o humana, atrav\u00e9s de obras de miseric\u00f3rdia que toquem os diversos sofrimentos que as pessoas atravessam.<\/p>\n<p>A viv\u00eancia da Voca\u00e7\u00e3o Shalom no seio da Comunidade \u00e9 fundamentada na experi\u00eancia com Jesus Cristo, o Ressuscitado que passou pela Cruz, narrada no Evangelho de Jo\u00e3o.<\/p>\n<p>\u201cAo encontrar os disc\u00edpulos no Cen\u00e1culo, Jesus Ressuscitado lhes diz: Paz a v\u00f3s (Jo. 20,19), ou seja, Shalom! Em Jesus, esta sauda\u00e7\u00e3o \u00e9 uma real comunica\u00e7\u00e3o da Paz, isto \u00e9, de toda sorte de b\u00ean\u00e7\u00e3os espirituais e materiais, a felicidade perfeita que o Messias nos traz. \u00c9, enfim, o an\u00fancio e a doa\u00e7\u00e3o da salva\u00e7\u00e3o plena\u201d (Pre\u00e2mbulo dos Estatutos).<\/p>\n<p>Jesus \u00e9 o Shalom do Pai para o mundo, a verdadeira e \u00fanica Paz que a humanidade pode ter. Como os disc\u00edpulos de Cristo foram enviados por Ele, naquela ocasi\u00e3o, para implantar a Paz no cora\u00e7\u00e3o dos homens, os vocacionados s\u00e3o chamados a anunci\u00e1-la com a vida e o testemunho. \u201cSer Shalom\u201d significa, pelo poder do Esp\u00edrito Santo, ser disc\u00edpulo e ministro da Paz e levar o pr\u00f3prio Cristo a quem por Ele espera.<\/p>\n<p>Para aqueles que foram chamados a corresponder \u00e0 Voca\u00e7\u00e3o, Deus concede o caminho da Contempla\u00e7\u00e3o, Unidade e Evangeliza\u00e7\u00e3o.<\/p>\n<p>Da Contempla\u00e7\u00e3o do Ressuscitado, que sopra sobre os disc\u00edpulos, brota a for\u00e7a da Evangeliza\u00e7\u00e3o. Assim inspirada, a Comunidade empreende esfor\u00e7os para anunciar o mesmo e \u00fanico Evangelho de Nosso Senhor Jesus Cristo com efic\u00e1cia, ousadia e criatividade. Para viver a Voca\u00e7\u00e3o \u00e9 necess\u00e1rio, ainda, mergulhar no esp\u00edrito da caridade segundo os moldes das primeiras comunidades crist\u00e3s, refletindo a Unidade da comunh\u00e3o amorosa do Pai, do Filho e do Esp\u00edrito Santo.<\/p>\n<h3>Shalom Teresina Caminho Vocacional<\/h3>\n<p>Se voc\u00ea deseja trilhar um caminho de discernimento vocacional na Comunidade Shalom, procure engajar-se em um grupo vocacional na miss\u00e3o Shalom mais pr\u00f3xima da sua cidade, ou entre em contato com a Assessoria Vocacional para trilhar o \u201ccaminho vocacional \u00e0 dist\u00e2ncia\u201d atrav\u00e9s do email <a href=\"mailto:vocacionaladistancia@comshalom.or\">vocacionaladistancia@comshalom.or<\/a>g.<\/p>\n<p>O Caminho Vocacional tem a dura\u00e7\u00e3o m\u00ednima de um ano, iniciando com o Encontro Vocacional Aberto (no in\u00edcio de cada ano).<\/p>\n<p>Cada vocacionado \u00e9 assistido e orientado por um Acompanhador Vocacional (diretor espiritual) para, na escuta da vontade de Senhor, discernir sobre o chamado \u00e0 voca\u00e7\u00e3o Shalom ou a uma outra voca\u00e7\u00e3o na Igreja, sobre o tempo de amadurecimento necess\u00e1rio para dar o passo concreto em dire\u00e7\u00e3o ao ingresso no postulantado da Comunidade de Vida ou de Alian\u00e7a.<\/p>\n<h3>Hor\u00e1rio de Funcionamento Shalom Teresina<\/h3>\n<ul>\n<li>Ter\u00e7a a quinta das 7h \u00e0s 22h \/\u00a0Segunda, sexta e s\u00e1bado das 14h \u00e0s 22h \/\u00a0Domingo das 15h \u00e0s 22h<\/li>\n<\/ul>\n<h3>Onde Fica,\u00a0Endere\u00e7o e Telefone Shalom Teresina<\/h3>\n<ul>\n<li>R. Manoel Nogueira Lima, 1356 &#8211; J\u00f3quei, Teresina &#8211; PI<\/li>\n<li>Telefone: (86) 3213-7004<\/li>\n<\/ul>\n<h4>Outras informa\u00e7\u00f5es e site<\/h4>\n<ul>\n<li>Mais informa\u00e7\u00f5es: <a href=\"http:\/\/www.comshalom.org\/teresina\/\" target=\"_blank\" rel=\"noopener\">www.comshalom.org\/teresina\/<\/a><\/li>\n<\/ul>\n<h4>Mapa de localiza\u00e7\u00e3o<\/h4>\n<a class=\"wp-colorbox-iframe\" href=\"https:\/\/www.google.com\/maps\/embed?pb=!1m14!1m8!1m3!1d15896.658202018092!2d-42.787571!3d-5.077064!3m2!1i1024!2i768!4f13.1!3m3!1m2!1s0x00x5eb64465fcb76f52!2sComunidade+Catlica+Shalom+(Centro+De+Evangelizao)!5e0!3m2!1spt-BR!2sbr!4v1531230822865\"><img src=\"http:\/\/www.encontrabelohorizonte.com.br\/imgs\/maps-post.png\"><\/a>\n\n<div style=\"font-size: 0px; height: 0px; line-height: 0px; margin: 0; padding: 0; clear: both;\"><\/div>","protected":false},"excerpt":{"rendered":"<p>A Comunidade Cat\u00f3lica Shalom Teresina \u00e9 uma Associa\u00e7\u00e3o Privada Internacional de Fieis, com personalidade jur\u00eddica, reconhecida pela Santa S\u00e9 com o decreto do dia 22 de fevereiro de 2007, junto ao ent\u00e3o Pontif\u00edcio Conselho para os Leigos. \u00c9 formada por homens e mulheres que, na diversidade das formas de vida presentes na Igreja, engajam-se em uma vida comunit\u00e1ria e mission\u00e1ria com a finalidade de levar o Evangelho de Jesus Cristo a todos os homens e mulheres. Shalom Teresina Carisma Shalom Em cada tempo, o Esp\u00edrito Santo concede \u00e0 Igreja gra\u00e7as necess\u00e1rias para que ela responda aos desafios contempor\u00e2neos. Carisma \u00e9 <\/p>\n","protected":false},"author":1,"featured_media":0,"parent":0,"menu_order":0,"comment_status":"closed","ping_status":"closed","template":"","meta":[],"aioseo_notices":[],"_links":{"self":[{"href":"https:\/\/www.encontrateresina.com\/sobre\/wp-json\/wp\/v2\/pages\/1111"}],"collection":[{"href":"https:\/\/www.encontrateresina.com\/sobre\/wp-json\/wp\/v2\/pages"}],"about":[{"href":"https:\/\/www.encontrateresina.com\/sobre\/wp-json\/wp\/v2\/types\/page"}],"author":[{"embeddable":true,"href":"https:\/\/www.encontrateresina.com\/sobre\/wp-json\/wp\/v2\/users\/1"}],"replies":[{"embeddable":true,"href":"https:\/\/www.encontrateresina.com\/sobre\/wp-json\/wp\/v2\/comments?post=1111"}],"version-history":[{"count":0,"href":"https:\/\/www.encontrateresina.com\/sobre\/wp-json\/wp\/v2\/pages\/1111\/revisions"}],"wp:attachment":[{"href":"https:\/\/www.encontrateresina.com\/sobre\/wp-json\/wp\/v2\/media?parent=1111"}],"curies":[{"name":"wp","href":"https:\/\/api.w.org\/{rel}","templated":true}]}}