{"id":1144,"date":"2018-07-10T15:56:45","date_gmt":"2018-07-10T18:56:45","guid":{"rendered":"http:\/\/www.encontrateresina.com\/sobre\/?page_id=1144"},"modified":"2019-05-04T16:34:53","modified_gmt":"2019-05-04T19:34:53","slug":"abo-teresina","status":"publish","type":"page","link":"https:\/\/www.encontrateresina.com\/sobre\/abo-teresina\/","title":{"rendered":"Abo Teresina"},"content":{"rendered":"<div class=\"0a7f0342045e68db0e2c8d55d9616140\" data-index=\"1\" style=\"float: left; margin: 15px 15px 15px 0;\">\n<!-- EBR \/Novo-Bairro-Topo\/ 300x250 -->\r\n<ins class=\"adsbygoogle\"\r\n     style=\"display:inline-block;width:300px;height:250px\"\r\n     data-ad-client=\"ca-pub-6414922941841817\"\r\n     data-ad-slot=\"5351822287\"><\/ins>\r\n<script>\r\n(adsbygoogle = window.adsbygoogle || []).push({});\r\n<\/script>\n<\/div>\n<p>A hist\u00f3ria da <strong>Abo Teresin<\/strong>a tem origem em 1917, como Federa\u00e7\u00e3o Odontol\u00f3gica Brasileira (FOB).<\/p>\n<p>Em 1949, a FOB passou a ser oficialmente denominada Uni\u00e3o Odontol\u00f3gica Brasileira, e s\u00f3 em 1962 decidiu-se adotar o nome Associa\u00e7\u00e3o Brasileira de Odontologia (ABO).<\/p>\n<p>Independente do nome ou da \u00e9poca, a capacita\u00e7\u00e3o e a evolu\u00e7\u00e3o profissional sempre foram encaradas como prioridade.<\/p>\n<p><img decoding=\"async\" loading=\"lazy\" class=\"alignnone wp-image-1146 size-full\" title=\"Abo Teresina\" src=\"http:\/\/www.encontrateresina.com\/sobre\/wp-content\/uploads\/2018\/07\/abo-teresina.jpg\" alt=\"Abo Teresina\" width=\"680\" height=\"189\" srcset=\"https:\/\/www.encontrateresina.com\/sobre\/wp-content\/uploads\/2018\/07\/abo-teresina.jpg 680w, https:\/\/www.encontrateresina.com\/sobre\/wp-content\/uploads\/2018\/07\/abo-teresina-300x83.jpg 300w\" sizes=\"(max-width: 680px) 100vw, 680px\" \/><\/p>\n<p><strong>Miss\u00e3o e vis\u00e3o<\/strong><br \/>\nNossa miss\u00e3o \u00e9 promover a Odontologia nacional e internacionalmente, valorizar o cirurgi\u00e3o-dentista no contexto t\u00e9cnico-cient\u00edfico e sociocultural, e contribuir com a pol\u00edtica de promo\u00e7\u00e3o de sa\u00fade bucal da popula\u00e7\u00e3o.<\/p>\n<p><strong>Rede ABO<\/strong><br \/>\nA Rede ABO \u00e9 considerada a maior rede de capacita\u00e7\u00e3o e divulga\u00e7\u00e3o cient\u00edfica em Odontologia do planeta, representando o Brasil como Pa\u00eds-Membro na Federa\u00e7\u00e3o Odontol\u00f3gica Latino-americana.<br \/>\nS\u00e3o 321 sedes e um total de 1.500 consult\u00f3rios odontol\u00f3gicos em mais de 80 Escolas de Aperfei\u00e7oamento Profissional, que oferecem atendimento gratuito ou subsidiado \u00e0 popula\u00e7\u00e3o, e ministram 70% dos cursos de especializa\u00e7\u00e3o em Odontologia registrados no Conselho Federal de Odontologia.<\/p>\n<p>De Norte a Sul e de Leste a Oeste do Pa\u00eds, o profissional de Odontologia pode contar com a ABO Nacional. Ao longo dos anos ela conseguiu fincar sua bandeira associativa em todos os 27 Estados brasileiros.<\/p>\n<p>A ABO tem hoje cerca de 90 mil associados, mas trabalha em defesa de todos os 200 mil profissionais brasileiros, trazendo vantagens e benef\u00edcios para toda a classe odontol\u00f3gica.<\/p>\n<p><strong>UNIABO<\/strong><br \/>\nUm portal exclusivo que oferece aos associados ABO uma s\u00e9rie de cursos de atualiza\u00e7\u00e3o profissional \u00e0 dist\u00e2ncia.<\/p>\n<h2>Abo Teresina Cursos<\/h2>\n<p>Para informa\u00e7\u00f5es sobre <em>cursos<\/em> acesse o site.<\/p>\n<h3>Abo Teresina A\u00e7\u00f5es Sociais<\/h3>\n<p><strong>Um Sorriso do Tamanho do Brasil<\/strong><br \/>\nO projeto Um Sorriso do Tamanho do Brasil tem como objetivo contribuir com a sa\u00fade da popula\u00e7\u00e3o por meio do atendimento preventivo \u00e0s crian\u00e7as e instru\u00e7\u00f5es de higiene bucal. Para isso, todas as sedes da ABO conduzem, durante todo ano, a\u00e7\u00f5es l\u00fadicas, art\u00edsticas, sociais e ambientais, sempre com o intuito de promover a sa\u00fade bucal para o maior n\u00famero poss\u00edvel de pessoas.<\/p>\n<h3>Onde Fica,\u00a0Endere\u00e7o e Telefone Abo Teresina<\/h3>\n<ul>\n<li>R. Dr. Area Le\u00e3o, 545 &#8211; Centro (Sul) &#8211; Teresina &#8211; PI<\/li>\n<li>Telefone: (86) 3221-9374<\/li>\n<\/ul>\n<h4>Outras informa\u00e7\u00f5es e site<\/h4>\n<ul>\n<li>Mais informa\u00e7\u00f5es: <a href=\"https:\/\/www.abo.org.br\/\" target=\"_blank\" rel=\"noopener noreferrer\">www.abo.org.br<\/a><\/li>\n<\/ul>\n<h4>Mapa de localiza\u00e7\u00e3o<\/h4>\n<a class=\"wp-colorbox-iframe\" href=\"https:\/\/www.google.com\/maps\/embed?pb=!1m14!1m8!1m3!1d15896.252523859268!2d-42.806534!3d-5.0934952!3m2!1i1024!2i768!4f13.1!3m3!1m2!1s0x00xff569f477dadd151!2sAssociao+Brasileira+de+Odontologia!5e0!3m2!1spt-BR!2sbr!4v1531244759404\"><img src=\"http:\/\/www.encontrabelohorizonte.com.br\/imgs\/maps-post.png\"><\/a>\n\n<div style=\"font-size: 0px; height: 0px; line-height: 0px; margin: 0; padding: 0; clear: both;\"><\/div>","protected":false},"excerpt":{"rendered":"<p>A hist\u00f3ria da Abo Teresina tem origem em 1917, como Federa\u00e7\u00e3o Odontol\u00f3gica Brasileira (FOB). Em 1949, a FOB passou a ser oficialmente denominada Uni\u00e3o Odontol\u00f3gica Brasileira, e s\u00f3 em 1962 decidiu-se adotar o nome Associa\u00e7\u00e3o Brasileira de Odontologia (ABO). Independente do nome ou da \u00e9poca, a capacita\u00e7\u00e3o e a evolu\u00e7\u00e3o profissional sempre foram encaradas como prioridade. Miss\u00e3o e vis\u00e3o Nossa miss\u00e3o \u00e9 promover a Odontologia nacional e internacionalmente, valorizar o cirurgi\u00e3o-dentista no contexto t\u00e9cnico-cient\u00edfico e sociocultural, e contribuir com a pol\u00edtica de promo\u00e7\u00e3o de sa\u00fade bucal da popula\u00e7\u00e3o. Rede ABO A Rede ABO \u00e9 considerada a maior rede de capacita\u00e7\u00e3o <\/p>\n","protected":false},"author":1,"featured_media":0,"parent":0,"menu_order":0,"comment_status":"closed","ping_status":"closed","template":"","meta":[],"aioseo_notices":[],"_links":{"self":[{"href":"https:\/\/www.encontrateresina.com\/sobre\/wp-json\/wp\/v2\/pages\/1144"}],"collection":[{"href":"https:\/\/www.encontrateresina.com\/sobre\/wp-json\/wp\/v2\/pages"}],"about":[{"href":"https:\/\/www.encontrateresina.com\/sobre\/wp-json\/wp\/v2\/types\/page"}],"author":[{"embeddable":true,"href":"https:\/\/www.encontrateresina.com\/sobre\/wp-json\/wp\/v2\/users\/1"}],"replies":[{"embeddable":true,"href":"https:\/\/www.encontrateresina.com\/sobre\/wp-json\/wp\/v2\/comments?post=1144"}],"version-history":[{"count":0,"href":"https:\/\/www.encontrateresina.com\/sobre\/wp-json\/wp\/v2\/pages\/1144\/revisions"}],"wp:attachment":[{"href":"https:\/\/www.encontrateresina.com\/sobre\/wp-json\/wp\/v2\/media?parent=1144"}],"curies":[{"name":"wp","href":"https:\/\/api.w.org\/{rel}","templated":true}]}}