{"id":1147,"date":"2018-07-10T15:59:08","date_gmt":"2018-07-10T18:59:08","guid":{"rendered":"http:\/\/www.encontrateresina.com\/sobre\/?page_id=1147"},"modified":"2019-05-04T16:36:26","modified_gmt":"2019-05-04T19:36:26","slug":"hospital-da-policia-teresina","status":"publish","type":"page","link":"https:\/\/www.encontrateresina.com\/sobre\/hospital-da-policia-teresina\/","title":{"rendered":"Hospital da Pol\u00edcia Teresina"},"content":{"rendered":"<div class=\"0a7f0342045e68db0e2c8d55d9616140\" data-index=\"1\" style=\"float: left; margin: 15px 15px 15px 0;\">\n<!-- EBR \/Novo-Bairro-Topo\/ 300x250 -->\r\n<ins class=\"adsbygoogle\"\r\n     style=\"display:inline-block;width:300px;height:250px\"\r\n     data-ad-client=\"ca-pub-6414922941841817\"\r\n     data-ad-slot=\"5351822287\"><\/ins>\r\n<script>\r\n(adsbygoogle = window.adsbygoogle || []).push({});\r\n<\/script>\n<\/div>\n<p>O HPMPI (<strong>Hospital da Pol\u00edcia Teresina<\/strong>) \u00e9 um hospital de pequena e m\u00e9dia complexidade, cuja voca\u00e7\u00e3o s\u00e3o as cirurgias ortop\u00e9dicas, gerais, ginecol\u00f3gicas, urol\u00f3gicas e pequenas cirurgias.<\/p>\n<p>Entretanto, o HPMPI tamb\u00e9m oferece atendimento especializado nas \u00e1reas: ambulatorial, laboratorial, odontologia e fisioter\u00e1pica, tanto ao p\u00fablico advindo da pol\u00edcia militar e seus dependentes, bem como \u00e0 sociedade em geral.<\/p>\n<p><img decoding=\"async\" loading=\"lazy\" class=\"alignnone wp-image-1149 size-full\" title=\"Hospital da Policia Teresina\" src=\"http:\/\/www.encontrateresina.com\/sobre\/wp-content\/uploads\/2018\/07\/hospital-da-policia-teresina.jpg\" alt=\"Hospital da Policia Teresina\" width=\"680\" height=\"189\" srcset=\"https:\/\/www.encontrateresina.com\/sobre\/wp-content\/uploads\/2018\/07\/hospital-da-policia-teresina.jpg 680w, https:\/\/www.encontrateresina.com\/sobre\/wp-content\/uploads\/2018\/07\/hospital-da-policia-teresina-300x83.jpg 300w\" sizes=\"(max-width: 680px) 100vw, 680px\" \/><\/p>\n<p>A Pol\u00edcia Militar do Piau\u00ed come\u00e7ou a estruturar o servi\u00e7o de sa\u00fade a partir de 1972, com o ingresso dos primeiros oficiais de sa\u00fade no quadro funcional da Corpora\u00e7\u00e3o. esse servi\u00e7o (m\u00e9dico e odontol\u00f3gico) era prestado desde ent\u00e3o em situa\u00e7\u00f5es prec\u00e1rias, tais como: o seu funcionamento acontecia no antigo Quartel da Pra\u00e7a Pedro II, onde havia car\u00eancia de material e pessoal especializado, pois constava somente de uma simples enfermaria, com oito leitos, quatro m\u00e9dicos civis, um dentista militar e um farmac\u00eautico.<\/p>\n<p>Com tais dificuldades, e com o crescimento do efetivo, o servi\u00e7o de sa\u00fade da Pol\u00edcia Militar tornou-se totalmente prec\u00e1rio, impossibilitando o atendimento das necessidades de assist\u00eancia m\u00e9dica dos policiais militares e seus dependentes, o que levou a Corpora\u00e7\u00e3o a repensar a import\u00e2ncia do servi\u00e7o de sa\u00fade na sua moderna estrutura\u00e7\u00e3o.<\/p>\n<p>Destarte, iniciaram-se, em agosto de 1978, as obras para a constru\u00e7\u00e3o de um hospital pr\u00f3prio da Corpora\u00e7\u00e3o, na administra\u00e7\u00e3o do ent\u00e3o governador Dr. Dirceu Mendes Arcoverde, que batizou o hospital. O comandante Geral da Policia Militar do Piau\u00ed \u00e0 \u00e9poca era o Cel PM \u00c2ngelo de Ara\u00fajo Paz. Entretanto, o HPMPI s\u00f3 veio abrir suas portas em 21 de abril de 1986, expectativa inquestion\u00e1vel da fam\u00edlia do policial militar na gest\u00e3o do Comandante Geral Cel QOPM Jos\u00e9 Rodrigues Alves e seu primeiro Diretor o Cel QOSPM Dr. Is\u00e2nio Lemos de Mesquita. Sob sua dire\u00e7\u00e3o tiveram in\u00edcio as interna\u00e7\u00f5es de pacientes na \u00e1rea de cl\u00ednica m\u00e9dica e obstetr\u00edcia. Nessa fase, o hospital possu\u00eda apenas os conv\u00eanios do Fundo de Sa\u00fade da Corpora\u00e7\u00e3o, IAPEP e FUSEX.<\/p>\n<p>Em 14 de mar\u00e7o de 1992, houve uma reforma, com a recupera\u00e7\u00e3o de todas as suas instala\u00e7\u00f5es e equipamentos ficando em condi\u00e7\u00f5es de atender n\u00e3o somente os integrantes da corpora\u00e7\u00e3o e dependentes, como tamb\u00e9m a sociedade em geral.<\/p>\n<p>Atualmente temos como Diretor Geral do HPMPI o Cel QOPM RR Jos\u00e9 Adersino Alves de Moura, tendo como Diretor Administrativo o Maj QOPM Raimundo Floriano de Siqueira Filho e como Diretor Financeiro o Maj QOPM Luis Carlos de Sousa e Silva.<\/p>\n<p>Sendo assim, o hospital visando o melhor atendimento \u00e0 comunidade ampliou os conv\u00eanios, a saber: SUS, IAPEP, PLAMTA e PAIS.<\/p>\n<p>O HPMPI como um hospital especializado no atendimento \u00e0 assist\u00eancia m\u00e9dico hospitalar e tendo como principal finalidade prevenir doen\u00e7as, promover a sa\u00fade, estimular a educa\u00e7\u00e3o e desenvolver pesquisas, disp\u00f5e de um quadro de profissionais respons\u00e1veis e comprometidos que est\u00e3o trabalhando para o bem estar da popula\u00e7\u00e3o militar e civil com a filosofia &#8211; \u201cHUMANIZANDO E CUIDANDO BEM DE SUA SA\u00daDE\u201d, com uma gest\u00e3o moderna pautada nos princ\u00edpios de efici\u00eancia e efic\u00e1cia.<\/p>\n<h3>Hospital da Pol\u00edcia Teresina Trabalhe Conosco<\/h3>\n<p>O Hospital da Pol\u00edcia Teresina disponibiliza <em>vagas de trabalho<\/em> durante todo ano. Para se informar sobre os <em>processos seletivos<\/em> e se <span style=\"text-decoration: underline;\">candidatar as vagas<\/span> acompanhe o site da empresa, onde \u00e9 poss\u00edvel se informar sobre <span style=\"text-decoration: underline;\">vagas abertas<\/span>, sal\u00e1rios e compet\u00eancias necess\u00e1rias para se <em>candidatar ao processo<\/em>.<\/p>\n<h3>Hor\u00e1rio de Funcionamento Hospital da Pol\u00edcia Teresina<\/h3>\n<ul>\n<li>Atendimento 24 horas<\/li>\n<\/ul>\n<h3>Onde Fica,\u00a0Endere\u00e7o e Telefone Hospital da Pol\u00edcia Teresina<\/h3>\n<ul>\n<li>Av. Higino Cunha, 1642 &#8211; Cristo Rei &#8211; Teresina &#8211; PI<\/li>\n<li>Telefoje: (86) 3216-1520<\/li>\n<\/ul>\n<h4>Outras informa\u00e7\u00f5es e site<\/h4>\n<ul>\n<li>Mais informa\u00e7\u00f5es: <a href=\"http:\/\/www.hpm.pi.gov.br\/\" target=\"_blank\" rel=\"noopener noreferrer\">www.hpm.pi.gov.br<\/a><\/li>\n<\/ul>\n<h4>Mapa de localiza\u00e7\u00e3o<\/h4>\n<a class=\"wp-colorbox-iframe\" href=\"https:\/\/www.google.com\/maps\/embed?pb=!1m14!1m8!1m3!1d15896.20421090862!2d-42.7871882!3d-5.0954485!3m2!1i1024!2i768!4f13.1!3m3!1m2!1s0x00xd55830e34453c97d!2sHospital+Dirceu+Arcoverde+da+Policia+Militar-HPMPI!5e0!3m2!1spt-BR!2sbr!4v1531229834762\"><img src=\"http:\/\/www.encontrabelohorizonte.com.br\/imgs\/maps-post.png\"><\/a>\n\n<div style=\"font-size: 0px; height: 0px; line-height: 0px; margin: 0; padding: 0; clear: both;\"><\/div>","protected":false},"excerpt":{"rendered":"<p>O HPMPI (Hospital da Pol\u00edcia Teresina) \u00e9 um hospital de pequena e m\u00e9dia complexidade, cuja voca\u00e7\u00e3o s\u00e3o as cirurgias ortop\u00e9dicas, gerais, ginecol\u00f3gicas, urol\u00f3gicas e pequenas cirurgias. Entretanto, o HPMPI tamb\u00e9m oferece atendimento especializado nas \u00e1reas: ambulatorial, laboratorial, odontologia e fisioter\u00e1pica, tanto ao p\u00fablico advindo da pol\u00edcia militar e seus dependentes, bem como \u00e0 sociedade em geral. A Pol\u00edcia Militar do Piau\u00ed come\u00e7ou a estruturar o servi\u00e7o de sa\u00fade a partir de 1972, com o ingresso dos primeiros oficiais de sa\u00fade no quadro funcional da Corpora\u00e7\u00e3o. esse servi\u00e7o (m\u00e9dico e odontol\u00f3gico) era prestado desde ent\u00e3o em situa\u00e7\u00f5es prec\u00e1rias, tais como: o <\/p>\n","protected":false},"author":1,"featured_media":0,"parent":0,"menu_order":0,"comment_status":"closed","ping_status":"closed","template":"","meta":[],"aioseo_notices":[],"_links":{"self":[{"href":"https:\/\/www.encontrateresina.com\/sobre\/wp-json\/wp\/v2\/pages\/1147"}],"collection":[{"href":"https:\/\/www.encontrateresina.com\/sobre\/wp-json\/wp\/v2\/pages"}],"about":[{"href":"https:\/\/www.encontrateresina.com\/sobre\/wp-json\/wp\/v2\/types\/page"}],"author":[{"embeddable":true,"href":"https:\/\/www.encontrateresina.com\/sobre\/wp-json\/wp\/v2\/users\/1"}],"replies":[{"embeddable":true,"href":"https:\/\/www.encontrateresina.com\/sobre\/wp-json\/wp\/v2\/comments?post=1147"}],"version-history":[{"count":0,"href":"https:\/\/www.encontrateresina.com\/sobre\/wp-json\/wp\/v2\/pages\/1147\/revisions"}],"wp:attachment":[{"href":"https:\/\/www.encontrateresina.com\/sobre\/wp-json\/wp\/v2\/media?parent=1147"}],"curies":[{"name":"wp","href":"https:\/\/api.w.org\/{rel}","templated":true}]}}