{"id":1150,"date":"2018-07-10T16:02:29","date_gmt":"2018-07-10T19:02:29","guid":{"rendered":"http:\/\/www.encontrateresina.com\/sobre\/?page_id=1150"},"modified":"2019-05-04T16:37:35","modified_gmt":"2019-05-04T19:37:35","slug":"igreja-sao-benedito-teresina","status":"publish","type":"page","link":"https:\/\/www.encontrateresina.com\/sobre\/igreja-sao-benedito-teresina\/","title":{"rendered":"Igreja S\u00e3o Benedito Teresina"},"content":{"rendered":"<div class=\"0a7f0342045e68db0e2c8d55d9616140\" data-index=\"1\" style=\"float: left; margin: 15px 15px 15px 0;\">\n<!-- EBR \/Novo-Bairro-Topo\/ 300x250 -->\r\n<ins class=\"adsbygoogle\"\r\n     style=\"display:inline-block;width:300px;height:250px\"\r\n     data-ad-client=\"ca-pub-6414922941841817\"\r\n     data-ad-slot=\"5351822287\"><\/ins>\r\n<script>\r\n(adsbygoogle = window.adsbygoogle || []).push({});\r\n<\/script>\n<\/div>\n<p>A<strong> igreja S\u00e3o Benedito Teresina<\/strong> \u00e9 uma igreja cat\u00f3lica localizada na \u00e1rea mais central da cidade de Teresina, a capital do estado brasileiro do Piau\u00ed.<\/p>\n<p>\u00c9 o terceiro mais importante templo cat\u00f3lico constru\u00eddo em Teresina, sendo junto \u00e0 Catedral Metropolitana Nossa Senhora das Dores e \u00e0 Igreja Matriz Nossa Senhora do Amparo (Primaz de Teresina) os principais templos da cidade.<\/p>\n<p><img decoding=\"async\" loading=\"lazy\" class=\"alignnone wp-image-1152 size-full\" title=\"Igreja S\u00e3o Benedito Teresina\" src=\"http:\/\/www.encontrateresina.com\/sobre\/wp-content\/uploads\/2018\/07\/igreja-sao-benedito-teresina.jpg\" alt=\"Igreja S\u00e3o Benedito Teresina\" width=\"680\" height=\"189\" srcset=\"https:\/\/www.encontrateresina.com\/sobre\/wp-content\/uploads\/2018\/07\/igreja-sao-benedito-teresina.jpg 680w, https:\/\/www.encontrateresina.com\/sobre\/wp-content\/uploads\/2018\/07\/igreja-sao-benedito-teresina-300x83.jpg 300w\" sizes=\"(max-width: 680px) 100vw, 680px\" \/><\/p>\n<h2>Igreja S\u00e3o Benedito Teresina Arquitetura<\/h2>\n<p><span style=\"text-decoration: underline;\">Constru\u00edda em alvenaria, telhado de cana industrial cer\u00e2mico, forro abobadado, vergas em arco pleno e piso externo em lajota cer\u00e2mica<\/span>, a Igreja de S\u00e3o Benedito \u00e9 uma imponente edifica\u00e7\u00e3o, em estilo toscano como igreja italianas, com torres piramidal que se elevam a mais de quarenta metros de altura seguindo rigorosamente o modelo da bas\u00edlica medieval, com planta cruciforme, e tem <span style=\"text-decoration: underline;\">inspira\u00e7\u00e3o rom\u00e2ntica com fachada trabalhada voltada para o oeste, planta em cruz latina e abside posterior ao altar-mor, com alto zimb\u00f3rio e majestosa escadaria de pedra que leva a seu adro.<\/span><\/p>\n<h3>Igreja S\u00e3o Benedito Teresina Hist\u00f3ria<\/h3>\n<p>A pedra fundamental da Igreja de S\u00e3o Benedito <span style=\"text-decoration: underline;\">foi lan\u00e7ada em 13 de junho de 1874<\/span>, e sua sagra\u00e7\u00e3o se deu em <span style=\"text-decoration: underline;\">3 de junho de 1886<\/span>. A igreja demorou <em>12 anos<\/em> para ser conclu\u00edda pelo mission\u00e1rio capuchinho italiano Frei Serafim de Cat\u00e2nia, da ordem dos franciscanos, que veio para Teresina em <span style=\"text-decoration: underline;\">10 de maio de 1874.<\/span><\/p>\n<h3>Hor\u00e1rio das Missas Igreja S\u00e3o Benedito Teresina<\/h3>\n<ul>\n<li>Segunda a domingo \u00e1s 6h30 e as 17h30<\/li>\n<\/ul>\n<h3>Onde Fica,\u00a0Endere\u00e7o e Telefone Igreja S\u00e3o Benedito Teresina<\/h3>\n<ul>\n<li>Avenida Frei Serafim, 1626 &#8211; Teresina &#8211; PI<\/li>\n<li>Telefone: (86) 3222-2667<\/li>\n<\/ul>\n<h4>Outras informa\u00e7\u00f5es e site<\/h4>\n<ul>\n<li>Mais informa\u00e7\u00f5es: <a href=\"https:\/\/www.facebook.com\/pages\/Igreja-S%C3%A3o-Benedito\/496668083711498\" target=\"_blank\" rel=\"noopener noreferrer\">www.facebook.com\/Igreja-Sao-Benedito<\/a><\/li>\n<\/ul>\n<h4>Mapa de localiza\u00e7\u00e3o<\/h4>\n<a class=\"wp-colorbox-iframe\" href=\"https:\/\/www.google.com\/maps\/embed?pb=!1m18!1m12!1m3!1d3974.0830088847592!2d-42.81277778581689!3d-5.0902789030361335!2m3!1f0!2f0!3f0!3m2!1i1024!2i768!4f13.1!3m3!1m2!1s0x78e376231c9512b0x51ae40ce5b021d15!2sIgreja+So+Benedito!5e0!3m2!1spt-BR!2sbr!4v1531236880573\"><img src=\"http:\/\/www.encontrabelohorizonte.com.br\/imgs\/maps-post.png\"><\/a>\n\n<div style=\"font-size: 0px; height: 0px; line-height: 0px; margin: 0; padding: 0; clear: both;\"><\/div>","protected":false},"excerpt":{"rendered":"<p>A igreja S\u00e3o Benedito Teresina \u00e9 uma igreja cat\u00f3lica localizada na \u00e1rea mais central da cidade de Teresina, a capital do estado brasileiro do Piau\u00ed. \u00c9 o terceiro mais importante templo cat\u00f3lico constru\u00eddo em Teresina, sendo junto \u00e0 Catedral Metropolitana Nossa Senhora das Dores e \u00e0 Igreja Matriz Nossa Senhora do Amparo (Primaz de Teresina) os principais templos da cidade. Igreja S\u00e3o Benedito Teresina Arquitetura Constru\u00edda em alvenaria, telhado de cana industrial cer\u00e2mico, forro abobadado, vergas em arco pleno e piso externo em lajota cer\u00e2mica, a Igreja de S\u00e3o Benedito \u00e9 uma imponente edifica\u00e7\u00e3o, em estilo toscano como igreja italianas, <\/p>\n","protected":false},"author":1,"featured_media":0,"parent":0,"menu_order":0,"comment_status":"closed","ping_status":"closed","template":"","meta":[],"aioseo_notices":[],"_links":{"self":[{"href":"https:\/\/www.encontrateresina.com\/sobre\/wp-json\/wp\/v2\/pages\/1150"}],"collection":[{"href":"https:\/\/www.encontrateresina.com\/sobre\/wp-json\/wp\/v2\/pages"}],"about":[{"href":"https:\/\/www.encontrateresina.com\/sobre\/wp-json\/wp\/v2\/types\/page"}],"author":[{"embeddable":true,"href":"https:\/\/www.encontrateresina.com\/sobre\/wp-json\/wp\/v2\/users\/1"}],"replies":[{"embeddable":true,"href":"https:\/\/www.encontrateresina.com\/sobre\/wp-json\/wp\/v2\/comments?post=1150"}],"version-history":[{"count":0,"href":"https:\/\/www.encontrateresina.com\/sobre\/wp-json\/wp\/v2\/pages\/1150\/revisions"}],"wp:attachment":[{"href":"https:\/\/www.encontrateresina.com\/sobre\/wp-json\/wp\/v2\/media?parent=1150"}],"curies":[{"name":"wp","href":"https:\/\/api.w.org\/{rel}","templated":true}]}}