{"id":1153,"date":"2018-07-10T16:04:56","date_gmt":"2018-07-10T19:04:56","guid":{"rendered":"http:\/\/www.encontrateresina.com\/sobre\/?page_id=1153"},"modified":"2019-05-06T10:00:08","modified_gmt":"2019-05-06T13:00:08","slug":"incra-teresina","status":"publish","type":"page","link":"https:\/\/www.encontrateresina.com\/sobre\/incra-teresina\/","title":{"rendered":"INCRA Teresina"},"content":{"rendered":"<div class=\"0a7f0342045e68db0e2c8d55d9616140\" data-index=\"1\" style=\"float: left; margin: 15px 15px 15px 0;\">\n<!-- EBR \/Novo-Bairro-Topo\/ 300x250 -->\r\n<ins class=\"adsbygoogle\"\r\n     style=\"display:inline-block;width:300px;height:250px\"\r\n     data-ad-client=\"ca-pub-6414922941841817\"\r\n     data-ad-slot=\"5351822287\"><\/ins>\r\n<script>\r\n(adsbygoogle = window.adsbygoogle || []).push({});\r\n<\/script>\n<\/div>\n<p>O Instituto Nacional de Coloniza\u00e7\u00e3o e Reforma Agr\u00e1ria (<strong>INCRA\u00a0Teresina<\/strong>) \u00e9 uma autarquia federal, cuja miss\u00e3o priorit\u00e1ria \u00e9 executar a reforma agr\u00e1ria e realizar o ordenamento fundi\u00e1rio nacional.<\/p>\n<p>Criado pelo Decreto n\u00ba 1.110, de 9 de julho de 1970, atualmente o INCRA est\u00e1 implantado em todo o territ\u00f3rio nacional por meio de 30 superintend\u00eancias regionais.<\/p>\n<p><img decoding=\"async\" loading=\"lazy\" class=\"alignnone wp-image-1155 size-full\" title=\"Incra Teresina\" src=\"http:\/\/www.encontrateresina.com\/sobre\/wp-content\/uploads\/2018\/07\/incra-teresina.jpg\" alt=\"Incra Teresina\" width=\"680\" height=\"189\" srcset=\"https:\/\/www.encontrateresina.com\/sobre\/wp-content\/uploads\/2018\/07\/incra-teresina.jpg 680w, https:\/\/www.encontrateresina.com\/sobre\/wp-content\/uploads\/2018\/07\/incra-teresina-300x83.jpg 300w\" sizes=\"(max-width: 680px) 100vw, 680px\" \/><\/p>\n<p>O INCRA implementa a reforma agr\u00e1ria promovendo a democratiza\u00e7\u00e3o do acesso a terra por meio da cria\u00e7\u00e3o e implanta\u00e7\u00e3o de assentamentos rurais, da regulariza\u00e7\u00e3o fundi\u00e1ria de terras p\u00fablicas, contribuindo para o desenvolvimento sustent\u00e1vel, para a desconcentra\u00e7\u00e3o da estrutura fundi\u00e1ria, para a redu\u00e7\u00e3o da viol\u00eancia e da pobreza no campo e promo\u00e7\u00e3o de igualdade.<\/p>\n<p>O INCRA implementa a reforma agr\u00e1ria de forma participativa, reafirmando os princ\u00edpios da legalidade, impessoalidade, moralidade, publicidade e efici\u00eancia, contribuindo para o fortalecimento das parcerias e da sociedade civil organizada.<\/p>\n<p>O INCRA implementa a reforma agr\u00e1ria de forma a fiscalizar a fun\u00e7\u00e3o social dos im\u00f3veis rurais, contribuindo para a capacita\u00e7\u00e3o dos(as) assentados(as), o fomento da produ\u00e7\u00e3o agroecol\u00f3gica de alimentos e a inser\u00e7\u00e3o nas cadeias produtivas.<\/p>\n<p>O INCRA implementa a reforma agr\u00e1ria buscando a qualifica\u00e7\u00e3o dos assentamentos rurais, mediante o licenciamento ambiental, o acesso a infraestrutura b\u00e1sica, o cr\u00e9dito, a assist\u00eancia t\u00e9cnica e a articula\u00e7\u00e3o com as demais pol\u00edticas p\u00fablicas, em especial a educa\u00e7\u00e3o, sa\u00fade, cultura e esportes, contribuindo para o cumprimento das legisla\u00e7\u00f5es ambiental e trabalhista e para a promo\u00e7\u00e3o da paz no campo.<\/p>\n<p>O INCRA implementa a regulariza\u00e7\u00e3o fundi\u00e1ria das terras ocupadas por comunidades remanescentes de quilombos e gerenciar\u00e1 a estrutura fundi\u00e1ria nacional pelo conhecimento da malha fundi\u00e1ria mediante o cadastramento e a certifica\u00e7\u00e3o dos im\u00f3veis rurais, contribuindo para as pol\u00edticas de inclus\u00e3o social e desenvolvimento sustent\u00e1vel.<\/p>\n<h2>Concurso INCRA Teresina<\/h2>\n<p>O Instituto Nacional de Coloniza\u00e7\u00e3o e Reforma Agr\u00e1ria (Incra) \u00e9 um dos \u00f3rg\u00e3os federais que necessitam de <em>concursos<\/em> p\u00fablicos para a manuten\u00e7\u00e3o de seu quadro efetivo. Seu \u00faltimo certame foi realizado em 2010.<\/p>\n<h3>Hor\u00e1rio de Funcionamento Incra Teresina<\/h3>\n<ul>\n<li>Segunda a s\u00e1bado das 8h \u00e1s 18h<\/li>\n<\/ul>\n<h3>Onde Fica, Endere\u00e7o e Telefone INCRA Teresina<\/h3>\n<ul>\n<li>Av. Odilon Ara\u00fajo, 1296 &#8211; Pi\u00e7arra &#8211; Teresina &#8211; PI<\/li>\n<li>Telefone: (86) 3222-1553<\/li>\n<\/ul>\n<h4>Outras informa\u00e7\u00f5es e site<\/h4>\n<ul>\n<li>Mais informa\u00e7\u00f5es: <a href=\"http:\/\/www.incra.gov.br\/\" target=\"_blank\" rel=\"noopener noreferrer\">www.incra.gov.br<\/a><\/li>\n<\/ul>\n<h4>Mapa de localiza\u00e7\u00e3o<\/h4>\n<a class=\"wp-colorbox-iframe\" href=\"https:\/\/www.google.com\/maps\/embed?pb=!1m14!1m8!1m3!1d15896.038201536905!2d-42.7927584!3d-5.1021546!3m2!1i1024!2i768!4f13.1!3m3!1m2!1s0x00xef890c966ce0c001!2sINCRA!5e0!3m2!1spt-BR!2sbr!4v1531231522702\"><img src=\"http:\/\/www.encontrabelohorizonte.com.br\/imgs\/maps-post.png\"><\/a>\n\n<div style=\"font-size: 0px; height: 0px; line-height: 0px; margin: 0; padding: 0; clear: both;\"><\/div>","protected":false},"excerpt":{"rendered":"<p>O Instituto Nacional de Coloniza\u00e7\u00e3o e Reforma Agr\u00e1ria (INCRA\u00a0Teresina) \u00e9 uma autarquia federal, cuja miss\u00e3o priorit\u00e1ria \u00e9 executar a reforma agr\u00e1ria e realizar o ordenamento fundi\u00e1rio nacional. Criado pelo Decreto n\u00ba 1.110, de 9 de julho de 1970, atualmente o INCRA est\u00e1 implantado em todo o territ\u00f3rio nacional por meio de 30 superintend\u00eancias regionais. O INCRA implementa a reforma agr\u00e1ria promovendo a democratiza\u00e7\u00e3o do acesso a terra por meio da cria\u00e7\u00e3o e implanta\u00e7\u00e3o de assentamentos rurais, da regulariza\u00e7\u00e3o fundi\u00e1ria de terras p\u00fablicas, contribuindo para o desenvolvimento sustent\u00e1vel, para a desconcentra\u00e7\u00e3o da estrutura fundi\u00e1ria, para a redu\u00e7\u00e3o da viol\u00eancia e da <\/p>\n","protected":false},"author":1,"featured_media":0,"parent":0,"menu_order":0,"comment_status":"closed","ping_status":"closed","template":"","meta":[],"aioseo_notices":[],"_links":{"self":[{"href":"https:\/\/www.encontrateresina.com\/sobre\/wp-json\/wp\/v2\/pages\/1153"}],"collection":[{"href":"https:\/\/www.encontrateresina.com\/sobre\/wp-json\/wp\/v2\/pages"}],"about":[{"href":"https:\/\/www.encontrateresina.com\/sobre\/wp-json\/wp\/v2\/types\/page"}],"author":[{"embeddable":true,"href":"https:\/\/www.encontrateresina.com\/sobre\/wp-json\/wp\/v2\/users\/1"}],"replies":[{"embeddable":true,"href":"https:\/\/www.encontrateresina.com\/sobre\/wp-json\/wp\/v2\/comments?post=1153"}],"version-history":[{"count":0,"href":"https:\/\/www.encontrateresina.com\/sobre\/wp-json\/wp\/v2\/pages\/1153\/revisions"}],"wp:attachment":[{"href":"https:\/\/www.encontrateresina.com\/sobre\/wp-json\/wp\/v2\/media?parent=1153"}],"curies":[{"name":"wp","href":"https:\/\/api.w.org\/{rel}","templated":true}]}}