{"id":1200,"date":"2018-07-11T15:33:27","date_gmt":"2018-07-11T18:33:27","guid":{"rendered":"http:\/\/www.encontrateresina.com\/sobre\/?page_id=1200"},"modified":"2019-05-06T11:33:50","modified_gmt":"2019-05-06T14:33:50","slug":"corpo-de-bombeiros-teresina","status":"publish","type":"page","link":"https:\/\/www.encontrateresina.com\/sobre\/corpo-de-bombeiros-teresina\/","title":{"rendered":"Corpo de Bombeiros Teresina"},"content":{"rendered":"<div class=\"0a7f0342045e68db0e2c8d55d9616140\" data-index=\"1\" style=\"float: left; margin: 15px 15px 15px 0;\">\n<!-- EBR \/Novo-Bairro-Topo\/ 300x250 -->\r\n<ins class=\"adsbygoogle\"\r\n     style=\"display:inline-block;width:300px;height:250px\"\r\n     data-ad-client=\"ca-pub-6414922941841817\"\r\n     data-ad-slot=\"5351822287\"><\/ins>\r\n<script>\r\n(adsbygoogle = window.adsbygoogle || []).push({});\r\n<\/script>\n<\/div>\n<p>O <strong>Corpo de Bombeiros Teresina<\/strong> \u00e9 for\u00e7a auxiliar e reserva do Ex\u00e9rcito, organizado com base na hierarquia e na disciplina, incumbe a execu\u00e7\u00e3o de atividades de defesa civil, na forma da Lei, mantida a sua compet\u00eancia para os atos de gest\u00e3o or\u00e7ament\u00e1ria e financeira.<\/p>\n<p>Corpo de Bombeiros Militar do Piau\u00ed integram o sistema de seguran\u00e7a p\u00fablica do Estado.<\/p>\n<p><img decoding=\"async\" loading=\"lazy\" class=\"alignnone wp-image-1202 size-full\" title=\"Corpo de Bombeiros Teresina\" src=\"http:\/\/www.encontrateresina.com\/sobre\/wp-content\/uploads\/2018\/07\/corpo-de-bombeiros-teresina.jpg\" alt=\"Corpo de Bombeiros Teresina\" width=\"680\" height=\"189\" srcset=\"https:\/\/www.encontrateresina.com\/sobre\/wp-content\/uploads\/2018\/07\/corpo-de-bombeiros-teresina.jpg 680w, https:\/\/www.encontrateresina.com\/sobre\/wp-content\/uploads\/2018\/07\/corpo-de-bombeiros-teresina-300x83.jpg 300w\" sizes=\"(max-width: 680px) 100vw, 680px\" \/><\/p>\n<h2>Taxa Corpo de Bombeiros Teresina<\/h2>\n<p>1.Utilizar o simulador de taxas para saber o <em>valor da taxa<\/em> a ser paga. Baixe o simulador atrav\u00e9s do Portal do CBMEPI: Clicar na guia Servi\u00e7os &gt;&gt;&gt; <em>Simulador de Taxas<\/em>.<br \/>\n2- Acessar ao link: http:\/\/webas.sefaz.pi.gov.br\/darweb\/faces\/views\/index.xhtml ou ir pelo Portal do CBMEPI:Clicar na guia Servi\u00e7os &gt;&gt;&gt; Emiss\u00e3o de boletos<br \/>\n3- No site da SEFAZ: Visualizar Emiss\u00e3o de DAR \u2013 Outros \u00d3rg\u00e3os e Clicar em TAXAS:<br \/>\n4- Selecionar o C\u00f3digo da Receita: 122297 \u2013 TAXA \u2013 CORPO DE BOMBEIROS MILITAR. Preencha o campo Observa\u00e7\u00e3o e em seguida clique &gt;Avan\u00e7ar<br \/>\nNo campo \u201cObserva\u00e7\u00e3o: \u201c. O usu\u00e1rio deve preencher com as seguintes informa\u00e7\u00f5es:<br \/>\nPara Vistorias:<br \/>\nTaxa referente a uma vistoria, \u00e1rea xxx m2, CSF, ou SSF.<br \/>\nOnde xxx significa o tamanho da \u00e1rea constru\u00edda do estabelecimento. Por exemplo, 125m\u00b2. Taxa complementar de vistoria, \u00e1rea xxx m2, CSF, ou SSF. A taxa complementar s\u00f3 \u00e9 utilizada para os casos em que houve preenchimento de taxa anterior com valor inferior ao que \u00e9 realmente calculado para aquela \u00e1rea do estabelecimento.<br \/>\nPara An\u00e1lise de Projetos:<br \/>\nTaxa referente a An\u00e1lise de Projeto, \u00e1rea xxx m2, CSF, ou SSF<br \/>\nAp\u00f3s preenchimento: Clicar em Avan\u00e7ar<br \/>\n5.Na tela seguinte preencher os campos com os dados da Empresa:<br \/>\nNota: Per\u00edodo de Refer\u00eancia deve ser preenchido com o m\u00eas\/ano vigente.<br \/>\nValor principal deve ser preenchido com o valor obtido no simulador de taxas de acordo<br \/>\ncom a \u00e1rea constru\u00edda do estabelecimento e se \u00e9 Com Sistema Fixo ou Sem SistemaFixo. Ap\u00f3s preenchimento clica em Calcular Imposto, em seguida Avan\u00e7ar:<br \/>\n7.O sistema ir\u00e1 gerar o Boleto de Pagamento:<\/p>\n<h3>Corpo de Bombeiros Teresina Concurso<\/h3>\n<p>O ingresso no Corpo de bombeiros \u00e9 por meio de <em>Concurso P\u00fablico<\/em> acesse o site para mais informa\u00e7\u00f5es.<\/p>\n<h3>Hor\u00e1rio de Funcionamento Corpo de Bombeiros Teresina<\/h3>\n<ul>\n<li>Aberto 24 horas.<\/li>\n<\/ul>\n<h3>Onde Fica, Endere\u00e7o e Telefone Corpo de Bombeiros Teresina<\/h3>\n<ul>\n<li>Av. Miguel Rosa, 3515 &#8211; Pi\u00e7arra, Teresina &#8211; P<\/li>\n<li>Telefone: (86) 3216-1264<\/li>\n<\/ul>\n<h4>Outras informa\u00e7\u00f5es e site<\/h4>\n<ul>\n<li>Mais informa\u00e7\u00f5es: <a href=\"http:\/\/www.cbm.pi.gov.br\" target=\"_blank\" rel=\"noopener\">www.cbm.pi.gov.br<\/a><\/li>\n<\/ul>\n<h4>Mapa de localiza\u00e7\u00e3o<\/h4>\n<a class=\"wp-colorbox-iframe\" href=\"https:\/\/www.google.com\/maps\/embed?pb=!1m14!1m8!1m3!1d15896.327972614527!2d-42.8012447!3d-5.0904433!3m2!1i1024!2i768!4f13.1!3m3!1m2!1s0x00x17f0831637c3dbdc!2sCorpo+de+Bombeiros!5e0!3m2!1spt-BR!2sbr!4v1531321980430\"><img src=\"http:\/\/www.encontrabelohorizonte.com.br\/imgs\/maps-post.png\"><\/a>\n\n<div style=\"font-size: 0px; height: 0px; line-height: 0px; margin: 0; padding: 0; clear: both;\"><\/div>","protected":false},"excerpt":{"rendered":"<p>O Corpo de Bombeiros Teresina \u00e9 for\u00e7a auxiliar e reserva do Ex\u00e9rcito, organizado com base na hierarquia e na disciplina, incumbe a execu\u00e7\u00e3o de atividades de defesa civil, na forma da Lei, mantida a sua compet\u00eancia para os atos de gest\u00e3o or\u00e7ament\u00e1ria e financeira. Corpo de Bombeiros Militar do Piau\u00ed integram o sistema de seguran\u00e7a p\u00fablica do Estado. Taxa Corpo de Bombeiros Teresina 1.Utilizar o simulador de taxas para saber o valor da taxa a ser paga. Baixe o simulador atrav\u00e9s do Portal do CBMEPI: Clicar na guia Servi\u00e7os &gt;&gt;&gt; Simulador de Taxas. 2- Acessar ao link: http:\/\/webas.sefaz.pi.gov.br\/darweb\/faces\/views\/index.xhtml ou ir <\/p>\n","protected":false},"author":1,"featured_media":0,"parent":0,"menu_order":0,"comment_status":"closed","ping_status":"closed","template":"","meta":[],"aioseo_notices":[],"_links":{"self":[{"href":"https:\/\/www.encontrateresina.com\/sobre\/wp-json\/wp\/v2\/pages\/1200"}],"collection":[{"href":"https:\/\/www.encontrateresina.com\/sobre\/wp-json\/wp\/v2\/pages"}],"about":[{"href":"https:\/\/www.encontrateresina.com\/sobre\/wp-json\/wp\/v2\/types\/page"}],"author":[{"embeddable":true,"href":"https:\/\/www.encontrateresina.com\/sobre\/wp-json\/wp\/v2\/users\/1"}],"replies":[{"embeddable":true,"href":"https:\/\/www.encontrateresina.com\/sobre\/wp-json\/wp\/v2\/comments?post=1200"}],"version-history":[{"count":0,"href":"https:\/\/www.encontrateresina.com\/sobre\/wp-json\/wp\/v2\/pages\/1200\/revisions"}],"wp:attachment":[{"href":"https:\/\/www.encontrateresina.com\/sobre\/wp-json\/wp\/v2\/media?parent=1200"}],"curies":[{"name":"wp","href":"https:\/\/api.w.org\/{rel}","templated":true}]}}