{"id":1206,"date":"2018-07-11T15:40:45","date_gmt":"2018-07-11T18:40:45","guid":{"rendered":"http:\/\/www.encontrateresina.com\/sobre\/?page_id=1206"},"modified":"2019-05-06T12:27:12","modified_gmt":"2019-05-06T15:27:12","slug":"semel-teresina","status":"publish","type":"page","link":"https:\/\/www.encontrateresina.com\/sobre\/semel-teresina\/","title":{"rendered":"SEMEL Teresina"},"content":{"rendered":"<div class=\"0a7f0342045e68db0e2c8d55d9616140\" data-index=\"1\" style=\"float: left; margin: 15px 15px 15px 0;\">\n<!-- EBR \/Novo-Bairro-Topo\/ 300x250 -->\r\n<ins class=\"adsbygoogle\"\r\n     style=\"display:inline-block;width:300px;height:250px\"\r\n     data-ad-client=\"ca-pub-6414922941841817\"\r\n     data-ad-slot=\"5351822287\"><\/ins>\r\n<script>\r\n(adsbygoogle = window.adsbygoogle || []).push({});\r\n<\/script>\n<\/div>\n<p>A Secretaria Municipal de Esportes e Lazer (<strong>SEMEL Teresina<\/strong>) \u00e9 respons\u00e1vel por planejar, organizar, coordenar, orientar, executar, controlar e fiscalizar as atividades relativas ao desporto e ao lazer;<\/p>\n<p>Pesquisar, orientar, apoiar e desenvolver a educa\u00e7\u00e3o f\u00edsica, o desporto, a recrea\u00e7\u00e3o e o lazer, estimulando essas pr\u00e1ticas com vistas \u00e1 expans\u00e3o potencial existente.<\/p>\n<p><img decoding=\"async\" loading=\"lazy\" class=\"alignnone wp-image-1208 size-full\" title=\"Semel Teresina\" src=\"http:\/\/www.encontrateresina.com\/sobre\/wp-content\/uploads\/2018\/07\/semel-teresina.jpg\" alt=\"Semel Teresina\" width=\"680\" height=\"189\" srcset=\"https:\/\/www.encontrateresina.com\/sobre\/wp-content\/uploads\/2018\/07\/semel-teresina.jpg 680w, https:\/\/www.encontrateresina.com\/sobre\/wp-content\/uploads\/2018\/07\/semel-teresina-300x83.jpg 300w\" sizes=\"(max-width: 680px) 100vw, 680px\" \/><\/p>\n<h2>SEMEL Teresina Secret\u00e1rio<\/h2>\n<p>Secretarias e \u00d3rg\u00e3os:<\/p>\n<ul>\n<li>Arsete<br \/>\nAg\u00eancia Municipal de Regula\u00e7\u00e3o de Servi\u00e7os P\u00fablicos de Teresina<\/li>\n<li>Am<br \/>\nAssist\u00eancia Militar<\/li>\n<li>Prodater<br \/>\nEmpresa Teresinense de Processamento de Dados<\/li>\n<li>Eturb<br \/>\nEmpresa Teresinense de Servi\u00e7os Urbanos<\/li>\n<li>Fmcmc<br \/>\nFunda\u00e7\u00e3o Municipal Cultural Monsenhor Chaves<\/li>\n<li>Fms<br \/>\nFunda\u00e7\u00e3o Municipal de Sa\u00fade<\/li>\n<li>Fwf<br \/>\nFunda\u00e7\u00e3o Wall Ferraz<\/li>\n<li>Ipmt<br \/>\nInstituto de Assist\u00eancia e Previd\u00eancia do Munic\u00edpio de Teresina<\/li>\n<li>Pgm<br \/>\nProcuradoria Geral do Municipio<\/li>\n<li>Semcop<br \/>\nSecretaria Municipal de Concess\u00e3o e Parcerias<\/li>\n<li>Sempom<br \/>\nSecretaria Municipal de Politica P\u00fablica Para As Mulheres<\/li>\n<li>Semduh<br \/>\nSecret\u00e1rio de Desenvolvimento Urbano<\/li>\n<li>Semel<br \/>\nSecret\u00e1rio de Esporte e Lazer<\/li>\n<li>Semjuv<br \/>\nSecret\u00e1rio Municipal Da Juventude<\/li>\n<li>Sema<br \/>\nSecret\u00e1rio Municipal de Administra\u00e7\u00e3o<\/li>\n<li>Semcaspi<br \/>\nSecret\u00e1rio Municipal de Cidadania, Assist\u00eancia Social e Pol\u00edticas Integradas<\/li>\n<li>Semcom<br \/>\nSecret\u00e1rio Municipal de Comunica\u00e7\u00e3o<\/li>\n<li>Semdec<br \/>\nSecret\u00e1rio Municipal de Desenvolvimento Econ\u00f4mico<\/li>\n<li>Semest<br \/>\nSecret\u00e1rio Municipal de Economia Solid\u00e1ria<\/li>\n<li>Semec<br \/>\nSecret\u00e1rio Municipal de Educa\u00e7\u00e3o<\/li>\n<li>Semf<br \/>\nSecret\u00e1rio Municipal de Finan\u00e7as<\/li>\n<li>Semgov<br \/>\nSecret\u00e1rio Municipal de Governo<\/li>\n<li>Semplan<br \/>\nSecret\u00e1rio Municipal de Planejamento<\/li>\n<li>Semam<br \/>\nSecret\u00e1rio Municipal do Meio Ambiente<\/li>\n<li>Sdr<br \/>\nSuperintendente de Desenvolvimento Rural<\/li>\n<li>Sdu Centro Norte<br \/>\nSuperintendente de Desenvolvimento Urbano &#8211; Centro\/Norte<\/li>\n<li>Sdu Leste<br \/>\nSuperintendente de Desenvolvimento Urbano &#8211; Leste<\/li>\n<li>Sdusudeste<br \/>\nSuperintendente de Desenvolvimento Urbano &#8211; Sudeste<\/li>\n<li>Sdu Sul<br \/>\nSuperintendente de Desenvolvimento Urbano &#8211; Sul<\/li>\n<li>Strans<br \/>\nSuperintendente Municipal de Transporte e Tr\u00e2nsito<\/li>\n<\/ul>\n<h3>Copa SEMEL Teresina<\/h3>\n<p>A Secretaria Municipal de Esporte e Lazer (SEMEL) realizou a grande final da XXIV <em>Copa Semel de Futebol<\/em> edi\u00e7\u00e3o 2014.<\/p>\n<p>Na ocasi\u00e3o, o time do CSA, do bairro Planalto Ininga, foi o grande campe\u00e3o da competi\u00e7\u00e3o vencendo a equipe do Alian\u00e7a do bairro Pi\u00e7arreira II com o placar de 3 a 1. O jogo foi realizado no Est\u00e1dio Municipal Lindolfo Monteiro.<\/p>\n<p>O time do CSA faturou o trof\u00e9u Luiz Alberto (Pel\u00e9), que \u00e9 uma homenagem ao ex-coordenador de esportes do Bariri e era um dos mais antigos representantes de esporte do futebol amador de Teresina. Pel\u00e9 faleceu em 2012.<\/p>\n<p>J\u00e1 o Alian\u00e7a faturou o trof\u00e9u Jo\u00e3o Laurentino (Timon) devido a segunda coloca\u00e7\u00e3o na competi\u00e7\u00e3o.<\/p>\n<p>Todo o campeonato teve arbitragem do Sindicato dos \u00c1rbitros com representantes da Semel.<\/p>\n<h3>Corrida SEMEL Teresina<\/h3>\n<p>Em 2017 a SEMEL realizou a<em> corrida do servidor municipal<\/em> em Teresina.<\/p>\n<h3>Onde Fica, Hor\u00e1rio de Funcionamento SEMEL\u00a0Teresina<\/h3>\n<ul>\n<li>Segunda a sexta das 7h30 \u00e0s 13h30<\/li>\n<\/ul>\n<h3>Endere\u00e7o e Telefone SEMEL Teresina<\/h3>\n<ul>\n<li>R. Jonatas Batista, 852 &#8211; Centro (Sul), Teresina &#8211; PI<\/li>\n<li>Telefone: (86) 3215-7696<\/li>\n<\/ul>\n<h4>Outras informa\u00e7\u00f5es e site<\/h4>\n<ul>\n<li>Mais informa\u00e7\u00f5es: <a href=\"https:\/\/www.facebook.com\/semelteresina\/\" target=\"_blank\" rel=\"noopener\">www.facebook.com\/semelteresina\/<\/a><\/li>\n<li>CNPJ: 07.247.083\/0001-67<\/li>\n<\/ul>\n<h4>Mapa de localiza\u00e7\u00e3o<\/h4>\n<a class=\"wp-colorbox-iframe\" href=\"https:\/\/www.google.com\/maps\/embed?pb=!1m14!1m8!1m3!1d15896.464034073271!2d-42.8204245!3d-5.084935!3m2!1i1024!2i768!4f13.1!3m3!1m2!1s0x00xfbec02835ea8163!2sSEMEL+-+Secretaria+Municipal+de+Esporte+e+Lazer!5e0!3m2!1spt-BR!2sbr!4v1531320672129\"><img src=\"http:\/\/www.encontrabelohorizonte.com.br\/imgs\/maps-post.png\"><\/a>\n\n<div style=\"font-size: 0px; height: 0px; line-height: 0px; margin: 0; padding: 0; clear: both;\"><\/div>","protected":false},"excerpt":{"rendered":"<p>A Secretaria Municipal de Esportes e Lazer (SEMEL Teresina) \u00e9 respons\u00e1vel por planejar, organizar, coordenar, orientar, executar, controlar e fiscalizar as atividades relativas ao desporto e ao lazer; Pesquisar, orientar, apoiar e desenvolver a educa\u00e7\u00e3o f\u00edsica, o desporto, a recrea\u00e7\u00e3o e o lazer, estimulando essas pr\u00e1ticas com vistas \u00e1 expans\u00e3o potencial existente. SEMEL Teresina Secret\u00e1rio Secretarias e \u00d3rg\u00e3os: Arsete Ag\u00eancia Municipal de Regula\u00e7\u00e3o de Servi\u00e7os P\u00fablicos de Teresina Am Assist\u00eancia Militar Prodater Empresa Teresinense de Processamento de Dados Eturb Empresa Teresinense de Servi\u00e7os Urbanos Fmcmc Funda\u00e7\u00e3o Municipal Cultural Monsenhor Chaves Fms Funda\u00e7\u00e3o Municipal de Sa\u00fade Fwf Funda\u00e7\u00e3o Wall Ferraz Ipmt <\/p>\n","protected":false},"author":1,"featured_media":0,"parent":0,"menu_order":0,"comment_status":"closed","ping_status":"closed","template":"","meta":[],"aioseo_notices":[],"_links":{"self":[{"href":"https:\/\/www.encontrateresina.com\/sobre\/wp-json\/wp\/v2\/pages\/1206"}],"collection":[{"href":"https:\/\/www.encontrateresina.com\/sobre\/wp-json\/wp\/v2\/pages"}],"about":[{"href":"https:\/\/www.encontrateresina.com\/sobre\/wp-json\/wp\/v2\/types\/page"}],"author":[{"embeddable":true,"href":"https:\/\/www.encontrateresina.com\/sobre\/wp-json\/wp\/v2\/users\/1"}],"replies":[{"embeddable":true,"href":"https:\/\/www.encontrateresina.com\/sobre\/wp-json\/wp\/v2\/comments?post=1206"}],"version-history":[{"count":0,"href":"https:\/\/www.encontrateresina.com\/sobre\/wp-json\/wp\/v2\/pages\/1206\/revisions"}],"wp:attachment":[{"href":"https:\/\/www.encontrateresina.com\/sobre\/wp-json\/wp\/v2\/media?parent=1206"}],"curies":[{"name":"wp","href":"https:\/\/api.w.org\/{rel}","templated":true}]}}