{"id":1245,"date":"2018-07-11T16:29:13","date_gmt":"2018-07-11T19:29:13","guid":{"rendered":"http:\/\/www.encontrateresina.com\/sobre\/?page_id=1245"},"modified":"2019-05-06T12:37:14","modified_gmt":"2019-05-06T15:37:14","slug":"hospital-de-urgencia-de-teresina","status":"publish","type":"page","link":"https:\/\/www.encontrateresina.com\/sobre\/hospital-de-urgencia-de-teresina\/","title":{"rendered":"Hospital de Urg\u00eancia de Teresina"},"content":{"rendered":"<div class=\"0a7f0342045e68db0e2c8d55d9616140\" data-index=\"1\" style=\"float: left; margin: 15px 15px 15px 0;\">\n<!-- EBR \/Novo-Bairro-Topo\/ 300x250 -->\r\n<ins class=\"adsbygoogle\"\r\n     style=\"display:inline-block;width:300px;height:250px\"\r\n     data-ad-client=\"ca-pub-6414922941841817\"\r\n     data-ad-slot=\"5351822287\"><\/ins>\r\n<script>\r\n(adsbygoogle = window.adsbygoogle || []).push({});\r\n<\/script>\n<\/div>\n<p>O <strong>Hospital de Urg\u00eancia de Teresina<\/strong> Prof. Zenon Rocha faz atendimento de urg\u00eancia e emerg\u00eancia, 24 horas, de m\u00e9dia e alta complexidade com um total de 368 leitos de interna\u00e7\u00e3o e 52 de observa\u00e7\u00e3o.<\/p>\n<p>Em dezembro de 2015 o Minist\u00e9rio da Sa\u00fade habilitou o HUT como uma Unidade de Assist\u00eancia de Alta Complexidade em Traumatologia e Ortopedia de urg\u00eancia e emerg\u00eancia.<\/p>\n<p><img decoding=\"async\" loading=\"lazy\" class=\"alignnone wp-image-1247 size-full\" title=\"Hospital de Urg\u00eancia de Teresina\" src=\"http:\/\/www.encontrateresina.com\/sobre\/wp-content\/uploads\/2018\/07\/hospital-de-urgencia-de-teresina.jpg\" alt=\"Hospital de Urg\u00eancia de Teresina\" width=\"680\" height=\"189\" srcset=\"https:\/\/www.encontrateresina.com\/sobre\/wp-content\/uploads\/2018\/07\/hospital-de-urgencia-de-teresina.jpg 680w, https:\/\/www.encontrateresina.com\/sobre\/wp-content\/uploads\/2018\/07\/hospital-de-urgencia-de-teresina-300x83.jpg 300w\" sizes=\"(max-width: 680px) 100vw, 680px\" \/><\/p>\n<p>Com essa nova habilita\u00e7\u00e3o o HUT est\u00e1 credenciado a realizar 54 procedimentos, de alta complexidade em Traumatologia e Ortopedia, que v\u00e3o desde cirurgias em que o paciente sofreu grandes perdas \u00f3sseas at\u00e9 les\u00f5es de tend\u00f5es e nervos perif\u00e9ricos.<\/p>\n<h2>Hor\u00e1rio de Funcionamento Hospital de Urg\u00eancia de Teresina<\/h2>\n<ul>\n<li>Atendimento 24 horas<\/li>\n<\/ul>\n<h3>Onde Fica, Endere\u00e7o e Telefone Hospital de Urg\u00eancia de Teresina<\/h3>\n<ul>\n<li>R. Dr. Otto Tito, 1820 &#8211; Reden\u00e7\u00e3o &#8211; Teresina &#8211; PI<\/li>\n<li>Telefone: (86) 3218-5445<\/li>\n<\/ul>\n<h4>Outras informa\u00e7\u00f5es Site e CNPJ<\/h4>\n<ul>\n<li>Mais informa\u00e7\u00f5es: <a href=\"https:\/\/www.facebook.com\/hospitaldeurgenciadeteresina\/?rf=430326900379431\" target=\"_blank\" rel=\"noopener noreferrer\">www.facebook.com\/hospitaldeurgenciadeteresina<\/a><\/li>\n<li>CNPJ: 05.522.917\/0029-70<\/li>\n<\/ul>\n<h4>Mapa de localiza\u00e7\u00e3o<\/h4>\n<a class=\"wp-colorbox-iframe\" href=\"https:\/\/www.google.com\/maps\/embed?pb=!1m14!1m8!1m3!1d15895.593208170838!2d-42.7945959!3d-5.1200873!3m2!1i1024!2i768!4f13.1!3m3!1m2!1s0x00x53485b9f9add05d9!2sHospital+de+Urgncia+de+Teresina+Dr.+Zenon+Rocha!5e0!3m2!1spt-BR!2sbr!4v1531321015864\"><img src=\"http:\/\/www.encontrabelohorizonte.com.br\/imgs\/maps-post.png\"><\/a>\n\n<div style=\"font-size: 0px; height: 0px; line-height: 0px; margin: 0; padding: 0; clear: both;\"><\/div>","protected":false},"excerpt":{"rendered":"<p>O Hospital de Urg\u00eancia de Teresina Prof. Zenon Rocha faz atendimento de urg\u00eancia e emerg\u00eancia, 24 horas, de m\u00e9dia e alta complexidade com um total de 368 leitos de interna\u00e7\u00e3o e 52 de observa\u00e7\u00e3o. Em dezembro de 2015 o Minist\u00e9rio da Sa\u00fade habilitou o HUT como uma Unidade de Assist\u00eancia de Alta Complexidade em Traumatologia e Ortopedia de urg\u00eancia e emerg\u00eancia. Com essa nova habilita\u00e7\u00e3o o HUT est\u00e1 credenciado a realizar 54 procedimentos, de alta complexidade em Traumatologia e Ortopedia, que v\u00e3o desde cirurgias em que o paciente sofreu grandes perdas \u00f3sseas at\u00e9 les\u00f5es de tend\u00f5es e nervos perif\u00e9ricos. Hor\u00e1rio <\/p>\n","protected":false},"author":1,"featured_media":0,"parent":0,"menu_order":0,"comment_status":"closed","ping_status":"closed","template":"","meta":[],"aioseo_notices":[],"_links":{"self":[{"href":"https:\/\/www.encontrateresina.com\/sobre\/wp-json\/wp\/v2\/pages\/1245"}],"collection":[{"href":"https:\/\/www.encontrateresina.com\/sobre\/wp-json\/wp\/v2\/pages"}],"about":[{"href":"https:\/\/www.encontrateresina.com\/sobre\/wp-json\/wp\/v2\/types\/page"}],"author":[{"embeddable":true,"href":"https:\/\/www.encontrateresina.com\/sobre\/wp-json\/wp\/v2\/users\/1"}],"replies":[{"embeddable":true,"href":"https:\/\/www.encontrateresina.com\/sobre\/wp-json\/wp\/v2\/comments?post=1245"}],"version-history":[{"count":0,"href":"https:\/\/www.encontrateresina.com\/sobre\/wp-json\/wp\/v2\/pages\/1245\/revisions"}],"wp:attachment":[{"href":"https:\/\/www.encontrateresina.com\/sobre\/wp-json\/wp\/v2\/media?parent=1245"}],"curies":[{"name":"wp","href":"https:\/\/api.w.org\/{rel}","templated":true}]}}