{"id":1254,"date":"2018-07-11T16:38:32","date_gmt":"2018-07-11T19:38:32","guid":{"rendered":"http:\/\/www.encontrateresina.com\/sobre\/?page_id=1254"},"modified":"2019-05-06T13:37:24","modified_gmt":"2019-05-06T16:37:24","slug":"sindserm-teresina","status":"publish","type":"page","link":"https:\/\/www.encontrateresina.com\/sobre\/sindserm-teresina\/","title":{"rendered":"SINDSERM Teresina"},"content":{"rendered":"<div class=\"0a7f0342045e68db0e2c8d55d9616140\" data-index=\"1\" style=\"float: left; margin: 15px 15px 15px 0;\">\n<!-- EBR \/Novo-Bairro-Topo\/ 300x250 -->\r\n<ins class=\"adsbygoogle\"\r\n     style=\"display:inline-block;width:300px;height:250px\"\r\n     data-ad-client=\"ca-pub-6414922941841817\"\r\n     data-ad-slot=\"5351822287\"><\/ins>\r\n<script>\r\n(adsbygoogle = window.adsbygoogle || []).push({});\r\n<\/script>\n<\/div>\n<p>Fundado no ano de 1989, o Sindicato das(os) Servidoras(es) P\u00fablicas(os) Municipais de Teresina (<strong>SINDSERM Teresina<\/strong>) surgiu no cen\u00e1rio da capital com a miss\u00e3o de organizar esta categoria para as lutas por seus direitos, contra as opress\u00f5es de gestores municipais que atacam e atacaram as(os) trabalhadoras(es).<\/p>\n<p>Ao longo do tempo, o SINDSERM foi se fortalecendo como uma das refer\u00eancias de lutas para os movimentos sindicais, populares e estudantis de Teresina e de todo o Piau\u00ed.<\/p>\n<p><img decoding=\"async\" loading=\"lazy\" class=\"alignnone wp-image-1256 size-full\" title=\"Sindserm Teresina\" src=\"http:\/\/www.encontrateresina.com\/sobre\/wp-content\/uploads\/2018\/07\/sindserm-teresina.jpg\" alt=\"Sindserm Teresina\" width=\"680\" height=\"189\" srcset=\"https:\/\/www.encontrateresina.com\/sobre\/wp-content\/uploads\/2018\/07\/sindserm-teresina.jpg 680w, https:\/\/www.encontrateresina.com\/sobre\/wp-content\/uploads\/2018\/07\/sindserm-teresina-300x83.jpg 300w\" sizes=\"(max-width: 680px) 100vw, 680px\" \/><\/p>\n<p>Com quase 30 anos de experi\u00eancia e tendo \u00e0 frente v\u00e1rios modelos de gest\u00e3o, o SINDSERM j\u00e1 protagonizou importantes lutas dando exemplo de combatividade na defesa dos direitos das(os) servidoras(es). A categoria organizada sempre mostrou que n\u00e3o aceita aquelas(es) que amea\u00e7am os direitos, querem precarizar o trabalho, privatizar e terceirizar o servi\u00e7o p\u00fablico. Com a for\u00e7a da organiza\u00e7\u00e3o sindical, o empresariado sedento por enriquecer \u00e0s custas da classe trabalhadora, encontra no SINDSERM uma forte oposi\u00e7\u00e3o.<\/p>\n<p>Sem o protagonismo da base, lutas como a forte presen\u00e7a do SINDSERM nos movimentos #contraoaumento de passagens de \u00f4nibus na capital, reajustes salariais como os 51% conquistados pelo magist\u00e9rio entre os anos de 2011 e 2014, as convoca\u00e7\u00f5es de servidoras(es) por meio de concurso p\u00fablico quando a gest\u00e3o municipal n\u00e3o dava as respostas necess\u00e1rias, a batalha pela amplia\u00e7\u00e3o da democracia dentro dos espa\u00e7os de trabalho, s\u00e3o exemplos da pr\u00e1tica sindical t\u00e3o fundamentais para o \u00eaxito das lutas.<\/p>\n<p>Greves hist\u00f3ricas foram realizadas ao longo dos anos dando resposta quando o executivo municipal e o poder legislativo apresentaram propostas contr\u00e1rias aos interesses e necessidades das(os) servidoras(es) p\u00fablicas(os) municipais. As a\u00e7\u00f5es diretas nas mobiliza\u00e7\u00f5es foram se desenhando com manifesta\u00e7\u00f5es nas principais ruas de Teresina, ocupa\u00e7\u00f5es de pr\u00e9dios p\u00fablicos, acampamentos e assembleias da categoria.<\/p>\n<p>O SINDSERM \u00e9 a entidade que representa as mulheres e homens que formam o servi\u00e7o p\u00fablico municipal e disp\u00f5e sua for\u00e7a de trabalho para ofertar servi\u00e7os das mais variadas naturezas para a popula\u00e7\u00e3o teresinense. Dessa forma, \u00e9 necess\u00e1rio a uni\u00e3o cada vez mais forte de todas(os) as(os) filiadas(os) e companheiras(os) que acreditam na luta como a sa\u00edda para a liberdade da classe trabalhadora.<\/p>\n<p>Organizar, lutar, resistir e conquistar as vit\u00f3rias necess\u00e1rias!<\/p>\n<h2>SINDSERM Teresina Blog<\/h2>\n<p>Acesse o <em>blog<\/em> do Sindserm no <a href=\"http:\/\/sindsermthe.blogspot.com\/\" target=\"_blank\" rel=\"noopener\">link<\/a>.<\/p>\n<h3>Facebook SINDSERM Teresina<\/h3>\n<p>Visite o Sindserm Teresina no <a href=\"https:\/\/www.facebook.com\/sindserm.teresina\" target=\"_blank\" rel=\"noopener\">Facebook<\/a>.<\/p>\n<h3>Onde Fica, Endere\u00e7o e Telefone SINDSERM Teresina<\/h3>\n<ul>\n<li>R. Quintino Bocai\u00fava, 446 &#8211; Centro (Sul) &#8211; Teresina &#8211; PI<\/li>\n<li>Telefone: (86) 3221-3165<\/li>\n<\/ul>\n<h4>Outras informa\u00e7\u00f5es Site e CNPJ<\/h4>\n<ul>\n<li>Mais informa\u00e7\u00f5es: <a href=\"http:\/\/sindsermteresina.com.br\/\" target=\"_blank\" rel=\"noopener noreferrer\">www.sindsermteresina.com.br<\/a><\/li>\n<li>CNPJ: 23.649.007\/0001-34<\/li>\n<\/ul>\n<h4>Mapa de localiza\u00e7\u00e3o<\/h4>\n<a class=\"wp-colorbox-iframe\" href=\"https:\/\/www.google.com\/maps\/embed?pb=!1m14!1m8!1m3!1d15896.423440730005!2d-42.8117402!3d-5.086579!3m2!1i1024!2i768!4f13.1!3m3!1m2!1s0x00x8c42307f91baad1e!2sSindserm-Sindicato+dos+Servidores+Pblicos+Municipais+de+Teresina!5e0!3m2!1spt-BR!2sbr!4v1531316780543\"><img src=\"http:\/\/www.encontrabelohorizonte.com.br\/imgs\/maps-post.png\"><\/a>\n\n<div style=\"font-size: 0px; height: 0px; line-height: 0px; margin: 0; padding: 0; clear: both;\"><\/div>","protected":false},"excerpt":{"rendered":"<p>Fundado no ano de 1989, o Sindicato das(os) Servidoras(es) P\u00fablicas(os) Municipais de Teresina (SINDSERM Teresina) surgiu no cen\u00e1rio da capital com a miss\u00e3o de organizar esta categoria para as lutas por seus direitos, contra as opress\u00f5es de gestores municipais que atacam e atacaram as(os) trabalhadoras(es). Ao longo do tempo, o SINDSERM foi se fortalecendo como uma das refer\u00eancias de lutas para os movimentos sindicais, populares e estudantis de Teresina e de todo o Piau\u00ed. Com quase 30 anos de experi\u00eancia e tendo \u00e0 frente v\u00e1rios modelos de gest\u00e3o, o SINDSERM j\u00e1 protagonizou importantes lutas dando exemplo de combatividade na defesa <\/p>\n","protected":false},"author":1,"featured_media":1256,"parent":0,"menu_order":0,"comment_status":"closed","ping_status":"closed","template":"","meta":[],"aioseo_notices":[],"_links":{"self":[{"href":"https:\/\/www.encontrateresina.com\/sobre\/wp-json\/wp\/v2\/pages\/1254"}],"collection":[{"href":"https:\/\/www.encontrateresina.com\/sobre\/wp-json\/wp\/v2\/pages"}],"about":[{"href":"https:\/\/www.encontrateresina.com\/sobre\/wp-json\/wp\/v2\/types\/page"}],"author":[{"embeddable":true,"href":"https:\/\/www.encontrateresina.com\/sobre\/wp-json\/wp\/v2\/users\/1"}],"replies":[{"embeddable":true,"href":"https:\/\/www.encontrateresina.com\/sobre\/wp-json\/wp\/v2\/comments?post=1254"}],"version-history":[{"count":0,"href":"https:\/\/www.encontrateresina.com\/sobre\/wp-json\/wp\/v2\/pages\/1254\/revisions"}],"wp:featuredmedia":[{"embeddable":true,"href":"https:\/\/www.encontrateresina.com\/sobre\/wp-json\/wp\/v2\/media\/1256"}],"wp:attachment":[{"href":"https:\/\/www.encontrateresina.com\/sobre\/wp-json\/wp\/v2\/media?parent=1254"}],"curies":[{"name":"wp","href":"https:\/\/api.w.org\/{rel}","templated":true}]}}