{"id":1400,"date":"2018-07-25T22:06:23","date_gmt":"2018-07-26T01:06:23","guid":{"rendered":"http:\/\/www.encontrateresina.com\/sobre\/?page_id=1400"},"modified":"2019-05-07T16:30:32","modified_gmt":"2019-05-07T19:30:32","slug":"semduh-teresina","status":"publish","type":"page","link":"https:\/\/www.encontrateresina.com\/sobre\/semduh-teresina\/","title":{"rendered":"SEMDUH Teresina"},"content":{"rendered":"<div class=\"0a7f0342045e68db0e2c8d55d9616140\" data-index=\"1\" style=\"float: left; margin: 15px 15px 15px 0;\">\n<!-- EBR \/Novo-Bairro-Topo\/ 300x250 -->\r\n<ins class=\"adsbygoogle\"\r\n     style=\"display:inline-block;width:300px;height:250px\"\r\n     data-ad-client=\"ca-pub-6414922941841817\"\r\n     data-ad-slot=\"5351822287\"><\/ins>\r\n<script>\r\n(adsbygoogle = window.adsbygoogle || []).push({});\r\n<\/script>\n<\/div>\n<p>Secretaria Municipal de Desenvolvimento Urbano e Habita\u00e7\u00e3o.<\/p>\n<p><strong>SEMDUH Teresina<\/strong> foi criada atrav\u00e9s da Lei Complementar N\u00ba 4.359, de 22 de janeiro de 2013 e possui as seguintes atribui\u00e7\u00f5es:<\/p>\n<p><img decoding=\"async\" loading=\"lazy\" class=\"alignnone wp-image-1402 size-full\" title=\"Semduh Teresina\" src=\"http:\/\/www.encontrateresina.com\/sobre\/wp-content\/uploads\/2018\/07\/semduh-teresina.jpg\" alt=\"Semduh Teresina\" width=\"680\" height=\"189\" srcset=\"https:\/\/www.encontrateresina.com\/sobre\/wp-content\/uploads\/2018\/07\/semduh-teresina.jpg 680w, https:\/\/www.encontrateresina.com\/sobre\/wp-content\/uploads\/2018\/07\/semduh-teresina-300x83.jpg 300w\" sizes=\"(max-width: 680px) 100vw, 680px\" \/><\/p>\n<p>Geral:<\/p>\n<ul>\n<li>Coordenar, dirigir, supervisionar, controlar e fiscalizar a execu\u00e7\u00e3o atividades dos \u00f3rg\u00e3os que lhe s\u00e3o diretamente subordinados;<\/li>\n<li>Estabelecer normas operacionais na sua \u00e1rea de compet\u00eancia;<\/li>\n<li>Buscar elementos necess\u00e1rios ao cumprimento de suas atribui\u00e7\u00f5es e compet\u00eancias, mediante coopera\u00e7\u00e3o de outros \u00f3rg\u00e3os nos \u00e2mbitos municipal, estadual, federal e privado;<\/li>\n<li>Articular-se com os diversos \u00f3rg\u00e3os municipais para harmonizar e disciplinar as a\u00e7\u00f5es do Governo Municipal no \u00e2mbito regional de cada SDU;Elaborar e propor a cria\u00e7\u00e3o e altera\u00e7\u00e3o de normas para a padroniza\u00e7\u00e3o de procedimentos administrativos no \u00e2mbito regional de cada SDU;<\/li>\n<li>Articular-se com as SDUs para aprimorar o exerc\u00edcio de suas compet\u00eancias;<\/li>\n<li>Propor e promover a realiza\u00e7\u00e3o de eventos para o aperfei\u00e7oamento e \u00e0 integra\u00e7\u00e3o do sistema das administra\u00e7\u00f5es regionais das SDUs;<\/li>\n<\/ul>\n<p>Propor e promover programas e a\u00e7\u00f5es para a melhoria da presta\u00e7\u00e3o dos servi\u00e7os de interesse p\u00fablico no \u00e2mbito das administra\u00e7\u00f5es regionais das SDUs.<\/p>\n<p>Espec\u00edficas:<\/p>\n<ul>\n<li>Or\u00e7amento Popular: coordenar a elabora\u00e7\u00e3o do or\u00e7amento popular municipal;<\/li>\n<li>Asfaltamento: coordenar as a\u00e7\u00f5es de asfaltamento no munic\u00edpio;<\/li>\n<li>Limpeza P\u00fablica: coordenar a pol\u00edtica de limpeza p\u00fablica municipal;<\/li>\n<li>Ilumina\u00e7\u00e3o P\u00fablica: coordenar a pol\u00edtica de ilumina\u00e7\u00e3o p\u00fablica municipal;<\/li>\n<li>Projetos: coordenar a pol\u00edtica de projetos especiais de interesse do Munic\u00edpio;<\/li>\n<li>Habita\u00e7\u00e3o: coordenar a pol\u00edtica de habita\u00e7\u00e3o do Munic\u00edpio.<\/li>\n<\/ul>\n<h2>Secretario SEMDUH Teresina<\/h2>\n<p><em>Secret\u00e1rio<\/em>:\u00a0Marco Ant\u00f4nio Ayres<br \/>\nEngenheiro Civil. Engenheiro Residente da RFFSA. Foi Superintendente das SDUs Leste e Centro\/Norte e supervisor das obras da constru\u00e7\u00e3o da Ponte Estaiada.<\/p>\n<h3>SEMDUH Teresina Legisla\u00e7\u00e3o<\/h3>\n<p>Principais Normas Legais que Regem as A\u00e7\u00f5es da SEMDUH:<\/p>\n<p>Leis:<\/p>\n<ul>\n<li>Lei Complementar n\u00ba 3.610 de 11 de janeiro de 2007 (C\u00f3digo Municipal de Posturas);<\/li>\n<li>Lei Complementar n\u00ba 4.359, de 22 de janeiro de 2013 (Cria\u00e7\u00e3o da SEMDUH);<\/li>\n<li>Lei n\u00ba 4.474, de 20 de novembro de 2013 (Institui o \u201cPrograma Lixo Zero\u201d);<\/li>\n<li>Lei Complementar n\u00ba 4.724 de 03 de junho de 2015 (Lei que define as diretrizes para regula\u00e7\u00e3o relativa a controle dos impactos da drenagem urbana de novos empreendimentos e inunda\u00e7\u00f5es ribeirinhas, na drenagem pluvial p\u00fablica);<\/li>\n<li>Lei Complementar n\u00ba 4.974, de 26 de dezembro de 2016 (Institui o novo C\u00f3digo Tribut\u00e1rio).<\/li>\n<\/ul>\n<p>Decretos:<\/p>\n<ul>\n<li>Decreto n\u00ba 9.432, de 18 de junho de 2009 (Regulamenta e disciplina o gerenciamento dos res\u00edduos de servi\u00e7os de sa\u00fade, no \u00e2mbito do Munic\u00edpio de Teresina);<\/li>\n<li>Decreto n\u00ba 18.060, de 18 de outubro de 2018 (Regulamenta a Atua\u00e7\u00e3o dos \u00d3rg\u00e3os Municipais no que Pertine a Fiscaliza\u00e7\u00e3o)<\/li>\n<li>Decreto n\u00ba 18.061, de 18 de outubro de 2018 (Regulamenta o Cadastramento de Transportadores de Res\u00edduos S\u00f3lidos);<\/li>\n<li>Decreto n\u00ba 18.062, de 18 de outubro de 2018 (Regulamenta o Cadastramento de \u00c1reas de Disposi\u00e7\u00e3o Final de<\/li>\n<li>Res\u00edduos S\u00f3lidos);<\/li>\n<li>Resolu\u00e7\u00f5es do COMDEMA:<\/li>\n<li>Resolu\u00e7\u00e3o COMDEMA n\u00ba001, de 25 de fevereiro de 2019 (Institui o Controle Eletr\u00f4nico de Transportes de<\/li>\n<li>Res\u00edduos \u2013 CTR Eletr\u00f4nico);<\/li>\n<li>Resolu\u00e7\u00e3o COMDEMA n\u00ba002, de 25 de fevereiro de 2019 (Institui o Licenciamento Ambiental Simplificado para as \u00c1reas que especifica);<\/li>\n<\/ul>\n<h3>Hor\u00e1rio de Funcionamento SEMDUH Teresina<\/h3>\n<ul>\n<li>Segunda a sexta das 7h30 \u00e1s 13h30<\/li>\n<\/ul>\n<h3>Onde Fica, Endere\u00e7o e Telefone SEMDUH Teresina<\/h3>\n<ul>\n<li>R. Des. Pires de Castro, 688 &#8211; Centro (Sul) &#8211; Teresina &#8211; PI<\/li>\n<li>Telefone: (86) 3221-7050<\/li>\n<\/ul>\n<h4>Outras informa\u00e7\u00f5es e site<\/h4>\n<ul>\n<li>Mais informa\u00e7\u00f5es: <a href=\"https:\/\/semduh.teresina.pi.gov.br\/\" target=\"_blank\" rel=\"noopener noreferrer\">www.semduh.teresina.pi.gov.br<\/a><\/li>\n<\/ul>\n<h4>Mapa de localiza\u00e7\u00e3o<\/h4>\n<a class=\"wp-colorbox-iframe\" href=\"https:\/\/www.google.com\/maps\/embed?pb=!1m14!1m8!1m3!1d15896.25885934326!2d-42.803247!3d-5.093239!3m2!1i1024!2i768!4f13.1!3m3!1m2!1s0x00xc05cf7ab7e531f6b!2sSEMDUH!5e0!3m2!1spt-BR!2sbr!4v1532530248733\"><img src=\"http:\/\/www.encontrabelohorizonte.com.br\/imgs\/maps-post.png\"><\/a>\n\n<div style=\"font-size: 0px; height: 0px; line-height: 0px; margin: 0; padding: 0; clear: both;\"><\/div>","protected":false},"excerpt":{"rendered":"<p>Secretaria Municipal de Desenvolvimento Urbano e Habita\u00e7\u00e3o. SEMDUH Teresina foi criada atrav\u00e9s da Lei Complementar N\u00ba 4.359, de 22 de janeiro de 2013 e possui as seguintes atribui\u00e7\u00f5es: Geral: Coordenar, dirigir, supervisionar, controlar e fiscalizar a execu\u00e7\u00e3o atividades dos \u00f3rg\u00e3os que lhe s\u00e3o diretamente subordinados; Estabelecer normas operacionais na sua \u00e1rea de compet\u00eancia; Buscar elementos necess\u00e1rios ao cumprimento de suas atribui\u00e7\u00f5es e compet\u00eancias, mediante coopera\u00e7\u00e3o de outros \u00f3rg\u00e3os nos \u00e2mbitos municipal, estadual, federal e privado; Articular-se com os diversos \u00f3rg\u00e3os municipais para harmonizar e disciplinar as a\u00e7\u00f5es do Governo Municipal no \u00e2mbito regional de cada SDU;Elaborar e propor a cria\u00e7\u00e3o <\/p>\n","protected":false},"author":1,"featured_media":0,"parent":0,"menu_order":0,"comment_status":"closed","ping_status":"closed","template":"","meta":[],"aioseo_notices":[],"_links":{"self":[{"href":"https:\/\/www.encontrateresina.com\/sobre\/wp-json\/wp\/v2\/pages\/1400"}],"collection":[{"href":"https:\/\/www.encontrateresina.com\/sobre\/wp-json\/wp\/v2\/pages"}],"about":[{"href":"https:\/\/www.encontrateresina.com\/sobre\/wp-json\/wp\/v2\/types\/page"}],"author":[{"embeddable":true,"href":"https:\/\/www.encontrateresina.com\/sobre\/wp-json\/wp\/v2\/users\/1"}],"replies":[{"embeddable":true,"href":"https:\/\/www.encontrateresina.com\/sobre\/wp-json\/wp\/v2\/comments?post=1400"}],"version-history":[{"count":0,"href":"https:\/\/www.encontrateresina.com\/sobre\/wp-json\/wp\/v2\/pages\/1400\/revisions"}],"wp:attachment":[{"href":"https:\/\/www.encontrateresina.com\/sobre\/wp-json\/wp\/v2\/media?parent=1400"}],"curies":[{"name":"wp","href":"https:\/\/api.w.org\/{rel}","templated":true}]}}