{"id":1403,"date":"2018-07-25T22:08:41","date_gmt":"2018-07-26T01:08:41","guid":{"rendered":"http:\/\/www.encontrateresina.com\/sobre\/?page_id=1403"},"modified":"2019-05-07T16:39:29","modified_gmt":"2019-05-07T19:39:29","slug":"serasa-teresina","status":"publish","type":"page","link":"https:\/\/www.encontrateresina.com\/sobre\/serasa-teresina\/","title":{"rendered":"Serasa Teresina"},"content":{"rendered":"<div class=\"0a7f0342045e68db0e2c8d55d9616140\" data-index=\"1\" style=\"float: left; margin: 15px 15px 15px 0;\">\n<!-- EBR \/Novo-Bairro-Topo\/ 300x250 -->\r\n<ins class=\"adsbygoogle\"\r\n     style=\"display:inline-block;width:300px;height:250px\"\r\n     data-ad-client=\"ca-pub-6414922941841817\"\r\n     data-ad-slot=\"5351822287\"><\/ins>\r\n<script>\r\n(adsbygoogle = window.adsbygoogle || []).push({});\r\n<\/script>\n<\/div>\n<p>Presente h\u00e1 50 anos no mercado brasileiro, a Serasa Experian \u00e9 respons\u00e1vel pela maior base de dados da Am\u00e9rica Latina e oferece os relat\u00f3rios mais precisos e eficazes do mercado.<\/p>\n<p>O <strong>Serasa Teresina<\/strong> apoia empresas e consumidores em suas decis\u00f5es de cr\u00e9dito e oferece solu\u00e7\u00f5es para gest\u00e3o de riscos, marketing e certifica\u00e7\u00e3o digital.<\/p>\n<p><img decoding=\"async\" loading=\"lazy\" class=\"alignnone wp-image-1405 size-full\" title=\"Serasa Teresina\" src=\"http:\/\/www.encontrateresina.com\/sobre\/wp-content\/uploads\/2018\/07\/serasa-teresina.jpg\" alt=\"Serasa Teresina\" width=\"680\" height=\"189\" srcset=\"https:\/\/www.encontrateresina.com\/sobre\/wp-content\/uploads\/2018\/07\/serasa-teresina.jpg 680w, https:\/\/www.encontrateresina.com\/sobre\/wp-content\/uploads\/2018\/07\/serasa-teresina-300x83.jpg 300w\" sizes=\"(max-width: 680px) 100vw, 680px\" \/><\/p>\n<p>Desde 2007 \u00e9 parte do grupo Experian, a maior refer\u00eancia mundial em servi\u00e7os de informa\u00e7\u00e3o. Por meio das solu\u00e7\u00f5es tecnol\u00f3gicas e inovadoras, amplia oportunidades para pessoas e empresas e trabalha para criar um amanh\u00e3 melhor.<\/p>\n<p>O Serasa denvolve as melhores solu\u00e7\u00f5es para reduzir riscos de cr\u00e9dito, evitar fraudes, vender a prazo com seguran\u00e7a, identificar parceiros, analisar fornecedores e renegociar ou recuperar d\u00edvidas.<\/p>\n<p>Para a Serasa Experian, n\u00e3o basta ser o maior banco de dados. \u00c9 fundamental garantirmos que todas as informa\u00e7\u00f5es estejam corretas, consistentes e continuamente atualizadas.<\/p>\n<p>No mundo, o Grupo Experian conta com os melhores profissionais de TI, an\u00e1lise de dados, cr\u00e9dito, analytics e demais \u00e1reas de apoio.<\/p>\n<p>O Serasa denvolve solu\u00e7\u00f5es inovadoras, traduzindo algoritmos e estudos complexos em solu\u00e7\u00f5es simples para os clientes.<\/p>\n<p>A lideran\u00e7a da Serasa Experian se amplia a cada ano porque n\u00e3o para de investir. Esta constantemente buscando novas informa\u00e7\u00f5es e realizando parcerias, para trazer o que de fato faz a diferen\u00e7a na hora de realizar um novo neg\u00f3cio.<\/p>\n<p>Tamb\u00e9m tem informa\u00e7\u00f5es dos hist\u00f3ricos dos Balan\u00e7os Patrimoniais das empresas no Brasil (cerca de 80 mil do \u00faltimo ano), o que permite realizar estudos setoriais, an\u00e1lises econ\u00f4micas e modelos de rating muito mais poderosos para agilizar o processo de an\u00e1lise de decis\u00e3o.<\/p>\n<h2>Serasa Teresina Certificado Digital<\/h2>\n<p>Voc\u00ea pode agendar para fazer o seu <em>certificado digital<\/em> pelo site o Serasa.<\/p>\n<h3>Serasa Teresina Consulta Gr\u00e1tis<\/h3>\n<p>A exist\u00eancia de uma presta\u00e7\u00e3o comercial n\u00e3o paga ou o atraso no pagamento de contas diversas pode ocasionar a inclus\u00e3o do nome do inadimplente no Servi\u00e7o de Prote\u00e7\u00e3o ao Cr\u00e9dito (SPC) e no Serasa, o que criar\u00e1 muitas dificuldades para novas compras no com\u00e9rcio e realiza\u00e7\u00e3o de novos neg\u00f3cios.<\/p>\n<p>Para ajudar a quem desejar limpar o nome uma nova ferramenta foi lan\u00e7ada pelo Serasa. O famoso \u201cnome sujo\u201d poder\u00e1 ser verificado pela internet, sem necessidade de visita presencial. A nova ferramenta j\u00e1 est\u00e1 dispon\u00edvel pela companhia.<\/p>\n<h3>Hor\u00e1rio de Funcionamento Serasa Teresina<\/h3>\n<ul>\n<li>Segunda a sexta das 9h30 \u00e1s 15h30<\/li>\n<\/ul>\n<h3>Onde Fica, Endere\u00e7o e Telefone Serasa Teresina<\/h3>\n<ul>\n<li>R. Lisandro Nogueira, 1554 &#8211; Centro (Sul) &#8211; Teresina &#8211; PI<\/li>\n<li>Telefone: (86) 3003-6300<\/li>\n<\/ul>\n<h4>Outras informa\u00e7\u00f5es e site<\/h4>\n<ul>\n<li>Mais informa\u00e7\u00f5es: <a href=\"https:\/\/www.serasaexperian.com.br\/\" target=\"_blank\" rel=\"noopener noreferrer\">www.serasaexperian.com.br<\/a><\/li>\n<\/ul>\n<h4>Mapa de localiza\u00e7\u00e3o<\/h4>\n<a class=\"wp-colorbox-iframe\" href=\"https:\/\/www.google.com\/maps\/embed?pb=!1m14!1m8!1m3!1d15896.423704974733!2d-42.8129046!3d-5.0865683!3m2!1i1024!2i768!4f13.1!3m3!1m2!1s0x00x42c775ad5d24cc8f!2sSerasa!5e0!3m2!1spt-BR!2sbr!4v1532538317291\"><img src=\"http:\/\/www.encontrabelohorizonte.com.br\/imgs\/maps-post.png\"><\/a>\n\n<div style=\"font-size: 0px; height: 0px; line-height: 0px; margin: 0; padding: 0; clear: both;\"><\/div>","protected":false},"excerpt":{"rendered":"<p>Presente h\u00e1 50 anos no mercado brasileiro, a Serasa Experian \u00e9 respons\u00e1vel pela maior base de dados da Am\u00e9rica Latina e oferece os relat\u00f3rios mais precisos e eficazes do mercado. O Serasa Teresina apoia empresas e consumidores em suas decis\u00f5es de cr\u00e9dito e oferece solu\u00e7\u00f5es para gest\u00e3o de riscos, marketing e certifica\u00e7\u00e3o digital. Desde 2007 \u00e9 parte do grupo Experian, a maior refer\u00eancia mundial em servi\u00e7os de informa\u00e7\u00e3o. Por meio das solu\u00e7\u00f5es tecnol\u00f3gicas e inovadoras, amplia oportunidades para pessoas e empresas e trabalha para criar um amanh\u00e3 melhor. O Serasa denvolve as melhores solu\u00e7\u00f5es para reduzir riscos de cr\u00e9dito, evitar <\/p>\n","protected":false},"author":1,"featured_media":0,"parent":0,"menu_order":0,"comment_status":"closed","ping_status":"closed","template":"","meta":[],"aioseo_notices":[],"_links":{"self":[{"href":"https:\/\/www.encontrateresina.com\/sobre\/wp-json\/wp\/v2\/pages\/1403"}],"collection":[{"href":"https:\/\/www.encontrateresina.com\/sobre\/wp-json\/wp\/v2\/pages"}],"about":[{"href":"https:\/\/www.encontrateresina.com\/sobre\/wp-json\/wp\/v2\/types\/page"}],"author":[{"embeddable":true,"href":"https:\/\/www.encontrateresina.com\/sobre\/wp-json\/wp\/v2\/users\/1"}],"replies":[{"embeddable":true,"href":"https:\/\/www.encontrateresina.com\/sobre\/wp-json\/wp\/v2\/comments?post=1403"}],"version-history":[{"count":0,"href":"https:\/\/www.encontrateresina.com\/sobre\/wp-json\/wp\/v2\/pages\/1403\/revisions"}],"wp:attachment":[{"href":"https:\/\/www.encontrateresina.com\/sobre\/wp-json\/wp\/v2\/media?parent=1403"}],"curies":[{"name":"wp","href":"https:\/\/api.w.org\/{rel}","templated":true}]}}