{"id":1459,"date":"2018-07-30T21:09:13","date_gmt":"2018-07-31T00:09:13","guid":{"rendered":"http:\/\/www.encontrateresina.com\/sobre\/?page_id=1459"},"modified":"2019-05-07T11:34:40","modified_gmt":"2019-05-07T14:34:40","slug":"conselho-tutelar-teresina","status":"publish","type":"page","link":"https:\/\/www.encontrateresina.com\/sobre\/conselho-tutelar-teresina\/","title":{"rendered":"Conselho Tutelar Teresina"},"content":{"rendered":"<div class=\"0a7f0342045e68db0e2c8d55d9616140\" data-index=\"1\" style=\"float: left; margin: 15px 15px 15px 0;\">\n<!-- EBR \/Novo-Bairro-Topo\/ 300x250 -->\r\n<ins class=\"adsbygoogle\"\r\n     style=\"display:inline-block;width:300px;height:250px\"\r\n     data-ad-client=\"ca-pub-6414922941841817\"\r\n     data-ad-slot=\"5351822287\"><\/ins>\r\n<script>\r\n(adsbygoogle = window.adsbygoogle || []).push({});\r\n<\/script>\n<\/div>\n<p>O <strong>Conselho Tutelar Teresina<\/strong> visa garantir os direitos da crian\u00e7a e do adolescente.<\/p>\n<p>\u00c9 tarefa dos conselheiros tutelares requisitar servi\u00e7os na rede p\u00fablica, atender e aconselhar pais ou respons\u00e1veis e acompanhar e contribuir com o poder p\u00fablico municipal na elabora\u00e7\u00e3o de propostas or\u00e7ament\u00e1rias sobre programas, planos e projetos que atendam aos interesses e necessidades das crian\u00e7as e dos adolescentes, com vistas \u00e0 garantia dos direitos e \u00e0 prote\u00e7\u00e3o integral da inf\u00e2ncia e da adolesc\u00eancia no munic\u00edpio.<\/p>\n<p><img decoding=\"async\" loading=\"lazy\" class=\"alignnone wp-image-1461 size-full\" title=\"Conselho Tutelar Teresina\" src=\"http:\/\/www.encontrateresina.com\/sobre\/wp-content\/uploads\/2018\/07\/conselho-tutelar-teresina.jpg\" alt=\"Conselho Tutelar Teresina\" width=\"680\" height=\"189\" srcset=\"https:\/\/www.encontrateresina.com\/sobre\/wp-content\/uploads\/2018\/07\/conselho-tutelar-teresina.jpg 680w, https:\/\/www.encontrateresina.com\/sobre\/wp-content\/uploads\/2018\/07\/conselho-tutelar-teresina-300x83.jpg 300w\" sizes=\"(max-width: 680px) 100vw, 680px\" \/><\/p>\n<p>O Conselho Tutelar \u00e9 formado por membros eleitos pela comunidade para mandato de tr\u00eas anos. Nesse per\u00edodo, os conselheiros atendem crian\u00e7as e adolescentes e aconselham seus pais e respons\u00e1veis. Seu trabalho \u00e9 basicamente norteado sob den\u00fancias, por isso, sempre que se perceba abuso ou situa\u00e7\u00f5es de risco contra menores, como por exemplo, em casos de viol\u00eancia f\u00edsica ou emocional, o Conselho Tutelar deve ser acionado.<\/p>\n<p>Cabe ao Conselho Tutelar aplicar medidas que zelem pela prote\u00e7\u00e3o dos direitos da crian\u00e7a e do adolescente. No entanto, o Conselho Tutelar n\u00e3o tem compet\u00eancia para aplicar medidas judiciais e n\u00e3o pode julgar nenhum caso e n\u00e3o age como \u00f3rg\u00e3o correcional. Desta forma, quando um adolescente, por exemplo, pratica algum crime, este ser\u00e1 direcionado \u00e0 Pol\u00edcia Militar. O Conselho Tutelar poder\u00e1 atuar somente com aconselhamento. Tamb\u00e9m n\u00e3o \u00e9 fun\u00e7\u00e3o n\u00e3o \u00e9 fun\u00e7\u00e3o do conselho tutelar fazer busca e apreens\u00e3o de crian\u00e7as e\/ou adolescentes, expedir autoriza\u00e7\u00e3o para viagens ou desfiles, determinar a guarda legal da crian\u00e7a. O Conselho Tutelar \u00e9 apenas um \u00f3rg\u00e3o zelador.<\/p>\n<p>\u00c9 imprescind\u00edvel que o conselheiro tutelar seja capaz de manter dialogo com pais ou respons\u00e1veis legais, comunidade, poder judici\u00e1rio e executivo e com as crian\u00e7as e adolescentes. Para isso \u00e9 de extrema import\u00e2ncia que os eleitos para o a fun\u00e7\u00e3o de conselheiro tutelar sejam pessoas comunicativas, competentes e com capacidade para mediar conflitos.<\/p>\n<p>Cabe ressaltar que, assim como o juiz, o conselheiro somente aplica as medidas necess\u00e1rias \u00e0 prote\u00e7\u00e3o dos direitos da crian\u00e7a e\/ou adolescente, ele n\u00e3o as executa. Deve, por tanto, buscar os poderes necess\u00e1rios para execu\u00e7\u00e3o dessas medidas, ou seja, poder p\u00fablico, fam\u00edlias e sociedade.<\/p>\n<h3>Conselheiro Tutelar\u00a0Conselho Tutelar\u00a0Teresina<\/h3>\n<p>Para ser um\u00a0conselheiro tutelar, o cidad\u00e3o deve ter idade m\u00ednima de 21 anos, ensino m\u00e9dio completo e experi\u00eancia comprovada na prote\u00e7\u00e3o e defesa dos direitos da crian\u00e7a e do adolescente.<\/p>\n<h3>O Conselho Tutelar\u00a0Teresina\u00a0no trabalho contra as Drogas<\/h3>\n<p>Todas as\u00a0<em>drogas,<\/em>\u00a0al\u00e9m de afetarem o funcionamento do c\u00e9rebro, tamb\u00e9m causam graves preju\u00edzo a outros \u00f3rg\u00e3os e sistemas.<\/p>\n<p>S\u00e3o hoje uma quest\u00e3o de Sa\u00fade P\u00fablica e, por isso, devem ser tratadas de forma abrangente, com o apoio familiar e indo muito al\u00e9m de\u00a0<em>simples interna\u00e7\u00e3o do usu\u00e1rio em cl\u00ednicas de recupera\u00e7\u00e3o<\/em>, sobretudo quando isto ocorre de forma compuls\u00f3ria, ou seja, sem a aprova\u00e7\u00e3o do usu\u00e1rio.<\/p>\n<p>As modernas teorias que tratam do<em>\u00a0problema da crian\u00e7a e do adolescente t\u00f3xicodependentes<\/em>entendem que a quest\u00e3o das drogas n\u00e3o deve restringir-se apenas ao aspecto cl\u00ednico, mas principalmente ao aspecto social, ao meio ambiente, \u00e0 fam\u00edlia, a seus c\u00edrculos sociais e \u00e0s vulnerabilidades que eles t\u00eam por serem pessoas em desenvolvimento. A preven\u00e7\u00e3o est\u00e1 a cargo dos programas do munic\u00edpio, mas a repress\u00e3o compete \u00e0 pol\u00edcia.<\/p>\n<h3>Hor\u00e1rio de Funcionamento Conselho Tutelar Teresina<\/h3>\n<ul>\n<li>Segunda \u00e0 sexta das 08h \u00e0s 17h<\/li>\n<\/ul>\n<h3>Onde Fica, Endere\u00e7o e Telefone Conselho Tutelar Teresina<\/h3>\n<ul>\n<li>Rua 1\u00ba de Maio, 109 &#8211; Marqu\u00eas de Paranagu\u00e1 &#8211; Teresina &#8211; PI<\/li>\n<li>Telefone: (86) 3215-9313<\/li>\n<\/ul>\n<h4>Outras informa\u00e7\u00f5es e site<\/h4>\n<ul>\n<li>Mais informa\u00e7\u00f5es: <a href=\"http:\/\/www.mppi.mp.br\" target=\"_blank\" rel=\"noopener noreferrer\">www.mppi.mp.br<\/a><\/li>\n<\/ul>\n<h4>Mapa de localiza\u00e7\u00e3o<\/h4>\n<a class=\"wp-colorbox-iframe\" href=\"https:\/\/www.google.com\/maps\/embed?pb=!1m14!1m8!1m3!1d15896.42772537756!2d-42.8054926!3d-5.0864055!3m2!1i1024!2i768!4f13.1!3m3!1m2!1s0x00x5f022d384d5359c5!2s1Conselho+Tutelar+de+Teresina!5e0!3m2!1spt-BR!2sbr!4v1532964149177\"><img src=\"http:\/\/www.encontrabelohorizonte.com.br\/imgs\/maps-post.png\"><\/a>\n\n<div style=\"font-size: 0px; height: 0px; line-height: 0px; margin: 0; padding: 0; clear: both;\"><\/div>","protected":false},"excerpt":{"rendered":"<p>O Conselho Tutelar Teresina visa garantir os direitos da crian\u00e7a e do adolescente. \u00c9 tarefa dos conselheiros tutelares requisitar servi\u00e7os na rede p\u00fablica, atender e aconselhar pais ou respons\u00e1veis e acompanhar e contribuir com o poder p\u00fablico municipal na elabora\u00e7\u00e3o de propostas or\u00e7ament\u00e1rias sobre programas, planos e projetos que atendam aos interesses e necessidades das crian\u00e7as e dos adolescentes, com vistas \u00e0 garantia dos direitos e \u00e0 prote\u00e7\u00e3o integral da inf\u00e2ncia e da adolesc\u00eancia no munic\u00edpio. O Conselho Tutelar \u00e9 formado por membros eleitos pela comunidade para mandato de tr\u00eas anos. Nesse per\u00edodo, os conselheiros atendem crian\u00e7as e adolescentes e <\/p>\n","protected":false},"author":1,"featured_media":0,"parent":0,"menu_order":0,"comment_status":"closed","ping_status":"closed","template":"","meta":[],"aioseo_notices":[],"_links":{"self":[{"href":"https:\/\/www.encontrateresina.com\/sobre\/wp-json\/wp\/v2\/pages\/1459"}],"collection":[{"href":"https:\/\/www.encontrateresina.com\/sobre\/wp-json\/wp\/v2\/pages"}],"about":[{"href":"https:\/\/www.encontrateresina.com\/sobre\/wp-json\/wp\/v2\/types\/page"}],"author":[{"embeddable":true,"href":"https:\/\/www.encontrateresina.com\/sobre\/wp-json\/wp\/v2\/users\/1"}],"replies":[{"embeddable":true,"href":"https:\/\/www.encontrateresina.com\/sobre\/wp-json\/wp\/v2\/comments?post=1459"}],"version-history":[{"count":0,"href":"https:\/\/www.encontrateresina.com\/sobre\/wp-json\/wp\/v2\/pages\/1459\/revisions"}],"wp:attachment":[{"href":"https:\/\/www.encontrateresina.com\/sobre\/wp-json\/wp\/v2\/media?parent=1459"}],"curies":[{"name":"wp","href":"https:\/\/api.w.org\/{rel}","templated":true}]}}