{"id":1465,"date":"2018-07-30T21:16:54","date_gmt":"2018-07-31T00:16:54","guid":{"rendered":"http:\/\/www.encontrateresina.com\/sobre\/?page_id=1465"},"modified":"2019-05-07T11:36:44","modified_gmt":"2019-05-07T14:36:44","slug":"ibama-teresina","status":"publish","type":"page","link":"https:\/\/www.encontrateresina.com\/sobre\/ibama-teresina\/","title":{"rendered":"Ibama Teresina"},"content":{"rendered":"<div class=\"0a7f0342045e68db0e2c8d55d9616140\" data-index=\"1\" style=\"float: left; margin: 15px 15px 15px 0;\">\n<!-- EBR \/Novo-Bairro-Topo\/ 300x250 -->\r\n<ins class=\"adsbygoogle\"\r\n     style=\"display:inline-block;width:300px;height:250px\"\r\n     data-ad-client=\"ca-pub-6414922941841817\"\r\n     data-ad-slot=\"5351822287\"><\/ins>\r\n<script>\r\n(adsbygoogle = window.adsbygoogle || []).push({});\r\n<\/script>\n<\/div>\n<p>O Instituto Brasileiro do Meio Ambiente e dos Recursos Naturais Renov\u00e1veis, mais conhecido pelo acr\u00f4nimo IBAMA, criado pela Lei n\u00ba 7.735 de 22 de fevereiro de 1989, \u00e9 uma autarquia federal vinculada ao Minist\u00e9rio do Meio Ambiente (MMA).<\/p>\n<p>\u00c9 o \u00f3rg\u00e3o executivo respons\u00e1vel pela execu\u00e7\u00e3o da Pol\u00edtica Nacional do Meio Ambiente (PNMA), institu\u00edda pela lei n\u00ba 6.938, de 31 de agosto de 1981, e desenvolve diversas atividades para a preserva\u00e7\u00e3o e conserva\u00e7\u00e3o do patrim\u00f4nio natural, exercendo o controle e a fiscaliza\u00e7\u00e3o sobre o uso dos recursos naturais (\u00e1gua, flora, fauna, solo, etc).\u00a0Veja mais sobre o <strong>Ibama Teresina.<\/strong><\/p>\n<p><img decoding=\"async\" loading=\"lazy\" class=\"alignnone wp-image-1467 size-full\" src=\"http:\/\/www.encontrateresina.com\/sobre\/wp-content\/uploads\/2018\/07\/ibama-teresina.jpg\" alt=\"Ibama Teresina\" width=\"680\" height=\"189\" srcset=\"https:\/\/www.encontrateresina.com\/sobre\/wp-content\/uploads\/2018\/07\/ibama-teresina.jpg 680w, https:\/\/www.encontrateresina.com\/sobre\/wp-content\/uploads\/2018\/07\/ibama-teresina-300x83.jpg 300w\" sizes=\"(max-width: 680px) 100vw, 680px\" \/><\/p>\n<p>A respons\u00e1vel pelo trabalho pol\u00edtico e de gest\u00e3o era a Secretaria Especial do Meio Ambiente (Sema), vinculada ao Minist\u00e9rio do Interior.<\/p>\n<p>A Sema teve papel de articula\u00e7\u00e3o muito importante na elabora\u00e7\u00e3o da Lei 6938\/81, que disp\u00f5e sobre a Pol\u00edtica Nacional do Meio Ambiente (PNMA), em vigor at\u00e9 hoje.<\/p>\n<p>A lei estabelece o Sistema Nacional de Meio Ambiente (Sisnama) e o Conselho Nacional do Meio Ambiente (Conama), \u00fanico com poder de legislar. A PNMA foi um grande avan\u00e7o.<\/p>\n<p>Quando a Constitui\u00e7\u00e3o Federal de 1988 foi promulgada, essa lei foi a \u00fanica a ser recepcionada na \u00edntegra. Por outro lado, sua efetiva\u00e7\u00e3o foi constru\u00edda aos poucos.<\/p>\n<p>De acordo com o Art. 5\u00ba da Lei n\u00ba 11.516, de 28 de agosto de 2007, o Ibama tem como principais atribui\u00e7\u00f5es:<\/p>\n<ul>\n<li>exercer o poder de pol\u00edcia ambiental;<\/li>\n<li>executar a\u00e7\u00f5es das pol\u00edticas nacionais de meio ambiente, referentes \u00e0s atribui\u00e7\u00f5es federais, relativas ao licenciamento ambiental, ao controle da qualidade ambiental, \u00e0 autoriza\u00e7\u00e3o de uso dos recursos naturais e \u00e0 fiscaliza\u00e7\u00e3o, monitoramento e controle ambiental, observadas as diretrizes emanadas do Minist\u00e9rio do Meio Ambiente; e<\/li>\n<li>executar as a\u00e7\u00f5es supletivas de compet\u00eancia da Uni\u00e3o, de conformidade com a legisla\u00e7\u00e3o ambiental vigente.<\/li>\n<\/ul>\n<p>Para o desempenho de suas fun\u00e7\u00f5es, o Ibama poder\u00e1 atuar em articula\u00e7\u00e3o com os \u00f3rg\u00e3os e entidades da administra\u00e7\u00e3o p\u00fablica federal, direta e indireta, dos Estados, do Distrito Federal e dos Munic\u00edpios integrantes do Sistema Nacional do Meio Ambiente (Sisnama) e com a sociedade civil organizada, para a consecu\u00e7\u00e3o de seus objetivos, em conson\u00e2ncia com as diretrizes da pol\u00edtica nacional de meio ambiente.<\/p>\n<h2>Ibama Teresina Den\u00fancia<\/h2>\n<p>Para falar com o Ibama sobre: <em>den\u00fancias<\/em>, sugest\u00f5es, elogios, reclama\u00e7\u00f5es ou solicita\u00e7\u00f5es, acesse o site.<\/p>\n<h3>Concurso IBAMA Teresina<\/h3>\n<p>O Ibama\u00a0 realiza periodicamente\u00a0concursos p\u00fablicos\u00a0com oportunidades para diversos cargos. O primeiro passo para a abertura \u00e9 divulgado no Di\u00e1rio Oficial da Prefeitura de Teresina, que \u00e9 a constitui\u00e7\u00e3o da comiss\u00e3o do certame. No documento constar\u00e1 as chances de cada setor e a escolaridade exigida de cada pessoa para o\u00a0concurso do IbamaTeresina.<\/p>\n<p>Para acompanhar o andamento e obter maiores informa\u00e7\u00f5es sobre\u00a0<em>vagas,<\/em>\u00a0consulte o site do Ibama Teresina com cronogramas e outras especificidades dos\u00a0concursos p\u00fablicos e processos seletivos\u00a0que ocorrem.<\/p>\n<h3>Hor\u00e1rio de Funcionamento Ibama Teresina<\/h3>\n<ul>\n<li>Segunda a sexta das 8h \u00e1s 18h<\/li>\n<\/ul>\n<h3>Onde Fica, Endere\u00e7o e Telefone Ibama Teresina<\/h3>\n<ul>\n<li>Av. Homero Castelo Branco, 2240 &#8211; Horto Florestal &#8211; Teresina &#8211; PI<\/li>\n<li>Telefone: (86) 3301-2443<\/li>\n<\/ul>\n<h4>Outras informa\u00e7\u00f5es e site<\/h4>\n<ul>\n<li>Mais informa\u00e7\u00f5es: <a href=\"http:\/\/www.ibama.gov.br\/\" target=\"_blank\" rel=\"noopener noreferrer\">www.ibama.gov.br<\/a><\/li>\n<\/ul>\n<h4>Mapa de localiza\u00e7\u00e3o<\/h4>\n<a class=\"wp-colorbox-iframe\" href=\"https:\/\/www.google.com\/maps\/embed?pb=!1m14!1m8!1m3!1d15896.954451686537!2d-42.7842647!3d-5.0650314!3m2!1i1024!2i768!4f13.1!3m3!1m2!1s0x00x40edc6e95539809!2sIBAMA+Instituto+Brasileiro+do+Meio+Ambiente!5e0!3m2!1spt-BR!2sbr!4v1532971525643\"><img src=\"http:\/\/www.encontrabelohorizonte.com.br\/imgs\/maps-post.png\"><\/a>\n\n<div style=\"font-size: 0px; height: 0px; line-height: 0px; margin: 0; padding: 0; clear: both;\"><\/div>","protected":false},"excerpt":{"rendered":"<p>O Instituto Brasileiro do Meio Ambiente e dos Recursos Naturais Renov\u00e1veis, mais conhecido pelo acr\u00f4nimo IBAMA, criado pela Lei n\u00ba 7.735 de 22 de fevereiro de 1989, \u00e9 uma autarquia federal vinculada ao Minist\u00e9rio do Meio Ambiente (MMA). \u00c9 o \u00f3rg\u00e3o executivo respons\u00e1vel pela execu\u00e7\u00e3o da Pol\u00edtica Nacional do Meio Ambiente (PNMA), institu\u00edda pela lei n\u00ba 6.938, de 31 de agosto de 1981, e desenvolve diversas atividades para a preserva\u00e7\u00e3o e conserva\u00e7\u00e3o do patrim\u00f4nio natural, exercendo o controle e a fiscaliza\u00e7\u00e3o sobre o uso dos recursos naturais (\u00e1gua, flora, fauna, solo, etc).\u00a0Veja mais sobre o Ibama Teresina. A respons\u00e1vel pelo <\/p>\n","protected":false},"author":1,"featured_media":0,"parent":0,"menu_order":0,"comment_status":"closed","ping_status":"closed","template":"","meta":[],"aioseo_notices":[],"_links":{"self":[{"href":"https:\/\/www.encontrateresina.com\/sobre\/wp-json\/wp\/v2\/pages\/1465"}],"collection":[{"href":"https:\/\/www.encontrateresina.com\/sobre\/wp-json\/wp\/v2\/pages"}],"about":[{"href":"https:\/\/www.encontrateresina.com\/sobre\/wp-json\/wp\/v2\/types\/page"}],"author":[{"embeddable":true,"href":"https:\/\/www.encontrateresina.com\/sobre\/wp-json\/wp\/v2\/users\/1"}],"replies":[{"embeddable":true,"href":"https:\/\/www.encontrateresina.com\/sobre\/wp-json\/wp\/v2\/comments?post=1465"}],"version-history":[{"count":0,"href":"https:\/\/www.encontrateresina.com\/sobre\/wp-json\/wp\/v2\/pages\/1465\/revisions"}],"wp:attachment":[{"href":"https:\/\/www.encontrateresina.com\/sobre\/wp-json\/wp\/v2\/media?parent=1465"}],"curies":[{"name":"wp","href":"https:\/\/api.w.org\/{rel}","templated":true}]}}