{"id":1468,"date":"2018-07-30T21:21:15","date_gmt":"2018-07-31T00:21:15","guid":{"rendered":"http:\/\/www.encontrateresina.com\/sobre\/?page_id=1468"},"modified":"2019-05-07T11:38:40","modified_gmt":"2019-05-07T14:38:40","slug":"ibge-teresina","status":"publish","type":"page","link":"https:\/\/www.encontrateresina.com\/sobre\/ibge-teresina\/","title":{"rendered":"IBGE Teresina"},"content":{"rendered":"<div class=\"0a7f0342045e68db0e2c8d55d9616140\" data-index=\"1\" style=\"float: left; margin: 15px 15px 15px 0;\">\n<!-- EBR \/Novo-Bairro-Topo\/ 300x250 -->\r\n<ins class=\"adsbygoogle\"\r\n     style=\"display:inline-block;width:300px;height:250px\"\r\n     data-ad-client=\"ca-pub-6414922941841817\"\r\n     data-ad-slot=\"5351822287\"><\/ins>\r\n<script>\r\n(adsbygoogle = window.adsbygoogle || []).push({});\r\n<\/script>\n<\/div>\n<p>Durante o per\u00edodo imperial, o \u00fanico \u00f3rg\u00e3o com atividades exclusivamente estat\u00edsticas era a Diretoria Geral de Estat\u00edstica, criada em 1871.<\/p>\n<p>Com o advento da Rep\u00fablica, o governo sentiu necessidade de ampliar essas atividades, principalmente depois da implanta\u00e7\u00e3o do registro civil de nascimentos, casamentos e \u00f3bitos.<\/p>\n<p><img decoding=\"async\" loading=\"lazy\" class=\"alignnone wp-image-1470 size-full\" title=\"IBGE Teresina\" src=\"http:\/\/www.encontrateresina.com\/sobre\/wp-content\/uploads\/2018\/07\/Ibge-teresina.jpg\" alt=\"IBGE Teresina\" width=\"680\" height=\"189\" srcset=\"https:\/\/www.encontrateresina.com\/sobre\/wp-content\/uploads\/2018\/07\/Ibge-teresina.jpg 680w, https:\/\/www.encontrateresina.com\/sobre\/wp-content\/uploads\/2018\/07\/Ibge-teresina-300x83.jpg 300w\" sizes=\"(max-width: 680px) 100vw, 680px\" \/><\/p>\n<p>Com o passar do tempo, o \u00f3rg\u00e3o respons\u00e1vel pelas estat\u00edsticas no Brasil mudou de nome e de fun\u00e7\u00f5es algumas vezes at\u00e9 1934, quando foi extinto o Departamento Nacional de Estat\u00edstica, cujas atribui\u00e7\u00f5es passaram aos minist\u00e9rios competentes.<\/p>\n<p>A car\u00eancia de um \u00f3rg\u00e3o capacitado a articular e coordenar as pesquisas estat\u00edsticas, unificando a a\u00e7\u00e3o dos servi\u00e7os especializados em funcionamento no Pa\u00eds, favoreceu a cria\u00e7\u00e3o, em 1934, do Instituto Nacional de Estat\u00edstica \u2013 INE, que iniciou suas atividades em 29 de maio de 1936. No ano seguinte, foi institu\u00eddo o Conselho Brasileiro de Geografia, incorporado ao INE, que passou a se chamar, ent\u00e3o, Instituto Brasileiro de Geografia e Estat\u00edstica.<\/p>\n<p>Desde ent\u00e3o, o IBGE cumpre a sua miss\u00e3o: identifica e analisa o territ\u00f3rio, conta a popula\u00e7\u00e3o, mostra como a economia evolui atrav\u00e9s do trabalho e da produ\u00e7\u00e3o das pessoas, revelando ainda como elas vivem.<\/p>\n<p><strong>Estrutura<\/strong><\/p>\n<p>O\u00a0<strong>IBGE<\/strong>\u00a0\u00e9 uma entidade da administra\u00e7\u00e3o p\u00fablica federal, vinculada ao Minist\u00e9rio do Planejamento, Desenvolvimento e Gest\u00e3o, que possui quatro diretorias e dois outros \u00f3rg\u00e3os centrais.<\/p>\n<p>Para que suas atividades possam cobrir todo o territ\u00f3rio nacional, o IBGE possui a rede nacional de pesquisa e dissemina\u00e7\u00e3o, composta por:<\/p>\n<ul>\n<li>27 Unidades Estaduais (26 nas capitais dos estados e 1 no Distrito Federal)<\/li>\n<li>27 Supervis\u00f5es de Documenta\u00e7\u00e3o e Dissemina\u00e7\u00e3o de Informa\u00e7\u00f5es (26 nas capitais e 1 no Distrito Federal)<\/li>\n<li>583 Ag\u00eancias de Coleta de dados nos principais munic\u00edpios.<\/li>\n<\/ul>\n<h2>IBGE\u00a0Teresina Concurso<\/h2>\n<p>De tempos em tempos o IBGE Teresina abre editais para\u00a0concurso p\u00fablicos, para saber quais editas est\u00e3o em aberto acesse o site.<\/p>\n<h3>IBGE Teresina Obrigatoriedade de Presta\u00e7\u00e3o de Informa\u00e7\u00f5es<\/h3>\n<p>A lei que rege a\u00a0<em>obrigatoriedade de presta\u00e7\u00e3o de informa\u00e7\u00f5es<\/em>\u00a0estat\u00edsticas informa o cidad\u00e3o brasileiro acerca de sua responsabilidade de ajudar o pa\u00eds com seguran\u00e7a, sabendo que toda informa\u00e7\u00e3o fornecida ter\u00e1 fins exclusivamente estat\u00edsticos.<\/p>\n<p>Atrav\u00e9s da Lei n\u00ba 5.534 de 14 de novembro de 1968, o cidad\u00e3o tem garantido seu direito de sigilo estat\u00edstico e seu dever de prestar informa\u00e7\u00f5es estat\u00edsticas ao IBGE.<\/p>\n<h3>Hor\u00e1rio de Funcionamento\u00a0IBGE\u00a0Teresina<\/h3>\n<ul>\n<li>Segunda a sexta das 7h \u00e1s 19h<\/li>\n<\/ul>\n<h3>Onde Fica, Endere\u00e7o e Telefone\u00a0IBGE\u00a0Teresina<\/h3>\n<ul>\n<li><b>Centro (Norte): <\/b>R. Simpl\u00edcio Mendes, 436 &#8211; Centro (Norte) &#8211; Tel.: (86) 2106-4161<\/li>\n<li><b>Cristo Rei: <\/b>Rua Abdias Neves, 560 &#8211; Cristo Rei &#8211; Tel.: (89) 3582-1611<\/li>\n<\/ul>\n<h4>Outras informa\u00e7\u00f5es e site<\/h4>\n<ul>\n<li>Mais informa\u00e7\u00f5es: <a href=\"https:\/\/www.ibge.gov.br\/index.php\" target=\"_blank\" rel=\"noopener noreferrer\">www.ibge.gov.br<\/a><\/li>\n<\/ul>\n<h4>Mapa de localiza\u00e7\u00e3o Centro (Norte)<\/h4>\n<a class=\"wp-colorbox-iframe\" href=\"https:\/\/www.google.com\/maps\/embed?pb=!1m18!1m12!1m3!1d7948.120255534664!2d-42.8183242781573!3d-5.093980948718361!2m3!1f0!2f0!3f0!3m2!1i1024!2i768!4f13.1!3m3!1m2!1s0x78e376ec27030190xbcb22f0f0beec82b!2sFundao+Instit+Bras+de+Geografia+e+Estatstica+IBGE!5e0!3m2!1spt-BR!2sbr!4v1532977993892\"><img src=\"http:\/\/www.encontrabelohorizonte.com.br\/imgs\/maps-post.png\"><\/a>\n\n<div style=\"font-size: 0px; height: 0px; line-height: 0px; margin: 0; padding: 0; clear: both;\"><\/div>","protected":false},"excerpt":{"rendered":"<p>Durante o per\u00edodo imperial, o \u00fanico \u00f3rg\u00e3o com atividades exclusivamente estat\u00edsticas era a Diretoria Geral de Estat\u00edstica, criada em 1871. Com o advento da Rep\u00fablica, o governo sentiu necessidade de ampliar essas atividades, principalmente depois da implanta\u00e7\u00e3o do registro civil de nascimentos, casamentos e \u00f3bitos. Com o passar do tempo, o \u00f3rg\u00e3o respons\u00e1vel pelas estat\u00edsticas no Brasil mudou de nome e de fun\u00e7\u00f5es algumas vezes at\u00e9 1934, quando foi extinto o Departamento Nacional de Estat\u00edstica, cujas atribui\u00e7\u00f5es passaram aos minist\u00e9rios competentes. A car\u00eancia de um \u00f3rg\u00e3o capacitado a articular e coordenar as pesquisas estat\u00edsticas, unificando a a\u00e7\u00e3o dos servi\u00e7os especializados <\/p>\n","protected":false},"author":1,"featured_media":0,"parent":0,"menu_order":0,"comment_status":"closed","ping_status":"closed","template":"","meta":[],"aioseo_notices":[],"_links":{"self":[{"href":"https:\/\/www.encontrateresina.com\/sobre\/wp-json\/wp\/v2\/pages\/1468"}],"collection":[{"href":"https:\/\/www.encontrateresina.com\/sobre\/wp-json\/wp\/v2\/pages"}],"about":[{"href":"https:\/\/www.encontrateresina.com\/sobre\/wp-json\/wp\/v2\/types\/page"}],"author":[{"embeddable":true,"href":"https:\/\/www.encontrateresina.com\/sobre\/wp-json\/wp\/v2\/users\/1"}],"replies":[{"embeddable":true,"href":"https:\/\/www.encontrateresina.com\/sobre\/wp-json\/wp\/v2\/comments?post=1468"}],"version-history":[{"count":0,"href":"https:\/\/www.encontrateresina.com\/sobre\/wp-json\/wp\/v2\/pages\/1468\/revisions"}],"wp:attachment":[{"href":"https:\/\/www.encontrateresina.com\/sobre\/wp-json\/wp\/v2\/media?parent=1468"}],"curies":[{"name":"wp","href":"https:\/\/api.w.org\/{rel}","templated":true}]}}