{"id":1491,"date":"2018-08-30T15:54:14","date_gmt":"2018-08-30T18:54:14","guid":{"rendered":"http:\/\/www.encontrateresina.com\/sobre\/?page_id=1491"},"modified":"2019-05-07T12:42:47","modified_gmt":"2019-05-07T15:42:47","slug":"potycabana-teresina","status":"publish","type":"page","link":"https:\/\/www.encontrateresina.com\/sobre\/potycabana-teresina\/","title":{"rendered":"Potycabana Teresina"},"content":{"rendered":"<div class=\"0a7f0342045e68db0e2c8d55d9616140\" data-index=\"1\" style=\"float: left; margin: 15px 15px 15px 0;\">\n<!-- EBR \/Novo-Bairro-Topo\/ 300x250 -->\r\n<ins class=\"adsbygoogle\"\r\n     style=\"display:inline-block;width:300px;height:250px\"\r\n     data-ad-client=\"ca-pub-6414922941841817\"\r\n     data-ad-slot=\"5351822287\"><\/ins>\r\n<script>\r\n(adsbygoogle = window.adsbygoogle || []).push({});\r\n<\/script>\n<\/div>\n<p>A <strong>Potycabana Teresina<\/strong> \u00e9 um parque de lazer, em Teresina, na margem do Rio Poti, nas proximidades da Ponte Juscelino Kubitschek e do Teresina shopping, com uma \u00e1rea de 43 mil metros quadrados.<\/p>\n<p>A poticabana foi inaugurada em setembro de 1990 pelo governador Alberto Tavares Silva que a idealizou com projeto do piauiense Gerson Castelo Branco.<\/p>\n<p><img decoding=\"async\" loading=\"lazy\" class=\"alignnone wp-image-1493 size-full\" title=\"Potycabana Teresina\" src=\"http:\/\/www.encontrateresina.com\/sobre\/wp-content\/uploads\/2018\/08\/potycabana-teresina.jpg\" alt=\"Potycabana Teresina\" width=\"680\" height=\"189\" srcset=\"https:\/\/www.encontrateresina.com\/sobre\/wp-content\/uploads\/2018\/08\/potycabana-teresina.jpg 680w, https:\/\/www.encontrateresina.com\/sobre\/wp-content\/uploads\/2018\/08\/potycabana-teresina-300x83.jpg 300w\" sizes=\"(max-width: 680px) 100vw, 680px\" \/><\/p>\n<p>Inicialmente com \u00e1rea de 9 mil M\u00b2, com praia artificial, piscinas de recrea\u00e7\u00e3o, piscinas com ondas artificiais, tubo-\u00e1gua, brinquedos aqu\u00e1ticos, quadras polivalentes (v\u00f4lei, basquete, e futebol de sal\u00e3o), pistas de joggig e de skates, um palco ao ar livre, bares, restaurantes e capacidade para 50 mil pessoas por dia.<\/p>\n<p>Em 16 de maio de 2013, no governo deWilson Nunes Martins, foi inaugurada a reforma e replanejamento se chamando assim Parque Nova Potycabana.<\/p>\n<p>Com o replanejamento e reforma de 2013 a \u00e1rea do parque passou a ser de 43 mil metros quadrados, sendo 15 mil metros de \u00e1rea verde, acrescentando-sepista de 1,5 Km para a pr\u00e1tica da caminhada, duas pistas de 1,5 Km com tratamento asf\u00e1ltico para ciclismo, pistas para pr\u00e1tica de esportes radicais como o skate, bem como oito quadras, sendo uma de futebol society, uma de t\u00eanis, duas de badminton, duas de v\u00f4lei\/futebol de areia e duas poliesportivas, que servir\u00e3o; no replanejamento o parque passou a contar com internet wi-fi e dois palcos de eventos, um principal e outro auxiliar.<\/p>\n<h2>Hor\u00e1rio de Funcionamento Potycabana Teresina<\/h2>\n<ul>\n<li>Segunda a domingo das 5h \u00e1s 22h<\/li>\n<\/ul>\n<h3>Onde Fica, Endere\u00e7o e Telefone Potycabana Teresina<\/h3>\n<ul>\n<li>Av. Raul Lopes, s\/n &#8211; Noivos &#8211; Teresina &#8211; PI<\/li>\n<li>Telefone: (86) 3221-8963<\/li>\n<\/ul>\n<h4>Outras informa\u00e7\u00f5es e site<\/h4>\n<ul>\n<li>Mais informa\u00e7\u00f5es: <a href=\"https:\/\/www.facebook.com\/ParqueNovaPotycabana\/\" target=\"_blank\" rel=\"noopener noreferrer\">www.facebook.com\/ParqueNovaPotycabana<\/a><\/li>\n<\/ul>\n<h4>Mapa de localiza\u00e7\u00e3o<\/h4>\n<a class=\"wp-colorbox-iframe\" href=\"https:\/\/www.google.com\/maps\/embed?pb=!1m14!1m8!1m3!1d15896.474051997702!2d-42.7925169!3d-5.0845292!3m2!1i1024!2i768!4f13.1!3m3!1m2!1s0x00xee941840eac1112f!2sParque+Potycabana!5e0!3m2!1spt-BR!2sbr!4v1535636151062\"><img src=\"http:\/\/www.encontrabelohorizonte.com.br\/imgs\/maps-post.png\"><\/a>\n\n<div style=\"font-size: 0px; height: 0px; line-height: 0px; margin: 0; padding: 0; clear: both;\"><\/div>","protected":false},"excerpt":{"rendered":"<p>A Potycabana Teresina \u00e9 um parque de lazer, em Teresina, na margem do Rio Poti, nas proximidades da Ponte Juscelino Kubitschek e do Teresina shopping, com uma \u00e1rea de 43 mil metros quadrados. A poticabana foi inaugurada em setembro de 1990 pelo governador Alberto Tavares Silva que a idealizou com projeto do piauiense Gerson Castelo Branco. Inicialmente com \u00e1rea de 9 mil M\u00b2, com praia artificial, piscinas de recrea\u00e7\u00e3o, piscinas com ondas artificiais, tubo-\u00e1gua, brinquedos aqu\u00e1ticos, quadras polivalentes (v\u00f4lei, basquete, e futebol de sal\u00e3o), pistas de joggig e de skates, um palco ao ar livre, bares, restaurantes e capacidade para <\/p>\n","protected":false},"author":1,"featured_media":0,"parent":0,"menu_order":0,"comment_status":"closed","ping_status":"closed","template":"","meta":[],"aioseo_notices":[],"_links":{"self":[{"href":"https:\/\/www.encontrateresina.com\/sobre\/wp-json\/wp\/v2\/pages\/1491"}],"collection":[{"href":"https:\/\/www.encontrateresina.com\/sobre\/wp-json\/wp\/v2\/pages"}],"about":[{"href":"https:\/\/www.encontrateresina.com\/sobre\/wp-json\/wp\/v2\/types\/page"}],"author":[{"embeddable":true,"href":"https:\/\/www.encontrateresina.com\/sobre\/wp-json\/wp\/v2\/users\/1"}],"replies":[{"embeddable":true,"href":"https:\/\/www.encontrateresina.com\/sobre\/wp-json\/wp\/v2\/comments?post=1491"}],"version-history":[{"count":0,"href":"https:\/\/www.encontrateresina.com\/sobre\/wp-json\/wp\/v2\/pages\/1491\/revisions"}],"wp:attachment":[{"href":"https:\/\/www.encontrateresina.com\/sobre\/wp-json\/wp\/v2\/media?parent=1491"}],"curies":[{"name":"wp","href":"https:\/\/api.w.org\/{rel}","templated":true}]}}