{"id":1494,"date":"2018-08-30T15:56:25","date_gmt":"2018-08-30T18:56:25","guid":{"rendered":"http:\/\/www.encontrateresina.com\/sobre\/?page_id=1494"},"modified":"2019-05-07T13:30:06","modified_gmt":"2019-05-07T16:30:06","slug":"tj-teresina","status":"publish","type":"page","link":"https:\/\/www.encontrateresina.com\/sobre\/tj-teresina\/","title":{"rendered":"TJ Teresina"},"content":{"rendered":"<div class=\"0a7f0342045e68db0e2c8d55d9616140\" data-index=\"1\" style=\"float: left; margin: 15px 15px 15px 0;\">\n<!-- EBR \/Novo-Bairro-Topo\/ 300x250 -->\r\n<ins class=\"adsbygoogle\"\r\n     style=\"display:inline-block;width:300px;height:250px\"\r\n     data-ad-client=\"ca-pub-6414922941841817\"\r\n     data-ad-slot=\"5351822287\"><\/ins>\r\n<script>\r\n(adsbygoogle = window.adsbygoogle || []).push({});\r\n<\/script>\n<\/div>\n<p>O Tribunal de Justi\u00e7a do Piau\u00ed (<strong>TJ Teresina<\/strong>) \u00e9 o \u00f3rg\u00e3o m\u00e1ximo do Poder judici\u00e1rio do estado brasileiro do Piau\u00ed.<\/p>\n<p>Historicamente sua origem remonta \u00e0 comarca portuguesa do Piau\u00ed, criada por carta-r\u00e9gia de 18 de mar\u00e7o de 1722.<\/p>\n<p><img decoding=\"async\" loading=\"lazy\" class=\"alignnone wp-image-1496 size-full\" title=\"TJ Teresina\" src=\"http:\/\/www.encontrateresina.com\/sobre\/wp-content\/uploads\/2018\/08\/tj-teresina.jpg\" alt=\"TJ Teresina\" width=\"680\" height=\"189\" srcset=\"https:\/\/www.encontrateresina.com\/sobre\/wp-content\/uploads\/2018\/08\/tj-teresina.jpg 680w, https:\/\/www.encontrateresina.com\/sobre\/wp-content\/uploads\/2018\/08\/tj-teresina-300x83.jpg 300w\" sizes=\"(max-width: 680px) 100vw, 680px\" \/><\/p>\n<p>Com a lei 2.033, de 1871, a prov\u00edncia do Piau\u00ed era subordinada ao Tribunal de Rela\u00e7\u00e3o do Maranh\u00e3o. Somente com a Rep\u00fablica, atrav\u00e9s do Decreto 1\u00aa de 10 de junho de 1891, da lavra do Governador Gabriel Lu\u00eds Ferreira, foi criado o atual TJPI.<\/p>\n<p>A sua instala\u00e7\u00e3o se deu em 1\u00ba de outubro de 1891, com a presid\u00eancia de Helv\u00eddio Clementino de Aguiar. Inicialmente sua composi\u00e7\u00e3o era de 5 desembargadores. Atualmente s\u00e3o 15.<\/p>\n<h3>TJ Teresina PROJUDI<\/h3>\n<p>PROJUDI\u00a0\u2013 Processo Judicial Digital, O\u00a0Projudi\u00a0\u00e9 um programa de computador que pode ser utilizado atrav\u00e9s da Internet e permite a completa substitui\u00e7\u00e3o do papel por autos processuais digitais.<\/p>\n<p>O funcionamento do\u00a0Projudi\u00a0\u00e9 bastante simples e seguro. Os advogados e os cidad\u00e3os que desejem ingressar com alguma reclama\u00e7\u00e3o nos Juizados Especiais podem utilizar a Internet ou se dirigir ao setor de atendimento dos juizados.<\/p>\n<p>Esses pedidos ser\u00e3o registrados eletronicamente, com distribui\u00e7\u00e3o e cadastramento autom\u00e1tico do processo. A partir da\u00ed todos os atos ser\u00e3o realizados utilizando-se o computador, com a elimina\u00e7\u00e3o do papel.<\/p>\n<h3>TJ Teresina Concurso<\/h3>\n<p>O Tribunal de Justi\u00e7a do Estado do\u00a0Piau\u00ed (TJ \u2013 PI) realiza periodicamente\u00a0<em>concursos p\u00fablicos<\/em>\u00a0com oportunidades para diversos cargos. O primeiro passo para a abertura \u00e9 divulgado no Di\u00e1rio Oficial do Tribunal de Justi\u00e7a do Estado do\u00a0Piau\u00ed (TJ \u2013 PI), que \u00e9 a constitui\u00e7\u00e3o da comiss\u00e3o do certame. No documento constar\u00e1 as chances de cada setor e a escolaridade exigida de cada pessoa para o concurso do Tribunal de Justi\u00e7a do Estado do\u00a0Piau\u00ed (TJ \u2013 PI).<\/p>\n<p>Para acompanhar o andamento e obter maiores informa\u00e7\u00f5es sobre vagas, consulte o site do Tribunal de Justi\u00e7a do Estado do Piau\u00ed (TJ \u2013 PI) com cronogramas e outras especificidades dos\u00a0<em>concursos p\u00fablicos<\/em>\u00a0e processos seletivos que ocorrem.<\/p>\n<h3>TJ Teresina PJE<\/h3>\n<p>O\u00a0<em>sistema Processo Judicial Eletr\u00f4nico<\/em>\u00a0(PJe) \u00e9 um software elaborado pelo Conselho Nacional de Justi\u00e7a (CNJ) a partir da experi\u00eancia e com a colabora\u00e7\u00e3o de diversos tribunais brasileiros.<\/p>\n<p>O objetivo principal do CNJ \u00e9 manter um sistema de processo judicial eletr\u00f4nico capaz de permitir a pr\u00e1tica de atos processuais pelos magistrados, servidores e demais participantes da rela\u00e7\u00e3o processual diretamente no sistema, assim como o acompanhamento desse processo judicial, independentemente de o processo tramitar na Justi\u00e7a Federal, na Justi\u00e7a dos Estados, na Justi\u00e7a Militar dos Estados e na Justi\u00e7a do Trabalho.<\/p>\n<h3>Hor\u00e1rio de Funcionamento <strong>TJ Teresina<\/strong><\/h3>\n<ul>\n<li>Segunda a sexta das 7h \u00e1s 14h<\/li>\n<\/ul>\n<h3>Onde Fica, Endere\u00e7o e Telefone <strong>TJ Teresina<\/strong><\/h3>\n<ul>\n<li>Pra\u00e7a Desembargador Edgar Nogueira, S\/N &#8211; Centro C\u00edvico &#8211; Teresina &#8211; PI<\/li>\n<li>Telefone: (86) 3317-6600<\/li>\n<\/ul>\n<h4>Outras informa\u00e7\u00f5es e site<\/h4>\n<ul>\n<li>Mais informa\u00e7\u00f5es: <a href=\"http:\/\/www.tjpi.jus.br\/\" target=\"_blank\" rel=\"noopener noreferrer\">www.tjpi.jus.br<\/a><\/li>\n<\/ul>\n<h4>Mapa de localiza\u00e7\u00e3o<\/h4>\n<a class=\"wp-colorbox-iframe\" href=\"https:\/\/www.google.com\/maps\/embed?pb=!1m14!1m8!1m3!1d15896.549647033935!2d-42.799594!3d-5.081466!3m2!1i1024!2i768!4f13.1!3m3!1m2!1s0x00x48c24e2f489b305d!2sTribunal+de+Justia+do+Estado+do+Piau!5e0!3m2!1spt-BR!2sbr!4v1535639298643\"><img src=\"http:\/\/www.encontrabelohorizonte.com.br\/imgs\/maps-post.png\"><\/a>\n\n<div style=\"font-size: 0px; height: 0px; line-height: 0px; margin: 0; padding: 0; clear: both;\"><\/div>","protected":false},"excerpt":{"rendered":"<p>O Tribunal de Justi\u00e7a do Piau\u00ed (TJ Teresina) \u00e9 o \u00f3rg\u00e3o m\u00e1ximo do Poder judici\u00e1rio do estado brasileiro do Piau\u00ed. Historicamente sua origem remonta \u00e0 comarca portuguesa do Piau\u00ed, criada por carta-r\u00e9gia de 18 de mar\u00e7o de 1722. Com a lei 2.033, de 1871, a prov\u00edncia do Piau\u00ed era subordinada ao Tribunal de Rela\u00e7\u00e3o do Maranh\u00e3o. Somente com a Rep\u00fablica, atrav\u00e9s do Decreto 1\u00aa de 10 de junho de 1891, da lavra do Governador Gabriel Lu\u00eds Ferreira, foi criado o atual TJPI. A sua instala\u00e7\u00e3o se deu em 1\u00ba de outubro de 1891, com a presid\u00eancia de Helv\u00eddio Clementino de <\/p>\n","protected":false},"author":1,"featured_media":0,"parent":0,"menu_order":0,"comment_status":"closed","ping_status":"closed","template":"","meta":[],"aioseo_notices":[],"_links":{"self":[{"href":"https:\/\/www.encontrateresina.com\/sobre\/wp-json\/wp\/v2\/pages\/1494"}],"collection":[{"href":"https:\/\/www.encontrateresina.com\/sobre\/wp-json\/wp\/v2\/pages"}],"about":[{"href":"https:\/\/www.encontrateresina.com\/sobre\/wp-json\/wp\/v2\/types\/page"}],"author":[{"embeddable":true,"href":"https:\/\/www.encontrateresina.com\/sobre\/wp-json\/wp\/v2\/users\/1"}],"replies":[{"embeddable":true,"href":"https:\/\/www.encontrateresina.com\/sobre\/wp-json\/wp\/v2\/comments?post=1494"}],"version-history":[{"count":0,"href":"https:\/\/www.encontrateresina.com\/sobre\/wp-json\/wp\/v2\/pages\/1494\/revisions"}],"wp:attachment":[{"href":"https:\/\/www.encontrateresina.com\/sobre\/wp-json\/wp\/v2\/media?parent=1494"}],"curies":[{"name":"wp","href":"https:\/\/api.w.org\/{rel}","templated":true}]}}