{"id":1526,"date":"2018-12-05T16:38:07","date_gmt":"2018-12-05T18:38:07","guid":{"rendered":"http:\/\/www.encontrateresina.com\/sobre\/?page_id=1526"},"modified":"2019-02-28T10:09:20","modified_gmt":"2019-02-28T13:09:20","slug":"aeroporto-de-teresina","status":"publish","type":"page","link":"https:\/\/www.encontrateresina.com\/sobre\/aeroporto-de-teresina\/","title":{"rendered":"Aeroporto de Teresina"},"content":{"rendered":"<div class=\"0a7f0342045e68db0e2c8d55d9616140\" data-index=\"1\" style=\"float: left; margin: 15px 15px 15px 0;\">\n<!-- EBR \/Novo-Bairro-Topo\/ 300x250 -->\r\n<ins class=\"adsbygoogle\"\r\n     style=\"display:inline-block;width:300px;height:250px\"\r\n     data-ad-client=\"ca-pub-6414922941841817\"\r\n     data-ad-slot=\"5351822287\"><\/ins>\r\n<script>\r\n(adsbygoogle = window.adsbygoogle || []).push({});\r\n<\/script>\n<\/div>\n<p>O <strong>Aeroporto de Teresina<\/strong>, Aeroporto Senador Petr\u00f4nio Portella \u00e9 um aeroporto brasileiro no munic\u00edpio de Teresina, no Piau\u00ed. \u00c9 o principal aeroporto do estado do Piau\u00ed.<\/p>\n<p>Atende principalmente a Regi\u00e3o Integrada de Desenvolvimento da Grande Teresina, assim como todo estado do Piau\u00ed, grande parte do Maranh\u00e3o e uma pequena \u00e1rea do oeste do Cear\u00e1.<\/p>\n<p><img decoding=\"async\" loading=\"lazy\" class=\"alignnone wp-image-1527 size-full\" title=\"Aeroporto de Teresina\" src=\"https:\/\/www.encontrateresina.com\/sobre\/wp-content\/uploads\/2018\/12\/aeroporto-de-teresina.jpg\" alt=\"Aeroporto de Teresina\" width=\"680\" height=\"189\" srcset=\"https:\/\/www.encontrateresina.com\/sobre\/wp-content\/uploads\/2018\/12\/aeroporto-de-teresina.jpg 680w, https:\/\/www.encontrateresina.com\/sobre\/wp-content\/uploads\/2018\/12\/aeroporto-de-teresina-300x83.jpg 300w\" sizes=\"(max-width: 680px) 100vw, 680px\" \/><\/p>\n<p>Distante 4 km do centro da cidade, opera voos nacionais e regionais e \u00e9 o principal acesso do Piau\u00ed para se conhecer as atra\u00e7\u00f5es tur\u00edsticas espalhadas por todo o estado.<\/p>\n<p>Est\u00e1 localizado a cerca de 350 km da costa, a uma altitude de 67 metros acima do n\u00edvel do mar e possui pistas com balizamento luminoso noturno. Do ponto de vista operacional, tem grande import\u00e2ncia estrat\u00e9gica, pois \u00e9 um aeroporto de liga\u00e7\u00e3o entre o Norte e o Nordeste do pa\u00eds. O aeroporto tamb\u00e9m \u00e9 dotado de um Terminal de Log\u00edstica de Carga (TECA).<\/p>\n<p>O Aeroporto de Teresina foi inaugurado em 30 de setembro de 1967. Administrado pelo ent\u00e3o Minist\u00e9rio da Aeron\u00e1utica, o aeroporto foi constru\u00eddo ao norte da capital, numa regi\u00e3o situada entre os rios Poty e Parna\u00edba.<\/p>\n<p>Em fevereiro de 1975, atrav\u00e9s da Portaria n\u00ba 102\/GM5, de 23 de dezembro de 1974, o aeroporto, com exce\u00e7\u00e3o da atividade de navega\u00e7\u00e3o a\u00e9rea, passou a ser administrado pela Empresa Brasileira de Infra-Estrutura Aeroportu\u00e1ria (Infraero).<\/p>\n<p>Embora grande parte da popula\u00e7\u00e3o teresinense o denominasse de Aeroporto Santos Dumont, sua denomina\u00e7\u00e3o oficial era Aeroporto de Teresina, alterada no ano de 2000 para Aeroporto de Teresina\/Senador Petr\u00f4nio Portella, de acordo com a lei n\u00ba 9.942, de 22 de dezembro de 1999, em homenagem ao ilustre pol\u00edtico piauiense Petr\u00f4nio Portella Nunes.<\/p>\n<p>A pista de pousos e decolagens foi constru\u00edda inicialmente com 1.800 m x 45 m, e ampliada em 1978 para 2 200 m x 45 m.<\/p>\n<p>Em 1983 o p\u00e1tio foi ampliado e refor\u00e7ado para atender grandes aeronaves dos tipos Airbus A300 e Boeing 767, sendo que a VASP a partir de 1 de Fevereiro de 1983 at\u00e9 1986 utilizou o Airbus A300 nos voos VP190\/191 que iniciavam em Congonhas e prosseguiam at\u00e9 Manaus com escala na capital Piauiense.<\/p>\n<p>Grandes companhias a\u00e9reas do pa\u00eds j\u00e1 operaram em Teresina, como a Varig, VASP e Transbrasil. Outras empresas ao longo da hist\u00f3ria da avia\u00e7\u00e3o comercial Brasileira operaram em Teresina como REAL, Panair, Cruzeiro, TAF, Nordeste, SETE, OceanAir, BRA, etc. Atualmente \u00e9 servida por Azul, GOL e LATAM de forma regular e pela Piquiatuba com voos regionais sistem\u00e1ticos.<\/p>\n<h3>Aeroporto de Teresina Reforma<\/h3>\n<p>Com uma movimenta\u00e7\u00e3o de mais de 1 milh\u00e3o de passageiros no ano de 2011 e um fluxo crescente, a Infraero autorizou a implanta\u00e7\u00e3o de dois M\u00f3dulos Operacionais anexos ao terminal de passageiros do Aeroporto de Teresina. Os m\u00f3dulos entraram em opera\u00e7\u00e3o assistida no dia 27 de junho de 2012 e foram oficialmente inaugurados em 9 de julho de 2012.<\/p>\n<p>Os M\u00f3dulos Operacionais do Aeroporto Senador Petr\u00f4nio Portella, aumentaram a capacidade de embarque e desembarque para 1,7 milh\u00e3o de passageiros ao ano, e fazem parte do plano de reformas e amplia\u00e7\u00e3o do terminal de passageiros que come\u00e7aram em 2012, e continuam em 2013, mas para o plano ser executado em sua totalidade, inclusive com um novo terminal de passageiros maior e mais moderno, com pontes de embarque (telesc\u00f3picas), amplia\u00e7\u00e3o do p\u00e1tio e novas pistas de taxiamento, a Infraero exigiu da prefeitura de Teresina que algumas casas no entorno do s\u00edtio aeroportu\u00e1rio fossem desapropriadas, o que gerou revolta e manifesta\u00e7\u00f5es de moradores da \u00e1rea. Baseado nesse impasse, e por medidas de seguran\u00e7a, o Governo do Estado trabalha com a possibilidade de, futuramente, se construir um aeroporto internacional fora do per\u00edmetro urbano de Teresina.<\/p>\n<h2>Chegadas de V\u00f4os no Aeroporto de Teresina<\/h2>\n<p>Voc\u00ea pode <em>consultar os voos<\/em> acessando o site.<\/p>\n<h3>Aeroporto de Teresina CEP<\/h3>\n<p>O\u00a0<em>CEP\u00a0 \u00e9 64003-700.<\/em><\/p>\n<h3>Hor\u00e1rio de Funcionamento Aeroporto de Teresina<\/h3>\n<ul>\n<li>Atendimento 24 horas<\/li>\n<\/ul>\n<h3>Onde Fica, Endere\u00e7o e Telefone Aeroporto de Teresina<\/h3>\n<ul>\n<li>Avenida Centen\u00e1rio, s\/n &#8211; Aeroporto &#8211; Teresina &#8211; PI<\/li>\n<li>Telefone: (86) 3133-6270<\/li>\n<\/ul>\n<h4>Outras informa\u00e7\u00f5es e site<\/h4>\n<ul>\n<li>Site:\u00a0<a href=\"https:\/\/www.aeroportosbrasil.com.br\/aeroporto-de-senador-petronio-portella\/\" target=\"_blank\" rel=\"noopener\">www.aeroportosbrasil.com.br\/aeroporto-de-senador-petronio-portella<\/a><\/li>\n<li>Infraero: <a href=\"http:\/\/www4.infraero.gov.br\/aeroportos\/aeroporto-de-teresina-senador-petronio-portella\/\" target=\"_blank\" rel=\"noopener noreferrer\">www4.infraero.gov.br<\/a><\/li>\n<\/ul>\n<h4>Mapa de localiza\u00e7\u00e3o<\/h4>\n<a class=\"wp-colorbox-iframe\" href=\"https:\/\/www.google.com\/maps\/embed?pb=!1m14!1m8!1m3!1d15896.993014965068!2d-42.821191!3d-5.063463!3m2!1i1024!2i768!4f13.1!3m3!1m2!1s0x00x7b8c9c4665a24d09!2sAeroporto+de+Teresina+Senador+Petrnio+Portella!5e0!3m2!1spt-BR!2sbr!4v1544015408132\"><img src=\"http:\/\/www.encontrateresina.com\/imgs\/maps-post.png\"><\/a>\n\n<div style=\"font-size: 0px; height: 0px; line-height: 0px; margin: 0; padding: 0; clear: both;\"><\/div>","protected":false},"excerpt":{"rendered":"<p>O Aeroporto de Teresina, Aeroporto Senador Petr\u00f4nio Portella \u00e9 um aeroporto brasileiro no munic\u00edpio de Teresina, no Piau\u00ed. \u00c9 o principal aeroporto do estado do Piau\u00ed. Atende principalmente a Regi\u00e3o Integrada de Desenvolvimento da Grande Teresina, assim como todo estado do Piau\u00ed, grande parte do Maranh\u00e3o e uma pequena \u00e1rea do oeste do Cear\u00e1. Distante 4 km do centro da cidade, opera voos nacionais e regionais e \u00e9 o principal acesso do Piau\u00ed para se conhecer as atra\u00e7\u00f5es tur\u00edsticas espalhadas por todo o estado. Est\u00e1 localizado a cerca de 350 km da costa, a uma altitude de 67 metros acima <\/p>\n","protected":false},"author":1,"featured_media":0,"parent":0,"menu_order":0,"comment_status":"closed","ping_status":"closed","template":"","meta":[],"aioseo_notices":[],"_links":{"self":[{"href":"https:\/\/www.encontrateresina.com\/sobre\/wp-json\/wp\/v2\/pages\/1526"}],"collection":[{"href":"https:\/\/www.encontrateresina.com\/sobre\/wp-json\/wp\/v2\/pages"}],"about":[{"href":"https:\/\/www.encontrateresina.com\/sobre\/wp-json\/wp\/v2\/types\/page"}],"author":[{"embeddable":true,"href":"https:\/\/www.encontrateresina.com\/sobre\/wp-json\/wp\/v2\/users\/1"}],"replies":[{"embeddable":true,"href":"https:\/\/www.encontrateresina.com\/sobre\/wp-json\/wp\/v2\/comments?post=1526"}],"version-history":[{"count":0,"href":"https:\/\/www.encontrateresina.com\/sobre\/wp-json\/wp\/v2\/pages\/1526\/revisions"}],"wp:attachment":[{"href":"https:\/\/www.encontrateresina.com\/sobre\/wp-json\/wp\/v2\/media?parent=1526"}],"curies":[{"name":"wp","href":"https:\/\/api.w.org\/{rel}","templated":true}]}}