{"id":1528,"date":"2018-12-05T16:41:43","date_gmt":"2018-12-05T18:41:43","guid":{"rendered":"http:\/\/www.encontrateresina.com\/sobre\/?page_id=1528"},"modified":"2018-12-07T10:26:38","modified_gmt":"2018-12-07T12:26:38","slug":"aguas-de-teresina","status":"publish","type":"page","link":"https:\/\/www.encontrateresina.com\/sobre\/aguas-de-teresina\/","title":{"rendered":"\u00c1guas de Teresina"},"content":{"rendered":"<div class=\"0a7f0342045e68db0e2c8d55d9616140\" data-index=\"1\" style=\"float: left; margin: 15px 15px 15px 0;\">\n<!-- EBR \/Novo-Bairro-Topo\/ 300x250 -->\r\n<ins class=\"adsbygoogle\"\r\n     style=\"display:inline-block;width:300px;height:250px\"\r\n     data-ad-client=\"ca-pub-6414922941841817\"\r\n     data-ad-slot=\"5351822287\"><\/ins>\r\n<script>\r\n(adsbygoogle = window.adsbygoogle || []).push({});\r\n<\/script>\n<\/div>\n<p>A <strong>\u00c1guas de Teresina<\/strong> \u00e9 a subconcession\u00e1ria respons\u00e1vel pelos servi\u00e7os de abastecimento de \u00e1gua, coleta e tratamento de esgoto da zona urbana de Teresina.<\/p>\n<p>A empresa vai universalizar, no terceiro ano de concess\u00e3o, o acesso \u00e0 \u00e1gua tratada na capital do Piau\u00ed, reduzindo o \u00edndice de perdas para 25%, em uma d\u00e9cada, e implantar, em 16 anos, o sistema de esgotamento sanit\u00e1rio a 90% da popula\u00e7\u00e3o.<\/p>\n<p><img decoding=\"async\" loading=\"lazy\" class=\"alignnone wp-image-1529 size-full\" title=\"\u00c1guas de Teresina\" src=\"https:\/\/www.encontrateresina.com\/sobre\/wp-content\/uploads\/2018\/12\/aguas-de-teresina.jpg\" alt=\"\u00c1guas de Teresina\" width=\"680\" height=\"189\" srcset=\"https:\/\/www.encontrateresina.com\/sobre\/wp-content\/uploads\/2018\/12\/aguas-de-teresina.jpg 680w, https:\/\/www.encontrateresina.com\/sobre\/wp-content\/uploads\/2018\/12\/aguas-de-teresina-300x83.jpg 300w\" sizes=\"(max-width: 680px) 100vw, 680px\" \/><\/p>\n<p>Para atingir as metas ousadas e mudar a realidade do saneamento em Teresina \u2013 \u00faltima entre as capitais do Nordeste, com 19% de coleta de esgoto e perdas de mais de 53% no abastecimento de \u00e1gua \u2013 a \u00c1guas de Teresina investir\u00e1, ao longo do contrato, de 31 anos, o total de R$ 1,7 bilh\u00e3o, sendo R$ 650 milh\u00f5es nos cinco primeiros anos.<\/p>\n<p>A \u00c1guas de Teresina \u00e9 uma empresa da Aegea Saneamento, companhia brasileira que gerencia ativos de saneamento por meio de suas concession\u00e1rias em diversos estados do Pa\u00eds e atua como administradora de concess\u00f5es p\u00fablicas, atendendo aproximadamente 5,4 milh\u00f5es de pessoas em 48 munic\u00edpios de dez estados brasileiros. Criada em 2010, se tornou uma das maiores empresas do setor, com 23,6% do mercado.<\/p>\n<h2>\u00c1guas de Teresina 2\u00aa Via<\/h2>\n<p>Para <em>imprimir a 2\u00aa via da sua conta,<\/em> acesse o site.<\/p>\n<p>Informe se \u00e9 Pessoa F\u00edsica ou jur\u00eddica, coloque o CPF ou CNPJ e o n\u00famero da liga\u00e7\u00e3o.<\/p>\n<h3>\u00c1guas de Teresina Trabalhe Conosco<\/h3>\n<p>Para aqueles que almejam <span style=\"text-decoration: underline;\">trabalhar<\/span> em uma empresa que preza por realizar servi\u00e7os da mais alta qualidade, e que zela por seus colaboradores e profissionalismo sempre, estes profissionais devem <span style=\"text-decoration: underline;\">trabalhar<\/span> na \u00c1guas de Teresina, acesse o site para enviar seu <span style=\"text-decoration: underline;\">curr\u00edculo.<\/span><\/p>\n<h3>\u00c1guas de Teresina Reclama\u00e7\u00f5es<\/h3>\n<p>Para conferir a reputa\u00e7\u00e3o e idoneidade da empresa voc\u00ea pode consultar as opini\u00f5es dos clientes no site Reclame Aqui. Basta acessar o site e digitar o nome da empresa.<\/p>\n<h3>\u00c1guas de Teresina Parcelamento<\/h3>\n<p>A \u00c1guas de Teresina est\u00e1 disponibilizando condi\u00e7\u00f5es especiais para que os consumidores com faturas de \u00e1gua e esgoto em atraso possam regularizar sua situa\u00e7\u00e3o junto \u00e0 concession\u00e1ria. A empresa oferece oportunidade de <em>parcelamento<\/em> em at\u00e9 seis parcelas.<\/p>\n<h3>Hor\u00e1rio de Funcionamento \u00c1guas de Teresina<\/h3>\n<ul>\n<li>Segunda a sexta das 7h30 \u00e1s 18h30<\/li>\n<\/ul>\n<h3>Onde Fica, Endere\u00e7o e Telefone \u00c1guas de Teresina<\/h3>\n<ul>\n<li>Av. Maranh\u00e3o &#8211; Piraj\u00e1 &#8211; Teresina &#8211; PI<\/li>\n<li>Telefone: 0800 223 2000<\/li>\n<\/ul>\n<h4>Outras informa\u00e7\u00f5es e site<\/h4>\n<ul>\n<li>Mais informa\u00e7\u00f5es: <a href=\"http:\/\/www.aguasdeteresina.com.br\/\" target=\"_blank\" rel=\"noopener noreferrer\">www.aguasdeteresina.com.br<\/a><\/li>\n<\/ul>\n<h4>Mapa de localiza\u00e7\u00e3o<\/h4>\n<a class=\"wp-colorbox-iframe\" href=\"https:\/\/www.google.com\/maps\/embed?pb=!1m14!1m8!1m3!1d15896.714277455225!2d-42.8315509!3d-5.0747886!3m2!1i1024!2i768!4f13.1!3m3!1m2!1s0x00xbd1bbafcee9e79f0!2sguas+de+Teresina!5e0!3m2!1spt-BR!2sbr!4v1544024689447\"><img src=\"http:\/\/www.encontrateresina.com\/imgs\/maps-post.png\"><\/a>\n\n<div style=\"font-size: 0px; height: 0px; line-height: 0px; margin: 0; padding: 0; clear: both;\"><\/div>","protected":false},"excerpt":{"rendered":"<p>A \u00c1guas de Teresina \u00e9 a subconcession\u00e1ria respons\u00e1vel pelos servi\u00e7os de abastecimento de \u00e1gua, coleta e tratamento de esgoto da zona urbana de Teresina. A empresa vai universalizar, no terceiro ano de concess\u00e3o, o acesso \u00e0 \u00e1gua tratada na capital do Piau\u00ed, reduzindo o \u00edndice de perdas para 25%, em uma d\u00e9cada, e implantar, em 16 anos, o sistema de esgotamento sanit\u00e1rio a 90% da popula\u00e7\u00e3o. Para atingir as metas ousadas e mudar a realidade do saneamento em Teresina \u2013 \u00faltima entre as capitais do Nordeste, com 19% de coleta de esgoto e perdas de mais de 53% no abastecimento <\/p>\n","protected":false},"author":1,"featured_media":0,"parent":0,"menu_order":0,"comment_status":"closed","ping_status":"closed","template":"","meta":[],"aioseo_notices":[],"_links":{"self":[{"href":"https:\/\/www.encontrateresina.com\/sobre\/wp-json\/wp\/v2\/pages\/1528"}],"collection":[{"href":"https:\/\/www.encontrateresina.com\/sobre\/wp-json\/wp\/v2\/pages"}],"about":[{"href":"https:\/\/www.encontrateresina.com\/sobre\/wp-json\/wp\/v2\/types\/page"}],"author":[{"embeddable":true,"href":"https:\/\/www.encontrateresina.com\/sobre\/wp-json\/wp\/v2\/users\/1"}],"replies":[{"embeddable":true,"href":"https:\/\/www.encontrateresina.com\/sobre\/wp-json\/wp\/v2\/comments?post=1528"}],"version-history":[{"count":0,"href":"https:\/\/www.encontrateresina.com\/sobre\/wp-json\/wp\/v2\/pages\/1528\/revisions"}],"wp:attachment":[{"href":"https:\/\/www.encontrateresina.com\/sobre\/wp-json\/wp\/v2\/media?parent=1528"}],"curies":[{"name":"wp","href":"https:\/\/api.w.org\/{rel}","templated":true}]}}