{"id":1532,"date":"2018-12-05T16:53:34","date_gmt":"2018-12-05T18:53:34","guid":{"rendered":"http:\/\/www.encontrateresina.com\/sobre\/?page_id=1532"},"modified":"2018-12-07T10:23:15","modified_gmt":"2018-12-07T12:23:15","slug":"ponte-estaiada-teresina","status":"publish","type":"page","link":"https:\/\/www.encontrateresina.com\/sobre\/ponte-estaiada-teresina\/","title":{"rendered":"Ponte Estaiada Teresina"},"content":{"rendered":"<div class=\"0a7f0342045e68db0e2c8d55d9616140\" data-index=\"1\" style=\"float: left; margin: 15px 15px 15px 0;\">\n<!-- EBR \/Novo-Bairro-Topo\/ 300x250 -->\r\n<ins class=\"adsbygoogle\"\r\n     style=\"display:inline-block;width:300px;height:250px\"\r\n     data-ad-client=\"ca-pub-6414922941841817\"\r\n     data-ad-slot=\"5351822287\"><\/ins>\r\n<script>\r\n(adsbygoogle = window.adsbygoogle || []).push({});\r\n<\/script>\n<\/div>\n<p>A Ponte Estaiada do Sesquicenten\u00e1rio Mestre Jo\u00e3o Isidoro Fran\u00e7a foi projetada para as comemora\u00e7\u00f5es dos 150 anos de Teresina, no estado brasileiro do Piau\u00ed. Inaugurada em mar\u00e7o de 2010, \u00e9 um dos mais importantes pontos tur\u00edsticos da capital piauiense.<\/p>\n<p>Sobre o Rio Poti, a\u00a0<strong>Ponte Estaiada Teresina<\/strong> facilita o deslocamento entre as regi\u00f5es central e leste da cidade.<\/p>\n<p><img decoding=\"async\" loading=\"lazy\" class=\"alignnone wp-image-1533 size-full\" title=\"Ponte Estaiada Teresina\" src=\"https:\/\/www.encontrateresina.com\/sobre\/wp-content\/uploads\/2018\/12\/ponte-estaiada-teresina.jpg\" alt=\"Ponte Estaiada Teresina\" width=\"680\" height=\"189\" srcset=\"https:\/\/www.encontrateresina.com\/sobre\/wp-content\/uploads\/2018\/12\/ponte-estaiada-teresina.jpg 680w, https:\/\/www.encontrateresina.com\/sobre\/wp-content\/uploads\/2018\/12\/ponte-estaiada-teresina-300x83.jpg 300w\" sizes=\"(max-width: 680px) 100vw, 680px\" \/><\/p>\n<p>Uma ponte feita em concreto armado , em tecnologia estaiada, com extens\u00e3o de 363 metros, distribu\u00edda em seis v\u00e3os, dos quais tr\u00eas constru\u00eddos pelo processo de balan\u00e7o sucessivo e tr\u00eas em processo convencional e com 35 estaios . A plataforma de rolamento possui tr\u00eas faixas de tr\u00e1fego de 3,10 metros e passeio para pedestre de 2,15 metros. Possui mastro \u00fanico para estaiamento, que abriga, em seu topo, um mirante a quase 100m de altura, em estrutura met\u00e1lica, acess\u00edvel por elevadores e escada de emerg\u00eancia.<\/p>\n<p>A Ilumina\u00e7\u00e3o da ponte fica a cargo da Eletrobras sob administra\u00e7\u00e3o da prefeitura,e conta com um sistema rotativo que muda de cor a cada 15 minutos,s\u00e3o 16 tipos de cores diferentes.<\/p>\n<p>Um das grandes preocupa\u00e7\u00f5es do projeto da nova ponte \u00e9 a n\u00e3o agress\u00e3o ao meio ambiente,a ponte estaiada n\u00e3o possui colunas de concreto dentro do rio,diferente de outras pontes .A execu\u00e7\u00e3o das obras do sistema vi\u00e1rio e Ponte Estaiada sobre o Rio Poti, na cidade de Teresina &#8211; PI, faz a interliga\u00e7\u00e3o da Av. Dom Severino e a Av. Alameda Parna\u00edba.<\/p>\n<p>A Ponte Estaiada Mestre Jo\u00e3o Isidoro Fran\u00e7a recebe este nome em homenagem ao primeiro mestre de obras de Teresina, Jo\u00e3o Isidoro Fran\u00e7a, em 1848, foi fundamental para a cria\u00e7\u00e3o da Vila Nova do Poti (primeiro nome de Teresina).<\/p>\n<p>Crescimento de Teresina, com registro de frota de ve\u00edculos em 157.000,00 ve\u00edculos\/dia;popula\u00e7\u00e3o estimada em 985.477 habitantes;A zona centro tem uma popula\u00e7\u00e3o de 234.137 habitantes, concentra 87 escolas p\u00fablicas, 8 centros de sa\u00fade, 9 complexos esportivos, 49 pra\u00e7as. Sua principal via de escoamento de tr\u00e1fego \u00e9 a Avenida Frei Serafim. A interliga\u00e7\u00e3o das zonas centro\/norte a zona leste, atualmente congestionada, tem se constitu\u00eddo num fator limitante ao deslocamento da popula\u00e7\u00e3o demandante de tr\u00e1fego entre as duas zonas, sobretudo nos hor\u00e1rios de pico, ir\u00e1 reduzir consideravelmente os n\u00edveis de congestionamentos das outras pontes, que ao longo dos \u00faltimos anos vem sofrendo um forte crescimento, oferecendo rotas alternativas as quais acarretar\u00e3o uma sens\u00edvel redu\u00e7\u00e3o nos acidentes de tr\u00e2nsito.<\/p>\n<h2>Ponte Estaiada Teresina Hist\u00f3ria<\/h2>\n<p>A ponte foi constru\u00edda no governo do presidente, Luis In\u00e1cio Lula da Silva, atrav\u00e9s de um acordo feito entre Uni\u00e3o, Estado e Munic\u00edpio, com o in\u00edcio das obras em 2008.<\/p>\n<p>Uma das pol\u00eamicas da constru\u00e7\u00e3o da ponte \u00e9 que seria necess\u00e1rio a remo\u00e7\u00e3o de algumas casas na proximidade da ponte e, o final, foram removidas a fim de dar melhor acesso. A Caixa Econ\u00f4mica Federal foi respon\u00e1vel pela avalia\u00e7\u00e3o das casas.A obra foi alvo de muitas institui\u00e7\u00f5es como TCU,TC-PI,CREA.<\/p>\n<p>Em fevereiro de 2010, ocorreu uma paralisa\u00e7\u00e3o por conta dos oper\u00e1rios que reivindicavam ajuste salarial, ficando por 16 dias sem trabalho. Logo ap\u00f3s uma reuni\u00e3o entre o prefeito, o deputado estadual C\u00edcero Magalh\u00e3es (PT) e representantes dos trabalhadores, dentre eles Raimundo Ibiapina, presidente do Sindicado dos Trabalhadores na Constru\u00e7\u00e3o Civil (Sitricon) e o diretor da OAS,a obra pode seguir em andamento.<\/p>\n<p>O Mirante fica no topo do \u00fanico mastro central onde os esteios s\u00e3o sustentados. O equipamento, com cerca de 300m quadrados e capacidade de 100 pessoas, foi projetado para receber turistas. Um mezanino foi constru\u00eddo nos moldes do que fica no mirante da Torre Eiffel que permite uma vis\u00e3o de 360\u00b0 da cidade. O acesso \u00e9 pelo lado leste da ponte pela Av. Raul Lopes e atrav\u00e9s de 2 elevadores panor\u00e2mico que tem capacidade para 10 pessoas, a altura \u00e9 equivalente a um pr\u00e9dio de 32 andares.O mirante \u00e9 montado com pe\u00e7as de metal e a\u00e7o e revertido com cortina de vidro, totalmente climatizado.<\/p>\n<p>O mirante demorou a ser entregue aos visitantes, mesmo com ponte j\u00e1 inaugurada,a demora nos testes dos elevadores e no acesso foi apontada como uma das causas. O mirante foi inaugurado no dia 28 de fevereiro de 2011, quase um ano depois da inaugura\u00e7\u00e3o da ponte. A prefeitura diz que inicialmente, o mirante s\u00f3 ser\u00e1 aberto \u00e0 visita\u00e7\u00e3o nos dias de segunda \u00e0 sexta-feira, das 10 \u00e0s 18 horas e ser\u00e1 cobrada uma taxa de 3 reais. A capacidade ser\u00e1 de at\u00e9 80 pessoas e o tempo m\u00e1ximo da visita \u00e9 de 20 minutos. Em 2016, as visitas passaram a ser de ter\u00e7a a sexta das 11h \u00e0s 19h e s\u00e1bado, domingo e feriado das 10h \u00e0s 18h e a dura\u00e7\u00e3o de 10min.<\/p>\n<h3>Ponte Estaiada Teresina Desenho<\/h3>\n<p><img decoding=\"async\" loading=\"lazy\" class=\"alignnone wp-image-1534 size-full\" title=\"Ponte Estaiada Teresina Desenho\" src=\"https:\/\/www.encontrateresina.com\/sobre\/wp-content\/uploads\/2018\/12\/ponte-estaiada-teresina-desenho.jpg\" alt=\"Ponte Estaiada Teresina Desenho\" width=\"660\" height=\"410\" srcset=\"https:\/\/www.encontrateresina.com\/sobre\/wp-content\/uploads\/2018\/12\/ponte-estaiada-teresina-desenho.jpg 660w, https:\/\/www.encontrateresina.com\/sobre\/wp-content\/uploads\/2018\/12\/ponte-estaiada-teresina-desenho-300x186.jpg 300w\" sizes=\"(max-width: 660px) 100vw, 660px\" \/><\/p>\n<h3>Ponte Estaiada Teresina Valor<\/h3>\n<p>A estrutura da ponte \u00e9 muito bonita e em seu alto existe um mirante que possibilita uma vista de toda a cidade de Teresina.<\/p>\n<p>\u00c9 cobrado um <em>valor<\/em> simb\u00f3lico de ingresso.<\/p>\n<p>Estudantes e professores da rede municipal e estadual de ensino t\u00eam o benef\u00edcio da meia-entrada. J\u00e1 os idosos (acima dos 60 anos), deficientes e crian\u00e7as (at\u00e9 11 anos de idade) s\u00e3o isentos do pagamento da taxa.<\/p>\n<h3>Complexo Tur\u00edstico Ponte Estaiada Teresina &#8211; PI<\/h3>\n<p>A Ponte Estaiada, embora seja uma obra recente, se tornou o maior s\u00edmbolo visual de Teresina e ao mesmo tempo um dos maiores <span style=\"text-decoration: underline;\">atrativos tur\u00edsticos<\/span> da cidade. Quem \u00e9 de uma gera\u00e7\u00e3o dos anos 90 e 80 para baixo deve lembrar que quando se falava em cart\u00e3o postal da capital piauiense, era comum utilizarem fotos da Ponte Met\u00e1lica Jo\u00e3o Lu\u00eds Ferreira, mais conhecida como Ponte Met\u00e1lica, que liga Teresina a vizinha cidade de Timon, no Maranh\u00e3o.<\/p>\n<p>Hoje se transformou num bel\u00edssimo ponto tur\u00edstico\u2019\u201d, afirmou Fenelon, que garantiu ter dado a sua opini\u00e3o como profissional de comunica\u00e7\u00e3o, deixando claro que n\u00e3o argumentava enquanto engenheiro ou especialista de tr\u00e2nsito.<\/p>\n<p>O grande charme \u00e9 o mirante, de 125 metros quadrados, que parece ser sustentado pela base de concreto e pelos esteios, que a noite ganham cores e d\u00e3o sempre um brilho a mais \u00e0 capital do Piau\u00ed. A estrutura ainda conta com dois elevadores panor\u00e2micos. Em volta, um espa\u00e7o ecol\u00f3gico, \u00e0 margem de uma das \u00e1reas mais apreciadas do Rio Poti, convida a popula\u00e7\u00e3o e turistas a aproveitarem um dos maiores tesouros da capital. Na \u00e1rea do complexo, que fica mesmo por debaixo da ponte, h\u00e1 pista de corrida, trilhas e academia ao ar livre. Como fica na avenida Raul Lopes, uma das mais movimentadas para pr\u00e1tica de caminhadas, a regi\u00e3o est\u00e1 sempre com um bom p\u00fablico.<\/p>\n<p>O complexo tamb\u00e9m \u00e9 ponto de grandes apresenta\u00e7\u00f5es e shows, principalmente de iniciativa p\u00fablica. Destaca-se a Parada LGBT de Teresina, que leva a diversidade para a regi\u00e3o do complexo. O evento atrai artistas nacionais e um grande p\u00fablico todos os anos.<\/p>\n<h3>Hor\u00e1rio de Funcionamento Ponte Estaiada Teresina<\/h3>\n<ul>\n<li>Ter\u00e7a a sexta das 11h \u00e0s 19h \/ S\u00e1bado, domingo e feriado das 10h \u00e0s 18h<\/li>\n<\/ul>\n<h3>Onde Fica e Endere\u00e7o Ponte Estaiada Teresina<\/h3>\n<ul>\n<li>Av. Rio Poti, 1-115 &#8211; F\u00e1tima, Teresina &#8211; PI<\/li>\n<\/ul>\n<h3>Ponte Estaiada Teresina Fotos<\/h3>\n<p><img decoding=\"async\" loading=\"lazy\" class=\"alignnone wp-image-1535 size-full\" title=\"Ponte Estaiada Teresina Fotos\" src=\"https:\/\/www.encontrateresina.com\/sobre\/wp-content\/uploads\/2018\/12\/ponte-estaiada-teresina-fotos.jpg\" alt=\"Ponte Estaiada Teresina Fotos\" width=\"748\" height=\"462\" srcset=\"https:\/\/www.encontrateresina.com\/sobre\/wp-content\/uploads\/2018\/12\/ponte-estaiada-teresina-fotos.jpg 748w, https:\/\/www.encontrateresina.com\/sobre\/wp-content\/uploads\/2018\/12\/ponte-estaiada-teresina-fotos-300x185.jpg 300w, https:\/\/www.encontrateresina.com\/sobre\/wp-content\/uploads\/2018\/12\/ponte-estaiada-teresina-fotos-223x137.jpg 223w\" sizes=\"(max-width: 748px) 100vw, 748px\" \/><\/p>\n<h4>Mapa de localiza\u00e7\u00e3o<\/h4>\n<a class=\"wp-colorbox-iframe\" href=\"https:\/\/www.google.com\/maps\/embed?pb=!1m14!1m8!1m3!1d15896.843748503015!2d-42.8022677!3d-5.0695311!3m2!1i1024!2i768!4f13.1!3m3!1m2!1s0x00x59bceb396e01b208!2sComplexo+Turstico+Ponte+Estaiada!5e0!3m2!1spt-BR!2sbr!4v1543944746122\"><img src=\"http:\/\/www.encontrateresina.com\/imgs\/maps-post.png\"><\/a>\n\n<div style=\"font-size: 0px; height: 0px; line-height: 0px; margin: 0; padding: 0; clear: both;\"><\/div>","protected":false},"excerpt":{"rendered":"<p>A Ponte Estaiada do Sesquicenten\u00e1rio Mestre Jo\u00e3o Isidoro Fran\u00e7a foi projetada para as comemora\u00e7\u00f5es dos 150 anos de Teresina, no estado brasileiro do Piau\u00ed. Inaugurada em mar\u00e7o de 2010, \u00e9 um dos mais importantes pontos tur\u00edsticos da capital piauiense. Sobre o Rio Poti, a\u00a0Ponte Estaiada Teresina facilita o deslocamento entre as regi\u00f5es central e leste da cidade. Uma ponte feita em concreto armado , em tecnologia estaiada, com extens\u00e3o de 363 metros, distribu\u00edda em seis v\u00e3os, dos quais tr\u00eas constru\u00eddos pelo processo de balan\u00e7o sucessivo e tr\u00eas em processo convencional e com 35 estaios . A plataforma de rolamento possui <\/p>\n","protected":false},"author":1,"featured_media":0,"parent":0,"menu_order":0,"comment_status":"closed","ping_status":"closed","template":"","meta":[],"aioseo_notices":[],"_links":{"self":[{"href":"https:\/\/www.encontrateresina.com\/sobre\/wp-json\/wp\/v2\/pages\/1532"}],"collection":[{"href":"https:\/\/www.encontrateresina.com\/sobre\/wp-json\/wp\/v2\/pages"}],"about":[{"href":"https:\/\/www.encontrateresina.com\/sobre\/wp-json\/wp\/v2\/types\/page"}],"author":[{"embeddable":true,"href":"https:\/\/www.encontrateresina.com\/sobre\/wp-json\/wp\/v2\/users\/1"}],"replies":[{"embeddable":true,"href":"https:\/\/www.encontrateresina.com\/sobre\/wp-json\/wp\/v2\/comments?post=1532"}],"version-history":[{"count":0,"href":"https:\/\/www.encontrateresina.com\/sobre\/wp-json\/wp\/v2\/pages\/1532\/revisions"}],"wp:attachment":[{"href":"https:\/\/www.encontrateresina.com\/sobre\/wp-json\/wp\/v2\/media?parent=1532"}],"curies":[{"name":"wp","href":"https:\/\/api.w.org\/{rel}","templated":true}]}}