{"id":1537,"date":"2018-12-05T17:03:50","date_gmt":"2018-12-05T19:03:50","guid":{"rendered":"http:\/\/www.encontrateresina.com\/sobre\/?page_id=1537"},"modified":"2019-03-14T13:50:35","modified_gmt":"2019-03-14T16:50:35","slug":"pontos-turisticos-de-teresina","status":"publish","type":"page","link":"https:\/\/www.encontrateresina.com\/sobre\/pontos-turisticos-de-teresina\/","title":{"rendered":"Pontos Tur\u00edsticos de Teresina"},"content":{"rendered":"<div class=\"0a7f0342045e68db0e2c8d55d9616140\" data-index=\"1\" style=\"float: left; margin: 15px 15px 15px 0;\">\n<!-- EBR \/Novo-Bairro-Topo\/ 300x250 -->\r\n<ins class=\"adsbygoogle\"\r\n     style=\"display:inline-block;width:300px;height:250px\"\r\n     data-ad-client=\"ca-pub-6414922941841817\"\r\n     data-ad-slot=\"5351822287\"><\/ins>\r\n<script>\r\n(adsbygoogle = window.adsbygoogle || []).push({});\r\n<\/script>\n<\/div>\n<p>Engana-se quem pensa que em Teresina n\u00e3o h\u00e1 nada para fazer! A capital do Piau\u00ed tem atrativos, bons passeios e comida de excelente qualidade.<\/p>\n<p>Para quem n\u00e3o conhece, Teresina fica colada ao Estado do Maranh\u00e3o, separada apenas pelo Rio Parna\u00edba. Para chegar na cidade vizinha, Timon (MA), basta atravessar uma das duas pontes que fazem a liga\u00e7\u00e3o: a Ponte Met\u00e1lica Jo\u00e3o Lu\u00eds Ferreira ou a Ponte da Amizade.<\/p>\n<p><img decoding=\"async\" loading=\"lazy\" class=\"alignnone wp-image-1538 size-full\" title=\"Pontos Tur\u00edsticos de Teresina\" src=\"http:\/\/www.encontrateresina.com\/sobre\/wp-content\/uploads\/2018\/12\/pontos-turisticos-de-teresi.jpg\" alt=\"Pontos Tur\u00edsticos de Teresina\" width=\"753\" height=\"440\" srcset=\"https:\/\/www.encontrateresina.com\/sobre\/wp-content\/uploads\/2018\/12\/pontos-turisticos-de-teresi.jpg 753w, https:\/\/www.encontrateresina.com\/sobre\/wp-content\/uploads\/2018\/12\/pontos-turisticos-de-teresi-300x175.jpg 300w\" sizes=\"(max-width: 753px) 100vw, 753px\" \/><\/p>\n<p>A primeira, ali\u00e1s, foi inicialmente uma ponte f\u00e9rrea e, hoje, \u00e9 um atrativo da cidade, tendo sido declarada Patrim\u00f4nio Cultural Brasileiro pelo IPHAN.<\/p>\n<p>Teresina \u00e9 banhada por dois rios: o Rio Parana\u00edba e o Rio Poti.<\/p>\n<h3><img decoding=\"async\" loading=\"lazy\" class=\"size-full wp-image-1604 alignleft\" src=\"https:\/\/www.encontrateresina.com\/sobre\/wp-content\/uploads\/2019\/03\/encontro-dos-rios-em-teresina-1.jpg\" alt=\"\" width=\"150\" height=\"150\" \/>Pontos Tur\u00edsticos de Teresina Encontro dos Rios<\/h3>\n<p>O Parque Ambiental <em>Encontro dos Rios<\/em> \u00e9 um agrad\u00e1vel lugar para caminhar, contemplar e almo\u00e7ar em meio \u00e0s temperaturas altas da regi\u00e3o. Al\u00e9m da bel\u00edssima vista do encontro das \u00e1guas (percept\u00edvel pela colora\u00e7\u00e3o), \u00e9 poss\u00edvel comer deliciosos peixes no Restaurante Flutuante, al\u00e9m de comprar produtos locais nas in\u00fameras barraquinhas por ali.<\/p>\n<p>Logo na entrada do Parque, h\u00e1 uma est\u00e1tua do lend\u00e1rio Cabe\u00e7a de Cuia. Reza a tenebrosa lenda que Crispim, um jovem rapaz que morava nas margens do Rio Parna\u00edba com a sua fam\u00edlia, ao chegar para o almo\u00e7o, foi servido pela sua m\u00e3e com uma sopa rala, com ossos, j\u00e1 que ali frequentemente faltava carne. Revoltado, discutiu com a m\u00e3e e atirou o osso contra ela, tendo a atingido na cabe\u00e7a, matando-a. Antes de morrer, sua m\u00e3e lhe amaldi\u00e7oou a ficar vagando pelo Rio e, com a cabe\u00e7a enorme no formato de uma cuia, s\u00f3 se libertaria da maldi\u00e7\u00e3o ap\u00f3s devorar sete virgens, de nome Maria.<\/p>\n<p>Com a maldi\u00e7\u00e3o, Crispim enlouqueceu e correu ao rio Parna\u00edba, onde se afogou. Seu corpo nunca foi encontrado e, at\u00e9 hoje, algumas pessoas pro\u00edbem suas filhas virgens de nome Maria de lavarem roupa ou se banharem nas \u00e9pocas de cheia do Rio. Alguns moradores da regi\u00e3o afirmam que o Cabe\u00e7a de Cuia, al\u00e9m de procurar as virgens, assassina os banhistas do Rio e tenta virar embarca\u00e7\u00f5es.<\/p>\n<h3><img decoding=\"async\" loading=\"lazy\" class=\"alignleft wp-image-1605 size-full\" title=\"Pontos Tur\u00edsticos de Teresina Ponte Estaiada\" src=\"https:\/\/www.encontrateresina.com\/sobre\/wp-content\/uploads\/2019\/03\/ponte-estaiada-teresina-1.jpg\" alt=\"Pontos Tur\u00edsticos de Teresina Ponte Estaiada\" width=\"150\" height=\"150\" \/>Pontos Tur\u00edsticos de Teresina Ponte Estaiada<\/h3>\n<p>Cujo principal atrativo \u00e9 justamente a <span style=\"text-decoration: underline;\">Ponte Estaiada<\/span>, projetada em comemora\u00e7\u00e3o aos 150 anos da cidade, em 2010. Al\u00e9m de ponto tur\u00edstico, a ponte desempenha um importante papel na cidade, ligando a regi\u00e3o central \u00e0 regi\u00e3o leste, sob o Rio Poti. Nela, \u00e9 poss\u00edvel subir de elevador panor\u00e2mico e ter uma bela vista da cidade entrecortada pelos rios e coberta pelas copas das \u00e1rvores.<\/p>\n<h3><img decoding=\"async\" loading=\"lazy\" class=\"alignleft wp-image-1607 size-full\" title=\"Pontos Tur\u00edsticos de Teresina Gelateria San Paolo\" src=\"https:\/\/www.encontrateresina.com\/sobre\/wp-content\/uploads\/2019\/03\/gelateria-san-paolo-teresina.jpg\" alt=\"Pontos Tur\u00edsticos de Teresina Gelateria San Paolo\" width=\"150\" height=\"150\" \/>Pontos Tur\u00edsticos de Teresina Gelateria San Paolo<\/h3>\n<p>Al\u00e9m de charmosinha, a<span style=\"text-decoration: underline;\">\u00a0Gelateria San Paolo<\/span>\u00a0oferece o peculiar sorvete preparado na pedra.<\/p>\n<p>&nbsp;<\/p>\n<p>&nbsp;<\/p>\n<h3><img decoding=\"async\" loading=\"lazy\" class=\"alignleft wp-image-1608 size-full\" title=\"Pontos Tur\u00edsticos de Teresina Potycabana\" src=\"https:\/\/www.encontrateresina.com\/sobre\/wp-content\/uploads\/2019\/03\/parque-nova-potycabana-teresina.jpg\" alt=\"Pontos Tur\u00edsticos de Teresina Potycabana\" width=\"150\" height=\"150\" \/><\/h3>\n<h3>Pontos Tur\u00edsticos de Teresina Potycabana<\/h3>\n<p>Parque Nova <em>Potycabana<\/em>, onde fica uma placa comemorativa de Teresina, com os dizeres: THE AMO. O parque \u00e9 super bem cuidado, arborizado e quente!<\/p>\n<h3><\/h3>\n<h3><\/h3>\n<h3><img decoding=\"async\" loading=\"lazy\" class=\"alignleft wp-image-1610 size-full\" title=\"Pontos Tur\u00edsticos de Teresina Parque Nacional das Sete Cidades\" src=\"https:\/\/www.encontrateresina.com\/sobre\/wp-content\/uploads\/2019\/03\/parque-nacional-das-sete-cidades-teresina.jpg\" alt=\"Pontos Tur\u00edsticos de Teresina Parque Nacional das Sete Cidades\" width=\"150\" height=\"150\" \/>Pontos Tur\u00edsticos de Teresina Parque Nacional das Sete Cidades<\/h3>\n<p>O misterioso e surpreendente <span style=\"text-decoration: underline;\">Parque Nacional das Sete Cidades<\/span> aguarda sua chegada para que o admire e entre em um mundo m\u00edstico feito totalmente de pedras. Numerosas forma\u00e7\u00f5es rochosas o levar\u00e3o a imaginar suas origens em um interessante passeio. \u00c9 recomend\u00e1vel levar sapatos c\u00f4modos que evitam escorreg\u00f5es caso voc\u00ea decida percorrer o parque a p\u00e9.<\/p>\n<h3><img decoding=\"async\" loading=\"lazy\" class=\"wp-image-1611 size-full alignleft\" title=\"Delta do Rio Parna\u00edba\" src=\"https:\/\/www.encontrateresina.com\/sobre\/wp-content\/uploads\/2019\/03\/delta-do-rio-parnaiba.jpg\" alt=\"Delta do Rio Parna\u00edba\" width=\"150\" height=\"150\" \/>Pontos Tur\u00edsticos de Teresina Delta do Rio Parna\u00edba<\/h3>\n<p>Para desfrutar um inesquec\u00edvel dia ao ar livre, aproveitando o sol, o mar, a praia e encantadoras paisagens naturais, nada melhor que conhecer o <em>Delta do Rio Parna\u00edba<\/em>. Depois de percorrer cerca de 1485 quil\u00f4metros, o Rio Parna\u00edba desemboca no mar presenteando aos habitantes da regi\u00e3o e aos numerosos visitantes um espet\u00e1culo impressionantemente belo.<br \/>\nCom mais de 70 ilhas, o delta oferece paisagens quase virgens com uma combina\u00e7\u00e3o quase perfeita de um vasto bosque nativo e as mais variadas esp\u00e9cies da fauna end\u00eamica. Numerosas praias, como a Praia de Atalaia ou a Praia do Coqueiro completam um panorama maravilhoso. Nas praias de Macap\u00e1 e Campo Grande poder\u00e1 realizar atividades aqu\u00e1ticas como o surfe.<\/p>\n<h3><img decoding=\"async\" loading=\"lazy\" class=\"alignleft wp-image-1612 size-full\" title=\"Pontos Tur\u00edsticos de Teresina Praia Pedra do Sal\" src=\"https:\/\/www.encontrateresina.com\/sobre\/wp-content\/uploads\/2019\/03\/praia-pedra-do-sal-teresina.jpg\" alt=\"Pontos Tur\u00edsticos de Teresina Praia Pedra do Sal\" width=\"150\" height=\"150\" \/>Pontos Tur\u00edsticos de Teresina Praia Pedra do Sal<\/h3>\n<p>Para desfrutar o sol, a areia e o mar, nada melhor que as praias brasileiras. Uma das praias mais belas e ex\u00f3ticas \u00e9 a <span style=\"text-decoration: underline;\">Praia da Pedra do Sal,<\/span> localizada a poucos quil\u00f4metros de Teresina. Com oito quil\u00f4metros de extens\u00e3o, est\u00e1 formada por inumer\u00e1veis rochas gran\u00edticas que invadem o mar e onde se acumula o sal marinho entre suas concavidades. Estas forma\u00e7\u00f5es rochosas dividem a praia em duas partes: uma pac\u00edfica enseada utilizada por pescadores, e uma \u00e1rea de ondas fortes prop\u00edcias para a pr\u00e1tica do surfe e kitesurfe. Sinta a adrenalina ou simplesmente desfrute a tranquilidade que emana do mar.<\/p>\n<h3><img decoding=\"async\" loading=\"lazy\" class=\"alignleft wp-image-1601 size-full\" title=\" Igreja S\u00e3o Benedito\" src=\"https:\/\/www.encontrateresina.com\/sobre\/wp-content\/uploads\/2019\/03\/igreja-sao-benedito-teresina.jpg\" alt=\" Igreja S\u00e3o Benedito\" width=\"150\" height=\"150\" \/>Pontos Tur\u00edsticos de Teresina Igreja S\u00e3o Benedito<\/h3>\n<p>No cora\u00e7\u00e3o da cidade o espera uma das mais importantes constru\u00e7\u00f5es cat\u00f3licas da cidade de Teresina, a<em> Igreja S\u00e3o Benedito.<\/em> Localizada entre as Pra\u00e7as da Liberdade e S\u00e3o Benedito, este templo \u00e9 um monumento hist\u00f3rico com uma fachada estilo italiano e torres piramidais de mais de 40 metros de altura, uma c\u00fapula maravilhosamente trabalhada e uma escada de pedra que o convidar\u00e3o a traspassar os grandes portais e adentrar-se em um universo de paz e contempla\u00e7\u00e3o.<\/p>\n<p>Em seu interior, uma est\u00e1tua de tamanho natural do santo bendiz a sua chegada e te convida \u00e0 medita\u00e7\u00e3o. Os grandes portais de madeira de jacarand\u00e1 e cedro trabalhados com motivos florais foram nomeados Patrim\u00f4nio Hist\u00f3rico Nacional. Visite-a como parte de um interessante passeio pelo centro da bela cidade de Teresina.<\/p>\n<h3><img decoding=\"async\" loading=\"lazy\" class=\"size-full wp-image-1613 alignleft\" src=\"https:\/\/www.encontrateresina.com\/sobre\/wp-content\/uploads\/2019\/03\/praca-marechal-deodoro-da-fonseca-teresina.jpg\" alt=\"\" width=\"150\" height=\"150\" \/>Pontos Tur\u00edsticos de Teresina Pra\u00e7a Marechal Deodoro da Fonseca<\/h3>\n<p>Conhecida tamb\u00e9m como Pra\u00e7a da Bandeira, \u00e9 um amplo e bonito espa\u00e7o de \u00e1reas verdes, rodeado pela Igreja Nossa Senhora do Amparo, Mercado Central, Prefeitura e Pal\u00e1cio da Justi\u00e7a. A <span style=\"text-decoration: underline;\">Pra\u00e7a Marechal Deodoro da Fonseca<\/span> possui um amplo anfiteatro utilizado para a realiza\u00e7\u00e3o de diferentes eventos. Seu arvoredo atrai os jovens apaixonados, turistas, camel\u00f4 e idosos que desfrutam sua extensa sombra.<br \/>\nPonte Estaiada Isidoro Fran\u00e7a.<\/p>\n<p>Uma maravilhosa ponte espera sua visita na zona norte da cidade de Teresina. Com cerca de 363 metros de extens\u00e3o, seis pistas para carros e duas pistas para bicicletas, une as zonas norte e leste da capital piauiense. Como parte de um magn\u00edfico grupo de pontes estaiadas do mundo, \u00e9 a \u00fanica que possui um grande mirante em sua pr\u00f3pria estrutura, situado no cume do mastro central, uma op\u00e7\u00e3o perfeita para obter uma vis\u00e3o panor\u00e2mica de 360 graus da cidade, pois possui uma altura de 95 metros com uma capacidade para 100 pessoas, al\u00e9m de oferecer um singular passeio \u00e0s alturas atrav\u00e9s de seguros elevadores panor\u00e2micos.<\/p>\n<h3><img decoding=\"async\" loading=\"lazy\" class=\"alignleft wp-image-1596 size-full\" title=\"Pal\u00e1cio de Karnak\" src=\"https:\/\/www.encontrateresina.com\/sobre\/wp-content\/uploads\/2019\/03\/palacio-karnak-teresina.jpg\" alt=\"Pal\u00e1cio de Karnak\" width=\"150\" height=\"150\" \/>Pontos Tur\u00edsticos de Teresina Pal\u00e1cio de Karnak<\/h3>\n<p>Sede do Poder Executivo do Piau\u00ed, o edif\u00edcio em estilo neocl\u00e1ssico (com caracter\u00edsticas gregas e romanas) chama aten\u00e7\u00e3o pela arquitetura e leva este nome devido a uma regi\u00e3o da cidade eg\u00edpcia de Tebas, o bairro <em>Karnak<\/em>. Sem nenhuma liga\u00e7\u00e3o espec\u00edfica com o Egito em si, o nome provavelmente foi somente uma homenagem dos construtores, que levantaram o <span style=\"text-decoration: underline;\">Pal\u00e1cio de Karnak<\/span> ainda no s\u00e9culo XIX.<\/p>\n<h3><img decoding=\"async\" loading=\"lazy\" class=\"alignleft wp-image-1598 size-full\" title=\"Museu do Piau\u00ed\" src=\"https:\/\/www.encontrateresina.com\/sobre\/wp-content\/uploads\/2019\/03\/museu-do-piaui-teresina.jpg\" alt=\"Museu do Piau\u00ed\" width=\"150\" height=\"150\" \/>Pontos Tur\u00edsticos de Teresina Museu do Piau\u00ed<\/h3>\n<p>Fundado em 1934, o<span style=\"text-decoration: underline;\"> museu do Piau\u00ed<\/span> j\u00e1 passou por mudan\u00e7as e revitaliza\u00e7\u00f5es e hoje funciona a todo vapor na preserva\u00e7\u00e3o da mem\u00f3ria do Piau\u00ed.<\/p>\n<p>Em seu acervo s\u00e3o encontradas aproximadamente 7 mil pe\u00e7as que contam a hist\u00f3ria do estado. F\u00f3sseis e artefatos pr\u00e9-hist\u00f3ricos, \u2013 como, por exemplo, machados primitivos, lou\u00e7as e porcelanas antigas, moedas, arco e flecha\u2026 \u2013 al\u00e9m de artesanato, quadros e mob\u00edlia do s\u00e9culo XIX \u00e9 um pouco do material que voc\u00ea vai encontrar neste museu.<\/p>\n<h3>Pontos Tur\u00edsticos de Teresina <img decoding=\"async\" loading=\"lazy\" class=\"alignleft wp-image-1614 size-full\" title=\"Parque da Cidadania\" src=\"https:\/\/www.encontrateresina.com\/sobre\/wp-content\/uploads\/2019\/03\/parque-da-cidadania.jpg\" alt=\"Parque da Cidadania\" width=\"150\" height=\"150\" \/><\/h3>\n<p>Localizado na regi\u00e3o central da capital piauiense, o local oferece aos visitantes um anfiteatro, quiosques, estacionamento, academia popular, \u00e1rea de recrea\u00e7\u00e3o e um lago artificial.<\/p>\n<p>O ambiente \u00e9 ideal para quem quer passear com a fam\u00edlia, reunir os amigos em um piquenique, ler um livro sob as frondosas mangueiras ou simplesmente caminhar.<\/p>\n<p>Constru\u00eddo ao lado da antiga esta\u00e7\u00e3o ferrovi\u00e1ria, onde funciona atualmente uma esta\u00e7\u00e3o do metr\u00f4, o parque oferece uma paisagem com misto de antigo e moderno. De acordo com informa\u00e7\u00f5es obtidas no local, uma resid\u00eancia de propriedade da extinta Rede Ferrovi\u00e1ria Federal S.A (RFFSA), abrigava moradores de rua. Com a cria\u00e7\u00e3o do parque, os habitantes ganharam uma unidade habitacional do Programa \u201cMinha Casa, Minha Vida\u201d e o pr\u00e9dio agora abriga o Museu do Inconsciente, onde obras e artesanatos produzidos por pacientes do Hospital Psiqui\u00e1trico Areolino de Abreu e dos Centro de Aten\u00e7\u00e3o Psicossocial (CAPS) est\u00e3o expostas.<\/p>\n<p>Um dos pr\u00e9dios do parque traz ainda uma exposi\u00e7\u00e3o de artes santeiras exibindo as obras em madeira de v\u00e1rios mestres piauienses.<\/p>\n<p>Desde sua inaugura\u00e7\u00e3o, o P<span style=\"text-decoration: underline;\">arque da Cidadania<\/span> tem recebido um n\u00famero cada vez maior de visitantes. Na \u00faltima semana aconteceu uma s\u00e9rie de homenagens no local por conta do falecimento do produtor cultural J\u00fanior Ara\u00fajo, v\u00edtima de acidente de tr\u00e2nsito e propriet\u00e1rio de um dos quiosques instalados no parque.<\/p>\n\n<div style=\"font-size: 0px; height: 0px; line-height: 0px; margin: 0; padding: 0; clear: both;\"><\/div>","protected":false},"excerpt":{"rendered":"<p>Engana-se quem pensa que em Teresina n\u00e3o h\u00e1 nada para fazer! A capital do Piau\u00ed tem atrativos, bons passeios e comida de excelente qualidade. Para quem n\u00e3o conhece, Teresina fica colada ao Estado do Maranh\u00e3o, separada apenas pelo Rio Parna\u00edba. Para chegar na cidade vizinha, Timon (MA), basta atravessar uma das duas pontes que fazem a liga\u00e7\u00e3o: a Ponte Met\u00e1lica Jo\u00e3o Lu\u00eds Ferreira ou a Ponte da Amizade. A primeira, ali\u00e1s, foi inicialmente uma ponte f\u00e9rrea e, hoje, \u00e9 um atrativo da cidade, tendo sido declarada Patrim\u00f4nio Cultural Brasileiro pelo IPHAN. Teresina \u00e9 banhada por dois rios: o Rio Parana\u00edba <\/p>\n","protected":false},"author":1,"featured_media":0,"parent":0,"menu_order":0,"comment_status":"closed","ping_status":"closed","template":"","meta":[],"aioseo_notices":[],"_links":{"self":[{"href":"https:\/\/www.encontrateresina.com\/sobre\/wp-json\/wp\/v2\/pages\/1537"}],"collection":[{"href":"https:\/\/www.encontrateresina.com\/sobre\/wp-json\/wp\/v2\/pages"}],"about":[{"href":"https:\/\/www.encontrateresina.com\/sobre\/wp-json\/wp\/v2\/types\/page"}],"author":[{"embeddable":true,"href":"https:\/\/www.encontrateresina.com\/sobre\/wp-json\/wp\/v2\/users\/1"}],"replies":[{"embeddable":true,"href":"https:\/\/www.encontrateresina.com\/sobre\/wp-json\/wp\/v2\/comments?post=1537"}],"version-history":[{"count":0,"href":"https:\/\/www.encontrateresina.com\/sobre\/wp-json\/wp\/v2\/pages\/1537\/revisions"}],"wp:attachment":[{"href":"https:\/\/www.encontrateresina.com\/sobre\/wp-json\/wp\/v2\/media?parent=1537"}],"curies":[{"name":"wp","href":"https:\/\/api.w.org\/{rel}","templated":true}]}}