{"id":1539,"date":"2018-12-05T17:07:19","date_gmt":"2018-12-05T19:07:19","guid":{"rendered":"http:\/\/www.encontrateresina.com\/sobre\/?page_id=1539"},"modified":"2019-02-28T10:05:44","modified_gmt":"2019-02-28T13:05:44","slug":"teresina-panoramica","status":"publish","type":"page","link":"https:\/\/www.encontrateresina.com\/sobre\/teresina-panoramica\/","title":{"rendered":"Teresina Panor\u00e2mica"},"content":{"rendered":"<div class=\"0a7f0342045e68db0e2c8d55d9616140\" data-index=\"1\" style=\"float: left; margin: 15px 15px 15px 0;\">\n<!-- EBR \/Novo-Bairro-Topo\/ 300x250 -->\r\n<ins class=\"adsbygoogle\"\r\n     style=\"display:inline-block;width:300px;height:250px\"\r\n     data-ad-client=\"ca-pub-6414922941841817\"\r\n     data-ad-slot=\"5351822287\"><\/ins>\r\n<script>\r\n(adsbygoogle = window.adsbygoogle || []).push({});\r\n<\/script>\n<\/div>\n<p>Vinte artistas da nova gera\u00e7\u00e3o de fot\u00f3grafos de Teresina re\u00fanem 700 imagens para mostrar Teresina.<\/p>\n<p>Atrav\u00e9s do<strong> Teresina Panor\u00e2mica<\/strong>; a hist\u00f3ria, cultura, turismo, economia e lazer revelam a capital do Piau\u00ed; seu progresso, sua beleza, e seu encanto com fotos in\u00e9ditas da cidade e do meio-norte do Brasil.<\/p>\n<p><img decoding=\"async\" loading=\"lazy\" class=\"alignnone wp-image-1540 size-full\" title=\"Teresina Panor\u00e2mica\" src=\"http:\/\/www.encontrateresina.com\/sobre\/wp-content\/uploads\/2018\/12\/teresina-panoramica.jpg\" alt=\"Teresina Panor\u00e2mica\" width=\"680\" height=\"189\" srcset=\"https:\/\/www.encontrateresina.com\/sobre\/wp-content\/uploads\/2018\/12\/teresina-panoramica.jpg 680w, https:\/\/www.encontrateresina.com\/sobre\/wp-content\/uploads\/2018\/12\/teresina-panoramica-300x83.jpg 300w\" sizes=\"(max-width: 680px) 100vw, 680px\" \/><\/p>\n<p>Destacando-se no cen\u00e1rio profissional, o site teve participa\u00e7\u00e3o recente no document\u00e1rio \u201cCidades Inventadas\u201d, do canal a cabo \u201cThe History Channel\u201d (HBO). O document\u00e1rio aborda a import\u00e2ncia do planejamento urbano e da \u201cinven\u00e7\u00e3o\u201d de cidades na Hist\u00f3ria do Brasil, desde Salvador e Recife, no s\u00e9culo XVI, at\u00e9 a funda\u00e7\u00e3o de Bras\u00edlia.<\/p>\n<p>Teresina \u00e9 apontada no document\u00e1rio dirigido por Renato Barbieri (Videografia\/Ligocki Entretenimento\/The History Channel Latin America),como a primeira capital brasileira planejada, precedendo outras capitais do pa\u00eds como Belo Horizonte, Goi\u00e2nia e at\u00e9 mesmo Bras\u00edlia.<\/p>\n<p>Parte das imagens que ilustram o document\u00e1rio quando cita Teresina s\u00e3o da cole\u00e7\u00e3o do site. Para os irm\u00e3os S\u00e9rgio Viana e Emerson Viana, autores do site, \u00e9 gratificante fazer parte de um document\u00e1rio transmitido por um canal internacional, que ser\u00e1 parte do acervo da divis\u00e3o latino-americana do mesmo.<\/p>\n<h3>Teresina Panor\u00e2mica Fotos<\/h3>\n<p><img decoding=\"async\" loading=\"lazy\" class=\"alignnone wp-image-1541 size-full\" title=\"Teresina Panor\u00e2mica Fotos\" src=\"http:\/\/www.encontrateresina.com\/sobre\/wp-content\/uploads\/2018\/12\/teresina-panoramica-fotos.jpg\" alt=\"Teresina Panor\u00e2mica Fotos\" width=\"743\" height=\"461\" srcset=\"https:\/\/www.encontrateresina.com\/sobre\/wp-content\/uploads\/2018\/12\/teresina-panoramica-fotos.jpg 743w, https:\/\/www.encontrateresina.com\/sobre\/wp-content\/uploads\/2018\/12\/teresina-panoramica-fotos-300x186.jpg 300w, https:\/\/www.encontrateresina.com\/sobre\/wp-content\/uploads\/2018\/12\/teresina-panoramica-fotos-223x137.jpg 223w\" sizes=\"(max-width: 743px) 100vw, 743px\" \/><\/p>\n\n<div style=\"font-size: 0px; height: 0px; line-height: 0px; margin: 0; padding: 0; clear: both;\"><\/div>","protected":false},"excerpt":{"rendered":"<p>Vinte artistas da nova gera\u00e7\u00e3o de fot\u00f3grafos de Teresina re\u00fanem 700 imagens para mostrar Teresina. Atrav\u00e9s do Teresina Panor\u00e2mica; a hist\u00f3ria, cultura, turismo, economia e lazer revelam a capital do Piau\u00ed; seu progresso, sua beleza, e seu encanto com fotos in\u00e9ditas da cidade e do meio-norte do Brasil. Destacando-se no cen\u00e1rio profissional, o site teve participa\u00e7\u00e3o recente no document\u00e1rio \u201cCidades Inventadas\u201d, do canal a cabo \u201cThe History Channel\u201d (HBO). O document\u00e1rio aborda a import\u00e2ncia do planejamento urbano e da \u201cinven\u00e7\u00e3o\u201d de cidades na Hist\u00f3ria do Brasil, desde Salvador e Recife, no s\u00e9culo XVI, at\u00e9 a funda\u00e7\u00e3o de Bras\u00edlia. Teresina \u00e9 <\/p>\n","protected":false},"author":1,"featured_media":0,"parent":0,"menu_order":0,"comment_status":"closed","ping_status":"closed","template":"","meta":[],"aioseo_notices":[],"_links":{"self":[{"href":"https:\/\/www.encontrateresina.com\/sobre\/wp-json\/wp\/v2\/pages\/1539"}],"collection":[{"href":"https:\/\/www.encontrateresina.com\/sobre\/wp-json\/wp\/v2\/pages"}],"about":[{"href":"https:\/\/www.encontrateresina.com\/sobre\/wp-json\/wp\/v2\/types\/page"}],"author":[{"embeddable":true,"href":"https:\/\/www.encontrateresina.com\/sobre\/wp-json\/wp\/v2\/users\/1"}],"replies":[{"embeddable":true,"href":"https:\/\/www.encontrateresina.com\/sobre\/wp-json\/wp\/v2\/comments?post=1539"}],"version-history":[{"count":0,"href":"https:\/\/www.encontrateresina.com\/sobre\/wp-json\/wp\/v2\/pages\/1539\/revisions"}],"wp:attachment":[{"href":"https:\/\/www.encontrateresina.com\/sobre\/wp-json\/wp\/v2\/media?parent=1539"}],"curies":[{"name":"wp","href":"https:\/\/api.w.org\/{rel}","templated":true}]}}