{"id":209,"date":"2018-02-16T12:43:58","date_gmt":"2018-02-16T14:43:58","guid":{"rendered":"http:\/\/www.encontrateresina.com\/sobre\/?page_id=209"},"modified":"2019-04-24T13:31:20","modified_gmt":"2019-04-24T16:31:20","slug":"hemopi-teresina","status":"publish","type":"page","link":"https:\/\/www.encontrateresina.com\/sobre\/hemopi-teresina\/","title":{"rendered":"Hemopi Teresina"},"content":{"rendered":"<div class=\"0a7f0342045e68db0e2c8d55d9616140\" data-index=\"1\" style=\"float: left; margin: 15px 15px 15px 0;\">\n<!-- EBR \/Novo-Bairro-Topo\/ 300x250 -->\r\n<ins class=\"adsbygoogle\"\r\n     style=\"display:inline-block;width:300px;height:250px\"\r\n     data-ad-client=\"ca-pub-6414922941841817\"\r\n     data-ad-slot=\"5351822287\"><\/ins>\r\n<script>\r\n(adsbygoogle = window.adsbygoogle || []).push({});\r\n<\/script>\n<\/div>\n<p>O Centro de Hematologia e Hemoterapia do Piau\u00ed \u2013 HEMOPI, criado em janeiro de 1982, foi inicialmente incorporado \u00e0 Funda\u00e7\u00e3o de Sa\u00fade do Estado do Piau\u00ed \u2013 FUSEPI, posteriormente \u00e0 Superintend\u00eancia Hospitalar do Estado do Piau\u00ed \u2013 SUHEPI, atrav\u00e9s do Decreto 4.774 e publicado no Di\u00e1rio Oficial do Estado n\u00ba 27, de 09 de fevereiro de 1982.<\/p>\n<p>O <strong>Hemopi Teresina<\/strong> fica subordinado diretamente \u00e0 Secretaria Estadual da Sa\u00fade, atrav\u00e9s da lei 3932 de 11 de junho de 1984, publicada no Di\u00e1rio Oficial do Estado n\u00ba 115\/84, sendo inaugurado em 12 de outubro do mesmo ano.<\/p>\n<p><img decoding=\"async\" loading=\"lazy\" class=\"alignnone wp-image-211 size-full\" title=\"Hemopi Teresina\" src=\"http:\/\/www.encontrateresina.com\/sobre\/wp-content\/uploads\/2018\/02\/hemopi-teresina.jpg\" alt=\"Hemopi Teresina\" width=\"680\" height=\"189\" srcset=\"https:\/\/www.encontrateresina.com\/sobre\/wp-content\/uploads\/2018\/02\/hemopi-teresina.jpg 680w, https:\/\/www.encontrateresina.com\/sobre\/wp-content\/uploads\/2018\/02\/hemopi-teresina-300x83.jpg 300w\" sizes=\"(max-width: 680px) 100vw, 680px\" \/><\/p>\n<p>O primeiro Banco de Sangue do Piau\u00ed foi instalado na d\u00e9cada de 1970, nas depend\u00eancias do Hospital Get\u00falio Vargas, com poucos crit\u00e9rios em rela\u00e7\u00e3o \u00e0 doa\u00e7\u00e3o e a qualidade do sangue. Al\u00e9m de parte do material usado durante a doa\u00e7\u00e3o ser reutilizado, o doador recebia pagamento pela doa\u00e7\u00e3o e n\u00e3o era realizada triagem cl\u00ednica e nem testes sorol\u00f3gicos para testar a qualidade do sangue.<\/p>\n<p>Nessa \u00e9poca n\u00e3o existia doadores volunt\u00e1rios. Todos eram remunerados. O hospital enviava carros ao mercado central de Teresina, estiva do Rio Parna\u00edba e locais de concentra\u00e7\u00e3o de trabalhadores, para transportar doadores que, ap\u00f3s a doa\u00e7\u00e3o de sangue, recebiam um comprovante do Banco de Sangue e se dirigiam \u00e0 Tesouraria do HGV para receber o pagamento pela doa\u00e7\u00e3o de sangue realizada.<\/p>\n<p>Enquanto em Bras\u00edlia j\u00e1 se utilizava bolsa de sangue descart\u00e1vel, realizava triagem clinica e exames sorol\u00f3gicos para Chagas, S\u00edfilis e Hepatite B, o Banco de Sangue do Hospital Get\u00falio Vargas de Teresina \u2013 Piau\u00ed reutilizava agulhas, o sangue doado era acondicionado em vidros e muitas vezes n\u00e3o ia nem \u00e0 geladeira, seguia direto para ser transfundido no paciente.<\/p>\n<h3>Hemopi Teresina Trabalhe Conosco<\/h3>\n<p>O Hemopi Teresina disponibiliza <em>vagas de trabalho<\/em> durante todo ano. Para se informar sobre os <em>processos seletivos<\/em> e se <span style=\"text-decoration: underline;\">candidatar as vagas<\/span> acompanhe o site da empresa, onde \u00e9 poss\u00edvel se informar sobre <span style=\"text-decoration: underline;\">vagas abertas<\/span>, sal\u00e1rios e compet\u00eancias necess\u00e1rias para se <em>candidatar ao processo<\/em>.<\/p>\n<h3>Hor\u00e1rio de Funcionamento Hemopi Teresina<\/h3>\n<ul>\n<li>Segunda a s\u00e1bado das 7h \u00e1s 18h<\/li>\n<\/ul>\n<h3>Onde Fica, Endere\u00e7o e Telefone Hemopi Teresina<\/h3>\n<ul>\n<li>Rua 1\u00ba de Maio, 235 &#8211; Centro (Sul) &#8211; Teresina &#8211; PI<\/li>\n<li>Telefone: (86) 3221-4989<\/li>\n<\/ul>\n<h4>Outras informa\u00e7\u00f5es e site<\/h4>\n<ul>\n<li>Mais informa\u00e7\u00f5es: <a href=\"http:\/\/www.hemopi.pi.gov.br\/index.php\">www.hemopi.pi.gov.br\/<\/a><\/li>\n<\/ul>\n<h4>Mapa de Localiza\u00e7\u00e3o<\/h4>\n<a class=\"wp-colorbox-iframe\" href=\"https:\/\/www.google.com\/maps\/embed?pb=!1m14!1m8!1m3!1d15896.352210274104!2d-42.8039423!3d-5.0894625!3m2!1i1024!2i768!4f13.1!3m3!1m2!1s0x00x87d4d8e55b23f0df!2sHemopi+-+Centro+de+Hematologia+e+Hemoterapia+do+Piau!5e0!3m2!1spt-BR!2sbr!4v1518791512606\"><img src=\"http:\/\/www.encontrabelohorizonte.com.br\/imgs\/maps-post.png\"><\/a>\n<p>&nbsp;<\/p>\n\n<div style=\"font-size: 0px; height: 0px; line-height: 0px; margin: 0; padding: 0; clear: both;\"><\/div>","protected":false},"excerpt":{"rendered":"<p>O Centro de Hematologia e Hemoterapia do Piau\u00ed \u2013 HEMOPI, criado em janeiro de 1982, foi inicialmente incorporado \u00e0 Funda\u00e7\u00e3o de Sa\u00fade do Estado do Piau\u00ed \u2013 FUSEPI, posteriormente \u00e0 Superintend\u00eancia Hospitalar do Estado do Piau\u00ed \u2013 SUHEPI, atrav\u00e9s do Decreto 4.774 e publicado no Di\u00e1rio Oficial do Estado n\u00ba 27, de 09 de fevereiro de 1982. O Hemopi Teresina fica subordinado diretamente \u00e0 Secretaria Estadual da Sa\u00fade, atrav\u00e9s da lei 3932 de 11 de junho de 1984, publicada no Di\u00e1rio Oficial do Estado n\u00ba 115\/84, sendo inaugurado em 12 de outubro do mesmo ano. O primeiro Banco de Sangue <\/p>\n","protected":false},"author":1,"featured_media":0,"parent":0,"menu_order":0,"comment_status":"closed","ping_status":"closed","template":"","meta":[],"aioseo_notices":[],"_links":{"self":[{"href":"https:\/\/www.encontrateresina.com\/sobre\/wp-json\/wp\/v2\/pages\/209"}],"collection":[{"href":"https:\/\/www.encontrateresina.com\/sobre\/wp-json\/wp\/v2\/pages"}],"about":[{"href":"https:\/\/www.encontrateresina.com\/sobre\/wp-json\/wp\/v2\/types\/page"}],"author":[{"embeddable":true,"href":"https:\/\/www.encontrateresina.com\/sobre\/wp-json\/wp\/v2\/users\/1"}],"replies":[{"embeddable":true,"href":"https:\/\/www.encontrateresina.com\/sobre\/wp-json\/wp\/v2\/comments?post=209"}],"version-history":[{"count":0,"href":"https:\/\/www.encontrateresina.com\/sobre\/wp-json\/wp\/v2\/pages\/209\/revisions"}],"wp:attachment":[{"href":"https:\/\/www.encontrateresina.com\/sobre\/wp-json\/wp\/v2\/media?parent=209"}],"curies":[{"name":"wp","href":"https:\/\/api.w.org\/{rel}","templated":true}]}}