{"id":241,"date":"2018-02-21T09:37:28","date_gmt":"2018-02-21T12:37:28","guid":{"rendered":"http:\/\/www.encontrateresina.com\/sobre\/?page_id=241"},"modified":"2019-04-24T14:01:13","modified_gmt":"2019-04-24T17:01:13","slug":"coren-teresina","status":"publish","type":"page","link":"https:\/\/www.encontrateresina.com\/sobre\/coren-teresina\/","title":{"rendered":"Coren Teresina"},"content":{"rendered":"<div class=\"0a7f0342045e68db0e2c8d55d9616140\" data-index=\"1\" style=\"float: left; margin: 15px 15px 15px 0;\">\n<!-- EBR \/Novo-Bairro-Topo\/ 300x250 -->\r\n<ins class=\"adsbygoogle\"\r\n     style=\"display:inline-block;width:300px;height:250px\"\r\n     data-ad-client=\"ca-pub-6414922941841817\"\r\n     data-ad-slot=\"5351822287\"><\/ins>\r\n<script>\r\n(adsbygoogle = window.adsbygoogle || []).push({});\r\n<\/script>\n<\/div>\n<p>O objetivo do<strong> Coren Teresina<\/strong> \u00e9 disciplinar e fiscalizar o exerc\u00edcio profissional, observando as diretrizes gerais do COFEN.<\/p>\n<p>O Conselho Federal de Enfermagem (COFEN) e os seus respectivos Conselhos Regionais (CORENs) foram criados em 12 de julho de 1973, por meio da Lei 5.905. Juntos, eles formam o Sistema COFEN\/CORENs. Est\u00e3o subordinados ao Conselho Federal todos os 27 conselhos regionais localizados em cada estado brasileiro.<\/p>\n<p><img decoding=\"async\" loading=\"lazy\" class=\"alignnone wp-image-242 size-full\" title=\"Coren Teresina\" src=\"http:\/\/www.encontrateresina.com\/sobre\/wp-content\/uploads\/2018\/02\/coren-teresina.jpg\" alt=\"Coren Teresina\" width=\"680\" height=\"189\" srcset=\"https:\/\/www.encontrateresina.com\/sobre\/wp-content\/uploads\/2018\/02\/coren-teresina.jpg 680w, https:\/\/www.encontrateresina.com\/sobre\/wp-content\/uploads\/2018\/02\/coren-teresina-300x83.jpg 300w\" sizes=\"(max-width: 680px) 100vw, 680px\" \/><\/p>\n<p>Principais atividades dos COREN:<\/p>\n<ul>\n<li>Deliberar sobre o valor das inscri\u00e7\u00f5es no Conselho, bem como o seu cancelamento;<\/li>\n<li>Disciplinar e fiscalizar o exerc\u00edcio profissional, observando as diretrizes gerais do COFEN;<\/li>\n<li>Executar as resolu\u00e7\u00f5es do COFEN;<\/li>\n<li>Expedir a c\u00e9dula de identidade profissional, indispens\u00e1vel ao exerc\u00edcio da profiss\u00e3o e v\u00e1lida em todo o territ\u00f3rio nacional;<\/li>\n<li>Fiscalizar e decidir os assuntos referentes \u00e0 \u00c9tica Profissional, impondo as penalidades cab\u00edveis<\/li>\n<li>Elaborar a proposta or\u00e7ament\u00e1ria anual e o projeto de seu regimento interno, submetendo-os \u00e0 aprova\u00e7\u00e3o do COFEN;<\/li>\n<li>Zelar pelo conceito da profiss\u00e3o e dos que a exercem; propor ao COFEN medidas de melhoria do exerc\u00edcio profissional;<\/li>\n<li>Eleger sua Diretoria e seus Delegados federais e regionais;<\/li>\n<li>Exercer as demais atribui\u00e7\u00f5es que lhe forem conferidas pela Lei 5.905\/73 e pelo COFEN.<\/li>\n<\/ul>\n<p><strong>Miss\u00e3o:<\/strong> Atuar na normatiza\u00e7\u00e3o, na fiscaliza\u00e7\u00e3o do exerc\u00edcio profissional, na defesa e autonomia da Enfermagem e em benef\u00edcio da Sociedade.<\/p>\n<p><strong>Vis\u00e3o:<\/strong> Ser reconhecido entre as autarquias pela pr\u00f3-atividade da gest\u00e3o e perante a categoria de Enfermagem no comprometimento, valoriza\u00e7\u00e3o e fortalecimento da profiss\u00e3o.<\/p>\n<p><strong>Valores:<\/strong> Transpar\u00eancia, Legalidade, Legitimidade, Responsabilidade Social, Celeridade, Economicidade, \u00c9tica, Solidariedade e Justi\u00e7a.<\/p>\n<h2>Hor\u00e1rio de Funcionamento Coren Teresina<\/h2>\n<ul>\n<li>Segunda a quinta das 7h30 \u00e0s 17h30 \/ Sexta das 7h30 \u00e0s 12h<\/li>\n<\/ul>\n<h3>Onde Fica, Endere\u00e7o e Telefone Coren Teresina Piau\u00ed<\/h3>\n<ul>\n<li>R. Magalh\u00e3es Filho, 655 &#8211; Centro (Sul) &#8211; Teresina &#8211; PI<\/li>\n<li>Telefone: (86) 3222-7861<\/li>\n<\/ul>\n<h4>Outras informa\u00e7\u00f5es e site<\/h4>\n<ul>\n<li>Mais informa\u00e7\u00f5es: <a href=\"http:\/\/www.coren-pi.com.br\/\" target=\"_blank\" rel=\"noopener\">www.coren-pi.com.br\/<\/a><\/li>\n<\/ul>\n<h4>Mapa de Localiza\u00e7\u00e3o<\/h4>\n<a class=\"wp-colorbox-iframe\" href=\"https:\/\/www.google.com\/maps\/embed?pb=!1m14!1m8!1m3!1d15896.247385009225!2d-42.804664!3d-5.093703!3m2!1i1024!2i768!4f13.1!3m3!1m2!1s0x00x97869e53c4ae769b!2sConselho+Regional+de+Enfermagem+do+Piau+-+CORENPI!5e0!3m2!1spt-BR!2sbr!4v1519178226736\"><img src=\"http:\/\/www.encontrabelohorizonte.com.br\/imgs\/maps-post.png\"><\/a>\n\n<div style=\"font-size: 0px; height: 0px; line-height: 0px; margin: 0; padding: 0; clear: both;\"><\/div>","protected":false},"excerpt":{"rendered":"<p>O objetivo do Coren Teresina \u00e9 disciplinar e fiscalizar o exerc\u00edcio profissional, observando as diretrizes gerais do COFEN. O Conselho Federal de Enfermagem (COFEN) e os seus respectivos Conselhos Regionais (CORENs) foram criados em 12 de julho de 1973, por meio da Lei 5.905. Juntos, eles formam o Sistema COFEN\/CORENs. Est\u00e3o subordinados ao Conselho Federal todos os 27 conselhos regionais localizados em cada estado brasileiro. Principais atividades dos COREN: Deliberar sobre o valor das inscri\u00e7\u00f5es no Conselho, bem como o seu cancelamento; Disciplinar e fiscalizar o exerc\u00edcio profissional, observando as diretrizes gerais do COFEN; Executar as resolu\u00e7\u00f5es do COFEN; Expedir <\/p>\n","protected":false},"author":1,"featured_media":0,"parent":0,"menu_order":0,"comment_status":"closed","ping_status":"closed","template":"","meta":[],"aioseo_notices":[],"_links":{"self":[{"href":"https:\/\/www.encontrateresina.com\/sobre\/wp-json\/wp\/v2\/pages\/241"}],"collection":[{"href":"https:\/\/www.encontrateresina.com\/sobre\/wp-json\/wp\/v2\/pages"}],"about":[{"href":"https:\/\/www.encontrateresina.com\/sobre\/wp-json\/wp\/v2\/types\/page"}],"author":[{"embeddable":true,"href":"https:\/\/www.encontrateresina.com\/sobre\/wp-json\/wp\/v2\/users\/1"}],"replies":[{"embeddable":true,"href":"https:\/\/www.encontrateresina.com\/sobre\/wp-json\/wp\/v2\/comments?post=241"}],"version-history":[{"count":0,"href":"https:\/\/www.encontrateresina.com\/sobre\/wp-json\/wp\/v2\/pages\/241\/revisions"}],"wp:attachment":[{"href":"https:\/\/www.encontrateresina.com\/sobre\/wp-json\/wp\/v2\/media?parent=241"}],"curies":[{"name":"wp","href":"https:\/\/api.w.org\/{rel}","templated":true}]}}