{"id":334,"date":"2018-02-22T11:24:10","date_gmt":"2018-02-22T14:24:10","guid":{"rendered":"http:\/\/www.encontrateresina.com\/sobre\/?page_id=334"},"modified":"2019-04-29T22:51:45","modified_gmt":"2019-04-30T01:51:45","slug":"senac-teresina","status":"publish","type":"page","link":"https:\/\/www.encontrateresina.com\/sobre\/senac-teresina\/","title":{"rendered":"Senac Teresina"},"content":{"rendered":"<div class=\"0a7f0342045e68db0e2c8d55d9616140\" data-index=\"1\" style=\"float: left; margin: 15px 15px 15px 0;\">\n<!-- EBR \/Novo-Bairro-Topo\/ 300x250 -->\r\n<ins class=\"adsbygoogle\"\r\n     style=\"display:inline-block;width:300px;height:250px\"\r\n     data-ad-client=\"ca-pub-6414922941841817\"\r\n     data-ad-slot=\"5351822287\"><\/ins>\r\n<script>\r\n(adsbygoogle = window.adsbygoogle || []).push({});\r\n<\/script>\n<\/div>\n<p>O <strong>Senac Teresina<\/strong> foi instalado em Teresina em depend\u00eancias da Associa\u00e7\u00e3o Comercial Piauiense, em 1\u00ba de agosto de 1947,como Delegacia Estadual da Administra\u00e7\u00e3o Nacional.<\/p>\n<p>Em 17 de novembro de 1954, foi instalado o Departamento Regional do SENAC no Piau\u00ed.<\/p>\n<p><img decoding=\"async\" loading=\"lazy\" class=\"alignnone wp-image-335 size-full\" title=\"Senac Teresina\" src=\"http:\/\/www.encontrateresina.com\/sobre\/wp-content\/uploads\/2018\/02\/senac-teresina.jpg\" alt=\"Senac Teresina\" width=\"680\" height=\"189\" srcset=\"https:\/\/www.encontrateresina.com\/sobre\/wp-content\/uploads\/2018\/02\/senac-teresina.jpg 680w, https:\/\/www.encontrateresina.com\/sobre\/wp-content\/uploads\/2018\/02\/senac-teresina-300x83.jpg 300w\" sizes=\"(max-width: 680px) 100vw, 680px\" \/><\/p>\n<p>Nos primeiros anos a Delegacia do SENAC n\u00e3o mantinha cursos pr\u00f3prios e sim o ensino em colabora\u00e7\u00e3o e conv\u00eanios que consistiam: o primeiro na concess\u00e3o de bolsas de estudo para o Curso T\u00e9cnico de Contabilidade; e o segundo em financiamento, mediante conv\u00eanio com escolas, de cursos a n\u00edvel de preparat\u00f3rios para exames de admiss\u00e3o ao gin\u00e1sio, na capital e outras cidades.<\/p>\n<p>Posteriormente vieram os cursos pr\u00f3prios, iniciando por Datilografia e Escrit\u00f3rio Modelo, at\u00e9 ent\u00e3o em salas da Associa\u00e7\u00e3o Comercial, cedidas gratuitamente para esse fim; seguida de cursos de Aprendizagem, Comercial B\u00e1sico e Gin\u00e1sio Comercial, j\u00e1 em sede alugada em conjunto com o SESC.<\/p>\n<p>O SENAC \u00e9 uma Institui\u00e7\u00e3o de educa\u00e7\u00e3o profissional, voltada para a \u00e1rea de com\u00e9rcio de bens, servi\u00e7os e turismo aberta a toda a sociedade. Al\u00e9m de cursos profissionalizantes, o SENAC desenvolve programas sobre qualidade de vida, direitos do trabalhador, ecologia, etc. No r\u00e1dio, o Programa Espa\u00e7o Senac Qualidade de Vida \u00e9 transmitido semanalmente em rede formada por mais de 500 emissoras. Na TV, a Institui\u00e7\u00e3o desenvolve programa\u00e7\u00f5es educativas-culturais que s\u00e3o veiculadas na STV e em outras TVs educativas e Comunit\u00e1rias em todo o Brasil.<\/p>\n<p>O SENAC planeja globalmente e atua localmente, possuindo uma administra\u00e7\u00e3o nacional e administra\u00e7\u00f5es regionais aut\u00f4nomas, totalizando aproximadamente 600 escolas em todo o Brasil. No Piau\u00ed possuimos quatorze Centros de Educa\u00e7\u00e3o Profissional sendo quatro em Teresina, tr\u00eas em Parna\u00edba e um nas respectivas cidades: S\u00e3o Raimundo Nonato, Floriano, Picos, Valen\u00e7a, Bom Jesus, Campo Maior e Barras. Al\u00e9m da unidade em Jos\u00e9 de Freitas que est\u00e1 em fase final de constru\u00e7\u00e3o.<\/p>\n<p>Os cursos oferecidos s\u00e3o nas \u00e1reas de Gest\u00e3o, Com\u00e9rcio, Turismo, Hospitalidade, Conserva\u00e7\u00e3o e Zeladoria, Beleza, Moda, Inform\u00e1tica, Comunica\u00e7\u00e3o, Design, Artes, Tecnologia Educacional, Idiomas, Meio Ambiente, Seguran\u00e7a, Produ\u00e7\u00e3o de Alimentos e Sa\u00fade.<\/p>\n<p>O SENAC \u00e9 bastante procurado por empresas para encaminhamento de ex-alunos a emprego. Esta procura deve-se \u00e0 boa forma\u00e7\u00e3o profissional recebida pelo aluno, atendendo ao projeto pedag\u00f3gico da institui\u00e7\u00e3o que qualifica o profissional conforme o perfil exigido pelo mercado de trabalho.<\/p>\n<h2>Cursos Senac Teresina<\/h2>\n<p>O Senac preparou mais de 40 milh\u00f5es de pessoas para o setor de Com\u00e9rcio e Servi\u00e7os, contribuindo para a valoriza\u00e7\u00e3o do trabalhador, por meio de sua capacita\u00e7\u00e3o profissional com uma vasta op\u00e7\u00e3o de c<em>ursos<\/em> v\u00e1rias \u00e1reas de forma\u00e7\u00e3o, incluindo <em>cursos de idiomas.<\/em><\/p>\n<p>No Senac h\u00e1 tamb\u00e9m <em>cursos<\/em> para \u201cjovens aprendizes\u201d, entre idade de 14 e 24 anos (e sem limite de idade para portadores de defici\u00eancias), com a capacita\u00e7\u00e3o e desenvolvimento da qualifica\u00e7\u00e3o profissional dos jovens na entrada do mercado de trabalho.<\/p>\n<p>A institui\u00e7\u00e3o atua tamb\u00e9m no ensino superior desde 1989. Em S\u00e3o Paulo, o Senac mant\u00e9m o Centro Universit\u00e1rio Senac, que oferece <em>cursos de gradua\u00e7\u00e3o<\/em> (bacharelados e de tecnologia) e de p\u00f3s-gradua\u00e7\u00e3o (aperfei\u00e7oamento, especializa\u00e7\u00e3o e mestrado profissional e acad\u00eamico).<\/p>\n<p>O Senac &#8211; PI tem a preocupa\u00e7\u00e3o de sempre trazer os <span style=\"text-decoration: underline;\">cursos<\/span> mais atualizados para deixar voc\u00ea, sempre atualizado e preparado para o mercado de trabalho!!!<\/p>\n<ul>\n<li>Comunica\u00e7\u00e3o<\/li>\n<li>Gest\u00e3o<\/li>\n<li>Seguran\u00e7a<\/li>\n<li>Inform\u00e1tica<\/li>\n<li>Beleza<\/li>\n<li>Artes<\/li>\n<li>Oficinas e Workshops<\/li>\n<li>Hospitalidade<\/li>\n<li>Produ\u00e7\u00e3o de Alimentos<\/li>\n<li>Design<\/li>\n<li>Educacional<\/li>\n<li>Moda<\/li>\n<li>Com\u00e9rcio<\/li>\n<li>Turismo<\/li>\n<li>Meio Ambiente<\/li>\n<li>Idiomas<\/li>\n<li>Conserva\u00e7\u00e3o e Zeladoria<\/li>\n<\/ul>\n<h3>Senac Teresina Idiomas<\/h3>\n<ul>\n<li>English &#8211; Basic 1<\/li>\n<li>English &#8211; Basic 2<\/li>\n<li>English For Juniors 1<\/li>\n<li>English For Juniors 3<\/li>\n<li>English For Kids 1<\/li>\n<li>English For Teens 3<\/li>\n<li>Ingl\u00eas para Mestrado<\/li>\n<li>L\u00edngua Brasileira de Sinais &#8211; Libras B\u00e1sico<\/li>\n<\/ul>\n<h3>Senac Teresina Cursos Gratuitos<\/h3>\n<p>Por meio do Programa Senac de <span style=\"text-decoration: underline;\">Gratuidade<\/span> (PSG) voc\u00ea tem acesso a diversos<span style=\"text-decoration: underline;\"> cursos<\/span> a dist\u00e2ncia para ganhar novos conhecimentos e conquistar mais espa\u00e7o no mercado de trabalho. O PSG destina-se a pessoas com renda familiar mensal per capita que n\u00e3o ultrapasse 2 sal\u00e1rios m\u00ednimos federais.<\/p>\n<p>Antes de efetuar a inscri\u00e7\u00e3o, o candidato dever\u00e1 tomar conhecimento das informa\u00e7\u00f5es dispon\u00edveis na guia \u201cPr\u00e9-requisitos\u201d de cada curso e certificar-se de que atende a todos os crit\u00e9rios exigidos. As vagas est\u00e3o sujeitas \u00e0 disponibilidade nos estados.<\/p>\n<h3>Hor\u00e1rio de Funcionamento Senac Teresina<\/h3>\n<ul>\n<li>Segunda a sexta das 8h \u00e0s 21h \/ S\u00e1bado das 8h \u00e0s 12h<\/li>\n<\/ul>\n<h3>Onde Fica, Endere\u00e7o e Telefone Senac Teresina<\/h3>\n<ul>\n<li><strong>CEP Audir Lages<\/strong> &#8211; Quadra 110 &#8211; Parque Piau\u00ed &#8211; Telefone: (86) 3220-3434<\/li>\n<li><strong>CEP Miguel Rosa<\/strong> &#8211; Av. Miguel Rosa &#8211; Centro Norte &#8211; Telefone: (86) 3228-9535<\/li>\n<\/ul>\n<h4>Outras informa\u00e7\u00f5es e site<\/h4>\n<ul>\n<li>Mais informa\u00e7\u00f5es: <a href=\"http:\/\/www.pi.senac.br\">www.pi.senac.br<\/a><\/li>\n<\/ul>\n<h4>Mapa de localiza\u00e7\u00e3o CEP Miguel Rosa<\/h4>\n<a class=\"wp-colorbox-iframe\" href=\"https:\/\/www.google.com\/maps\/embed?pb=!1m14!1m8!1m3!1d15896.44871680901!2d-42.8038716!3d-5.0855554!3m2!1i1024!2i768!4f13.1!3m3!1m2!1s0x00xd06cd8abd36798ef!2sSenac!5e0!3m2!1spt-BR!2sbr!4v1519304634180\"><img src=\"http:\/\/www.encontrabelohorizonte.com.br\/imgs\/maps-post.png\"><\/a>\n<p>&nbsp;<\/p>\n\n<div style=\"font-size: 0px; height: 0px; line-height: 0px; margin: 0; padding: 0; clear: both;\"><\/div>","protected":false},"excerpt":{"rendered":"<p>O Senac Teresina foi instalado em Teresina em depend\u00eancias da Associa\u00e7\u00e3o Comercial Piauiense, em 1\u00ba de agosto de 1947,como Delegacia Estadual da Administra\u00e7\u00e3o Nacional. Em 17 de novembro de 1954, foi instalado o Departamento Regional do SENAC no Piau\u00ed. Nos primeiros anos a Delegacia do SENAC n\u00e3o mantinha cursos pr\u00f3prios e sim o ensino em colabora\u00e7\u00e3o e conv\u00eanios que consistiam: o primeiro na concess\u00e3o de bolsas de estudo para o Curso T\u00e9cnico de Contabilidade; e o segundo em financiamento, mediante conv\u00eanio com escolas, de cursos a n\u00edvel de preparat\u00f3rios para exames de admiss\u00e3o ao gin\u00e1sio, na capital e outras cidades. <\/p>\n","protected":false},"author":1,"featured_media":0,"parent":0,"menu_order":0,"comment_status":"closed","ping_status":"closed","template":"","meta":[],"aioseo_notices":[],"_links":{"self":[{"href":"https:\/\/www.encontrateresina.com\/sobre\/wp-json\/wp\/v2\/pages\/334"}],"collection":[{"href":"https:\/\/www.encontrateresina.com\/sobre\/wp-json\/wp\/v2\/pages"}],"about":[{"href":"https:\/\/www.encontrateresina.com\/sobre\/wp-json\/wp\/v2\/types\/page"}],"author":[{"embeddable":true,"href":"https:\/\/www.encontrateresina.com\/sobre\/wp-json\/wp\/v2\/users\/1"}],"replies":[{"embeddable":true,"href":"https:\/\/www.encontrateresina.com\/sobre\/wp-json\/wp\/v2\/comments?post=334"}],"version-history":[{"count":0,"href":"https:\/\/www.encontrateresina.com\/sobre\/wp-json\/wp\/v2\/pages\/334\/revisions"}],"wp:attachment":[{"href":"https:\/\/www.encontrateresina.com\/sobre\/wp-json\/wp\/v2\/media?parent=334"}],"curies":[{"name":"wp","href":"https:\/\/api.w.org\/{rel}","templated":true}]}}