{"id":336,"date":"2018-02-22T11:39:54","date_gmt":"2018-02-22T14:39:54","guid":{"rendered":"http:\/\/www.encontrateresina.com\/sobre\/?page_id=336"},"modified":"2019-04-29T22:50:19","modified_gmt":"2019-04-30T01:50:19","slug":"sine-teresina","status":"publish","type":"page","link":"https:\/\/www.encontrateresina.com\/sobre\/sine-teresina\/","title":{"rendered":"Sine Teresina"},"content":{"rendered":"<div class=\"0a7f0342045e68db0e2c8d55d9616140\" data-index=\"1\" style=\"float: left; margin: 15px 15px 15px 0;\">\n<!-- EBR \/Novo-Bairro-Topo\/ 300x250 -->\r\n<ins class=\"adsbygoogle\"\r\n     style=\"display:inline-block;width:300px;height:250px\"\r\n     data-ad-client=\"ca-pub-6414922941841817\"\r\n     data-ad-slot=\"5351822287\"><\/ins>\r\n<script>\r\n(adsbygoogle = window.adsbygoogle || []).push({});\r\n<\/script>\n<\/div>\n<p>O <strong>Sine Teresina<\/strong>, criado atrav\u00e9s do Decreto 76.403 de 08\/10\/78, Coordenado a n\u00edvel Nacional pela Secretaria de Pol\u00edticas de Empregos e Sal\u00e1rio &#8211; SPES, tendo como meta a organiza\u00e7\u00e3o do mercado de trabalho em todos os Estados.<\/p>\n<p>No Piau\u00ed, este programa \u00e9 administrado pela Secretaria do Trabalho e Empreendedorismo &#8211; SETRE atrav\u00e9s do SINE-PI, criado por for\u00e7a do Decreto 256, de 10\/05\/77<\/p>\n<p><img decoding=\"async\" loading=\"lazy\" class=\"alignnone wp-image-337 size-full\" title=\"Sine Teresina\" src=\"http:\/\/www.encontrateresina.com\/sobre\/wp-content\/uploads\/2018\/02\/sine-teresina.jpg\" alt=\"Sine Teresina\" width=\"680\" height=\"189\" srcset=\"https:\/\/www.encontrateresina.com\/sobre\/wp-content\/uploads\/2018\/02\/sine-teresina.jpg 680w, https:\/\/www.encontrateresina.com\/sobre\/wp-content\/uploads\/2018\/02\/sine-teresina-300x83.jpg 300w\" sizes=\"(max-width: 680px) 100vw, 680px\" \/><\/p>\n<p>Ao chegar ao SINE o trabalhador recebe uma senha. Todas as senhas s\u00e3o distribu\u00eddas pela manh\u00e3, a partir das 7hs. Quando chegar a sua vez, ser\u00e1 direcionado para um dos atendentes que far\u00e1 o cadastramento.<br \/>\nNo primeiro atendimento ser\u00e1 inserido os dados do trabalhador em nosso sistema. Esse procedimento dura entre 15 e 20 minutos;<br \/>\nCaso tenha dispon\u00edvel alguma vaga de acordo com o perfil do trabalhador o mesmo ser\u00e1 encaminhado para participar de processos seletivo nas empresas, diretamente pelo Setor de Atendimento, ou ap\u00f3s avalia\u00e7\u00e3o do Servi\u00e7o de Psicologia, caso contrario o trabalhador ser\u00e1 orientado a retornar ao SINE periodicamente, para se informar sobre o andamento de sua solicita\u00e7\u00e3o.<br \/>\nPara facilitar o atendimento e o acesso \u00e0s vagas oferecidas no SINE o trabalhador deve levar originais dos seguintes documentos:<\/p>\n<ul>\n<li>RG,<\/li>\n<li>Carteira de Trabalho<\/li>\n<li>Comprovante de Resid\u00eancia<\/li>\n<li>Comprovante de Escolaridade,<\/li>\n<li>Certificados<\/li>\n<li>Sempre que o trabalhador mudar de endere\u00e7o, telefone, ou realizar novos cursos de aperfei\u00e7oamento e<\/li>\n<li>capacita\u00e7\u00e3o profissional deve comparecer imediatamente ao SINE para atualizar o cadastro.<\/li>\n<\/ul>\n<h2>Sine Teresina Cadastro<\/h2>\n<p>Para concorrer \u00e0s vagas de emprego intermediadas pela Secretaria de Trabalho\/Sine \u00e9 necess\u00e1rio realizar o <em>cadastro do trabalhador<\/em>, que consiste na elabora\u00e7\u00e3o de um perfil de trabalhador baseado nas experi\u00eancias profissionais adquiridas, qualifica\u00e7\u00f5es j\u00e1 realizadas, al\u00e9m de informa\u00e7\u00f5es pessoais.<\/p>\n<p>O <em>cadastro<\/em> pode ser feito atrav\u00e9s da internet, mas \u00e9 necess\u00e1rio validar as informa\u00e7\u00f5es que foram prestadas pelo Trabalhador no sistema.<\/p>\n<p>Essa valida\u00e7\u00e3o poder\u00e1 ser feita em qualquer ag\u00eancia do Sine a qualquer momento, inclusive quando o Trabalhador for receber a carta de encaminhamento para a vaga a que pretende concorrer.<\/p>\n<p>Para a valida\u00e7\u00e3o das informa\u00e7\u00f5es do seu <em>cadastro<\/em> feito na internet, dirija-se ao Sine, munido dos seguintes documentos:<\/p>\n<ul>\n<li>Carteira de Trabalho;<\/li>\n<li>Identidade;<\/li>\n<li>CPF;<\/li>\n<li>Certificado de Escolaridade;<\/li>\n<li>Certificados de cursos de Qualifica\u00e7\u00e3o Profissional e\/ou Especializa\u00e7\u00f5es.<\/li>\n<li>Todos os documentos dever\u00e3o ser originais e n\u00e3o c\u00f3pias.<\/li>\n<\/ul>\n<h3>Sine Teresina Jovem Aprendiz<\/h3>\n<p>O Sine oferece <span style=\"text-decoration: underline;\">vagas trabalho<\/span> para pessoas <span style=\"text-decoration: underline;\">sem experi\u00eancia profissional<\/span> ou que procuram o <em>primeiro emprego<\/em>.<\/p>\n<p>A n\u00e3o obrigatoriedade da experi\u00eancia profissional foi colocada pelos pr\u00f3prios empregadores, que t\u00eam parceria com a Setrab para dar <span style=\"text-decoration: underline;\">oportunidade aos jovens<\/span> que procuram o <em>primeiro emprego<\/em>.<\/p>\n<h3>Sine Teresina Agendamento Seguro Desemprego<\/h3>\n<p>Para tornar mais r\u00e1pido o atendimento ao pedido e dar maior seguran\u00e7a \u00e0s informa\u00e7\u00f5es sobre os trabalhadores, o Minist\u00e9rio do Trabalho e Emprego determinou que as empresas passem a preencher o requerimento do seguro-desemprego de seus empregados pela internet.<\/p>\n<p>O agendamento do <em>Seguro Desemprego<\/em> pode ser feito atrav\u00e9s do site.<\/p>\n<h3>Sine Teresina Vagas<\/h3>\n<p>Acesse o site <span style=\"text-decoration: underline;\">cadastre seu curr\u00edculo<\/span>, pesquise e <span style=\"text-decoration: underline;\">encontre vagas<\/span> de acordo com o seu perfil.<br \/>\nAo se candidatar, seu <span style=\"text-decoration: underline;\">curr\u00edculo<\/span> \u00e9 enviado diretamente ao empregador.<\/p>\n<h3>Hor\u00e1rio de Funcionamento Sine Teresina<\/h3>\n<ul>\n<li>Segunda a sexta das 7h30 \u00e0s 13h30<\/li>\n<\/ul>\n<h3>Onde Fica, Endere\u00e7o e Telefone Sine Teresina<\/h3>\n<ul>\n<li><strong>Centro (Sul)<\/strong>\u00a0&#8211; Av. Jos\u00e9 dos Santos e Silva, 1380 &#8211; Centro (Sul) &#8211; Telefone: (86) 3221-2940<\/li>\n<li><strong>Porenquanto <\/strong>&#8211; Av. Mal.C. Branco, 911 &#8211; 4\u00ba andar &#8211; Porenquanto &#8211; Telefone: (86) 3221-2940<\/li>\n<li><strong>Dirceu I<\/strong>\u00a0&#8211; Rua Deputado Antonio Gayoso Q84 &#8211; Dirceu I &#8211; Telefone (86) 3236-9029<\/li>\n<li><strong>Parque Piaui<\/strong> &#8211; Pra\u00e7a da Integra\u00e7\u00e3o, s\/n &#8211; Telefone: (86) 3216-3305<\/li>\n<li><strong>Centro (Sul)\u00a0<\/strong>&#8211; Rua 13 de maio, 223 &#8211; Telefone: (86) 3383-2410<\/li>\n<li><strong>Centro<\/strong> &#8211; Av. Get\u00falio Vargas, 299 &#8211; Telefone: (86) 3323-2702<\/li>\n<\/ul>\n<h4>Outras informa\u00e7\u00f5es e site<\/h4>\n<ul>\n<li>Mais informa\u00e7\u00f5es: <a href=\"http:\/\/www.sine.pi.gov.br\/\">www.sine.pi.gov.br\/<\/a><\/li>\n<\/ul>\n<h4>Mapa de localiza\u00e7\u00e3o Centro (Sul)<\/h4>\n<a class=\"wp-colorbox-iframe\" href=\"https:\/\/www.google.com\/maps\/embed?pb=!1m14!1m8!1m3!1d15896.208032986739!2d-42.8106828!3d-5.095294!3m2!1i1024!2i768!4f13.1!3m3!1m2!1s0x00xa58eaddc9e6184bb!2sSine!5e0!3m2!1spt-BR!2sbr!4v1519307913449\"><img src=\"http:\/\/www.encontrabelohorizonte.com.br\/imgs\/maps-post.png\"><\/a>\n\n<div style=\"font-size: 0px; height: 0px; line-height: 0px; margin: 0; padding: 0; clear: both;\"><\/div>","protected":false},"excerpt":{"rendered":"<p>O Sine Teresina, criado atrav\u00e9s do Decreto 76.403 de 08\/10\/78, Coordenado a n\u00edvel Nacional pela Secretaria de Pol\u00edticas de Empregos e Sal\u00e1rio &#8211; SPES, tendo como meta a organiza\u00e7\u00e3o do mercado de trabalho em todos os Estados. No Piau\u00ed, este programa \u00e9 administrado pela Secretaria do Trabalho e Empreendedorismo &#8211; SETRE atrav\u00e9s do SINE-PI, criado por for\u00e7a do Decreto 256, de 10\/05\/77 Ao chegar ao SINE o trabalhador recebe uma senha. Todas as senhas s\u00e3o distribu\u00eddas pela manh\u00e3, a partir das 7hs. Quando chegar a sua vez, ser\u00e1 direcionado para um dos atendentes que far\u00e1 o cadastramento. No primeiro atendimento <\/p>\n","protected":false},"author":1,"featured_media":0,"parent":0,"menu_order":0,"comment_status":"closed","ping_status":"closed","template":"","meta":[],"aioseo_notices":[],"_links":{"self":[{"href":"https:\/\/www.encontrateresina.com\/sobre\/wp-json\/wp\/v2\/pages\/336"}],"collection":[{"href":"https:\/\/www.encontrateresina.com\/sobre\/wp-json\/wp\/v2\/pages"}],"about":[{"href":"https:\/\/www.encontrateresina.com\/sobre\/wp-json\/wp\/v2\/types\/page"}],"author":[{"embeddable":true,"href":"https:\/\/www.encontrateresina.com\/sobre\/wp-json\/wp\/v2\/users\/1"}],"replies":[{"embeddable":true,"href":"https:\/\/www.encontrateresina.com\/sobre\/wp-json\/wp\/v2\/comments?post=336"}],"version-history":[{"count":0,"href":"https:\/\/www.encontrateresina.com\/sobre\/wp-json\/wp\/v2\/pages\/336\/revisions"}],"wp:attachment":[{"href":"https:\/\/www.encontrateresina.com\/sobre\/wp-json\/wp\/v2\/media?parent=336"}],"curies":[{"name":"wp","href":"https:\/\/api.w.org\/{rel}","templated":true}]}}