{"id":338,"date":"2018-02-22T12:24:09","date_gmt":"2018-02-22T15:24:09","guid":{"rendered":"http:\/\/www.encontrateresina.com\/sobre\/?page_id=338"},"modified":"2019-04-29T22:47:19","modified_gmt":"2019-04-30T01:47:19","slug":"fms-teresina","status":"publish","type":"page","link":"https:\/\/www.encontrateresina.com\/sobre\/fms-teresina\/","title":{"rendered":"Fms Teresina"},"content":{"rendered":"<div class=\"0a7f0342045e68db0e2c8d55d9616140\" data-index=\"1\" style=\"float: left; margin: 15px 15px 15px 0;\">\n<!-- EBR \/Novo-Bairro-Topo\/ 300x250 -->\r\n<ins class=\"adsbygoogle\"\r\n     style=\"display:inline-block;width:300px;height:250px\"\r\n     data-ad-client=\"ca-pub-6414922941841817\"\r\n     data-ad-slot=\"5351822287\"><\/ins>\r\n<script>\r\n(adsbygoogle = window.adsbygoogle || []).push({});\r\n<\/script>\n<\/div>\n<p>A Funda\u00e7\u00e3o Municipal de Sa\u00fade (<strong>Fms Teresina<\/strong>) foi criada por meio da Lei Municipal N\u00ba 1542, de 20 de junho de 1977. Inicialmente era vinculada \u00e0 antiga Secretaria de Sa\u00fade e Bem-estar Social, mas hoje \u00e9 considerada um \u00f3rg\u00e3o de administra\u00e7\u00e3o indireta, ou seja, possui autonomia administrativa e financeira.<\/p>\n<p>A FMS tem por objetivo o planejamento e a execu\u00e7\u00e3o da pol\u00edtica de sa\u00fade do Munic\u00edpio de Teresina, desenvolvendo atividades integradas de preven\u00e7\u00e3o, prote\u00e7\u00e3o, promo\u00e7\u00e3o e recupera\u00e7\u00e3o da sa\u00fade.<\/p>\n<p><img decoding=\"async\" loading=\"lazy\" class=\"alignnone wp-image-339 size-full\" title=\"Fms Teresina\" src=\"http:\/\/www.encontrateresina.com\/sobre\/wp-content\/uploads\/2018\/02\/fms-teresina.jpg\" alt=\"Fms Teresina\" width=\"680\" height=\"189\" srcset=\"https:\/\/www.encontrateresina.com\/sobre\/wp-content\/uploads\/2018\/02\/fms-teresina.jpg 680w, https:\/\/www.encontrateresina.com\/sobre\/wp-content\/uploads\/2018\/02\/fms-teresina-300x83.jpg 300w\" sizes=\"(max-width: 680px) 100vw, 680px\" \/><\/p>\n<h2>Fms Teresina Resultado de Exames<\/h2>\n<p>Acesse os dados e informe os dados para recuperar o <span style=\"text-decoration: underline;\">resultado de seus exames.<\/span><\/p>\n<h3>Fms Teresina Concurso<\/h3>\n<p>O ingresso na Fms Teresina \u00e9 atrav\u00e9s de <span style=\"text-decoration: underline;\">concurso p\u00fablico.<\/span><br \/>\nAcesse o site para informa\u00e7\u00f5es sobre <em>vagas, sal\u00e1rios, prazos e como efetuar inscri\u00e7\u00e3o<\/em>.<\/p>\n<h3>Fms Teresina Convoca\u00e7\u00e3o<\/h3>\n<p>O <em>concurso p\u00fablico<\/em> \u00e9 a mais justa e democr\u00e1tica forma de acesso ao mercado de trabalho.<br \/>\nA <em>convoca\u00e7\u00e3o<\/em> dos novos colaboradores que v\u00e3o somar aos j\u00e1 existentes no esfor\u00e7o para oferecer um servi\u00e7o de sa\u00fade de qualidade para a popula\u00e7\u00e3o \u00e9 feita atrav\u00e9s de edital<\/p>\n<h3>Hor\u00e1rio de Funcionamento Fms Teresina<\/h3>\n<ul>\n<li>Segunda a sexta das 7h30 \u00e0s 13h30<\/li>\n<\/ul>\n<h3>Onde Fica, Endere\u00e7o e Telefone Fms Teresina<\/h3>\n<ul>\n<li>R. Gov. Raimundo Artur Vasconcelos, 3015 &#8211; Primavera &#8211; Teresina &#8211; PI<\/li>\n<li>Telefone: (86) 3215-7700<\/li>\n<\/ul>\n<h4>Outras informa\u00e7\u00f5es e site<\/h4>\n<ul>\n<li>Mais informa\u00e7\u00f5es: <a href=\"http:\/\/www.fms.teresina.pi.gov.br\/\" target=\"_blank\" rel=\"noopener\">www.fms.teresina.pi.gov.br\/<\/a><\/li>\n<\/ul>\n<h4>Mapa de Localiza\u00e7\u00e3o<\/h4>\n<a class=\"wp-colorbox-iframe\" href=\"https:\/\/www.google.com\/maps\/embed?pb=!1m14!1m8!1m3!1d15897.026783699204!2d-42.8153638!3d-5.0620892!3m2!1i1024!2i768!4f13.1!3m3!1m2!1s0x00x538a10faed175a6a!2sFundao+Municipal+de+Sade+-+FMS!5e0!3m2!1spt-BR!2sbr!4v1519308772264\"><img src=\"http:\/\/www.encontrabelohorizonte.com.br\/imgs\/maps-post.png\"><\/a>\n\n<div style=\"font-size: 0px; height: 0px; line-height: 0px; margin: 0; padding: 0; clear: both;\"><\/div>","protected":false},"excerpt":{"rendered":"<p>A Funda\u00e7\u00e3o Municipal de Sa\u00fade (Fms Teresina) foi criada por meio da Lei Municipal N\u00ba 1542, de 20 de junho de 1977. Inicialmente era vinculada \u00e0 antiga Secretaria de Sa\u00fade e Bem-estar Social, mas hoje \u00e9 considerada um \u00f3rg\u00e3o de administra\u00e7\u00e3o indireta, ou seja, possui autonomia administrativa e financeira. A FMS tem por objetivo o planejamento e a execu\u00e7\u00e3o da pol\u00edtica de sa\u00fade do Munic\u00edpio de Teresina, desenvolvendo atividades integradas de preven\u00e7\u00e3o, prote\u00e7\u00e3o, promo\u00e7\u00e3o e recupera\u00e7\u00e3o da sa\u00fade. Fms Teresina Resultado de Exames Acesse os dados e informe os dados para recuperar o resultado de seus exames. Fms Teresina Concurso <\/p>\n","protected":false},"author":1,"featured_media":0,"parent":0,"menu_order":0,"comment_status":"closed","ping_status":"closed","template":"","meta":[],"aioseo_notices":[],"_links":{"self":[{"href":"https:\/\/www.encontrateresina.com\/sobre\/wp-json\/wp\/v2\/pages\/338"}],"collection":[{"href":"https:\/\/www.encontrateresina.com\/sobre\/wp-json\/wp\/v2\/pages"}],"about":[{"href":"https:\/\/www.encontrateresina.com\/sobre\/wp-json\/wp\/v2\/types\/page"}],"author":[{"embeddable":true,"href":"https:\/\/www.encontrateresina.com\/sobre\/wp-json\/wp\/v2\/users\/1"}],"replies":[{"embeddable":true,"href":"https:\/\/www.encontrateresina.com\/sobre\/wp-json\/wp\/v2\/comments?post=338"}],"version-history":[{"count":0,"href":"https:\/\/www.encontrateresina.com\/sobre\/wp-json\/wp\/v2\/pages\/338\/revisions"}],"wp:attachment":[{"href":"https:\/\/www.encontrateresina.com\/sobre\/wp-json\/wp\/v2\/media?parent=338"}],"curies":[{"name":"wp","href":"https:\/\/api.w.org\/{rel}","templated":true}]}}