{"id":351,"date":"2018-02-22T15:09:47","date_gmt":"2018-02-22T18:09:47","guid":{"rendered":"http:\/\/www.encontrateresina.com\/sobre\/?page_id=351"},"modified":"2019-04-29T22:45:50","modified_gmt":"2019-04-30T01:45:50","slug":"strans-teresina","status":"publish","type":"page","link":"https:\/\/www.encontrateresina.com\/sobre\/strans-teresina\/","title":{"rendered":"Strans Teresina"},"content":{"rendered":"<div class=\"0a7f0342045e68db0e2c8d55d9616140\" data-index=\"1\" style=\"float: left; margin: 15px 15px 15px 0;\">\n<!-- EBR \/Novo-Bairro-Topo\/ 300x250 -->\r\n<ins class=\"adsbygoogle\"\r\n     style=\"display:inline-block;width:300px;height:250px\"\r\n     data-ad-client=\"ca-pub-6414922941841817\"\r\n     data-ad-slot=\"5351822287\"><\/ins>\r\n<script>\r\n(adsbygoogle = window.adsbygoogle || []).push({});\r\n<\/script>\n<\/div>\n<p>A Superintend\u00eancia Municipal de Transportes e Tr\u00e2nsito \u2013 <strong>Strans Teresina<\/strong> foi criada pela Lei Municipal n\u00ba 2.620, de 26 de dezembro de 1997.<\/p>\n<p>\u00c9 uma entidade de direito p\u00fablico, integrante da administra\u00e7\u00e3o indireta do munic\u00edpio de Teresina, subordinada diretamente ao Prefeito Municipal.<\/p>\n<p>Tem como objetivo planejar e executar as a\u00e7\u00f5es referentes ao transporte e tr\u00e2nsito, em conson\u00e2ncia com o C\u00f3digo de Tr\u00e2nsito Brasileiro.<\/p>\n<p><img decoding=\"async\" loading=\"lazy\" class=\"alignnone wp-image-352 size-full\" title=\"Strans Teresina\" src=\"http:\/\/www.encontrateresina.com\/sobre\/wp-content\/uploads\/2018\/02\/strans-teresina.jpg\" alt=\"Strans Teresina\" width=\"680\" height=\"189\" srcset=\"https:\/\/www.encontrateresina.com\/sobre\/wp-content\/uploads\/2018\/02\/strans-teresina.jpg 680w, https:\/\/www.encontrateresina.com\/sobre\/wp-content\/uploads\/2018\/02\/strans-teresina-300x83.jpg 300w\" sizes=\"(max-width: 680px) 100vw, 680px\" \/><\/p>\n<h2>Strans Teresina Consulta Multas<\/h2>\n<p>O propriet\u00e1rio de ve\u00edculo pode <em>consultar<\/em> a exist\u00eancia ou a situa\u00e7\u00e3o de<em> autos de infra\u00e7\u00f5es, multas<\/em>, impedimentos, restri\u00e7\u00f5es financeiras e licenciamentos.<\/p>\n<p>Para realizar a consulta preencha o formul\u00e1rio eletr\u00f4nico no site do Strans Teresina com o n\u00famero do chassi e placa do ve\u00edculo, constantes no Certificado de Registro de Licenciamento de Ve\u00edculo (CRLV).<\/p>\n<h3>Strans Teresina Concurso<\/h3>\n<p>O ingresso na Strans Teresina \u00e9 atrav\u00e9s de <span style=\"text-decoration: underline;\">concurso p\u00fablico.<\/span><br \/>\nAcesse o site para informa\u00e7\u00f5es sobre <em>vagas, sal\u00e1rios, prazos e como efetuar inscri\u00e7\u00e3o<\/em>.<\/p>\n<h3>Strans Teresina Idoso<\/h3>\n<p>Para facilitar a solicita\u00e7\u00e3o do cart\u00e3o de <em>Estacionamento Vaga Especial,<\/em> a Superintend\u00eancia Municipal de Transportes e Tr\u00e2nsito (Strans) est\u00e1 disponibilizando no site da Prefeitura de Teresina o requerimento para facilitar o procedimento. O cart\u00e3o \u00e9 emitido gratuitamente.<\/p>\n<p>O <em>cart\u00e3o de estacionamento especial para idoso<\/em> e pessoa com defici\u00eancia foi elaborado em conformidade com as Leis Federais de N\u00ba 9503\/1997 e 10.741\/2003 e a Lei Municipal N\u00ba 3.488\/2006. Por esse motivo o cart\u00e3o \u00e9 v\u00e1lido em todo territ\u00f3rio nacional.<\/p>\n<h3>Hor\u00e1rio de Funcionamento Strans Teresina<\/h3>\n<ul>\n<li>Segunda a sexta das 7h30 \u00e0s 17h30<\/li>\n<\/ul>\n<h3>Onde Fica, Endere\u00e7o e Telefone Strans Teresina<\/h3>\n<ul>\n<li>Av. Pedro Freitas, 1227 &#8211; Vermelha &#8211; Teresina &#8211; PI<\/li>\n<li>Telefone: (86) 3122-7600<\/li>\n<\/ul>\n<h4>Outras informa\u00e7\u00f5es e site<\/h4>\n<ul>\n<li>Mais informa\u00e7\u00f5es: <a href=\"http:\/\/www.portalpmt.teresina.pi.gov.br\/orgao\/strans\/25\" target=\"_blank\" rel=\"noopener\">www.portalpmt.teresina.pi.gov.br\/strans<\/a><\/li>\n<\/ul>\n<h4>Mapa de Localiza\u00e7\u00e3o<\/h4>\n<a class=\"wp-colorbox-iframe\" href=\"https:\/\/www.google.com\/maps\/embed?pb=!1m14!1m8!1m3!1d15896.00482040461!2d-42.8119824!3d-5.103502!3m2!1i1024!2i768!4f13.1!3m3!1m2!1s0x00x9eaa99fc7ea6807b!2sStrans+-+Superintendncia+Municipal+de+Transportes+e+Trnsito!5e0!3m2!1spt-BR!2sbr!4v1519320611868\"><img src=\"http:\/\/www.encontrabelohorizonte.com.br\/imgs\/maps-post.png\"><\/a>\n\n<div style=\"font-size: 0px; height: 0px; line-height: 0px; margin: 0; padding: 0; clear: both;\"><\/div>","protected":false},"excerpt":{"rendered":"<p>A Superintend\u00eancia Municipal de Transportes e Tr\u00e2nsito \u2013 Strans Teresina foi criada pela Lei Municipal n\u00ba 2.620, de 26 de dezembro de 1997. \u00c9 uma entidade de direito p\u00fablico, integrante da administra\u00e7\u00e3o indireta do munic\u00edpio de Teresina, subordinada diretamente ao Prefeito Municipal. Tem como objetivo planejar e executar as a\u00e7\u00f5es referentes ao transporte e tr\u00e2nsito, em conson\u00e2ncia com o C\u00f3digo de Tr\u00e2nsito Brasileiro. Strans Teresina Consulta Multas O propriet\u00e1rio de ve\u00edculo pode consultar a exist\u00eancia ou a situa\u00e7\u00e3o de autos de infra\u00e7\u00f5es, multas, impedimentos, restri\u00e7\u00f5es financeiras e licenciamentos. Para realizar a consulta preencha o formul\u00e1rio eletr\u00f4nico no site do Strans <\/p>\n","protected":false},"author":1,"featured_media":0,"parent":0,"menu_order":0,"comment_status":"closed","ping_status":"closed","template":"","meta":[],"aioseo_notices":[],"_links":{"self":[{"href":"https:\/\/www.encontrateresina.com\/sobre\/wp-json\/wp\/v2\/pages\/351"}],"collection":[{"href":"https:\/\/www.encontrateresina.com\/sobre\/wp-json\/wp\/v2\/pages"}],"about":[{"href":"https:\/\/www.encontrateresina.com\/sobre\/wp-json\/wp\/v2\/types\/page"}],"author":[{"embeddable":true,"href":"https:\/\/www.encontrateresina.com\/sobre\/wp-json\/wp\/v2\/users\/1"}],"replies":[{"embeddable":true,"href":"https:\/\/www.encontrateresina.com\/sobre\/wp-json\/wp\/v2\/comments?post=351"}],"version-history":[{"count":0,"href":"https:\/\/www.encontrateresina.com\/sobre\/wp-json\/wp\/v2\/pages\/351\/revisions"}],"wp:attachment":[{"href":"https:\/\/www.encontrateresina.com\/sobre\/wp-json\/wp\/v2\/media?parent=351"}],"curies":[{"name":"wp","href":"https:\/\/api.w.org\/{rel}","templated":true}]}}