{"id":363,"date":"2018-02-22T16:59:16","date_gmt":"2018-02-22T19:59:16","guid":{"rendered":"http:\/\/www.encontrateresina.com\/sobre\/?page_id=363"},"modified":"2019-04-29T22:45:16","modified_gmt":"2019-04-30T01:45:16","slug":"sesc-teresina","status":"publish","type":"page","link":"https:\/\/www.encontrateresina.com\/sobre\/sesc-teresina\/","title":{"rendered":"Sesc Teresina"},"content":{"rendered":"<div class=\"0a7f0342045e68db0e2c8d55d9616140\" data-index=\"1\" style=\"float: left; margin: 15px 15px 15px 0;\">\n<!-- EBR \/Novo-Bairro-Topo\/ 300x250 -->\r\n<ins class=\"adsbygoogle\"\r\n     style=\"display:inline-block;width:300px;height:250px\"\r\n     data-ad-client=\"ca-pub-6414922941841817\"\r\n     data-ad-slot=\"5351822287\"><\/ins>\r\n<script>\r\n(adsbygoogle = window.adsbygoogle || []).push({});\r\n<\/script>\n<\/div>\n<p>O Servi\u00e7o Social do Com\u00e9rcio (SESC) \u00e9 uma institui\u00e7\u00e3o de car\u00e1ter privado, sem fins lucrativos, que oferece aos clientes servi\u00e7os de qualidade com pre\u00e7o menor que o praticado no mercado.<\/p>\n<p>Os principais servi\u00e7os oferecidos pelo <strong>Sesc Teresina<\/strong> est\u00e3o nas \u00e1reas de sa\u00fade, educa\u00e7\u00e3o e cultura.<\/p>\n<p><img decoding=\"async\" loading=\"lazy\" class=\"alignnone wp-image-364 size-full\" title=\"Sesc Teresina\" src=\"http:\/\/www.encontrateresina.com\/sobre\/wp-content\/uploads\/2018\/02\/sesc-teresina.jpg\" alt=\"Sesc Teresina\" width=\"680\" height=\"189\" srcset=\"https:\/\/www.encontrateresina.com\/sobre\/wp-content\/uploads\/2018\/02\/sesc-teresina.jpg 680w, https:\/\/www.encontrateresina.com\/sobre\/wp-content\/uploads\/2018\/02\/sesc-teresina-300x83.jpg 300w\" sizes=\"(max-width: 680px) 100vw, 680px\" \/><\/p>\n<h2>Sesc Teresina Trabalhe Conosco<\/h2>\n<p>Os candidatos a<em> vagas de emprego<\/em> nesta Institui\u00e7\u00e3o n\u00e3o ser\u00e3o submetidos a <em>concurso p\u00fablico<\/em>, mas a <em>Processo Seletivo<\/em> pr\u00f3prio, conforme previsto em atos normativos internos, que seguem a Resolu\u00e7\u00e3o SESC n\u00ba 1296\/2015.<\/p>\n<p>O SESC Piau\u00ed acredita na import\u00e2ncia de manter claros os crit\u00e9rios de sele\u00e7\u00e3o de pessoas para novos profissionais interessados em fazer parte da sua equipe no Estado. Assim designa este espa\u00e7o para acesso aos <em>processos seletivos<\/em> em aberto e acompanhamento das etapas de sele\u00e7\u00e3o.<\/p>\n<p>As <em>vagas<\/em> s\u00e3o divulgadas por meio de publica\u00e7\u00f5es em jornal de grande circula\u00e7\u00e3o, no Site do SESC e r\u00e1dios. Os candidatos s\u00e3o selecionados mediante <em>an\u00e1lise de curr\u00edculos<\/em>, provas de conhecimentos b\u00e1sicos e espec\u00edficos, provas pr\u00e1ticas, testes psicol\u00f3gicos, entrevistas e din\u00e2micas de grupo quando necess\u00e1rio.<\/p>\n<h3>Sesc Teresina Dentista<\/h3>\n<p>A <span style=\"text-decoration: underline;\">Assist\u00eancia Odontol\u00f3gica<\/span> do Sesc possui uma rede de servi\u00e7os composta por 193 cl\u00ednicas fixas distribu\u00eddas em 26 Estados e Distrito Federal e 52 unidades m\u00f3veis do Projeto <span style=\"text-decoration: underline;\">OdontoSesc<\/span>, completando um total de 625 cadeiras odontol\u00f3gicas distribu\u00eddas nas cl\u00ednicas fixas, sendo que 68 est\u00e3o nas capitais e 125 no interior dos Estados.<\/p>\n<h3>Sesc Teresina Nata\u00e7\u00e3o<\/h3>\n<p>Para participar das atividades esportivas no Sesc basta efetuar a matr\u00edcula na Central de Atendimento, fazer a <em>avalia\u00e7\u00e3o f\u00edsica e apresentar atestado m\u00e9dico<\/em>.<\/p>\n<p>O Sesc Teresina oferece aulas de <em>Nata\u00e7\u00e3o<\/em> e <em>Hidrogin\u00e1stica<\/em>.<\/p>\n<h3>Sesc Teresina Cursos<\/h3>\n<p>S\u00f3 existe uma maneira de garantir uma boa posi\u00e7\u00e3o no mercado de trabalho hoje em dia: atrav\u00e9s da capacita\u00e7\u00e3o. Todos os brasileiros que est\u00e3o interessados em adquirir boas vagas, por\u00e9m, devem ficar atentos \u00e0s oportunidades que surgem para melhorar o pr\u00f3prio curr\u00edculo. Os <span style=\"text-decoration: underline;\">Cursos Gratuitos<\/span> Sesc Piau\u00ed pode ser uma \u00f3tima op\u00e7\u00e3o.<\/p>\n<p>O Servi\u00e7o Social do Com\u00e9rcio do Piau\u00ed est\u00e1 com inscri\u00e7\u00f5es para <span style=\"text-decoration: underline;\">cursos gratuitos<\/span> nos munic\u00edpios de Teresina e Parna\u00edba. Para participar de um dos <span style=\"text-decoration: underline;\">cursos<\/span>, os interessados dever\u00e3o fazer a inscri\u00e7\u00e3o no processo de sele\u00e7\u00e3o do <em>Cursos Gratuitos<\/em> Sesc PI Programa de Comprometimento e Gratuidade da Institui\u00e7\u00e3o, o PCG.<\/p>\n<p>Todas as inscri\u00e7\u00f5es cursos PI acontecem de forma presencial. Como requisitos, todos os interessados devem ser comerci\u00e1rios, dependentes ou estarem matriculados (ou egressos) da educa\u00e7\u00e3o b\u00e1sica da rede p\u00fablica. Ainda \u00e9 poss\u00edvel participar de um dos cursos Sesc Piau\u00ed todos os interessados que possuem uma renda familiar de at\u00e9 tr\u00eas sal\u00e1rios m\u00ednimos.<\/p>\n<p>Todos cidad\u00e3os que pretendem fazer a inscri\u00e7\u00e3o devem apresentar os seguintes documentos:<\/p>\n<ul>\n<li>Registro Geral (RG)<\/li>\n<li>C\u00f3pias do Cadastro de Pessoa F\u00edsica (CPF) ou respons\u00e1vel<\/li>\n<li>Carteira do Sesc<\/li>\n<li>Registro de nascimento (para menores de idade)<\/li>\n<li>Comprovante de renda familiar<\/li>\n<li>Endere\u00e7o com CEP<\/li>\n<li>Uma foto 3\u00d74<\/li>\n<\/ul>\n<h3>Hor\u00e1rio de Funcionamento Sesc Teresina<\/h3>\n<ul>\n<li><strong>Sesc Ilhotas<\/strong> &#8211; Segunda a sexta das 7h \u00e0s 22h<\/li>\n<li><strong>Sesc Administra\u00e7\u00e3o<\/strong> &#8211; Segunda a sexta das 8h \u00e0s 17h<\/li>\n<li><strong>Sesc Centro<\/strong> &#8211; Segunda a sexta das 8h \u00e0s 17h<\/li>\n<\/ul>\n<h3>Onde Fica, Endere\u00e7o e Telefone Sesc Teresina<\/h3>\n<ul>\n<li><strong>Sesc Ilhotas<\/strong> &#8211; R. Heitor Castelo Branco, 2700 &#8211; Centro (Sul) &#8211; Telefone: (86) 3230-9950<\/li>\n<li><strong>Sesc Administra\u00e7\u00e3o<\/strong>: Av. Campos S\u00e1les, 1111 &#8211; Centro (Sul) &#8211; Telefone: (86) 3217-2800<\/li>\n<li><strong>Sesc Centro<\/strong> &#8211; Av. Maranh\u00e3o, 110 &#8211; Centro (Sul) &#8211; Telefone: (86) 3230-9900<\/li>\n<\/ul>\n<h4>Outras informa\u00e7\u00f5es e site<\/h4>\n<ul>\n<li>Mais informa\u00e7\u00f5es: <a href=\"http:\/\/www.sesc.com.br\/\" target=\"_blank\" rel=\"noopener\">www.sesc.com.br\/<\/a><\/li>\n<\/ul>\n<h4>Mapa de Localiza\u00e7\u00e3o Sesc Ilhotas<\/h4>\n<a class=\"wp-colorbox-iframe\" href=\"https:\/\/www.google.com\/maps\/embed?pb=!1m14!1m8!1m3!1d15896.394476641519!2d-42.8004577!3d-5.0877517!3m2!1i1024!2i768!4f13.1!3m3!1m2!1s0x00xd14d8ad9ef0b23df!2sSesc+Ilhotas+-+Centro+de+Atividades+Lourival+Nery!5e0!3m2!1spt-BR!2sbr!4v1519329465019\"><img src=\"http:\/\/www.encontrabelohorizonte.com.br\/imgs\/maps-post.png\"><\/a>\n\n<div style=\"font-size: 0px; height: 0px; line-height: 0px; margin: 0; padding: 0; clear: both;\"><\/div>","protected":false},"excerpt":{"rendered":"<p>O Servi\u00e7o Social do Com\u00e9rcio (SESC) \u00e9 uma institui\u00e7\u00e3o de car\u00e1ter privado, sem fins lucrativos, que oferece aos clientes servi\u00e7os de qualidade com pre\u00e7o menor que o praticado no mercado. Os principais servi\u00e7os oferecidos pelo Sesc Teresina est\u00e3o nas \u00e1reas de sa\u00fade, educa\u00e7\u00e3o e cultura. Sesc Teresina Trabalhe Conosco Os candidatos a vagas de emprego nesta Institui\u00e7\u00e3o n\u00e3o ser\u00e3o submetidos a concurso p\u00fablico, mas a Processo Seletivo pr\u00f3prio, conforme previsto em atos normativos internos, que seguem a Resolu\u00e7\u00e3o SESC n\u00ba 1296\/2015. O SESC Piau\u00ed acredita na import\u00e2ncia de manter claros os crit\u00e9rios de sele\u00e7\u00e3o de pessoas para novos profissionais interessados <\/p>\n","protected":false},"author":1,"featured_media":0,"parent":0,"menu_order":0,"comment_status":"closed","ping_status":"closed","template":"","meta":[],"aioseo_notices":[],"_links":{"self":[{"href":"https:\/\/www.encontrateresina.com\/sobre\/wp-json\/wp\/v2\/pages\/363"}],"collection":[{"href":"https:\/\/www.encontrateresina.com\/sobre\/wp-json\/wp\/v2\/pages"}],"about":[{"href":"https:\/\/www.encontrateresina.com\/sobre\/wp-json\/wp\/v2\/types\/page"}],"author":[{"embeddable":true,"href":"https:\/\/www.encontrateresina.com\/sobre\/wp-json\/wp\/v2\/users\/1"}],"replies":[{"embeddable":true,"href":"https:\/\/www.encontrateresina.com\/sobre\/wp-json\/wp\/v2\/comments?post=363"}],"version-history":[{"count":0,"href":"https:\/\/www.encontrateresina.com\/sobre\/wp-json\/wp\/v2\/pages\/363\/revisions"}],"wp:attachment":[{"href":"https:\/\/www.encontrateresina.com\/sobre\/wp-json\/wp\/v2\/media?parent=363"}],"curies":[{"name":"wp","href":"https:\/\/api.w.org\/{rel}","templated":true}]}}