{"id":385,"date":"2018-02-28T14:54:25","date_gmt":"2018-02-28T17:54:25","guid":{"rendered":"http:\/\/www.encontrateresina.com\/sobre\/?page_id=385"},"modified":"2019-04-30T09:56:44","modified_gmt":"2019-04-30T12:56:44","slug":"rodoviaria-de-teresina","status":"publish","type":"page","link":"https:\/\/www.encontrateresina.com\/sobre\/rodoviaria-de-teresina\/","title":{"rendered":"Rodovi\u00e1ria de Teresina"},"content":{"rendered":"<div class=\"0a7f0342045e68db0e2c8d55d9616140\" data-index=\"1\" style=\"float: left; margin: 15px 15px 15px 0;\">\n<!-- EBR \/Novo-Bairro-Topo\/ 300x250 -->\r\n<ins class=\"adsbygoogle\"\r\n     style=\"display:inline-block;width:300px;height:250px\"\r\n     data-ad-client=\"ca-pub-6414922941841817\"\r\n     data-ad-slot=\"5351822287\"><\/ins>\r\n<script>\r\n(adsbygoogle = window.adsbygoogle || []).push({});\r\n<\/script>\n<\/div>\n<p>Inaugurada em 1983, a <strong>Rodovi\u00e1ria de Teresina<\/strong> recebe cerca de dois mil passageiros por dia, chegando cinco mil em feriados e dias santos.<\/p>\n<p>Conhecido como Terminal Rodovi\u00e1rio Governador Luc\u00eddio Portella, devido a homenagem feita ao ex-governador do Estado do Piau\u00ed, a rodovi\u00e1ria atende linhas de \u00f4nibus intermunicipais da capital para mais de 400 cidades do interior do Estado; e interestaduais para diversos lugares do pa\u00eds.<\/p>\n<p><img decoding=\"async\" loading=\"lazy\" class=\"alignnone wp-image-386 size-full\" title=\"Rodovi\u00e1ria de Teresina\" src=\"http:\/\/www.encontrateresina.com\/sobre\/wp-content\/uploads\/2018\/02\/rodoviaria-de-teresina.jpg\" alt=\"Rodovi\u00e1ria de Teresina\" width=\"680\" height=\"189\" srcset=\"https:\/\/www.encontrateresina.com\/sobre\/wp-content\/uploads\/2018\/02\/rodoviaria-de-teresina.jpg 680w, https:\/\/www.encontrateresina.com\/sobre\/wp-content\/uploads\/2018\/02\/rodoviaria-de-teresina-300x83.jpg 300w\" sizes=\"(max-width: 680px) 100vw, 680px\" \/><\/p>\n<p>No terminal \u00e9 poss\u00edvel encontrar grande \u00e1rea comercial com pra\u00e7a de alimenta\u00e7\u00e3o, banca de jornal, lojas de presentes, guarda- volumes, estacionamento e muito mais. Aproximadamente 20 via\u00e7\u00f5es fazem viagens di\u00e1rias e as passagens de \u00f4nibus podem ser compradas nos guich\u00eas localizados na rodovi\u00e1ria.<\/p>\n<p>Teresina \u00e9 a \u00fanica capital da Regi\u00e3o Nordeste que n\u00e3o se localiza as margens do Oceano Atl\u00e2ntico. Por ter ruas com muitas \u00e1rvores, o escritor Coelho Neto apelidou o munic\u00edpio de \u201cCidade Verde\u201d. O modelo da cidade \u00e9 semelhante a um tabuleiro de xadrez, o que facilita a locomo\u00e7\u00e3o de moradores e turistas. Entre os pontos tur\u00edsticos locais est\u00e3o o Parque Ambiental Encontro dos Rios, a Ponte Met\u00e1lica Jo\u00e3o Lu\u00eds Ferreira, a Igreja S\u00e3o Benedito, o Museu do Piau\u00ed, o Museu de Arte Sacra Dom Paulo Lib\u00f3rio, o mirante da Ponte Estaiada Jo\u00e3o Isidoro Fran\u00e7a, Theatro 4 de Setembro, Pra\u00e7a Pedro II, a Central de Artesanato Mestre Dezinho e o Parque Lagoas do Norte.<\/p>\n<h2>Rodovi\u00e1ria de Teresina Transpiaui<\/h2>\n<p>A Via\u00e7\u00e3o <em>Transpiau\u00ed<\/em> \u00e9 uma empresa de \u00f4nibus com sede em Teresina. Atua em linhas do Nordeste e Centro-Oeste do Brasil.<\/p>\n<h3>Rodovi\u00e1ria de Teresina Barroso<\/h3>\n<p>A Empresa <span style=\"text-decoration: underline;\">Barroso<\/span> \u00e9 uma empresa de \u00f4nibus localizada em Teresina-PI.<br \/>\nEspecializada em Transporte Interurbano e Interestadual.<\/p>\n<h3>Rodovi\u00e1ria de Teresina Empresas<\/h3>\n<ul>\n<li>Expresso Guanabara<\/li>\n<li>Autovia\u00e7\u00e3o Progresso<\/li>\n<li>Itapemirim<\/li>\n<li>Sat\u00e9lite Norte<\/li>\n<li>Via\u00e7\u00e3o Cruzeiro do Sul<\/li>\n<\/ul>\n<h3>Hor\u00e1rio de Funcionamento Rodovi\u00e1ria de Teresina<\/h3>\n<ul>\n<li>Funcionamento 24 Horas<\/li>\n<\/ul>\n<h3>Onde Fica, Endere\u00e7o e Telefone Rodovi\u00e1ria de Teresina<\/h3>\n<ul>\n<li>Av. Pres. Get\u00falio Vargas, 2620 &#8211; Catarina &#8211; Teresina &#8211; PI<\/li>\n<li>Telefone: (86) 3218-6146<\/li>\n<\/ul>\n<h4>Outras informa\u00e7\u00f5es e site<\/h4>\n<ul>\n<li>Mais informa\u00e7\u00f5es: <a href=\"https:\/\/rodoviariaonline.com.br\/rodoviaria\/teresina\/\" target=\"_blank\" rel=\"noopener\">www.rodoviariaonline.com.br\/rodoviaria\/teresina\/<\/a><\/li>\n<\/ul>\n<h4>Mapa de Localiza\u00e7\u00e3o<\/h4>\n<a class=\"wp-colorbox-iframe\" href=\"https:\/\/www.google.com\/maps\/embed?pb=!1m14!1m8!1m3!1d15895.614243803673!2d-42.784624!3d-5.119241!3m2!1i1024!2i768!4f13.1!3m3!1m2!1s0x00xa54a057810aee00c!2sRodoviria+de+Teresina!5e0!3m2!1spt-BR!2sbr!4v1519840039650\"><img src=\"http:\/\/www.encontrabelohorizonte.com.br\/imgs\/maps-post.png\"><\/a>\n\n<div style=\"font-size: 0px; height: 0px; line-height: 0px; margin: 0; padding: 0; clear: both;\"><\/div>","protected":false},"excerpt":{"rendered":"<p>Inaugurada em 1983, a Rodovi\u00e1ria de Teresina recebe cerca de dois mil passageiros por dia, chegando cinco mil em feriados e dias santos. Conhecido como Terminal Rodovi\u00e1rio Governador Luc\u00eddio Portella, devido a homenagem feita ao ex-governador do Estado do Piau\u00ed, a rodovi\u00e1ria atende linhas de \u00f4nibus intermunicipais da capital para mais de 400 cidades do interior do Estado; e interestaduais para diversos lugares do pa\u00eds. No terminal \u00e9 poss\u00edvel encontrar grande \u00e1rea comercial com pra\u00e7a de alimenta\u00e7\u00e3o, banca de jornal, lojas de presentes, guarda- volumes, estacionamento e muito mais. Aproximadamente 20 via\u00e7\u00f5es fazem viagens di\u00e1rias e as passagens de \u00f4nibus <\/p>\n","protected":false},"author":1,"featured_media":0,"parent":0,"menu_order":0,"comment_status":"closed","ping_status":"closed","template":"","meta":[],"aioseo_notices":[],"_links":{"self":[{"href":"https:\/\/www.encontrateresina.com\/sobre\/wp-json\/wp\/v2\/pages\/385"}],"collection":[{"href":"https:\/\/www.encontrateresina.com\/sobre\/wp-json\/wp\/v2\/pages"}],"about":[{"href":"https:\/\/www.encontrateresina.com\/sobre\/wp-json\/wp\/v2\/types\/page"}],"author":[{"embeddable":true,"href":"https:\/\/www.encontrateresina.com\/sobre\/wp-json\/wp\/v2\/users\/1"}],"replies":[{"embeddable":true,"href":"https:\/\/www.encontrateresina.com\/sobre\/wp-json\/wp\/v2\/comments?post=385"}],"version-history":[{"count":0,"href":"https:\/\/www.encontrateresina.com\/sobre\/wp-json\/wp\/v2\/pages\/385\/revisions"}],"wp:attachment":[{"href":"https:\/\/www.encontrateresina.com\/sobre\/wp-json\/wp\/v2\/media?parent=385"}],"curies":[{"name":"wp","href":"https:\/\/api.w.org\/{rel}","templated":true}]}}