{"id":406,"date":"2018-03-19T15:17:00","date_gmt":"2018-03-19T18:17:00","guid":{"rendered":"http:\/\/www.encontrateresina.com\/sobre\/?page_id=406"},"modified":"2019-04-30T16:22:31","modified_gmt":"2019-04-30T19:22:31","slug":"teatro-do-boi-teresina","status":"publish","type":"page","link":"https:\/\/www.encontrateresina.com\/sobre\/teatro-do-boi-teresina\/","title":{"rendered":"Teatro do Boi Teresina"},"content":{"rendered":"<div class=\"0a7f0342045e68db0e2c8d55d9616140\" data-index=\"1\" style=\"float: left; margin: 15px 15px 15px 0;\">\n<!-- EBR \/Novo-Bairro-Topo\/ 300x250 -->\r\n<ins class=\"adsbygoogle\"\r\n     style=\"display:inline-block;width:300px;height:250px\"\r\n     data-ad-client=\"ca-pub-6414922941841817\"\r\n     data-ad-slot=\"5351822287\"><\/ins>\r\n<script>\r\n(adsbygoogle = window.adsbygoogle || []).push({});\r\n<\/script>\n<\/div>\n<p>O <strong>Teatro do Boi Teresina,<\/strong> localizado na zona Norte de Teresina, tem promovido diversas atividades culturais gratuitas para popula\u00e7\u00e3o. A cada semestre, 442 pessoas s\u00e3o beneficiadas com as sete oficinas oferecidas gratuitamente no Teatro.<\/p>\n<p>As oficinas de dan\u00e7a, por exemplo, foram divididas em cinco turmas funcionando de segunda \u00e0 sexta-feira, nos turnos manh\u00e3 e tarde. Est\u00e1 sendo realizado ainda oficinas de teatro, que acontecem as ter\u00e7as e quintas, nos turnos tarde e noite, com duas turmas.<\/p>\n<p><img decoding=\"async\" loading=\"lazy\" class=\"alignnone wp-image-407 size-full\" title=\"Teatro do Boi Teresina\" src=\"http:\/\/www.encontrateresina.com\/sobre\/wp-content\/uploads\/2018\/03\/teatro-do-boi-teresina.jpg\" alt=\"Teatro do Boi Teresina\" width=\"680\" height=\"189\" srcset=\"https:\/\/www.encontrateresina.com\/sobre\/wp-content\/uploads\/2018\/03\/teatro-do-boi-teresina.jpg 680w, https:\/\/www.encontrateresina.com\/sobre\/wp-content\/uploads\/2018\/03\/teatro-do-boi-teresina-300x83.jpg 300w\" sizes=\"(max-width: 680px) 100vw, 680px\" \/><\/p>\n<p>Os alunos se dividem entre a turma de teatro infantil e o teatro para adultos. O Teatro oferta tamb\u00e9m cursos de viol\u00e3o, com duas turmas, que acontecem as sextas-feiras nos turnos manh\u00e3 e tarde.<\/p>\n<h2>Teatro do Boi Teresina Programa\u00e7\u00e3o<\/h2>\n<p>As aulas de Percuss\u00e3o acontecem as ter\u00e7as e quintas, no turno da tarde, com uma turma formada. Os alunos da Turma de capoeira, assistem as aulas \u00e0s ter\u00e7as e quintas, a tarde no p\u00e1tio do teatro. Em andamento tamb\u00e9m uma turma de corte e costura que funciona \u00e0s ter\u00e7as e quintas, pela manh\u00e3 e a turma de desenho e pintura em tela, com uma turma sendo realizado as ter\u00e7as e quintas, no turno da manh\u00e3.<\/p>\n<p>Ao fim de cada semestre \u00e9 realizada uma mostra dos trabalhos de todas as oficinas, a deste j\u00e1 tem data marcada, ser\u00e1 dia 27 de junho, com a realiza\u00e7\u00e3o de um arrai\u00e1 no p\u00e1tio do Teatro. A diretora do Teatro do Boi, Ana Tereza Lopes informa que as inscri\u00e7\u00f5es para o segundo semestre ter\u00e3o in\u00edcio dia 1o de julho, com in\u00edcio das aulas previsto para o dia 3 de agosto. Os interessados em participar devem se dirigir ao Teatro no per\u00edodo citado levando documentos de identifica\u00e7\u00e3o.<\/p>\n<p>Al\u00e9m das oficinas permanentes, o espa\u00e7o tamb\u00e9m est\u00e1 aberto para receber espet\u00e1culos e outros eventos culturais, a exemplo pode se citar o Festival de M\u00fasica da Chapada do Corisco, o Chapad\u00e3o, que este ano teve todas as suas etapas realizadas no Teatro com lota\u00e7\u00e3o de p\u00fablico.<\/p>\n<p>Localizado numa regi\u00e3o distante do centro da cidade, o Teatro do Boi \u00e9 a referencia cultural para quem mora nas proximidades, pessoas que se envolvem nas a\u00e7\u00f5es promovidas no espa\u00e7o mantido pela Prefeitura de Teresina, atrav\u00e9s da Funda\u00e7\u00e3o Municipal de Cultura Monsenhor Chaves. O Teatro foi fundado no ano de 1987, recebeu este nome por estar localizando onde antes era o matadouro central da cidade, mas atualmente nada mais \u00e9 abatido no local, e sim concebido. O lugar se tornou um espa\u00e7o fomentador de express\u00f5es culturais, onde s\u00e3o realizadas oficinas que ajudam a comunidade da regi\u00e3o a desenvolver suas habilidades art\u00edsticas.<\/p>\n<h3>Teatro do Boi Teresina Hist\u00f3ria<\/h3>\n<p>Em <em>pouco mais de 23 anos de trajet\u00f3ria<\/em>, o Teatro do Boi tem proporcionado o contato com manifesta\u00e7\u00f5es art\u00edsticas e entretenimento de qualidade \u00e0 comunidade do bairro Matadouro e aos demais moradores da zona norte de Teresina, chegando a atingir at\u00e9 pessoas de outras regi\u00f5es da capital piauiense. <em>Criado em 15 de agosto de 1987<\/em>, o local que oficialmente possui o nome de CIARTE (Centro Integrado de Arte do Matadouro), tornou-se popularmente conhecido como Teatro do Boi por estar localizado onde funcionava o mais antigo matadouro de Teresina no qual se abatia grande n\u00famero de bovinos.<\/p>\n<p>Trata-se de um espa\u00e7o que oferece \u00e0 popula\u00e7\u00e3o uma programa\u00e7\u00e3o bastante variada e saud\u00e1vel e que tem como objetivo transformar culturalmente a realidade das comunidades pr\u00f3ximas, atrav\u00e9s de uma estrutura que conta com espa\u00e7o c\u00eanico com capacidade de abrigar 160 pessoas, Biblioteca Fontes Ibiapina, Galeria de Artes Fernando Costa, salas pr\u00f3prias para pr\u00e1tica de dan\u00e7as variadas dotadas de barras e espelhos e espa\u00e7o dedicado a manifesta\u00e7\u00f5es folcl\u00f3ricas e din\u00e2micas de grupo, chamado \u201cQuaHist\u00f3riaBerro\u201d.<\/p>\n<h3>Teatro do Boi Teresina Imagens<\/h3>\n<p><img decoding=\"async\" loading=\"lazy\" class=\"alignnone wp-image-408 size-full\" title=\"Teatro do Boi Teresina Imagens\" src=\"http:\/\/www.encontrateresina.com\/sobre\/wp-content\/uploads\/2018\/03\/teatro-do-boi-teresina-imag.jpg\" alt=\"Teatro do Boi Teresina Imagens\" width=\"680\" height=\"189\" srcset=\"https:\/\/www.encontrateresina.com\/sobre\/wp-content\/uploads\/2018\/03\/teatro-do-boi-teresina-imag.jpg 680w, https:\/\/www.encontrateresina.com\/sobre\/wp-content\/uploads\/2018\/03\/teatro-do-boi-teresina-imag-300x83.jpg 300w\" sizes=\"(max-width: 680px) 100vw, 680px\" \/><\/p>\n<h3>Hor\u00e1rio de funcionamento Teatro do Boi Teresina<\/h3>\n<ul>\n<li>Segunda a sexta das 8:00 \u00e0s 18:00h \/ S\u00e1bado das 09:00 \u00e0s 13:00h<\/li>\n<\/ul>\n<h3>Onde Fica, Endere\u00e7o e Telefone Teatro do Boi Teresina<\/h3>\n<ul>\n<li>R. Rui Barbosa, 339 &#8211; Matadouro &#8211; Teresina &#8211; PI<\/li>\n<li>Telefone: (86) 3215-7829<\/li>\n<\/ul>\n<h4>Outras informa\u00e7\u00f5es e site<\/h4>\n<ul>\n<li>Mais informa\u00e7\u00f5es: <a href=\"http:\/\/www.portalpmt.teresina.pi.gov.br\/noticia\/Teatro-do-Boi-oferece-oficinas-gratuitas-para-populacao\/6978\" target=\"_blank\" rel=\"noopener\">www.portalpmt.teresina.pi.gov.br<\/a><\/li>\n<\/ul>\n<h4>Mapa de Localiza\u00e7\u00e3o<\/h4>\n<a class=\"wp-colorbox-iframe\" href=\"https:\/\/www.google.com\/maps\/embed?pb=!1m14!1m8!1m3!1d15896.874636769484!2d-42.8279239!3d-5.068276!3m2!1i1024!2i768!4f13.1!3m3!1m2!1s0x00x4459d9376bd2d765!2sTeatro+do+Boi!5e0!3m2!1spt-BR!2sbr!4v1521469845047\"><img src=\"http:\/\/www.encontrabelohorizonte.com.br\/imgs\/maps-post.png\"><\/a>\n<p>&nbsp;<\/p>\n\n<div style=\"font-size: 0px; height: 0px; line-height: 0px; margin: 0; padding: 0; clear: both;\"><\/div>","protected":false},"excerpt":{"rendered":"<p>O Teatro do Boi Teresina, localizado na zona Norte de Teresina, tem promovido diversas atividades culturais gratuitas para popula\u00e7\u00e3o. A cada semestre, 442 pessoas s\u00e3o beneficiadas com as sete oficinas oferecidas gratuitamente no Teatro. As oficinas de dan\u00e7a, por exemplo, foram divididas em cinco turmas funcionando de segunda \u00e0 sexta-feira, nos turnos manh\u00e3 e tarde. Est\u00e1 sendo realizado ainda oficinas de teatro, que acontecem as ter\u00e7as e quintas, nos turnos tarde e noite, com duas turmas. Os alunos se dividem entre a turma de teatro infantil e o teatro para adultos. O Teatro oferta tamb\u00e9m cursos de viol\u00e3o, com duas <\/p>\n","protected":false},"author":1,"featured_media":0,"parent":0,"menu_order":0,"comment_status":"closed","ping_status":"closed","template":"","meta":[],"aioseo_notices":[],"_links":{"self":[{"href":"https:\/\/www.encontrateresina.com\/sobre\/wp-json\/wp\/v2\/pages\/406"}],"collection":[{"href":"https:\/\/www.encontrateresina.com\/sobre\/wp-json\/wp\/v2\/pages"}],"about":[{"href":"https:\/\/www.encontrateresina.com\/sobre\/wp-json\/wp\/v2\/types\/page"}],"author":[{"embeddable":true,"href":"https:\/\/www.encontrateresina.com\/sobre\/wp-json\/wp\/v2\/users\/1"}],"replies":[{"embeddable":true,"href":"https:\/\/www.encontrateresina.com\/sobre\/wp-json\/wp\/v2\/comments?post=406"}],"version-history":[{"count":0,"href":"https:\/\/www.encontrateresina.com\/sobre\/wp-json\/wp\/v2\/pages\/406\/revisions"}],"wp:attachment":[{"href":"https:\/\/www.encontrateresina.com\/sobre\/wp-json\/wp\/v2\/media?parent=406"}],"curies":[{"name":"wp","href":"https:\/\/api.w.org\/{rel}","templated":true}]}}