{"id":458,"date":"2018-04-02T10:15:48","date_gmt":"2018-04-02T13:15:48","guid":{"rendered":"http:\/\/www.encontrateresina.com\/sobre\/?page_id=458"},"modified":"2019-04-30T09:56:41","modified_gmt":"2019-04-30T12:56:41","slug":"camara-municipal-de-teresina","status":"publish","type":"page","link":"https:\/\/www.encontrateresina.com\/sobre\/camara-municipal-de-teresina\/","title":{"rendered":"C\u00e2mara Municipal de Teresina"},"content":{"rendered":"<div class=\"0a7f0342045e68db0e2c8d55d9616140\" data-index=\"1\" style=\"float: left; margin: 15px 15px 15px 0;\">\n<!-- EBR \/Novo-Bairro-Topo\/ 300x250 -->\r\n<ins class=\"adsbygoogle\"\r\n     style=\"display:inline-block;width:300px;height:250px\"\r\n     data-ad-client=\"ca-pub-6414922941841817\"\r\n     data-ad-slot=\"5351822287\"><\/ins>\r\n<script>\r\n(adsbygoogle = window.adsbygoogle || []).push({});\r\n<\/script>\n<\/div>\n<p>A <strong>C\u00e2mara Municipal de Teresina,<\/strong> em sua d\u00e9cima s\u00e9tima legislatura, continua forte e independente, honrando seu prop\u00f3sito de cultivar a democracia no munic\u00edpio.<\/p>\n<p>Como institui\u00e7\u00e3o representa o Poder Legislativo Municipal. Seus representantes, os vereadores, s\u00e3o respons\u00e1veis em manter a harmonia pol\u00edtica e social da cidade.<\/p>\n<p><img decoding=\"async\" loading=\"lazy\" class=\"alignnone wp-image-459 size-full\" title=\"C\u00e2mara Municipal de Teresina\" src=\"https:\/\/www.encontrateresina.com\/sobre\/wp-content\/uploads\/2018\/04\/camara-municipal-teresina.jpg\" alt=\"C\u00e2mara Municipal de Teresina\" width=\"680\" height=\"189\" srcset=\"https:\/\/www.encontrateresina.com\/sobre\/wp-content\/uploads\/2018\/04\/camara-municipal-teresina.jpg 680w, https:\/\/www.encontrateresina.com\/sobre\/wp-content\/uploads\/2018\/04\/camara-municipal-teresina-300x83.jpg 300w\" sizes=\"(max-width: 680px) 100vw, 680px\" \/><\/p>\n<p>Para tanto, cumprem as fun\u00e7\u00f5es inerentes a esse Poder: legislando, fiscalizando , julgando e,externamente, fiscalizam a gest\u00e3o do Executivo no que se refere \u00e0 legalidade, impessoalidade, moralidade. Sempre atentos \u00e0s atitudes \u00e9ticas nos \u00e2mbitos pol\u00edticos e administrativos; buscando honrar o pacto social que lhes confere representatividade.<\/p>\n<p>Historicamente, a C\u00e2mara Municipal de Teresina mant\u00e9m estreita rela\u00e7\u00e3o com o surgimento da freguesia do Piau\u00ed e com os condicionantes que engendraram a mudan\u00e7a da capital para as terras da Chapada do Corisco.<\/p>\n<p>A cria\u00e7\u00e3o da C\u00e2mara de Vereadores de Teresina data de 21\/11\/ 1833, quando a nossa capital ainda denominava-se Vila do Poti. Criada atrav\u00e9s de Decreto Imperial. C\u00e2mara composta por cinco vereadores.<\/p>\n<p>De 1833 a 1891 o Legislativo Municipal alternava-se ora em C\u00e2mara Municipal ora em Conselho de Intend\u00eancia. Ambos os colegiados tinham as mesmas prerrogativas, o que os diferenciava era a forma ditatorial com que geriam os assuntos da cidade, sobretudo quando estavam no poder os Conselhos de Intend\u00eancia.<\/p>\n<p>Durante toda a Rep\u00fablica Velha prevaleceram os Conselhos de Intend\u00eancia em detrimento da institui\u00e7\u00e3o C\u00e2mara Municipal.<\/p>\n<p>Com a elei\u00e7\u00e3o de l935, realizada a 27 de setembro, a C\u00e2mara novamente entra em evid\u00eancia composta por nove vereadores. Entre l936 a l948 houve uma interven\u00e7\u00e3o e a C\u00e2mara Municipal perdeu sua representatividade. Em l937, por for\u00e7a do Golpe de Estado, ocorreu a dissolvi\u00e7\u00e3o das C\u00e2maras Municipais.<\/p>\n<p>Ap\u00f3s mais de uma d\u00e9cada, no dia 29 de fevereiro de l948 um Conselho foi eleito e empossado.<\/p>\n<p>Em 31\/01\/l951 deu-se inicio a primeira dessa atual sequ\u00eancia de legislaturas. Desde ent\u00e3o, a C\u00e2mara Municipal de Teresina participa ativamente das decis\u00f5es pertinente \u00e0 nossa cidade, sobretudo nos momentos cruciais da nossa hist\u00f3ria.<\/p>\n<p>Em todo esse tempo, o Legislativo Municipal de Teresina teve problemas com a instala\u00e7\u00e3o de sua Sede. Funcionou precariamente em muitos locais, dentre eles: Pra\u00e7a Marechal Deodoro, esquina com Firmino Pires; no pr\u00e9dio da Receita Federal; num pr\u00e9dio de dois andares, na Rua Firmino Pires, pr\u00f3ximo \u00e0s antigas sedes; no andar de cima do Caf\u00e9 Carvalho; na \u00c1lvaro Mendes, conflu\u00eancia com a Rua Simpl\u00edcio Mendes; no Centro Oper\u00e1rio nossa Senhora do Amparo.<\/p>\n<p>Seu pen\u00faltimo local de funcionamento foi no pr\u00e9dio do Banco do Brasil (Rua Climatizada). Com o aumento de vereadores e funcion\u00e1rios o local tornou-se impr\u00f3prio, com gabinetes e \u00e1reas administrativas de espa\u00e7os f\u00edsicos reduzidos.<\/p>\n<p>Com essa constata\u00e7\u00e3o, os gestores do legislativo Municipal somaram esfor\u00e7os para a constru\u00e7\u00e3o de uma nova sede.<\/p>\n<p>Hoje, localizada na Av. Marechal Castelo Branco, a Sede da C\u00e2mara Municipal \u00e9 ampla e confort\u00e1vel. Constru\u00edda em arquitetura moderna, o projeto previu o aumento do n\u00famero de vereadores que na pr\u00f3xima gest\u00e3o ser\u00e1 ampliado para 29.<\/p>\n<p>Na atual gest\u00e3o foram constru\u00eddos o Sal\u00e3o nobre e o Acervo hist\u00f3rico e cultural do Poder Legislativo Municipal.<\/p>\n<p>Pode-se afirmar que a C\u00e2mara Municipal de Teresina, no momento atual, est\u00e1 em conson\u00e2ncia com os novos tempos. Visando, cada vez mais, a aproxima\u00e7\u00e3o com a popula\u00e7\u00e3o. Usando como mecanismos suas fun\u00e7\u00f5es sociais e educativas.<\/p>\n<p>Em 2012, a C\u00e2mara promoveu o primeiro concurso p\u00fablico de sua hist\u00f3ria, sempre objetivando o atendimento digno \u00e0 popula\u00e7\u00e3o teresinense.<\/p>\n<p>&nbsp;<\/p>\n<h2>C\u00e2mara Municipal de Teresina Concurso<\/h2>\n<p>A C\u00e2mara Municipal de Teresina tem previsto no or\u00e7amento para 2018 a possibilidade de realiza\u00e7\u00e3o para o <em>Concurso C\u00e2mara de Teresina<\/em> que prev\u00ea 39 vagas em cargos de ensino m\u00e9dio e superior.<\/p>\n<p>O <em>certame<\/em> depender\u00e1 da conveni\u00eancia, do interesse p\u00fablico e das disposi\u00e7\u00f5es or\u00e7ament\u00e1rias e financeiras pr\u00f3prias, com observ\u00e2ncia \u00e0 legisla\u00e7\u00e3o vigente, explica o texto or\u00e7ament\u00e1rio.<\/p>\n<h3>C\u00e2mara Municipal de Teresina Transpar\u00eancia<\/h3>\n<p>No Portal da <em>Transpar\u00eancia<\/em> voc\u00ea tem acesso:<\/p>\n<p><em>Remunera\u00e7\u00e3o<\/em><br \/>\nAcesse aqui informa\u00e7\u00f5es sobre a remunera\u00e7\u00e3o de Vereadores, Servidores e Comissionados.<\/p>\n<p><em>Or\u00e7amento e Finan\u00e7as<\/em><br \/>\nAcesse aqui informa\u00e7\u00f5es sobre os gastos e presta\u00e7\u00e3o de contas realizados pela C\u00e2mara.<\/p>\n<p><em>Licita\u00e7\u00f5es e Contratos<\/em><br \/>\nAcesse o site do Tribunal de Contas do Estado para mais informa\u00e7\u00f5es sobre Licita\u00e7\u00f5es e Contratos.<\/p>\n<p><em>Estrutura Administrativa<\/em><br \/>\nAcesse aqui o organograma, rela\u00e7\u00e3o de cargos e outras informa\u00e7\u00f5es da estrutura da C\u00e2mara.<\/p>\n<p><em>Plano Plurianual<\/em><br \/>\nAcesse aqui informa\u00e7\u00f5es sobre o Plano Plurianual.<\/p>\n<p><em>Lei Or\u00e7ament\u00e1ria Anual<\/em><br \/>\nAcesse aqui informa\u00e7\u00f5es sobre a Lei Or\u00e7ament\u00e1ria Anual.<\/p>\n<p><em>Lei de Diretrizes Or\u00e7ament\u00e1rias<\/em><br \/>\nAcesse aqui informa\u00e7\u00f5es sobre a Lei de Diretrizes Or\u00e7ament\u00e1rias.<\/p>\n<p><em>Relat\u00f3rio de Gest\u00e3o Fiscal<\/em><br \/>\nAcesse aqui informa\u00e7\u00f5es sobre o Relat\u00f3rio Quadrimestral de Gest\u00e3o Fiscal.<\/p>\n<p><em>Comprovantes Fiscais<\/em><br \/>\nAcesse aqui informa\u00e7\u00f5es sobre os comprovantes fiscais das Verbas Indenizat\u00f3rias.<\/p>\n<p><em>Relat\u00f3rios Gerais<\/em><br \/>\nAcesse aqui informa\u00e7\u00f5es sobre os relat\u00f3rios de Gest\u00e3o.<\/p>\n<p><em>Certid\u00f5es<\/em><br \/>\nAcesse aqui informa\u00e7\u00f5es sobre as Certid\u00f5es da C\u00e2mara Municipal de Teresina.<\/p>\n<h3>Hor\u00e1rio de funcionamento C\u00e2mara Municipal de Teresina<\/h3>\n<ul>\n<li>Segunda a sexta das 07h30 \u00e1s 13h30<\/li>\n<\/ul>\n<h3>Onde Fica, Endere\u00e7o e Telefone C\u00e2mara Municipal de Teresina<\/h3>\n<ul>\n<li>Av. Mal. Castelo Branco, 625 &#8211; Cabral &#8211; Teresina &#8211; PI<\/li>\n<li>Telefone: (86) 3221-4925<\/li>\n<\/ul>\n<h4>Outras informa\u00e7\u00f5es e site<\/h4>\n<ul>\n<li>Mais informa\u00e7\u00f5es: <a href=\"http:\/\/www.teresina.pi.leg.br\/\" target=\"_blank\" rel=\"noopener\">www.teresina.pi.leg.br<\/a><\/li>\n<\/ul>\n<h4>Mapa de Localiza\u00e7\u00e3o<\/h4>\n<a class=\"wp-colorbox-iframe\" href=\"https:\/\/www.google.com\/maps\/embed?pb=!1m14!1m8!1m3!1d15896.608779460092!2d-42.7990323!3d-5.0790686!3m2!1i1024!2i768!4f13.1!3m3!1m2!1s0x00x412c5b4d17f19d71!2sCmara+Municipal+de+Teresina!5e0!3m2!1spt-BR!2sbr!4v1522264403479\"><img src=\"http:\/\/www.encontrabelohorizonte.com.br\/imgs\/maps-post.png\"><\/a>\n\n<div style=\"font-size: 0px; height: 0px; line-height: 0px; margin: 0; padding: 0; clear: both;\"><\/div>","protected":false},"excerpt":{"rendered":"<p>A C\u00e2mara Municipal de Teresina, em sua d\u00e9cima s\u00e9tima legislatura, continua forte e independente, honrando seu prop\u00f3sito de cultivar a democracia no munic\u00edpio. Como institui\u00e7\u00e3o representa o Poder Legislativo Municipal. Seus representantes, os vereadores, s\u00e3o respons\u00e1veis em manter a harmonia pol\u00edtica e social da cidade. Para tanto, cumprem as fun\u00e7\u00f5es inerentes a esse Poder: legislando, fiscalizando , julgando e,externamente, fiscalizam a gest\u00e3o do Executivo no que se refere \u00e0 legalidade, impessoalidade, moralidade. Sempre atentos \u00e0s atitudes \u00e9ticas nos \u00e2mbitos pol\u00edticos e administrativos; buscando honrar o pacto social que lhes confere representatividade. Historicamente, a C\u00e2mara Municipal de Teresina mant\u00e9m estreita rela\u00e7\u00e3o <\/p>\n","protected":false},"author":1,"featured_media":0,"parent":0,"menu_order":0,"comment_status":"closed","ping_status":"closed","template":"","meta":[],"aioseo_notices":[],"_links":{"self":[{"href":"https:\/\/www.encontrateresina.com\/sobre\/wp-json\/wp\/v2\/pages\/458"}],"collection":[{"href":"https:\/\/www.encontrateresina.com\/sobre\/wp-json\/wp\/v2\/pages"}],"about":[{"href":"https:\/\/www.encontrateresina.com\/sobre\/wp-json\/wp\/v2\/types\/page"}],"author":[{"embeddable":true,"href":"https:\/\/www.encontrateresina.com\/sobre\/wp-json\/wp\/v2\/users\/1"}],"replies":[{"embeddable":true,"href":"https:\/\/www.encontrateresina.com\/sobre\/wp-json\/wp\/v2\/comments?post=458"}],"version-history":[{"count":0,"href":"https:\/\/www.encontrateresina.com\/sobre\/wp-json\/wp\/v2\/pages\/458\/revisions"}],"wp:attachment":[{"href":"https:\/\/www.encontrateresina.com\/sobre\/wp-json\/wp\/v2\/media?parent=458"}],"curies":[{"name":"wp","href":"https:\/\/api.w.org\/{rel}","templated":true}]}}