{"id":462,"date":"2018-04-02T10:38:58","date_gmt":"2018-04-02T13:38:58","guid":{"rendered":"http:\/\/www.encontrateresina.com\/sobre\/?page_id=462"},"modified":"2019-04-30T10:01:58","modified_gmt":"2019-04-30T13:01:58","slug":"detran-teresina","status":"publish","type":"page","link":"https:\/\/www.encontrateresina.com\/sobre\/detran-teresina\/","title":{"rendered":"Detran Teresina"},"content":{"rendered":"<div class=\"0a7f0342045e68db0e2c8d55d9616140\" data-index=\"1\" style=\"float: left; margin: 15px 15px 15px 0;\">\n<!-- EBR \/Novo-Bairro-Topo\/ 300x250 -->\r\n<ins class=\"adsbygoogle\"\r\n     style=\"display:inline-block;width:300px;height:250px\"\r\n     data-ad-client=\"ca-pub-6414922941841817\"\r\n     data-ad-slot=\"5351822287\"><\/ins>\r\n<script>\r\n(adsbygoogle = window.adsbygoogle || []).push({});\r\n<\/script>\n<\/div>\n<p>O <strong>DETRAN-Teresina<\/strong> (Departamento Estadual de Tr\u00e2nsito do Piau\u00ed) \u00e9 uma autarquia institu\u00edda pela Lei-Delegada n\u00ba 80, de 16.05.1972, vinculado \u00e0 Secretaria de Cidades do Estado.<\/p>\n<p>O \u00f3rg\u00e3o possui personalidade jur\u00eddica, autonomia administrativa, operacional e financeira, e tem por finalidade disciplinar e fiscalizar os servi\u00e7os de tr\u00e2nsito e tr\u00e1fego no \u00e2mbito de compet\u00eancia do Estado.<\/p>\n<p><img decoding=\"async\" loading=\"lazy\" class=\"alignnone wp-image-463 size-full\" title=\"Detran Teresina\" src=\"http:\/\/www.encontrateresina.com\/sobre\/wp-content\/uploads\/2018\/04\/deran-teresina.jpg\" alt=\"Detran Teresina\" width=\"680\" height=\"189\" srcset=\"https:\/\/www.encontrateresina.com\/sobre\/wp-content\/uploads\/2018\/04\/deran-teresina.jpg 680w, https:\/\/www.encontrateresina.com\/sobre\/wp-content\/uploads\/2018\/04\/deran-teresina-300x83.jpg 300w\" sizes=\"(max-width: 680px) 100vw, 680px\" \/><\/p>\n<p>Tem sede e foro na cidade de Teresina e jurisdi\u00e7\u00e3o sobre o territ\u00f3rio do estado do Piau\u00ed.<\/p>\n<p>A sede \u00e9 na Avenida Gil Martins, 2000, bairro Reden\u00e7\u00e3o, ao lado do est\u00e1dio Albert\u00e3o. Um conjunto de pr\u00e9dios modernos, projetados para agilizar as atividades do Detran-PI e fornecer conforto aos usu\u00e1rios que procuram nossos servi\u00e7os.<\/p>\n<p>O Detran-PI tamb\u00e9m est\u00e1 presente em outras 36 cidades do interior do estado, em CIRETRANS ou postos de servi\u00e7o, eliminando a necessidade de deslocamento do usu\u00e1rios at\u00e9 a Capital.<\/p>\n<p>&nbsp;<\/p>\n<h2>Detran Teresina Shopping da Cidade<\/h2>\n<p>O posto do Departamento Estadual de Tr\u00e2nsito do Piau\u00ed (Detran-PI) localizado no <em>Shopping da Cidade<\/em>, em Teresina, receber\u00e1 em breve mais um servi\u00e7o para facilitar a vida dos usu\u00e1rios em rela\u00e7\u00e3o a documentos veiculares e Carteira Nacional de Habilita\u00e7\u00e3o (CNH). A partir do m\u00eas de julho, o posto do Shopping da Cidade vai come\u00e7ar a oferecer o servi\u00e7o de vistoria veicular para a popula\u00e7\u00e3o.<\/p>\n<h3>Detran Teresina Ipva<\/h3>\n<p>O DETRAN recolhe taxas dos motoristas que s\u00e3o o <em>IPVA<\/em> e o<em> seguro DPVAT<\/em>. O<em> IPVA (Imposto sobre a Propriedade de Ve\u00edculos Automotores)<\/em>, que \u00e9 um imposto estadual, tem como objetivo arrecadar verbas ao Governo, para realizar obras p\u00fablicas e servi\u00e7os \u00e0 popula\u00e7\u00e3o de forma geral, sem estar necessariamente vinculados a melhorias no tr\u00e2nsito.<\/p>\n<p>O <em>IPVA<\/em> \u00e9 obrigat\u00f3rio, caso o condutor n\u00e3o realize seu pagamento, n\u00e3o poder\u00e1 fazer o licenciamento de seu ve\u00edculo e correr\u00e1 o risco de ter seu autom\u00f3vel apreendido. Para evitar constrangimento e problemas futuros, sempre verifique a data de pagamento de seu <em>IPVA<\/em> e pague na data prevista.<\/p>\n<p>O pagamento do <em>DPVAT<\/em> (Seguro de Danos Pessoais Causados por Ve\u00edculos Automotores de Vias Terrestres) \u00e9 um seguro obrigat\u00f3rio que \u00e9 pago anualmente junto com a primeira parcela do<em> IPVA<\/em>, ou na Cota \u00danica. Ele garante a indeniza\u00e7\u00e3o em caso de acidente de tr\u00e2nsito que resulte em morte ou invalidez permanente e o reembolso de despesas m\u00e9dicas e hospitalares devidamente comprovadas.<\/p>\n<h3>Detran Teresina Multas<\/h3>\n<p>O propriet\u00e1rio de ve\u00edculo pode consultar a exist\u00eancia ou a situa\u00e7\u00e3o de <span style=\"text-decoration: underline;\">autos de infra\u00e7\u00f5es, multas, impedimentos, restri\u00e7\u00f5es financeiras e licenciamentos.<\/span><\/p>\n<p>Para realizar a consulta preencha o formul\u00e1rio eletr\u00f4nico no site do Detran com o n\u00famero do chassi e placa do ve\u00edculo, constantes no Certificado de Registro de Licenciamento de Ve\u00edculo (CRLV).<\/p>\n<h3>Hor\u00e1rio de funcionamento Detran Teresina<\/h3>\n<ul>\n<li><strong>Reden\u00e7\u00e3o<\/strong> &#8211; Segunda a sexta das 08h \u00e1s 13h<\/li>\n<li><strong>Beira Rio<\/strong> &#8211; Segunda a sexta das 08h \u00e1s 13h<\/li>\n<li><strong>Santa Isabel<\/strong> &#8211; Segunda a sexta das 08h \u00e1s 18h<\/li>\n<li><strong>Shopping Rio Poty<\/strong> &#8211; Segunda a sexta das 09h \u00e1s 17h<\/li>\n<\/ul>\n<p>* Demais unidades entrar em contato<\/p>\n<h3>Onde Fica, Endere\u00e7o e Telefone Detran Teresina<\/h3>\n<ul>\n<li><strong>Reden\u00e7\u00e3o<\/strong> &#8211; Avenida Gil Martins, 2000 &#8211; Reden\u00e7\u00e3o &#8211; Tel.: (86) 3228-4500<\/li>\n<li><strong>Shopping da Cidade<\/strong> &#8211; R. Areolino de Abreu, 300 &#8211; Centro (Sul) &#8211; Tel.: (86) 3226-4398<\/li>\n<li><strong>Beira Rio<\/strong> &#8211; Av. Dep. Paulo Ferraz, 1940 &#8211; Beira Rio &#8211; Tel.: (86) 3228-4597<\/li>\n<li><strong>Santa Isabel<\/strong> &#8211; Av. Jo\u00e3o XXIII, 5325 &#8211; Santa Isabel &#8211; Tel.: (86) 3232-7681<\/li>\n<li><strong>Aeroporto<\/strong> &#8211; R. Coelho de Resende, 2770\/02 &#8211; Aeroporto &#8211; Tel: (86) 3216-2283<\/li>\n<li><strong>Pedra Mole<\/strong> &#8211; R. Dr. Josu\u00e9 Moura Santos, 6576-6598 &#8211; Pedra Mole &#8211; Tel.: (89) 3562-2471<\/li>\n<li><strong>Shopping Rio Poty<\/strong> &#8211; Av. Mal. Castelo Branco, 911 &#8211; Porenquanto &#8211; Tel.: (86) 3122-6000<\/li>\n<\/ul>\n<h4>Outras informa\u00e7\u00f5es e site<\/h4>\n<ul>\n<li>Mais informa\u00e7\u00f5es: <a href=\"http:\/\/www.detran.pi.gov.br\/\" target=\"_blank\" rel=\"noopener\">www.detran.pi.gov.br<\/a><\/li>\n<\/ul>\n<h4>Mapa de Localiza\u00e7\u00e3o Unidade\u00a0Reden\u00e7\u00e3o<\/h4>\n<a class=\"wp-colorbox-iframe\" href=\"https:\/\/www.google.com\/maps\/embed?pb=!1m14!1m8!1m3!1d15895.666021469915!2d-42.7942381!3d-5.1171573!3m2!1i1024!2i768!4f13.1!3m3!1m2!1s0x00xfcfe08561aae630!2sDetran+-+PI!5e0!3m2!1spt-BR!2sbr!4v1522267311125\"><img src=\"http:\/\/www.encontrabelohorizonte.com.br\/imgs\/maps-post.png\"><\/a>\n\n<div style=\"font-size: 0px; height: 0px; line-height: 0px; margin: 0; padding: 0; clear: both;\"><\/div>","protected":false},"excerpt":{"rendered":"<p>O DETRAN-Teresina (Departamento Estadual de Tr\u00e2nsito do Piau\u00ed) \u00e9 uma autarquia institu\u00edda pela Lei-Delegada n\u00ba 80, de 16.05.1972, vinculado \u00e0 Secretaria de Cidades do Estado. O \u00f3rg\u00e3o possui personalidade jur\u00eddica, autonomia administrativa, operacional e financeira, e tem por finalidade disciplinar e fiscalizar os servi\u00e7os de tr\u00e2nsito e tr\u00e1fego no \u00e2mbito de compet\u00eancia do Estado. Tem sede e foro na cidade de Teresina e jurisdi\u00e7\u00e3o sobre o territ\u00f3rio do estado do Piau\u00ed. A sede \u00e9 na Avenida Gil Martins, 2000, bairro Reden\u00e7\u00e3o, ao lado do est\u00e1dio Albert\u00e3o. Um conjunto de pr\u00e9dios modernos, projetados para agilizar as atividades do Detran-PI e fornecer <\/p>\n","protected":false},"author":1,"featured_media":0,"parent":0,"menu_order":0,"comment_status":"closed","ping_status":"closed","template":"","meta":[],"aioseo_notices":[],"_links":{"self":[{"href":"https:\/\/www.encontrateresina.com\/sobre\/wp-json\/wp\/v2\/pages\/462"}],"collection":[{"href":"https:\/\/www.encontrateresina.com\/sobre\/wp-json\/wp\/v2\/pages"}],"about":[{"href":"https:\/\/www.encontrateresina.com\/sobre\/wp-json\/wp\/v2\/types\/page"}],"author":[{"embeddable":true,"href":"https:\/\/www.encontrateresina.com\/sobre\/wp-json\/wp\/v2\/users\/1"}],"replies":[{"embeddable":true,"href":"https:\/\/www.encontrateresina.com\/sobre\/wp-json\/wp\/v2\/comments?post=462"}],"version-history":[{"count":0,"href":"https:\/\/www.encontrateresina.com\/sobre\/wp-json\/wp\/v2\/pages\/462\/revisions"}],"wp:attachment":[{"href":"https:\/\/www.encontrateresina.com\/sobre\/wp-json\/wp\/v2\/media?parent=462"}],"curies":[{"name":"wp","href":"https:\/\/api.w.org\/{rel}","templated":true}]}}