{"id":610,"date":"2018-06-07T16:09:31","date_gmt":"2018-06-07T19:09:31","guid":{"rendered":"http:\/\/www.encontrateresina.com\/sobre\/?page_id=610"},"modified":"2019-05-01T11:48:34","modified_gmt":"2019-05-01T14:48:34","slug":"musica-para-todos-teresina","status":"publish","type":"page","link":"https:\/\/www.encontrateresina.com\/sobre\/musica-para-todos-teresina\/","title":{"rendered":"M\u00fasica para todos Teresina"},"content":{"rendered":"<div class=\"0a7f0342045e68db0e2c8d55d9616140\" data-index=\"1\" style=\"float: left; margin: 15px 15px 15px 0;\">\n<!-- EBR \/Novo-Bairro-Topo\/ 300x250 -->\r\n<ins class=\"adsbygoogle\"\r\n     style=\"display:inline-block;width:300px;height:250px\"\r\n     data-ad-client=\"ca-pub-6414922941841817\"\r\n     data-ad-slot=\"5351822287\"><\/ins>\r\n<script>\r\n(adsbygoogle = window.adsbygoogle || []).push({});\r\n<\/script>\n<\/div>\n<p>O <strong>M\u00fasica para todos Teresina<\/strong> promove ainda a uni\u00e3o entre artistas de dentro e fora do projeto.<\/p>\n<p>No palco da Sala Agostinho Pinto, dezenas de artistas piauienses j\u00e1 se apresentaram, sobretudo nos Recitais realizados toda semana.<\/p>\n<p><img decoding=\"async\" loading=\"lazy\" class=\"alignnone wp-image-613 size-full\" title=\"M\u00fasica para todos Teresina\" src=\"http:\/\/www.encontrateresina.com\/sobre\/wp-content\/uploads\/2018\/06\/musica-para-todos-teresina.jpg\" alt=\"M\u00fasica para todos Teresina\" width=\"680\" height=\"189\" srcset=\"https:\/\/www.encontrateresina.com\/sobre\/wp-content\/uploads\/2018\/06\/musica-para-todos-teresina.jpg 680w, https:\/\/www.encontrateresina.com\/sobre\/wp-content\/uploads\/2018\/06\/musica-para-todos-teresina-300x83.jpg 300w\" sizes=\"(max-width: 680px) 100vw, 680px\" \/><\/p>\n<p>Esta \u00e9 mais uma oportunidade de troca de experi\u00eancias, em que o aluno pode observar na pr\u00e1tica todos os ensinamentos conquistados em sala de aula.<\/p>\n<p>Toda a estrutura da sede da institui\u00e7\u00e3o \u00e9 focada para o melhor formar o aluno. S\u00e3o salas climatizadas e acusticamente adaptadas, laborat\u00f3rios de pr\u00e1tica musical e instrumentos de ponta, cedidos aos alunos para atividades dentro da institui\u00e7\u00e3o e apresenta\u00e7\u00f5es culturais.<\/p>\n<p>Os alunos atendidos pelo M\u00fasica para Todos assumem um protagonismo na sociedade, atrav\u00e9s da presen\u00e7a em grupos de jovens, associa\u00e7\u00f5es, igrejas, e colaborando, sempre que chamados, para apresenta\u00e7\u00f5es culturais e eventos do projeto.<\/p>\n<h2>M\u00fasica para todos Teresina Inscri\u00e7\u00e3o<\/h2>\n<p>Acesse o <a href=\"http:\/\/www.icsrita.org.br\/inscricoes\/\" target=\"_blank\" rel=\"noopener\">link<\/a> e selecione um formul\u00e1rio de acordo com seu interesse:<\/p>\n<h3>Projeto M\u00fasica para todos Teresina<\/h3>\n<p>O<em> Projeto<\/em> M\u00fasica Para Todos ao longo de seus 18 anos tem contribu\u00eddo de modo efetivo na forma\u00e7\u00e3o de milhares de crian\u00e7as, jovens e adultos.<\/p>\n<p>S\u00e3o pessoas das mais variadas classes sociais, faixas et\u00e1rias, tanto da capital como do interior do Estado, atendidas pelo projeto desenvolvido pelo Instituto Cultural Santa Rita.<\/p>\n<p>O <em>projeto<\/em> de cria\u00e7\u00e3o de grupos musicais desenvolvidos em nossa institui\u00e7\u00e3o como: Pop Para Todos, Cristhus Para Todos, Patr\u00e1sde Para Todos, Bossa Para Todos, Gonzaga\u2019s Para Todos e muitos outros, al\u00e9m dos grupos de flauta desenvolvidos nas Escolas P\u00fablicas dos bairros de Teresina como: Cidade Leste Para Todos, Renascen\u00e7a Para Todos, Cord\u00e3o Para Todos, Poty Para Todos, Pi\u00e7arreira Para Todos dentre outros, agregam alunos que se destacam em seu aprendizado e, a partir de ent\u00e3o passam a desenvolver a pr\u00e1tica de conjunto que os ajudar\u00e3o em sua futura vida profissional.<\/p>\n<h3>Hor\u00e1rio de Funcionamento M\u00fasica para todos Teresina<\/h3>\n<ul>\n<li>Segunda a Sexta das 08h \u00e0s 19:00 \/ S\u00e1bado das 08h \u00e0s 12h.<\/li>\n<\/ul>\n<h3>Onde Fica, Endere\u00e7o e Telefone Escola M\u00fasica para todos Teresina<\/h3>\n<ul>\n<li>Av. Pedro Almeida, 145 &#8211; S\u00e3o Crist\u00f3v\u00e3o &#8211; Teresina &#8211; PI<\/li>\n<li>Telefone: (86) 3233-9506<\/li>\n<\/ul>\n<h4>Outras informa\u00e7\u00f5es e site<\/h4>\n<ul>\n<li>Mais informa\u00e7\u00f5es: <a href=\"http:\/\/www.icsrita.org.br\/inscricoes\" target=\"_blank\" rel=\"noopener\">www.icsrita.org.br\/<\/a><\/li>\n<\/ul>\n<h4>Mapa de localiza\u00e7\u00e3o<\/h4>\n<a class=\"wp-colorbox-iframe\" href=\"https:\/\/www.google.com\/maps\/embed?pb=!1m14!1m8!1m3!1d15896.572655603062!2d-42.7761828!3d-5.0805333!3m2!1i1024!2i768!4f13.1!3m3!1m2!1s0x00x360f09aa705ca1d6!2sProjeto+Msica+para+Todos!5e0!3m2!1spt-BR!2sbr!4v1528385473221\"><img src=\"http:\/\/www.encontrabelohorizonte.com.br\/imgs\/maps-post.png\"><\/a>\n\n<div style=\"font-size: 0px; height: 0px; line-height: 0px; margin: 0; padding: 0; clear: both;\"><\/div>","protected":false},"excerpt":{"rendered":"<p>O M\u00fasica para todos Teresina promove ainda a uni\u00e3o entre artistas de dentro e fora do projeto. No palco da Sala Agostinho Pinto, dezenas de artistas piauienses j\u00e1 se apresentaram, sobretudo nos Recitais realizados toda semana. Esta \u00e9 mais uma oportunidade de troca de experi\u00eancias, em que o aluno pode observar na pr\u00e1tica todos os ensinamentos conquistados em sala de aula. Toda a estrutura da sede da institui\u00e7\u00e3o \u00e9 focada para o melhor formar o aluno. S\u00e3o salas climatizadas e acusticamente adaptadas, laborat\u00f3rios de pr\u00e1tica musical e instrumentos de ponta, cedidos aos alunos para atividades dentro da institui\u00e7\u00e3o e apresenta\u00e7\u00f5es <\/p>\n","protected":false},"author":1,"featured_media":0,"parent":0,"menu_order":0,"comment_status":"closed","ping_status":"closed","template":"","meta":[],"aioseo_notices":[],"_links":{"self":[{"href":"https:\/\/www.encontrateresina.com\/sobre\/wp-json\/wp\/v2\/pages\/610"}],"collection":[{"href":"https:\/\/www.encontrateresina.com\/sobre\/wp-json\/wp\/v2\/pages"}],"about":[{"href":"https:\/\/www.encontrateresina.com\/sobre\/wp-json\/wp\/v2\/types\/page"}],"author":[{"embeddable":true,"href":"https:\/\/www.encontrateresina.com\/sobre\/wp-json\/wp\/v2\/users\/1"}],"replies":[{"embeddable":true,"href":"https:\/\/www.encontrateresina.com\/sobre\/wp-json\/wp\/v2\/comments?post=610"}],"version-history":[{"count":0,"href":"https:\/\/www.encontrateresina.com\/sobre\/wp-json\/wp\/v2\/pages\/610\/revisions"}],"wp:attachment":[{"href":"https:\/\/www.encontrateresina.com\/sobre\/wp-json\/wp\/v2\/media?parent=610"}],"curies":[{"name":"wp","href":"https:\/\/api.w.org\/{rel}","templated":true}]}}