{"id":627,"date":"2018-06-07T16:21:26","date_gmt":"2018-06-07T19:21:26","guid":{"rendered":"http:\/\/www.encontrateresina.com\/sobre\/?page_id=627"},"modified":"2019-05-01T11:34:28","modified_gmt":"2019-05-01T14:34:28","slug":"secretaria-municipal-de-saude-de-teresina","status":"publish","type":"page","link":"https:\/\/www.encontrateresina.com\/sobre\/secretaria-municipal-de-saude-de-teresina\/","title":{"rendered":"Secretaria Municipal de Sa\u00fade de Teresina"},"content":{"rendered":"<div class=\"0a7f0342045e68db0e2c8d55d9616140\" data-index=\"1\" style=\"float: left; margin: 15px 15px 15px 0;\">\n<!-- EBR \/Novo-Bairro-Topo\/ 300x250 -->\r\n<ins class=\"adsbygoogle\"\r\n     style=\"display:inline-block;width:300px;height:250px\"\r\n     data-ad-client=\"ca-pub-6414922941841817\"\r\n     data-ad-slot=\"5351822287\"><\/ins>\r\n<script>\r\n(adsbygoogle = window.adsbygoogle || []).push({});\r\n<\/script>\n<\/div>\n<p>A Funda\u00e7\u00e3o Municipal de Sa\u00fade (FMS) foi criada por meio da Lei Municipal N\u00ba 1542, de 20 de junho de 1977. Inicialmente era vinculada \u00e0 antiga Secretaria de Sa\u00fade e Bem-estar Social, mas hoje \u00e9 considerada um \u00f3rg\u00e3o de administra\u00e7\u00e3o indireta, ou seja, possui autonomia administrativa e financeira.<\/p>\n<p>A <strong>Secretaria Municipal de Sa\u00fade de Teresina<\/strong> tem por objetivo o planejamento e a execu\u00e7\u00e3o da pol\u00edtica de sa\u00fade do Munic\u00edpio de Teresina, desenvolvendo atividades integradas de preven\u00e7\u00e3o, prote\u00e7\u00e3o, promo\u00e7\u00e3o e recupera\u00e7\u00e3o da sa\u00fade.<\/p>\n<p><img decoding=\"async\" loading=\"lazy\" class=\"alignnone wp-image-632 size-full\" title=\"Secretaria Municipal de Sa\u00fade de Teresina\" src=\"http:\/\/www.encontrateresina.com\/sobre\/wp-content\/uploads\/2018\/06\/secretaria-municipal-de-saude-teresina.jpg\" alt=\"Secretaria Municipal de Sa\u00fade de Teresina\" width=\"680\" height=\"189\" srcset=\"https:\/\/www.encontrateresina.com\/sobre\/wp-content\/uploads\/2018\/06\/secretaria-municipal-de-saude-teresina.jpg 680w, https:\/\/www.encontrateresina.com\/sobre\/wp-content\/uploads\/2018\/06\/secretaria-municipal-de-saude-teresina-300x83.jpg 300w\" sizes=\"(max-width: 680px) 100vw, 680px\" \/><\/p>\n<p>Inicialmente, a FMS era localizada na Rua Firmino Pires, 121, ao lado do Pal\u00e1cio da Cidade. Em dezembro de 1993 mudou-se para a Rua Governador Artur de Vasconcelos, 3015, bairro Aeroporto, onde est\u00e1 at\u00e9 os dias de hoje.<\/p>\n<p>Ao longo de sua trajet\u00f3ria, a FMS passou por algumas modifica\u00e7\u00f5es administrativas, \u00e0 medida que crescia e incorporava mais atribui\u00e7\u00f5es. Por exemplo, antes havia a figura do Superintendente da Funda\u00e7\u00e3o, que administrava junto ao presidente e era indicado pelo mesmo. Em 1990, o cargo foi substitu\u00eddo pela figura do subsecret\u00e1rio de sa\u00fade, fun\u00e7\u00e3o extinta no ano de 2004. Em 1996, como parte do processo de municipaliza\u00e7\u00e3o da sa\u00fade, a FMS assumiu a gest\u00e3o do SUS, ap\u00f3s discuss\u00f5es e ampla reforma administrativa, que resultou na extin\u00e7\u00e3o da Secretaria Municipal de Sa\u00fade e fortalecimento da Funda\u00e7\u00e3o.<\/p>\n<h2>Concurso e Edital da Secretaria Municipal de Sa\u00fade de Teresina<\/h2>\n<p>O ingresso na Secretaria Municipal de Sa\u00fade \u00e9 feito por meio de <em>concurso p\u00fablico<\/em>, divulgado em edital publicado no Di\u00e1rio Oficial.<\/p>\n<h3>Hor\u00e1rio de Funcionamento Secretaria Municipal de Sa\u00fade de Teresina<\/h3>\n<ul>\n<li>Segunda a sexta das 7h30 \u00e0s 13h30.<\/li>\n<\/ul>\n<h3>Onde Fica, Endere\u00e7o e Telefone Secretaria Municipal de Sa\u00fade de Teresina<\/h3>\n<ul>\n<li>Rua Governador Artur de Vasconcelos, 3015 &#8211; Aeroporto, Teresina &#8211; PI<\/li>\n<li>Telefone: (86) 3215-7700<\/li>\n<\/ul>\n<h4>Outras informa\u00e7\u00f5es e site<\/h4>\n<ul>\n<li>Mais informa\u00e7\u00f5es: <a href=\"http:\/\/fms.teresina.pi.gov.br\" target=\"_blank\" rel=\"noopener\">www.fms.teresina.pi.gov.br<\/a><\/li>\n<\/ul>\n<h4>Mapa de localiza\u00e7\u00e3o<\/h4>\n<a class=\"wp-colorbox-iframe\" href=\"https:\/\/www.google.com\/maps\/embed?pb=!1m14!1m8!1m3!1d15897.026783699204!2d-42.8153638!3d-5.0620892!3m2!1i1024!2i768!4f13.1!3m3!1m2!1s0x00x538a10faed175a6a!2sFundao+Municipal+de+Sade+-+FMS!5e0!3m2!1spt-BR!2sbr!4v1528381360318\"><img src=\"http:\/\/www.encontrabelohorizonte.com.br\/imgs\/maps-post.png\"><\/a>\n\n<div style=\"font-size: 0px; height: 0px; line-height: 0px; margin: 0; padding: 0; clear: both;\"><\/div>","protected":false},"excerpt":{"rendered":"<p>A Funda\u00e7\u00e3o Municipal de Sa\u00fade (FMS) foi criada por meio da Lei Municipal N\u00ba 1542, de 20 de junho de 1977. Inicialmente era vinculada \u00e0 antiga Secretaria de Sa\u00fade e Bem-estar Social, mas hoje \u00e9 considerada um \u00f3rg\u00e3o de administra\u00e7\u00e3o indireta, ou seja, possui autonomia administrativa e financeira. A Secretaria Municipal de Sa\u00fade de Teresina tem por objetivo o planejamento e a execu\u00e7\u00e3o da pol\u00edtica de sa\u00fade do Munic\u00edpio de Teresina, desenvolvendo atividades integradas de preven\u00e7\u00e3o, prote\u00e7\u00e3o, promo\u00e7\u00e3o e recupera\u00e7\u00e3o da sa\u00fade. Inicialmente, a FMS era localizada na Rua Firmino Pires, 121, ao lado do Pal\u00e1cio da Cidade. Em dezembro <\/p>\n","protected":false},"author":1,"featured_media":0,"parent":0,"menu_order":0,"comment_status":"closed","ping_status":"closed","template":"","meta":[],"aioseo_notices":[],"_links":{"self":[{"href":"https:\/\/www.encontrateresina.com\/sobre\/wp-json\/wp\/v2\/pages\/627"}],"collection":[{"href":"https:\/\/www.encontrateresina.com\/sobre\/wp-json\/wp\/v2\/pages"}],"about":[{"href":"https:\/\/www.encontrateresina.com\/sobre\/wp-json\/wp\/v2\/types\/page"}],"author":[{"embeddable":true,"href":"https:\/\/www.encontrateresina.com\/sobre\/wp-json\/wp\/v2\/users\/1"}],"replies":[{"embeddable":true,"href":"https:\/\/www.encontrateresina.com\/sobre\/wp-json\/wp\/v2\/comments?post=627"}],"version-history":[{"count":0,"href":"https:\/\/www.encontrateresina.com\/sobre\/wp-json\/wp\/v2\/pages\/627\/revisions"}],"wp:attachment":[{"href":"https:\/\/www.encontrateresina.com\/sobre\/wp-json\/wp\/v2\/media?parent=627"}],"curies":[{"name":"wp","href":"https:\/\/api.w.org\/{rel}","templated":true}]}}