{"id":634,"date":"2018-06-07T16:25:27","date_gmt":"2018-06-07T19:25:27","guid":{"rendered":"http:\/\/www.encontrateresina.com\/sobre\/?page_id=634"},"modified":"2019-05-01T11:39:47","modified_gmt":"2019-05-01T14:39:47","slug":"sesi-teresina","status":"publish","type":"page","link":"https:\/\/www.encontrateresina.com\/sobre\/sesi-teresina\/","title":{"rendered":"Sesi Teresina"},"content":{"rendered":"<div class=\"0a7f0342045e68db0e2c8d55d9616140\" data-index=\"1\" style=\"float: left; margin: 15px 15px 15px 0;\">\n<!-- EBR \/Novo-Bairro-Topo\/ 300x250 -->\r\n<ins class=\"adsbygoogle\"\r\n     style=\"display:inline-block;width:300px;height:250px\"\r\n     data-ad-client=\"ca-pub-6414922941841817\"\r\n     data-ad-slot=\"5351822287\"><\/ins>\r\n<script>\r\n(adsbygoogle = window.adsbygoogle || []).push({});\r\n<\/script>\n<\/div>\n<p>O Servi\u00e7o Social da Ind\u00fastria &#8211; SESI est\u00e1 presente na vida do trabalhador da ind\u00fastria piauiense e da sua fam\u00edlia h\u00e1 mais de seis d\u00e9cadas, atua em v\u00e1rios munic\u00edpios do estado, realiza milhares de atendimentos por ano em diversas \u00e1reas de atua\u00e7\u00e3o.<\/p>\n<p><strong>Sesi Teresina<\/strong> tem a miss\u00e3o de promover a melhoria da qualidade de vida dos trabalhadores da ind\u00fastria e seus dependentes com foco em Educa\u00e7\u00e3o, Sa\u00fade, Lazer e Responsabilidade Social .<\/p>\n<p><img decoding=\"async\" loading=\"lazy\" class=\"alignnone wp-image-636 size-full\" title=\"Sesi Teresina\" src=\"http:\/\/www.encontrateresina.com\/sobre\/wp-content\/uploads\/2018\/06\/sesi-teresina.jpg\" alt=\"Sesi Teresina\" width=\"680\" height=\"189\" srcset=\"https:\/\/www.encontrateresina.com\/sobre\/wp-content\/uploads\/2018\/06\/sesi-teresina.jpg 680w, https:\/\/www.encontrateresina.com\/sobre\/wp-content\/uploads\/2018\/06\/sesi-teresina-300x83.jpg 300w\" sizes=\"(max-width: 680px) 100vw, 680px\" \/><\/p>\n<h2>Sesi Teresina Cursos<\/h2>\n<ul>\n<li>Educa\u00e7\u00e3o Infantil- Pr\u00e9- Escola;<\/li>\n<li>Educa\u00e7\u00e3o Infantil- Pr\u00e9- Escola;<\/li>\n<li>Ensino Fundamental- 1\u00ba ao 5 \u00ba ano;<\/li>\n<li>Ensino Fundamental- 6 \u00ba ao 9 \u00ba ano;<\/li>\n<li>EJA (Educa\u00e7\u00e3o de Jovens e Adultos)- 1\u00aa a 4\u00aa serie;<\/li>\n<li>EJA (Educa\u00e7\u00e3o de Jovens e Adultos)- 5\u00aa a 8\u00aa serie;<\/li>\n<li>EJA (Educa\u00e7\u00e3o de Jovens e Adultos)- 5\u00aa a 8\u00aa serie- EBEP(Educa\u00e7\u00e3o B\u00e1sica e Educa\u00e7\u00e3o Profissional);<\/li>\n<li>EJA (Educa\u00e7\u00e3o de Jovens e Adultos)- Ensino M\u00e9dio;<\/li>\n<li>EJA (Educa\u00e7\u00e3o de Jovens e Adultos)- Ensino M\u00e9dio- EBEP;<\/li>\n<li>Cursos de Idiomas;<\/li>\n<li>Cursos de Refor\u00e7o da Educa\u00e7\u00e3o B\u00e1sica;<\/li>\n<li>Cursos de Refor\u00e7o Escolar da Educa\u00e7\u00e3o B\u00e1sica- PRONATEC;<\/li>\n<li>Cursos de Inform\u00e1tica e Inclus\u00e3o Digital;<\/li>\n<li>Cursos de Forma\u00e7\u00e3o para o Trabalho.<\/li>\n<\/ul>\n<h3>Sesi Teresina Trabalhe Conosco<\/h3>\n<p>O Sesi Teresina disponibiliza <em>vagas de trabalho<\/em> durante todo ano. Para se informar sobre os <em>processos seletivos<\/em> e se <span style=\"text-decoration: underline;\">candidatar as vagas<\/span> acompanhe o site da empresa, onde \u00e9 poss\u00edvel se informar sobre <span style=\"text-decoration: underline;\">vagas abertas<\/span>, sal\u00e1rios e compet\u00eancias necess\u00e1rias para se <em>candidatar ao processo<\/em>.<\/p>\n<h3>Sesi Teresina Sa\u00fade e Seguran\u00e7a<\/h3>\n<p>Servi\u00e7os oferecidos para as ind\u00fastrias associadas:<\/p>\n<ul>\n<li>Diagn\u00f3sticos em Promo\u00e7\u00e3o da Sa\u00fade e Estilo de Vida Saud\u00e1vel;<\/li>\n<li>Programas em SST- PCMSO e PPRA;<\/li>\n<li>Enfermagem do trabalho;<\/li>\n<li>Medicina do Trabalho;<\/li>\n<li>Enfermagem;<\/li>\n<li>Assist\u00eancia M\u00e9dica;<\/li>\n<li>Assist\u00eancia Odontol\u00f3gica;<\/li>\n<li>Outras atividades- Assist\u00eancia em Sa\u00fade;<\/li>\n<li>Outras atividades- Assist\u00eancia em Sa\u00fade- Fonoaudiologia, Nutri\u00e7\u00e3o e Psicologia;<\/li>\n<li>Exames;<\/li>\n<li>Palestras na \u00e1rea de Sa\u00fade;<\/li>\n<li>Imuniza\u00e7\u00e3o (Vacina Anti-Influenza);<\/li>\n<li>Educa\u00e7\u00e3o Continuada em SST- Cursos de CIPA.<\/li>\n<\/ul>\n<h3>Sesi Teresina A\u00e7\u00f5es Institucionais<\/h3>\n<ul>\n<li><span style=\"text-decoration: underline;\">Esporte Cidadania<\/span><br \/>\nO SESI realiza anualmente em todo o Brasil o Esporte e Cidadania, uma iniciativa conjunta com a Rede Globo para promover a\u00e7\u00f5es educativas e preventivas de sa\u00fade e o incentivo \u00e0 pr\u00e1tica esportiva para a popula\u00e7\u00e3o. Nesse dia, o SESI abre as portas de suas instala\u00e7\u00f5es em todo o pa\u00eds e oferece uma s\u00e9rie de servi\u00e7os gratuitos, em parceria com empresas.<\/li>\n<li>A\u00e7\u00e3o Global<br \/>\nSer uma porta de entrada para a cidadania. Foi com esse objetivo que, em 1995, a Rede Globo em uma parceria com o SESI criou a A\u00e7\u00e3o Global. Voltada \u00e0 presta\u00e7\u00e3o de servi\u00e7os gratuitos para a popula\u00e7\u00e3o, o projeto tamb\u00e9m \u00e9 uma fonte de informa\u00e7\u00e3o qualificada em os cidad\u00e3os reconhecem seus direitos, mas tamb\u00e9m deveres que devem cobrar e manter junto \u00e0 sociedade.<\/li>\n<li><span style=\"text-decoration: underline;\">ViraVida<\/span><br \/>\nDesenvolvido por iniciativa do Conselho Nacional do Sesi, o programa ViraVida busca promover a eleva\u00e7\u00e3o da auto-estima e da escolaridade dos adolescentes e jovens participantes, para que desvendem o pr\u00f3prio potencial e assim conquistem autonomia. O processo s\u00f3cio educativo est\u00e1 baseado em cursos profissionalizantes constru\u00eddos a partir do alinhamento entre a demanda de cada mercado, o perfil e as expectativas desses adolescentes e jovens. Os cursos contemplam a necessidade de integra\u00e7\u00e3o entre forma\u00e7\u00e3o profissional, educa\u00e7\u00e3o b\u00e1sica, no\u00e7\u00f5es de autogest\u00e3o.<\/li>\n<li><span style=\"text-decoration: underline;\">Cozinha Brasil<\/span><br \/>\nAo combinar qualidade, economia e sabor para uma boa refei\u00e7\u00e3o o programa Cozinha Brasil ensina \u00e0 popula\u00e7\u00e3o a preparar os alimentos de forma inteligente e sem desperd\u00edcio.<\/li>\n<li><span style=\"text-decoration: underline;\">Semana de Promo\u00e7\u00e3o da Vida Saud\u00e1vel<\/span><br \/>\nA Semana de Promo\u00e7\u00e3o da Vida Saud\u00e1vel do SESI \u00e9 voltada para o trabalhador da ind\u00fastria e seus dependentes. As atividades programadas v\u00e3o incentivar o trabalhador a adotar um estilo de vida mais saud\u00e1vel. A iniciativa tamb\u00e9m pretende apresentar para a ind\u00fastria as melhores formas de investir no lazer como estrat\u00e9gia de aumento da produtividade.<\/li>\n<\/ul>\n<h3>Onde Fica, Endere\u00e7o e Telefone Escola Sesi Teresina<\/h3>\n<ul>\n<li>Av. Industrial Gil Martins, 1810 &#8211; Reden\u00e7\u00e3o, Teresina &#8211; PI<\/li>\n<li>Telefone: (86) 3218-2216<\/li>\n<\/ul>\n<h4>Outras informa\u00e7\u00f5es e site<\/h4>\n<ul>\n<li>Mais informa\u00e7\u00f5es: <a href=\"http:\/\/www.fiepi.com.br\/sesi\" target=\"_blank\" rel=\"noopener\">www.fiepi.com.br\/sesi<\/a><\/li>\n<\/ul>\n<h4>Mapa de localiza\u00e7\u00e3o<\/h4>\n<a class=\"wp-colorbox-iframe\" href=\"https:\/\/www.google.com\/maps\/embed?pb=!1m19!1m8!1m3!1d15895.683723976324!2d-42.7961991!3d-5.1164447!3m2!1i1024!2i768!4f13.1!4m8!3e3!4m0!4m5!1s0x78e37242e2a8d7f0xcaf2084f4924769d!2sSESI-Servio+Social+da+Indstria+-+Av.+Industrial+Gil+Martins+1810+-+Redeno+Teresina+-+PI+64019-630!3m2!1d-5.1164447!2d-42.796199099999995!5e0!3m2!1spt-BR!2sbr!4v1528390918247\"><img src=\"http:\/\/www.encontrabelohorizonte.com.br\/imgs\/maps-post.png\"><\/a>\n\n<div style=\"font-size: 0px; height: 0px; line-height: 0px; margin: 0; padding: 0; clear: both;\"><\/div>","protected":false},"excerpt":{"rendered":"<p>O Servi\u00e7o Social da Ind\u00fastria &#8211; SESI est\u00e1 presente na vida do trabalhador da ind\u00fastria piauiense e da sua fam\u00edlia h\u00e1 mais de seis d\u00e9cadas, atua em v\u00e1rios munic\u00edpios do estado, realiza milhares de atendimentos por ano em diversas \u00e1reas de atua\u00e7\u00e3o. Sesi Teresina tem a miss\u00e3o de promover a melhoria da qualidade de vida dos trabalhadores da ind\u00fastria e seus dependentes com foco em Educa\u00e7\u00e3o, Sa\u00fade, Lazer e Responsabilidade Social . Sesi Teresina Cursos Educa\u00e7\u00e3o Infantil- Pr\u00e9- Escola; Educa\u00e7\u00e3o Infantil- Pr\u00e9- Escola; Ensino Fundamental- 1\u00ba ao 5 \u00ba ano; Ensino Fundamental- 6 \u00ba ao 9 \u00ba ano; EJA (Educa\u00e7\u00e3o <\/p>\n","protected":false},"author":1,"featured_media":0,"parent":0,"menu_order":0,"comment_status":"closed","ping_status":"closed","template":"","meta":[],"aioseo_notices":[],"_links":{"self":[{"href":"https:\/\/www.encontrateresina.com\/sobre\/wp-json\/wp\/v2\/pages\/634"}],"collection":[{"href":"https:\/\/www.encontrateresina.com\/sobre\/wp-json\/wp\/v2\/pages"}],"about":[{"href":"https:\/\/www.encontrateresina.com\/sobre\/wp-json\/wp\/v2\/types\/page"}],"author":[{"embeddable":true,"href":"https:\/\/www.encontrateresina.com\/sobre\/wp-json\/wp\/v2\/users\/1"}],"replies":[{"embeddable":true,"href":"https:\/\/www.encontrateresina.com\/sobre\/wp-json\/wp\/v2\/comments?post=634"}],"version-history":[{"count":0,"href":"https:\/\/www.encontrateresina.com\/sobre\/wp-json\/wp\/v2\/pages\/634\/revisions"}],"wp:attachment":[{"href":"https:\/\/www.encontrateresina.com\/sobre\/wp-json\/wp\/v2\/media?parent=634"}],"curies":[{"name":"wp","href":"https:\/\/api.w.org\/{rel}","templated":true}]}}