{"id":660,"date":"2018-06-07T16:46:18","date_gmt":"2018-06-07T19:46:18","guid":{"rendered":"http:\/\/www.encontrateresina.com\/sobre\/?page_id=660"},"modified":"2019-05-01T11:52:10","modified_gmt":"2019-05-01T14:52:10","slug":"setut-teresina-2","status":"publish","type":"page","link":"https:\/\/www.encontrateresina.com\/sobre\/setut-teresina-2\/","title":{"rendered":"Setut Teresina"},"content":{"rendered":"<div class=\"0a7f0342045e68db0e2c8d55d9616140\" data-index=\"1\" style=\"float: left; margin: 15px 15px 15px 0;\">\n<!-- EBR \/Novo-Bairro-Topo\/ 300x250 -->\r\n<ins class=\"adsbygoogle\"\r\n     style=\"display:inline-block;width:300px;height:250px\"\r\n     data-ad-client=\"ca-pub-6414922941841817\"\r\n     data-ad-slot=\"5351822287\"><\/ins>\r\n<script>\r\n(adsbygoogle = window.adsbygoogle || []).push({});\r\n<\/script>\n<\/div>\n<p>O <strong>Setut Teresina<\/strong> \u2013 Sindicato das Empresas de Transportes Urbanos de Passageiros de Teresina \u2013 \u00e9 a entidade que congrega as empresas de \u00f4nibus urbanos que operam na capital piauiense.<\/p>\n<p>Tem como principal fun\u00e7\u00e3o organizar o sistema de transporte coletivo para atender bem a popula\u00e7\u00e3o, al\u00e9m de representar os interesses das empresas junto \u00e0 sociedade.<\/p>\n<p><img decoding=\"async\" loading=\"lazy\" class=\"alignnone wp-image-656 size-full\" title=\"Setut Teresina\" src=\"http:\/\/www.encontrateresina.com\/sobre\/wp-content\/uploads\/2018\/06\/setut-teresina.jpg\" alt=\"Setut Teresina\" width=\"680\" height=\"189\" srcset=\"https:\/\/www.encontrateresina.com\/sobre\/wp-content\/uploads\/2018\/06\/setut-teresina.jpg 680w, https:\/\/www.encontrateresina.com\/sobre\/wp-content\/uploads\/2018\/06\/setut-teresina-300x83.jpg 300w\" sizes=\"(max-width: 680px) 100vw, 680px\" \/><\/p>\n<p>O Setut possui 13 empresas associadas. Juntas, elas empregam cerca de tr\u00eas mil pessoas, e oferecem aproximadamente 90 linhas de \u00f4nibus urbanos. No Sindicato, 80 funcion\u00e1rios trabalham para garantir o perfeito funcionamento das empresas de \u00f4nibus associadas, e o atendimento \u00e0 popula\u00e7\u00e3o.<\/p>\n<p>O desenvolvimento da entidade \u00e9 compat\u00edvel com o crescimento das empresas que a constituem. A cada ano, o Setut se mostra mais atuante, investindo na qualifica\u00e7\u00e3o de motoristas e cobradores, na manuten\u00e7\u00e3o da frota, na aquisi\u00e7\u00e3o de tecnologia que permita um sistema seguro e eficiente, e contribuindo dia a dia para a melhoria no sistema de transportes coletivos de Teresina.<\/p>\n<p>Entre outras fun\u00e7\u00f5es, os funcion\u00e1rios do Setut s\u00e3o respons\u00e1veis pela venda de vales-transportes e de cr\u00e9ditos eletr\u00f4nicos; e pelo monitoramento do sistema de seguran\u00e7a instalado nos \u00f4nibus com c\u00e2meras de v\u00eddeo e pelo atendimento aos usu\u00e1rios, que t\u00eam na entidade um canal de acesso as empresas.<\/p>\n<p>Para facilitar a comunica\u00e7\u00e3o, o Setut disponibiliza o servi\u00e7o de DDG (Discagem Direta Gratuita), atrav\u00e9s do n\u00famero 0800-86-1010. Em hor\u00e1rio comercial, funcion\u00e1rios treinados para identificar os anseios dos passageiros recebem reclama\u00e7\u00f5es e sugest\u00f5es. Relat\u00f3rios com as opini\u00f5es e queixas s\u00e3o encaminhadas \u00e0s empresas para que o servi\u00e7o seja constantemente melhorado.<\/p>\n<p><strong>Vis\u00e3o<\/strong><br \/>\nQuer ser reconhecidos nacionalmente como empresa refer\u00eancia em modelo de gest\u00e3o, ambiente de trabalho e relacionamento com o poder p\u00fablico e a sociedade.<\/p>\n<p>Chegar\u00a0 l\u00e1 recrutando, treinando, mantendo pessoas excelentes, antecipando-nos \u00e0s necessidades dos clientes e investindo em a\u00e7\u00f5es de responsabilidade s\u00f3cio-ambiental.<\/p>\n<p><strong>Miss\u00e3o<\/strong><br \/>\nOferecer servi\u00e7os e solu\u00e7\u00f5es para satisfazer clientes e governo, com alto padr\u00e3o de excel\u00eancia e tecnologia contribuindo para a melhoria do transporte coletivo de passageiros, qualidade de vida dos colaboradores e da sociedade.<\/p>\n<h2>Setut Teresina Carteira de Estudante<\/h2>\n<p>A <em>carteira eletr\u00f4nica unificada<\/em> dispensa o uso da <em>tradicional carteira estudantil e do cart\u00e3o Mais F\u00e1cil<\/em>. Com ela, \u00e9 poss\u00edvel desfrutar de todas as vantagens previstas em lei para os estudantes.<\/p>\n<h3>Setut Teresina Agendamento<\/h3>\n<p>Todos os servi\u00e7os devem ser <em>agendados<\/em> pelo telefone (86) 3214-5610.<\/p>\n<h3>Setut Teresina Vale Transporte<\/h3>\n<p>Com a implanta\u00e7\u00e3o da <em>bilhetagem eletr\u00f4nica<\/em> em Teresina, a sua empresa passou a contar com mais facilidade e seguran\u00e7a atrav\u00e9s da nova ferramenta de <em>compra de vale-transporte VT Mais F\u00e1cil.<\/em><\/p>\n<h3>Hor\u00e1rio de Funcionamento Setut Teresina<\/h3>\n<ul>\n<li>Segunda a sexta das 07h30 \u00e1s 17h<\/li>\n<\/ul>\n<h3>Onde Fica, Endere\u00e7o e Telefone Setut Teresina<\/h3>\n<ul>\n<li>Av. Maranh\u00e3o, 28 &#8211; Centro (Sul) &#8211; Teresina &#8211; PI<\/li>\n<li>Telefone: (86) 3214-5600<\/li>\n<\/ul>\n<h4>Outras informa\u00e7\u00f5es e site<\/h4>\n<ul>\n<li>Mais informa\u00e7\u00f5es: <a href=\"http:\/\/www.setut.com.br\/\" target=\"_blank\" rel=\"noopener noreferrer\">www.setut.com.br<\/a><\/li>\n<\/ul>\n<h4>Mapa de localiza\u00e7\u00e3o<\/h4>\n<a class=\"wp-colorbox-iframe\" href=\"https:\/\/www.google.com\/maps\/embed?pb=!1m14!1m8!1m3!1d15896.249534053279!2d-42.8179277!3d-5.0936161!3m2!1i1024!2i768!4f13.1!3m3!1m2!1s0x00xbe499540de2d2599!2sSETUT+-+Sindicato+das+Empresas+de+Transportes+Urbanos+de+Passageiros+de+Teresina!5e0!3m2!1spt-BR!2sbr!4v1528392563580\"><img src=\"http:\/\/www.encontrabelohorizonte.com.br\/imgs\/maps-post.png\"><\/a>\n\n<div style=\"font-size: 0px; height: 0px; line-height: 0px; margin: 0; padding: 0; clear: both;\"><\/div>","protected":false},"excerpt":{"rendered":"<p>O Setut Teresina \u2013 Sindicato das Empresas de Transportes Urbanos de Passageiros de Teresina \u2013 \u00e9 a entidade que congrega as empresas de \u00f4nibus urbanos que operam na capital piauiense. Tem como principal fun\u00e7\u00e3o organizar o sistema de transporte coletivo para atender bem a popula\u00e7\u00e3o, al\u00e9m de representar os interesses das empresas junto \u00e0 sociedade. O Setut possui 13 empresas associadas. Juntas, elas empregam cerca de tr\u00eas mil pessoas, e oferecem aproximadamente 90 linhas de \u00f4nibus urbanos. No Sindicato, 80 funcion\u00e1rios trabalham para garantir o perfeito funcionamento das empresas de \u00f4nibus associadas, e o atendimento \u00e0 popula\u00e7\u00e3o. O desenvolvimento da <\/p>\n","protected":false},"author":1,"featured_media":0,"parent":0,"menu_order":0,"comment_status":"closed","ping_status":"closed","template":"","meta":[],"aioseo_notices":[],"_links":{"self":[{"href":"https:\/\/www.encontrateresina.com\/sobre\/wp-json\/wp\/v2\/pages\/660"}],"collection":[{"href":"https:\/\/www.encontrateresina.com\/sobre\/wp-json\/wp\/v2\/pages"}],"about":[{"href":"https:\/\/www.encontrateresina.com\/sobre\/wp-json\/wp\/v2\/types\/page"}],"author":[{"embeddable":true,"href":"https:\/\/www.encontrateresina.com\/sobre\/wp-json\/wp\/v2\/users\/1"}],"replies":[{"embeddable":true,"href":"https:\/\/www.encontrateresina.com\/sobre\/wp-json\/wp\/v2\/comments?post=660"}],"version-history":[{"count":0,"href":"https:\/\/www.encontrateresina.com\/sobre\/wp-json\/wp\/v2\/pages\/660\/revisions"}],"wp:attachment":[{"href":"https:\/\/www.encontrateresina.com\/sobre\/wp-json\/wp\/v2\/media?parent=660"}],"curies":[{"name":"wp","href":"https:\/\/api.w.org\/{rel}","templated":true}]}}