{"id":704,"date":"2018-06-15T16:48:32","date_gmt":"2018-06-15T19:48:32","guid":{"rendered":"http:\/\/www.encontrateresina.com\/sobre\/?page_id=704"},"modified":"2019-05-02T10:08:21","modified_gmt":"2019-05-02T13:08:21","slug":"prefeitura-de-teresina","status":"publish","type":"page","link":"https:\/\/www.encontrateresina.com\/sobre\/prefeitura-de-teresina\/","title":{"rendered":"Prefeitura de Teresina"},"content":{"rendered":"<div class=\"0a7f0342045e68db0e2c8d55d9616140\" data-index=\"1\" style=\"float: left; margin: 15px 15px 15px 0;\">\n<!-- EBR \/Novo-Bairro-Topo\/ 300x250 -->\r\n<ins class=\"adsbygoogle\"\r\n     style=\"display:inline-block;width:300px;height:250px\"\r\n     data-ad-client=\"ca-pub-6414922941841817\"\r\n     data-ad-slot=\"5351822287\"><\/ins>\r\n<script>\r\n(adsbygoogle = window.adsbygoogle || []).push({});\r\n<\/script>\n<\/div>\n<p>O Pal\u00e1cio da Cidade de Teresina \u00e9 um pal\u00e1cio onde, desde 1984, funciona a sede da <strong>Prefeitura de Teresina<\/strong>, capital do estado brasileiro do Piau\u00ed.<\/p>\n<p>Trata-se de uma das mais antigas edifica\u00e7\u00f5es da cidade, onde antigamente funcionava a Escola Normal do Piau\u00ed. A sua constru\u00e7\u00e3o foi iniciada em 1920 e conclu\u00edda em 1924.<\/p>\n<p><img decoding=\"async\" loading=\"lazy\" class=\"alignnone wp-image-706 size-full\" title=\"Prefeitura de Teresina\" src=\"http:\/\/www.encontrateresina.com\/sobre\/wp-content\/uploads\/2018\/06\/prefeitura-de-teresina.jpg\" alt=\"Prefeitura de Teresina\" width=\"680\" height=\"189\" srcset=\"https:\/\/www.encontrateresina.com\/sobre\/wp-content\/uploads\/2018\/06\/prefeitura-de-teresina.jpg 680w, https:\/\/www.encontrateresina.com\/sobre\/wp-content\/uploads\/2018\/06\/prefeitura-de-teresina-300x83.jpg 300w\" sizes=\"(max-width: 680px) 100vw, 680px\" \/><\/p>\n<p>De inspira\u00e7\u00e3o Greco-Romana, \u00e9 um belo edif\u00edcio neocl\u00e1ssico com escadarias e lumin\u00e1rias em sua entrada, cuja fachada exibe uma balaustrada superior e colunas J\u00f4nicas, com bala\u00fastres tamb\u00e9m em suas janelas.<\/p>\n<h2>Prefeitura de Teresina Iptu<\/h2>\n<p>\u00c9 um investimento que o cidad\u00e3o faz na cidade. \u00c9 o<em> imposto incidente sobre a propriedade<\/em>, o dom\u00ednio \u00fatil ou a posse de todos os bens im\u00f3veis, edificados (residenciais e n\u00e3o residenciais) ou n\u00e3o edificados (terrenos), situados nas zonas urbana e de expans\u00e3o urbana do Munic\u00edpio de Teresina.<\/p>\n<h3>Prefeitura de Teresina Nota Fiscal<\/h3>\n<p>A<em> Nota Fiscal de Servi\u00e7os Eletr\u00f4nica &#8211; NFS-e<\/em> \u00e9 o documento fiscal de exist\u00eancia apenas digital que substituir\u00e1 as tradicionais notas fiscais de servi\u00e7os impressas. A <em>NFS-e<\/em>, implantada pela Secretaria Municipal de Finan\u00e7as, ser\u00e1 emitida e armazenada eletronicamente em programa de computador da Prefeitura do Munic\u00edpio de Teresina, com o objetivo de materializar os fatos geradores do ISSQN \u2013 Imposto Sobre Servi\u00e7os de Qualquer Natureza, por meio do registro eletr\u00f4nico das presta\u00e7\u00f5es de servi\u00e7os sujeitas \u00e0 tributa\u00e7\u00e3o do ISSQN.<\/p>\n<h3>Prefeitura de Teresina Concurso<\/h3>\n<p>A Prefeitura realiza periodicamente <em>concursos p\u00fablicos<\/em> da Prefeitura de Teresina com oportunidades para diversos cargos. O primeiro passo para a abertura \u00e9 divulgado no Di\u00e1rio Oficial da Prefeitura de Teresina, que \u00e9 a constitui\u00e7\u00e3o da comiss\u00e3o do certame. No documento constar\u00e1 as chances de cada setor e a escolaridade exigida de cada pessoa para o concurso da prefeitura de Teresina.<\/p>\n<p>Para acompanhar o andamento e obter maiores informa\u00e7\u00f5es sobre vagas, consulte o site da Prefeitura de Teresina com cronogramas e outras especificidades dos <em>concursos p\u00fablicos e processos seletivos<\/em> que ocorrem.<\/p>\n<h3>Prefeitura de Teresina Recadastramento<\/h3>\n<p>Mais informa\u00e7\u00f5es atrav\u00e9s do site: <a href=\"http:\/\/ipmt.teresina.pi.gov.br\" target=\"_blank\" rel=\"noopener\">ipmt.teresina.pi.gov.br<\/a> ou pelo Fone: (86) 3194-8484.<\/p>\n<h3>Hor\u00e1rio de Funcionamento Prefeitura de Teresina<\/h3>\n<ul>\n<li>Segunda a sexta das 7h30 \u00e0s 18h<\/li>\n<\/ul>\n<h3>Onde Fica, Endere\u00e7o e Telefone Prefeitura de Teresina<\/h3>\n<ul>\n<li>Pca Marechal Deodoro da Fonseca, 860 &#8211; Teresina &#8211; PI<\/li>\n<li>Telefone: (86) 3215-7512<\/li>\n<\/ul>\n<h4>Outras informa\u00e7\u00f5es e site<\/h4>\n<ul>\n<li>Mais informa\u00e7\u00f5es: <a href=\"http:\/\/prefeituradeteresina.com.br\" target=\"_blank\" rel=\"noopener\">www.prefeituradeteresina.com.br<\/a><\/li>\n<\/ul>\n<h4>Mapa de localiza\u00e7\u00e3o<\/h4>\n<a class=\"wp-colorbox-iframe\" href=\"https:\/\/www.google.com\/maps\/embed?pb=!1m18!1m12!1m3!1d15896.325355321063!2d-42.82546083022461!3d-5.090549199999993!2m3!1f0!2f0!3f0!3m2!1i1024!2i768!4f13.1!3m3!1m2!1s0x78e39e1de28f6410xfbf0ace860571b61!2sPrefeitura+Municipal+de+Teresina+Secretaria+Municipal+Extraordinria+de+Projetos+Estruturantes+Geral!5e0!3m2!1spt-BR!2sbr!4v1529088747534\"><img src=\"http:\/\/www.encontrabelohorizonte.com.br\/imgs\/maps-post.png\"><\/a>\n\n<div style=\"font-size: 0px; height: 0px; line-height: 0px; margin: 0; padding: 0; clear: both;\"><\/div>","protected":false},"excerpt":{"rendered":"<p>O Pal\u00e1cio da Cidade de Teresina \u00e9 um pal\u00e1cio onde, desde 1984, funciona a sede da Prefeitura de Teresina, capital do estado brasileiro do Piau\u00ed. Trata-se de uma das mais antigas edifica\u00e7\u00f5es da cidade, onde antigamente funcionava a Escola Normal do Piau\u00ed. A sua constru\u00e7\u00e3o foi iniciada em 1920 e conclu\u00edda em 1924. De inspira\u00e7\u00e3o Greco-Romana, \u00e9 um belo edif\u00edcio neocl\u00e1ssico com escadarias e lumin\u00e1rias em sua entrada, cuja fachada exibe uma balaustrada superior e colunas J\u00f4nicas, com bala\u00fastres tamb\u00e9m em suas janelas. Prefeitura de Teresina Iptu \u00c9 um investimento que o cidad\u00e3o faz na cidade. \u00c9 o imposto incidente <\/p>\n","protected":false},"author":1,"featured_media":0,"parent":0,"menu_order":0,"comment_status":"closed","ping_status":"closed","template":"","meta":[],"aioseo_notices":[],"_links":{"self":[{"href":"https:\/\/www.encontrateresina.com\/sobre\/wp-json\/wp\/v2\/pages\/704"}],"collection":[{"href":"https:\/\/www.encontrateresina.com\/sobre\/wp-json\/wp\/v2\/pages"}],"about":[{"href":"https:\/\/www.encontrateresina.com\/sobre\/wp-json\/wp\/v2\/types\/page"}],"author":[{"embeddable":true,"href":"https:\/\/www.encontrateresina.com\/sobre\/wp-json\/wp\/v2\/users\/1"}],"replies":[{"embeddable":true,"href":"https:\/\/www.encontrateresina.com\/sobre\/wp-json\/wp\/v2\/comments?post=704"}],"version-history":[{"count":0,"href":"https:\/\/www.encontrateresina.com\/sobre\/wp-json\/wp\/v2\/pages\/704\/revisions"}],"wp:attachment":[{"href":"https:\/\/www.encontrateresina.com\/sobre\/wp-json\/wp\/v2\/media?parent=704"}],"curies":[{"name":"wp","href":"https:\/\/api.w.org\/{rel}","templated":true}]}}