{"id":707,"date":"2018-06-15T16:50:47","date_gmt":"2018-06-15T19:50:47","guid":{"rendered":"http:\/\/www.encontrateresina.com\/sobre\/?page_id=707"},"modified":"2019-05-02T10:09:20","modified_gmt":"2019-05-02T13:09:20","slug":"sest-senat-teresina","status":"publish","type":"page","link":"https:\/\/www.encontrateresina.com\/sobre\/sest-senat-teresina\/","title":{"rendered":"Sest Senat Teresina"},"content":{"rendered":"<div class=\"0a7f0342045e68db0e2c8d55d9616140\" data-index=\"1\" style=\"float: left; margin: 15px 15px 15px 0;\">\n<!-- EBR \/Novo-Bairro-Topo\/ 300x250 -->\r\n<ins class=\"adsbygoogle\"\r\n     style=\"display:inline-block;width:300px;height:250px\"\r\n     data-ad-client=\"ca-pub-6414922941841817\"\r\n     data-ad-slot=\"5351822287\"><\/ins>\r\n<script>\r\n(adsbygoogle = window.adsbygoogle || []).push({});\r\n<\/script>\n<\/div>\n<p>O <strong>Sest Senat Teresina<\/strong> conhece os seus desafios e est\u00e1 ao seu lado para promover um transporte com ainda mais seguran\u00e7a, efici\u00eancia e qualidade.<\/p>\n<p>Por isso, desenvolve, juntamente com a Confedera\u00e7\u00e3o Nacional do Transporte, o Programa CNT SEST SENAT de Preven\u00e7\u00e3o de Acidentes, uma grande iniciativa que ir\u00e1 ao encontro dos profissionais do transporte em todo o Brasil, onde quer que estejam.<\/p>\n<p><img decoding=\"async\" loading=\"lazy\" class=\"alignnone wp-image-709 size-full\" title=\"Sest Senat Teresina\" src=\"http:\/\/www.encontrateresina.com\/sobre\/wp-content\/uploads\/2018\/06\/sest-senat-teresina.jpg\" alt=\"Sest Senat Teresina\" width=\"680\" height=\"189\" srcset=\"https:\/\/www.encontrateresina.com\/sobre\/wp-content\/uploads\/2018\/06\/sest-senat-teresina.jpg 680w, https:\/\/www.encontrateresina.com\/sobre\/wp-content\/uploads\/2018\/06\/sest-senat-teresina-300x83.jpg 300w\" sizes=\"(max-width: 680px) 100vw, 680px\" \/><\/p>\n<h3>Sest Senat Teresina Consultas e Exames<\/h3>\n<p>As <em>cl\u00ednicas<\/em> ser\u00e3o respons\u00e1veis por realizar os <em>exames m\u00e9dicos e psicol\u00f3gicos<\/em> necess\u00e1rio \u00e0 obten\u00e7\u00e3o ou mudan\u00e7a de categoria de CNH, para atender aos benefici\u00e1rios dos projetos.<\/p>\n<p>Poder\u00e3o ser credenciadas todas as c<em>l\u00ednicas m\u00e9dicas e psicol\u00f3gicas<\/em>, de acordo com o que estabelece o artigo 148 do C\u00f3digo de Tr\u00e2nsito Brasileiro (CTB), e que atendam \u00e0s seguintes condi\u00e7\u00f5es:<\/p>\n<p>Estejam devidamente credenciados pelo \u00f3rg\u00e3o ou entidade executiva de tr\u00e2nsito do Estado ou do Distrito Federal;<br \/>\nN\u00e3o estejam impedidos ou suspensos para o exerc\u00edcio das atividades pertinentes;<br \/>\nN\u00e3o possuam, em seu quadro administrativo ou de s\u00f3cios, diretores, respons\u00e1veis legais ou t\u00e9cnicos, empregados ou ocupantes de cargo comissionado do SEST ou do SENAT.<br \/>\nN\u00e3o se encontrem sob fal\u00eancia e concordata, concurso de credores, dissolu\u00e7\u00e3o, liquida\u00e7\u00e3o, em processo de recupera\u00e7\u00e3o judicial ou extrajudicial ou em regime de cons\u00f3rcio, qualquer que seja sua forma de constitui\u00e7\u00e3o.<\/p>\n<h3>Sest Senat Teresina Carteira de Habilita\u00e7\u00e3o<\/h3>\n<p>O projeto Primeira <em>Habilita\u00e7\u00e3o<\/em> para o Transporte \u2013 CNH Social foi criado com a inten\u00e7\u00e3o de conceder a <em>Carteira Nacional de Habilita\u00e7\u00e3o (CNH)<\/em>, categoria B, para jovens de baixa renda, ampliando a empregabilidade e qualificando-os em curso espec\u00edfico para ingresso no mercado de trabalho e atua\u00e7\u00e3o no setor de transporte. Esse projeto \u00e9 totalmente financiado pelo SEST SENAT, sem custos para os selecionados.<\/p>\n<h3>Hor\u00e1rio de Funcionamento Sest Senat Teresina<\/h3>\n<ul>\n<li>Segunda a sexta das 8h \u00e0s 17h50<\/li>\n<\/ul>\n<h3>Onde Fica, Endere\u00e7o e Telefone Sest Senat Teresina<\/h3>\n<ul>\n<li>R. Barroso, 620 &#8211; Centro (Norte), Teresina &#8211; PI<\/li>\n<li>Telefone: (86) 2107-0888<\/li>\n<\/ul>\n<h4>Outras informa\u00e7\u00f5es e site<\/h4>\n<ul>\n<li>Mais informa\u00e7\u00f5es: <a href=\"http:\/\/www.sestsenat.org.br\" target=\"_blank\" rel=\"noopener\">www.sestsenat.org.br<\/a><\/li>\n<\/ul>\n<h4>Mapa de localiza\u00e7\u00e3o<\/h4>\n<a class=\"wp-colorbox-iframe\" href=\"https:\/\/www.google.com\/maps\/embed?pb=!1m14!1m8!1m3!1d15896.408009852103!2d-42.8165323!3d-5.0872038!3m2!1i1024!2i768!4f13.1!3m3!1m2!1s0x00xeaf355464687fd22!2sSest+Senat!5e0!3m2!1spt-BR!2sbr!4v1529086894794\"><img src=\"http:\/\/www.encontrabelohorizonte.com.br\/imgs\/maps-post.png\"><\/a>\n\n<div style=\"font-size: 0px; height: 0px; line-height: 0px; margin: 0; padding: 0; clear: both;\"><\/div>","protected":false},"excerpt":{"rendered":"<p>O Sest Senat Teresina conhece os seus desafios e est\u00e1 ao seu lado para promover um transporte com ainda mais seguran\u00e7a, efici\u00eancia e qualidade. Por isso, desenvolve, juntamente com a Confedera\u00e7\u00e3o Nacional do Transporte, o Programa CNT SEST SENAT de Preven\u00e7\u00e3o de Acidentes, uma grande iniciativa que ir\u00e1 ao encontro dos profissionais do transporte em todo o Brasil, onde quer que estejam. Sest Senat Teresina Consultas e Exames As cl\u00ednicas ser\u00e3o respons\u00e1veis por realizar os exames m\u00e9dicos e psicol\u00f3gicos necess\u00e1rio \u00e0 obten\u00e7\u00e3o ou mudan\u00e7a de categoria de CNH, para atender aos benefici\u00e1rios dos projetos. Poder\u00e3o ser credenciadas todas as cl\u00ednicas <\/p>\n","protected":false},"author":1,"featured_media":0,"parent":0,"menu_order":0,"comment_status":"closed","ping_status":"closed","template":"","meta":[],"aioseo_notices":[],"_links":{"self":[{"href":"https:\/\/www.encontrateresina.com\/sobre\/wp-json\/wp\/v2\/pages\/707"}],"collection":[{"href":"https:\/\/www.encontrateresina.com\/sobre\/wp-json\/wp\/v2\/pages"}],"about":[{"href":"https:\/\/www.encontrateresina.com\/sobre\/wp-json\/wp\/v2\/types\/page"}],"author":[{"embeddable":true,"href":"https:\/\/www.encontrateresina.com\/sobre\/wp-json\/wp\/v2\/users\/1"}],"replies":[{"embeddable":true,"href":"https:\/\/www.encontrateresina.com\/sobre\/wp-json\/wp\/v2\/comments?post=707"}],"version-history":[{"count":0,"href":"https:\/\/www.encontrateresina.com\/sobre\/wp-json\/wp\/v2\/pages\/707\/revisions"}],"wp:attachment":[{"href":"https:\/\/www.encontrateresina.com\/sobre\/wp-json\/wp\/v2\/media?parent=707"}],"curies":[{"name":"wp","href":"https:\/\/api.w.org\/{rel}","templated":true}]}}