{"id":710,"date":"2018-06-15T16:53:50","date_gmt":"2018-06-15T19:53:50","guid":{"rendered":"http:\/\/www.encontrateresina.com\/sobre\/?page_id=710"},"modified":"2019-05-02T10:16:22","modified_gmt":"2019-05-02T13:16:22","slug":"teresina-shopping","status":"publish","type":"page","link":"https:\/\/www.encontrateresina.com\/sobre\/teresina-shopping\/","title":{"rendered":"Teresina Shopping"},"content":{"rendered":"<div class=\"0a7f0342045e68db0e2c8d55d9616140\" data-index=\"1\" style=\"float: left; margin: 15px 15px 15px 0;\">\n<!-- EBR \/Novo-Bairro-Topo\/ 300x250 -->\r\n<ins class=\"adsbygoogle\"\r\n     style=\"display:inline-block;width:300px;height:250px\"\r\n     data-ad-client=\"ca-pub-6414922941841817\"\r\n     data-ad-slot=\"5351822287\"><\/ins>\r\n<script>\r\n(adsbygoogle = window.adsbygoogle || []).push({});\r\n<\/script>\n<\/div>\n<p><strong>Teresina Shopping<\/strong> oferece um ambiente amplo, possui grandes lojas e \u00e9 uma \u00f3tima uma op\u00e7\u00e3o para entretenimento.<\/p>\n<p>Possui diversas entradas e f\u00e1cil acesso.<\/p>\n<p><img decoding=\"async\" loading=\"lazy\" class=\"alignnone wp-image-712 size-full\" title=\"Teresina Shopping\" src=\"http:\/\/www.encontrateresina.com\/sobre\/wp-content\/uploads\/2018\/06\/teresina-shopping.jpg\" alt=\"Teresina Shopping\" width=\"680\" height=\"189\" srcset=\"https:\/\/www.encontrateresina.com\/sobre\/wp-content\/uploads\/2018\/06\/teresina-shopping.jpg 680w, https:\/\/www.encontrateresina.com\/sobre\/wp-content\/uploads\/2018\/06\/teresina-shopping-300x83.jpg 300w\" sizes=\"(max-width: 680px) 100vw, 680px\" \/><\/p>\n<p>O Teresina Shopping foi inaugurado em 27 de abril de 1997 e transformou cen\u00e1rio socioecon\u00f4mico e cultural de toda uma regi\u00e3o.<\/p>\n<p>Desde ent\u00e3o, a cidade de Teresina vem crescendo, tornando-se geradora de tend\u00eancias e centro de excel\u00eancia em diversas \u00e1reas.<\/p>\n<p>O Teresina Shopping teve uma grande influ\u00eancia nesse resultado, devido \u00e0 sua vis\u00e3o cosmopolita e de apoio permanente \u00e0 arte, \u00e0 cultura, ao esporte e \u00e0s manifesta\u00e7\u00f5es culturais de toda ordem.<\/p>\n<h2>Teresina Shopping Lojas<\/h2>\n<ul>\n<li>1+1<\/li>\n<li>AdjiMan<\/li>\n<li>AdLifeStyle<\/li>\n<li>Aleatory<\/li>\n<li>Alphabeto<\/li>\n<li>Blackout<\/li>\n<li>Bransk<\/li>\n<li>Brooksfield<\/li>\n<li>Buxudas<\/li>\n<li>BVRPlusSize<\/li>\n<li>C&amp;A<\/li>\n<li>Cant\u00e3o<\/li>\n<li>CarmenSteffens<\/li>\n<li>Chocolate Kid&#8217;s<\/li>\n<li>CIA do Terno<\/li>\n<li>Colcci<\/li>\n<li>Colection<\/li>\n<li>Colombo<\/li>\n<li>Damyller<\/li>\n<li>Dolce Karyn<\/li>\n<li>Ebenezer<\/li>\n<li>Espa\u00e7o Nascer<\/li>\n<li>Gregory<\/li>\n<li>Hering Kids<\/li>\n<li>Hering Store<\/li>\n<li>Hope<\/li>\n<li>Inocentes Kids e Teens<\/li>\n<li>Jog\u00ea<\/li>\n<li>Kattleya<\/li>\n<li>Kawan<\/li>\n<li>La Vertu<\/li>\n<li>L\u00e1pis De Cor<\/li>\n<li>Levi&#8217;s<\/li>\n<li>Lupo<\/li>\n<li>Maison Kids<\/li>\n<li>Maria Fil\u00f3<\/li>\n<li>Marisa<\/li>\n<li>Mercatto<\/li>\n<li>Noroeste<\/li>\n<li>Piticas<\/li>\n<li>Puc<\/li>\n<li>Puket<\/li>\n<li>Regina<\/li>\n<li>Renner<\/li>\n<li>Reron<\/li>\n<li>Riachuelo<\/li>\n<li>Skyler<\/li>\n<li>Stalker<\/li>\n<li>Taco<\/li>\n<li>Toli<\/li>\n<li>Tr\u00edade By Recco<\/li>\n<li>Tvz<\/li>\n<li>Vell Bizz<\/li>\n<li>Youth<\/li>\n<li>Zefirelli<\/li>\n<\/ul>\n<h3>Teresina Shopping Cinema<\/h3>\n<p>O <em>Cinemas Teresina<\/em> oferece ao espectador uma imers\u00e3o nos filmes de maneira fiel, com som e imagem de primeiro mundo!<\/p>\n<p>Para ver <em>salas, pre\u00e7os e filmes em cartaz<\/em> acesse o site.<\/p>\n<h3>Teresina Shopping Lojas Americanas<\/h3>\n<p><span style=\"text-decoration: underline;\">Lojas Americanas<\/span> oferece pre\u00e7o baixo e as melhores ofertas de smartphones, notebooks, TV LED, geladeiras, m\u00f3veis, tablets e mais. Aproveite!<\/p>\n<h3>Teresina Shopping Trabalhe Conosco<\/h3>\n<p>Para aqueles que almejam <em>trabalhar<\/em> em uma empresa que preza por realizar servi\u00e7os da mais alta qualidade, e que zela por seus colaboradores e profissionalismo sempre, estes profissionais devem <em>trabalhar<\/em> no\u00a0Teresina Shopping, acesse o site para enviar seu<em> curr\u00edculo.<\/em><br \/>\nPara informa\u00e7\u00f5es sobre vagas e de como enviar seu <em>curr\u00edculo,<\/em> entre em contato via telefone.<\/p>\n<h3>Teresina Shopping Fotos<\/h3>\n<p><img decoding=\"async\" loading=\"lazy\" class=\"alignnone wp-image-716 size-full\" title=\"Teresina Shopping Fotos\" src=\"http:\/\/www.encontrateresina.com\/sobre\/wp-content\/uploads\/2018\/06\/teresina-shopping-fotos.jpg\" alt=\"Teresina Shopping Fotos\" width=\"680\" height=\"189\" srcset=\"https:\/\/www.encontrateresina.com\/sobre\/wp-content\/uploads\/2018\/06\/teresina-shopping-fotos.jpg 680w, https:\/\/www.encontrateresina.com\/sobre\/wp-content\/uploads\/2018\/06\/teresina-shopping-fotos-300x83.jpg 300w\" sizes=\"(max-width: 680px) 100vw, 680px\" \/><\/p>\n<h3>Hor\u00e1rio de Funcionamento Teresina Shopping<\/h3>\n<ul>\n<li>Diariamente das 10h \u00e0s 22h<\/li>\n<\/ul>\n<h3>Onde Fica, Endere\u00e7o e Telefone Teresina Shopping<\/h3>\n<ul>\n<li>Av. Raul Lopes, 1000 &#8211; Noivos, Teresina &#8211; PI<\/li>\n<li>Telefone: (86) 3230-2000<\/li>\n<\/ul>\n<h4>Outras informa\u00e7\u00f5es e site<\/h4>\n<ul>\n<li>Mais informa\u00e7\u00f5es: <a href=\"http:\/\/www.teresinashopping.com.br\" target=\"_blank\" rel=\"noopener\">www.teresinashopping.com.br<\/a><\/li>\n<\/ul>\n<h4>Mapa de localiza\u00e7\u00e3o<\/h4>\n<a class=\"wp-colorbox-iframe\" href=\"https:\/\/www.google.com\/maps\/embed?pb=!1m14!1m8!1m3!1d15896.467265669287!2d-42.789552!3d-5.0848041!3m2!1i1024!2i768!4f13.1!3m3!1m2!1s0x00x81769cc548a20b47!2sTeresina+Shopping!5e0!3m2!1spt-BR!2sbr!4v1529087303788\"><img src=\"http:\/\/www.encontrabelohorizonte.com.br\/imgs\/maps-post.png\"><\/a>\n\n<div style=\"font-size: 0px; height: 0px; line-height: 0px; margin: 0; padding: 0; clear: both;\"><\/div>","protected":false},"excerpt":{"rendered":"<p>Teresina Shopping oferece um ambiente amplo, possui grandes lojas e \u00e9 uma \u00f3tima uma op\u00e7\u00e3o para entretenimento. Possui diversas entradas e f\u00e1cil acesso. O Teresina Shopping foi inaugurado em 27 de abril de 1997 e transformou cen\u00e1rio socioecon\u00f4mico e cultural de toda uma regi\u00e3o. Desde ent\u00e3o, a cidade de Teresina vem crescendo, tornando-se geradora de tend\u00eancias e centro de excel\u00eancia em diversas \u00e1reas. O Teresina Shopping teve uma grande influ\u00eancia nesse resultado, devido \u00e0 sua vis\u00e3o cosmopolita e de apoio permanente \u00e0 arte, \u00e0 cultura, ao esporte e \u00e0s manifesta\u00e7\u00f5es culturais de toda ordem. Teresina Shopping Lojas 1+1 AdjiMan AdLifeStyle <\/p>\n","protected":false},"author":1,"featured_media":0,"parent":0,"menu_order":0,"comment_status":"closed","ping_status":"closed","template":"","meta":[],"aioseo_notices":[],"_links":{"self":[{"href":"https:\/\/www.encontrateresina.com\/sobre\/wp-json\/wp\/v2\/pages\/710"}],"collection":[{"href":"https:\/\/www.encontrateresina.com\/sobre\/wp-json\/wp\/v2\/pages"}],"about":[{"href":"https:\/\/www.encontrateresina.com\/sobre\/wp-json\/wp\/v2\/types\/page"}],"author":[{"embeddable":true,"href":"https:\/\/www.encontrateresina.com\/sobre\/wp-json\/wp\/v2\/users\/1"}],"replies":[{"embeddable":true,"href":"https:\/\/www.encontrateresina.com\/sobre\/wp-json\/wp\/v2\/comments?post=710"}],"version-history":[{"count":0,"href":"https:\/\/www.encontrateresina.com\/sobre\/wp-json\/wp\/v2\/pages\/710\/revisions"}],"wp:attachment":[{"href":"https:\/\/www.encontrateresina.com\/sobre\/wp-json\/wp\/v2\/media?parent=710"}],"curies":[{"name":"wp","href":"https:\/\/api.w.org\/{rel}","templated":true}]}}