{"id":741,"date":"2018-06-15T17:26:38","date_gmt":"2018-06-15T20:26:38","guid":{"rendered":"http:\/\/www.encontrateresina.com\/sobre\/?page_id=741"},"modified":"2019-05-01T16:17:42","modified_gmt":"2019-05-01T19:17:42","slug":"ministerio-do-trabalho-teresina","status":"publish","type":"page","link":"https:\/\/www.encontrateresina.com\/sobre\/ministerio-do-trabalho-teresina\/","title":{"rendered":"Minist\u00e9rio do Trabalho Teresina"},"content":{"rendered":"<div class=\"0a7f0342045e68db0e2c8d55d9616140\" data-index=\"1\" style=\"float: left; margin: 15px 15px 15px 0;\">\n<!-- EBR \/Novo-Bairro-Topo\/ 300x250 -->\r\n<ins class=\"adsbygoogle\"\r\n     style=\"display:inline-block;width:300px;height:250px\"\r\n     data-ad-client=\"ca-pub-6414922941841817\"\r\n     data-ad-slot=\"5351822287\"><\/ins>\r\n<script>\r\n(adsbygoogle = window.adsbygoogle || []).push({});\r\n<\/script>\n<\/div>\n<p>O <strong>Minist\u00e9rio do Trabalho Teresina<\/strong> abrange os seguintes assuntos: pol\u00edtica e diretrizes para a gera\u00e7\u00e3o de emprego e renda e de apoio ao trabalhador.<\/p>\n<p>Pol\u00edtica e diretrizes para a moderniza\u00e7\u00e3o das rela\u00e7\u00f5es do trabalho; fiscaliza\u00e7\u00e3o em seguran\u00e7a e sa\u00fade no trabalho.<\/p>\n<p><img decoding=\"async\" loading=\"lazy\" class=\"alignnone wp-image-745 size-full\" title=\"Minist\u00e9rio do Trabalho Teresina\" src=\"http:\/\/www.encontrateresina.com\/sobre\/wp-content\/uploads\/2018\/06\/ministerio-do-trabalho-teresina.jpg\" alt=\"Minist\u00e9rio do Trabalho Teresina\" width=\"680\" height=\"189\" srcset=\"https:\/\/www.encontrateresina.com\/sobre\/wp-content\/uploads\/2018\/06\/ministerio-do-trabalho-teresina.jpg 680w, https:\/\/www.encontrateresina.com\/sobre\/wp-content\/uploads\/2018\/06\/ministerio-do-trabalho-teresina-300x83.jpg 300w\" sizes=\"(max-width: 680px) 100vw, 680px\" \/><\/p>\n<p>Fiscaliza\u00e7\u00e3o do trabalho, inclusive do trabalho portu\u00e1rio, bem como aplica\u00e7\u00e3o das san\u00e7\u00f5es previstas em normas legais ou coletivas; pol\u00edtica salarial; forma\u00e7\u00e3o e desenvolvimento profissional; pol\u00edtica de\u00a0imigra\u00e7\u00e3o; e cooperativismo e associativismo urbanos.<\/p>\n<p>O Minist\u00e9rio do Trabalho abrange os seguintes assuntos: pol\u00edtica e diretrizes para a gera\u00e7\u00e3o de emprego e renda e de apoio ao trabalhador; pol\u00edtica e diretrizes para a moderniza\u00e7\u00e3o das rela\u00e7\u00f5es do trabalho; fiscaliza\u00e7\u00e3o em seguran\u00e7a e sa\u00fade no trabalho; fiscaliza\u00e7\u00e3o do trabalho, inclusive do trabalho portu\u00e1rio, bem como aplica\u00e7\u00e3o das san\u00e7\u00f5es previstas em normas legais ou coletivas; pol\u00edtica salarial; forma\u00e7\u00e3o e desenvolvimento profissional; pol\u00edtica de imigra\u00e7\u00e3o; e cooperativismo e associativismo urbanos.<\/p>\n<h2>Minist\u00e9rio do Trabalho Teresina Den\u00fancia<\/h2>\n<p>Existem tr\u00eas meios para se fazer uma <em>den\u00fancia trabalhista<\/em> hoje em dia:<\/p>\n<ul>\n<li>Por telefone: pelo telefone 158<\/li>\n<li>Visitando uma Superintend\u00eancia Regional do Trabalho e Emprego<\/li>\n<li>Pela internet, atrav\u00e9s do portal do Minist\u00e9rio do Trabalho<\/li>\n<\/ul>\n<p>Den\u00fancia e reclama\u00e7\u00e3o trabalhista \u2013 Para registrar uma den\u00fancia ou reclama\u00e7\u00e3o quanto ao cumprimento da legisla\u00e7\u00e3o trabalhista pelo empregador, o atendimento \u00e9 exclusivo no plant\u00e3o fiscal existente nas Superintend\u00eancias Regionais do Trabalho e Emprego (SRTE) e suas unidades nos Estados. Consulte aqui os endere\u00e7os da rede de atendimento.<\/p>\n<h3>Minist\u00e9rio do Trabalho Teresina Agendamento Seguro Desemprego<\/h3>\n<p>Voc\u00ea pode fazer o agendamento do <em>seguro desemprego<\/em> de duas maneiras:<\/p>\n<ul>\n<li>Agendamento Pelo Site. Esse \u00e9 o Sistema de Atendimento Agendado (SAA). \u00c9 atrav\u00e9s dele que voc\u00ea poder\u00e1 agendar ou reagendar o atendimento.<\/li>\n<li>Agendamento Pelo Telefone:\u00a0Para agendar seu atendimento pelo telefone, ligue para o n\u00famero abaixo e escolha a op\u00e7\u00e3o correspondente ao servi\u00e7o de agendamento.<\/li>\n<\/ul>\n<h3>Minist\u00e9rio do Trabalho Teresina Agendamento Para Tirar Carteira De Trabalho<\/h3>\n<p>Voc\u00ea pode fazer o <em>agendamento do Para Tirar Carteira de Trabalho<\/em>\u00a0de duas maneiras:<\/p>\n<ul>\n<li>Agendamento Pelo Site.Esse \u00e9 o Sistema de Atendimento Agendado (SAA). \u00c9 atrav\u00e9s dele que voc\u00ea poder\u00e1 agendar ou reagendar o atendimento.<\/li>\n<li>Agendamento Pelo Telefone:\u00a0Para agendar seu atendimento pelo telefone, ligue para o n\u00famero abaixo e escolha a op\u00e7\u00e3o correspondente ao servi\u00e7o de agendamento.<\/li>\n<\/ul>\n<h3>Hor\u00e1rio de Funcionamento Minist\u00e9rio do Trabalho Teresina<\/h3>\n<ul>\n<li>Segunda a sexta das 07h \u00e1s 19h<\/li>\n<\/ul>\n<h3>Onde Fica, Endere\u00e7o e Telefone Minist\u00e9rio do Trabalho Teresina<\/h3>\n<ul>\n<li>Av. Frei Serafim, 1860 &#8211; Centro (Sul) &#8211; Teresina &#8211; PI<\/li>\n<li>Telefone: (86) 3222-0001<\/li>\n<\/ul>\n<h4>Outras informa\u00e7\u00f5es e site<\/h4>\n<ul>\n<li>Mais informa\u00e7\u00f5es: <a href=\"https:\/\/www.ministeriodotrabalho.org\/ministerio-do-trabalho-pi\/\" target=\"_blank\" rel=\"noopener noreferrer\">www.ministeriodotrabalho.org\/ministerio-do-trabalho-pi\/<\/a><\/li>\n<\/ul>\n<h4>Mapa de localiza\u00e7\u00e3o<\/h4>\n<a class=\"wp-colorbox-iframe\" href=\"https:\/\/www.google.com\/maps\/embed?pb=!1m14!1m8!1m3!1d15896.351214466931!2d-42.8084211!3d-5.0895028!3m2!1i1024!2i768!4f13.1!3m3!1m2!1s0x00x82fb1694a1439977!2sMinistrio+do+Trabalho+e+Emprego!5e0!3m2!1spt-BR!2sbr!4v1529087800682\"><img src=\"http:\/\/www.encontrabelohorizonte.com.br\/imgs\/maps-post.png\"><\/a>\n\n<div style=\"font-size: 0px; height: 0px; line-height: 0px; margin: 0; padding: 0; clear: both;\"><\/div>","protected":false},"excerpt":{"rendered":"<p>O Minist\u00e9rio do Trabalho Teresina abrange os seguintes assuntos: pol\u00edtica e diretrizes para a gera\u00e7\u00e3o de emprego e renda e de apoio ao trabalhador. Pol\u00edtica e diretrizes para a moderniza\u00e7\u00e3o das rela\u00e7\u00f5es do trabalho; fiscaliza\u00e7\u00e3o em seguran\u00e7a e sa\u00fade no trabalho. Fiscaliza\u00e7\u00e3o do trabalho, inclusive do trabalho portu\u00e1rio, bem como aplica\u00e7\u00e3o das san\u00e7\u00f5es previstas em normas legais ou coletivas; pol\u00edtica salarial; forma\u00e7\u00e3o e desenvolvimento profissional; pol\u00edtica de\u00a0imigra\u00e7\u00e3o; e cooperativismo e associativismo urbanos. O Minist\u00e9rio do Trabalho abrange os seguintes assuntos: pol\u00edtica e diretrizes para a gera\u00e7\u00e3o de emprego e renda e de apoio ao trabalhador; pol\u00edtica e diretrizes para a <\/p>\n","protected":false},"author":1,"featured_media":0,"parent":0,"menu_order":0,"comment_status":"closed","ping_status":"closed","template":"","meta":[],"aioseo_notices":[],"_links":{"self":[{"href":"https:\/\/www.encontrateresina.com\/sobre\/wp-json\/wp\/v2\/pages\/741"}],"collection":[{"href":"https:\/\/www.encontrateresina.com\/sobre\/wp-json\/wp\/v2\/pages"}],"about":[{"href":"https:\/\/www.encontrateresina.com\/sobre\/wp-json\/wp\/v2\/types\/page"}],"author":[{"embeddable":true,"href":"https:\/\/www.encontrateresina.com\/sobre\/wp-json\/wp\/v2\/users\/1"}],"replies":[{"embeddable":true,"href":"https:\/\/www.encontrateresina.com\/sobre\/wp-json\/wp\/v2\/comments?post=741"}],"version-history":[{"count":0,"href":"https:\/\/www.encontrateresina.com\/sobre\/wp-json\/wp\/v2\/pages\/741\/revisions"}],"wp:attachment":[{"href":"https:\/\/www.encontrateresina.com\/sobre\/wp-json\/wp\/v2\/media?parent=741"}],"curies":[{"name":"wp","href":"https:\/\/api.w.org\/{rel}","templated":true}]}}