{"id":816,"date":"2018-06-18T17:39:42","date_gmt":"2018-06-18T20:39:42","guid":{"rendered":"http:\/\/www.encontrateresina.com\/sobre\/?page_id=816"},"modified":"2019-05-02T11:27:28","modified_gmt":"2019-05-02T14:27:28","slug":"shopping-da-cidade-teresina","status":"publish","type":"page","link":"https:\/\/www.encontrateresina.com\/sobre\/shopping-da-cidade-teresina\/","title":{"rendered":"Shopping da Cidade Teresina"},"content":{"rendered":"<div class=\"0a7f0342045e68db0e2c8d55d9616140\" data-index=\"1\" style=\"float: left; margin: 15px 15px 15px 0;\">\n<!-- EBR \/Novo-Bairro-Topo\/ 300x250 -->\r\n<ins class=\"adsbygoogle\"\r\n     style=\"display:inline-block;width:300px;height:250px\"\r\n     data-ad-client=\"ca-pub-6414922941841817\"\r\n     data-ad-slot=\"5351822287\"><\/ins>\r\n<script>\r\n(adsbygoogle = window.adsbygoogle || []).push({});\r\n<\/script>\n<\/div>\n<p>Da castanha de caju aos produtos de sex shop. Toda essa variedade est\u00e1 em um s\u00f3 local: o <strong>Shopping da Cidade<\/strong>.<\/p>\n<p>Espa\u00e7o comercial mais popular de Teresina. Abriga mais de 1.600 comodat\u00e1rios e \u00e9 aberto das 8h \u00e0s 18h.<\/p>\n<p><img decoding=\"async\" loading=\"lazy\" class=\"alignnone wp-image-818 size-full\" title=\"Shopping da Cidade Teresina\" src=\"http:\/\/www.encontrateresina.com\/sobre\/wp-content\/uploads\/2018\/06\/shopping-da-cidade-teresina.jpg\" alt=\"Shopping da Cidade Teresina\" width=\"680\" height=\"189\" srcset=\"https:\/\/www.encontrateresina.com\/sobre\/wp-content\/uploads\/2018\/06\/shopping-da-cidade-teresina.jpg 680w, https:\/\/www.encontrateresina.com\/sobre\/wp-content\/uploads\/2018\/06\/shopping-da-cidade-teresina-300x83.jpg 300w\" sizes=\"(max-width: 680px) 100vw, 680px\" \/><\/p>\n<p>Com a revitaliza\u00e7\u00e3o do centro de Teresina, foi criado o Shopping da Cidade, estrutura que agrega 1.956 boxes do que antes era o comercio de rua.<\/p>\n<p>O espa\u00e7o conta com estrutura de banheiros, pra\u00e7a de alimenta\u00e7\u00e3o e esta\u00e7\u00e3o de metr\u00f4. Muito bem localizado, o Shopping da Cidade fica na a Av. Maranh\u00e3o, pr\u00f3ximo ao Troca-Troca, Pra\u00e7a da Bandeira, Mercado Velho e a parada final dos \u00f4nibus no centro.<\/p>\n<h2>Shopping da Cidade Teresina Roupas<\/h2>\n<p><em>Lojas de roupas<\/em> com produtos de qualidade e pre\u00e7o acess\u00edvel.<\/p>\n<h3>Shopping da Cidade Teresina Lojas<\/h3>\n<p>O lugar apresenta <em>grande variedades de segmentos<\/em>, l<span style=\"text-decoration: underline;\">ojas de roupas populares, eletr\u00f4nicos e servi\u00e7os<\/span>.<\/p>\n<p>\u00c9 um shopping que re\u00fane o com\u00e9rcio popular de rua de modo organizado e com muitas <span style=\"text-decoration: underline;\">variedades de roupas, utens\u00edlios em geral, cal\u00e7ados, bolsas, celulares e etc<\/span>. Tem uma simples pra\u00e7a de alimenta\u00e7\u00e3o, mas com muitas op\u00e7\u00f5es de comidas e pre\u00e7os bastante acess\u00edveis e de boa qualidade.<\/p>\n<h3>Shopping da Cidade Teresina Detran<\/h3>\n<p>O hor\u00e1rio de funcionamento do <em>posto do Detran<\/em> no Shopping da Cidade \u00e9 de 8h as 17h e o atendimento n\u00e3o \u00e9 encerrado durante o almo\u00e7o. Como a finalidade de oferecer uma maior comodidade \u00e0 popula\u00e7\u00e3o, o posto de atendimento conta com elevadores, escadas rolantes, sistema de monitoramento com c\u00e2meras, seguran\u00e7a patrimonial e o atendimento r\u00e1pido e sem filas.<\/p>\n<h3>Shopping da Cidade Teresina Box<\/h3>\n<p>Com uma estrutura que inclui <em>1.956 boxes,<\/em> distribu\u00eddos em tr\u00eas pavimentos, pra\u00e7a de alimenta\u00e7\u00e3o, terminais de autoatendimento banc\u00e1rio, loteria e ainda est\u00e1 interligado \u00e0 Esta\u00e7\u00e3o Alberto Tavares e Silva do metr\u00f4 de Teresina, o Shopping da Cidade h\u00e1 quatro anos abriga vendedores ambulantes que antes trabalhavam pelas ruas do Centro em barracas improvisadas.<\/p>\n<h3>Hor\u00e1rio de Funcionamento Shopping da Cidade Teresina<\/h3>\n<ul>\n<li>Segunda a sexta das 8h \u00e0s 17h \/ S\u00e1bado das 8h \u00e0s 14h<\/li>\n<\/ul>\n<h3>Endere\u00e7o e Telefone Shopping da Cidade Teresina<\/h3>\n<ul>\n<li>Av. Maranh\u00e3o, 300 &#8211; Centro (Sul), Teresina &#8211; PI<\/li>\n<li>Telefone: (86) 3223-7387<\/li>\n<\/ul>\n<h4>Outras informa\u00e7\u00f5es e site<\/h4>\n<ul>\n<li>Mais informa\u00e7\u00f5es:\u00a0<a href=\"http:\/\/www.facebook.com\/ShoppingdaCidade\" target=\"_blank\" rel=\"noopener\">www.facebook.com\/ShoppingdaCidade<\/a><\/li>\n<\/ul>\n<h4>Mapa de localiza\u00e7\u00e3o<\/h4>\n<a class=\"wp-colorbox-iframe\" href=\"https:\/\/www.google.com\/maps\/embed?pb=!1m14!1m8!1m3!1d15896.300744175292!2d-42.8188438!3d-5.0915449!3m2!1i1024!2i768!4f13.1!3m3!1m2!1s0x00xbc2dcae687279ff9!2sShopping+da+Cidade!5e0!3m2!1spt-BR!2sbr!4v1529343624135\"><img src=\"http:\/\/www.encontrabelohorizonte.com.br\/imgs\/maps-post.png\"><\/a>\n\n<div style=\"font-size: 0px; height: 0px; line-height: 0px; margin: 0; padding: 0; clear: both;\"><\/div>","protected":false},"excerpt":{"rendered":"<p>Da castanha de caju aos produtos de sex shop. Toda essa variedade est\u00e1 em um s\u00f3 local: o Shopping da Cidade. Espa\u00e7o comercial mais popular de Teresina. Abriga mais de 1.600 comodat\u00e1rios e \u00e9 aberto das 8h \u00e0s 18h. Com a revitaliza\u00e7\u00e3o do centro de Teresina, foi criado o Shopping da Cidade, estrutura que agrega 1.956 boxes do que antes era o comercio de rua. O espa\u00e7o conta com estrutura de banheiros, pra\u00e7a de alimenta\u00e7\u00e3o e esta\u00e7\u00e3o de metr\u00f4. Muito bem localizado, o Shopping da Cidade fica na a Av. Maranh\u00e3o, pr\u00f3ximo ao Troca-Troca, Pra\u00e7a da Bandeira, Mercado Velho e <\/p>\n","protected":false},"author":1,"featured_media":0,"parent":0,"menu_order":0,"comment_status":"closed","ping_status":"closed","template":"","meta":[],"aioseo_notices":[],"_links":{"self":[{"href":"https:\/\/www.encontrateresina.com\/sobre\/wp-json\/wp\/v2\/pages\/816"}],"collection":[{"href":"https:\/\/www.encontrateresina.com\/sobre\/wp-json\/wp\/v2\/pages"}],"about":[{"href":"https:\/\/www.encontrateresina.com\/sobre\/wp-json\/wp\/v2\/types\/page"}],"author":[{"embeddable":true,"href":"https:\/\/www.encontrateresina.com\/sobre\/wp-json\/wp\/v2\/users\/1"}],"replies":[{"embeddable":true,"href":"https:\/\/www.encontrateresina.com\/sobre\/wp-json\/wp\/v2\/comments?post=816"}],"version-history":[{"count":0,"href":"https:\/\/www.encontrateresina.com\/sobre\/wp-json\/wp\/v2\/pages\/816\/revisions"}],"wp:attachment":[{"href":"https:\/\/www.encontrateresina.com\/sobre\/wp-json\/wp\/v2\/media?parent=816"}],"curies":[{"name":"wp","href":"https:\/\/api.w.org\/{rel}","templated":true}]}}