{"id":822,"date":"2018-06-18T17:42:06","date_gmt":"2018-06-18T20:42:06","guid":{"rendered":"http:\/\/www.encontrateresina.com\/sobre\/?page_id=822"},"modified":"2019-05-02T11:30:09","modified_gmt":"2019-05-02T14:30:09","slug":"sindicato-dos-comerciarios-teresina","status":"publish","type":"page","link":"https:\/\/www.encontrateresina.com\/sobre\/sindicato-dos-comerciarios-teresina\/","title":{"rendered":"Sindicato dos Comerci\u00e1rios Teresina"},"content":{"rendered":"<div class=\"0a7f0342045e68db0e2c8d55d9616140\" data-index=\"1\" style=\"float: left; margin: 15px 15px 15px 0;\">\n<!-- EBR \/Novo-Bairro-Topo\/ 300x250 -->\r\n<ins class=\"adsbygoogle\"\r\n     style=\"display:inline-block;width:300px;height:250px\"\r\n     data-ad-client=\"ca-pub-6414922941841817\"\r\n     data-ad-slot=\"5351822287\"><\/ins>\r\n<script>\r\n(adsbygoogle = window.adsbygoogle || []).push({});\r\n<\/script>\n<\/div>\n<p>Fundado em 28 de abril de 1941 com o nome de Sindicato dos Empregados no Com\u00e9rcio de Teresina, manteve-se atrelado ao chamado sindicalismo oficial por mais de trinta anos.<\/p>\n<p>O <strong>Sindicato dos Comerci\u00e1rios Teresina<\/strong> \u00e9 conduzido por pr\u00e1ticas conservadoras e limitando a luta dos trabalhadores aos horizontes dos \u00f3rg\u00e3os governamentais, sem avan\u00e7os e sem combatividade.<\/p>\n<p><img decoding=\"async\" loading=\"lazy\" class=\"alignnone wp-image-826 size-full\" title=\"Sindicato dos Comerci\u00e1rios Teresina\" src=\"http:\/\/www.encontrateresina.com\/sobre\/wp-content\/uploads\/2018\/06\/sindicato-dos-comerciarios-teresina.jpg\" alt=\"Sindicato dos Comerci\u00e1rios Teresina\" width=\"680\" height=\"189\" srcset=\"https:\/\/www.encontrateresina.com\/sobre\/wp-content\/uploads\/2018\/06\/sindicato-dos-comerciarios-teresina.jpg 680w, https:\/\/www.encontrateresina.com\/sobre\/wp-content\/uploads\/2018\/06\/sindicato-dos-comerciarios-teresina-300x83.jpg 300w\" sizes=\"(max-width: 680px) 100vw, 680px\" \/><\/p>\n<h2>Sindicato dos Comerci\u00e1rios de Teresina Cl\u00ednica<\/h2>\n<p>O <span style=\"text-decoration: underline;\">Espa\u00e7o Sa\u00fade<\/span> est\u00e1 localizado na Rua Desembargador Freitas, 1302 &#8211; Centro\/Norte &#8211; Teresina-Piau\u00ed.<br \/>\nO<span style=\"text-decoration: underline;\"> espa\u00e7o sa\u00fade<\/span> tem em sua estrutura <em>servi\u00e7os m\u00e9dicos de qualidade<\/em>, com excelente atendimento e profissionais do mais alto n\u00edvel t\u00e9cnico, \u00e9tico e humano. <em>Consultas agendadas<\/em> por telefone para atendimento no dia.<\/p>\n<p>S\u00e3o profissionais nas seguintes <em>especialidades<\/em>:<\/p>\n<ul>\n<li>Ginecologia<\/li>\n<li>Psicologia<\/li>\n<li>Pediatria<\/li>\n<li>Cl\u00ednico Geral<\/li>\n<li>Odontologia<\/li>\n<li>Fonoaudiologia<\/li>\n<li>M\u00e9dico do Trabalho<\/li>\n<\/ul>\n<h3>Clube Sindicato dos Comerci\u00e1rios de Teresina<\/h3>\n<p>Os comerci\u00e1rios de Teresina possuem um dos maiores e melhores <em>clubes<\/em> da cidade. Bem localizado, infraestrutura gigantesca e contato direto com a natureza. O <em>clube<\/em> foi constru\u00eddo para ser o principal local de lazer da categoria. Hoje, Possui 2 piscinas, 2 campos de futebol e vestu\u00e1rios, bar, quiosque com churrasqueira, playground, sal\u00e3o de festas e \u00e1rea para jogos. Agora com 20 chal\u00e9s equipados e com capacidade para 6(seis) pessoas, tudo para aproveitar o fim de semana em fam\u00edlia.<\/p>\n<p>S\u00e3o mais de cinco mil metros quadrados, para que gosta de curtir a beleza de uma ambiente na simplicidade e no aconchego da natureza.<\/p>\n<h3>Sindicato dos Comerci\u00e1rios de Teresina Col\u00f4nia de F\u00e9rias<\/h3>\n<p>A <em>Col\u00f4nia de F\u00e9rias dos Comerci\u00e1rios<\/em> conta com moderna estrutura. S\u00e3o 42 apartamentos todos equipados com geladeira, cama de casal, cama de solteiro, fog\u00e3o, mesa e cadeiras, al\u00e9m de espa\u00e7o para a coloca\u00e7\u00e3o de redes. Tem \u00e1rea de lazer com playground para a crian\u00e7ada brincar, bar, churrasqueira e jogos. Foram constru\u00eddos ainda recep\u00e7\u00e3o, sal\u00e3o de confraterniza\u00e7\u00e3o, piscina para crian\u00e7as e adultos e campo de futebol.<\/p>\n<h3>Hor\u00e1rio de Funcionamento Sindicato dos Comerci\u00e1rios Teresina<\/h3>\n<ul>\n<li>Segunda a sexta das 8h \u00e0s 18h<\/li>\n<\/ul>\n<h3>Onde Fica, Endere\u00e7o e Telefone Sindicato dos Comerci\u00e1rios Teresina<\/h3>\n<ul>\n<li>R. David Caldas, 536 &#8211; Centro (Sul), Teresina &#8211; PI<\/li>\n<li>Telefone: (86) 3131-1300<\/li>\n<\/ul>\n<h4>Outras informa\u00e7\u00f5es e site<\/h4>\n<ul>\n<li>Mais informa\u00e7\u00f5es: <a href=\"http:\/\/www.sindcomteresina.com.br\" target=\"_blank\" rel=\"noopener\">www.sindcomteresina.com.br<\/a><\/li>\n<li>CNPJ: 06517221\/001-18<\/li>\n<\/ul>\n<h4>Mapa de localiza\u00e7\u00e3o<\/h4>\n<a class=\"wp-colorbox-iframe\" href=\"https:\/\/www.google.com\/maps\/embed?pb=!1m14!1m8!1m3!1d15896.41747902399!2d-42.8149088!3d-5.0868204!3m2!1i1024!2i768!4f13.1!3m3!1m2!1s0x00x30bb7df5ef127b46!2sSINDCOM+-+Sindicato+dos+Empregados+no+Comercio+e+Servio+de+Teresina!5e0!3m2!1spt-BR!2sbr!4v1529342366777\"><img src=\"http:\/\/www.encontrabelohorizonte.com.br\/imgs\/maps-post.png\"><\/a>\n\n<div style=\"font-size: 0px; height: 0px; line-height: 0px; margin: 0; padding: 0; clear: both;\"><\/div>","protected":false},"excerpt":{"rendered":"<p>Fundado em 28 de abril de 1941 com o nome de Sindicato dos Empregados no Com\u00e9rcio de Teresina, manteve-se atrelado ao chamado sindicalismo oficial por mais de trinta anos. O Sindicato dos Comerci\u00e1rios Teresina \u00e9 conduzido por pr\u00e1ticas conservadoras e limitando a luta dos trabalhadores aos horizontes dos \u00f3rg\u00e3os governamentais, sem avan\u00e7os e sem combatividade. Sindicato dos Comerci\u00e1rios de Teresina Cl\u00ednica O Espa\u00e7o Sa\u00fade est\u00e1 localizado na Rua Desembargador Freitas, 1302 &#8211; Centro\/Norte &#8211; Teresina-Piau\u00ed. O espa\u00e7o sa\u00fade tem em sua estrutura servi\u00e7os m\u00e9dicos de qualidade, com excelente atendimento e profissionais do mais alto n\u00edvel t\u00e9cnico, \u00e9tico e humano. Consultas <\/p>\n","protected":false},"author":1,"featured_media":0,"parent":0,"menu_order":0,"comment_status":"closed","ping_status":"closed","template":"","meta":[],"aioseo_notices":[],"_links":{"self":[{"href":"https:\/\/www.encontrateresina.com\/sobre\/wp-json\/wp\/v2\/pages\/822"}],"collection":[{"href":"https:\/\/www.encontrateresina.com\/sobre\/wp-json\/wp\/v2\/pages"}],"about":[{"href":"https:\/\/www.encontrateresina.com\/sobre\/wp-json\/wp\/v2\/types\/page"}],"author":[{"embeddable":true,"href":"https:\/\/www.encontrateresina.com\/sobre\/wp-json\/wp\/v2\/users\/1"}],"replies":[{"embeddable":true,"href":"https:\/\/www.encontrateresina.com\/sobre\/wp-json\/wp\/v2\/comments?post=822"}],"version-history":[{"count":0,"href":"https:\/\/www.encontrateresina.com\/sobre\/wp-json\/wp\/v2\/pages\/822\/revisions"}],"wp:attachment":[{"href":"https:\/\/www.encontrateresina.com\/sobre\/wp-json\/wp\/v2\/media?parent=822"}],"curies":[{"name":"wp","href":"https:\/\/api.w.org\/{rel}","templated":true}]}}