{"id":834,"date":"2018-06-18T17:50:46","date_gmt":"2018-06-18T20:50:46","guid":{"rendered":"http:\/\/www.encontrateresina.com\/sobre\/?page_id=834"},"modified":"2019-05-02T14:48:07","modified_gmt":"2019-05-02T17:48:07","slug":"arquidiocese-de-teresina","status":"publish","type":"page","link":"https:\/\/www.encontrateresina.com\/sobre\/arquidiocese-de-teresina\/","title":{"rendered":"Arquidiocese De Teresina"},"content":{"rendered":"<div class=\"0a7f0342045e68db0e2c8d55d9616140\" data-index=\"1\" style=\"float: left; margin: 15px 15px 15px 0;\">\n<!-- EBR \/Novo-Bairro-Topo\/ 300x250 -->\r\n<ins class=\"adsbygoogle\"\r\n     style=\"display:inline-block;width:300px;height:250px\"\r\n     data-ad-client=\"ca-pub-6414922941841817\"\r\n     data-ad-slot=\"5351822287\"><\/ins>\r\n<script>\r\n(adsbygoogle = window.adsbygoogle || []).push({});\r\n<\/script>\n<\/div>\n<p>A <strong>Arquidiocese de Teresina<\/strong> (Archidioecesis Teresiana) \u00e9 uma circunscri\u00e7\u00e3o eclesi\u00e1stica da Igreja Cat\u00f3lica no estado do Piau\u00ed.<\/p>\n<p>O Bispado do Maranh\u00e3o, ap\u00f3s a anexa\u00e7\u00e3o do Piau\u00ed \u00e0 sua jurisdi\u00e7\u00e3o em 1728, teve o cuidado de aumentar o n\u00famero de Freguesias no vasto territ\u00f3rio piauiense, prov\u00ea-las de p\u00e1rocos zelosos e de melhorar o exerc\u00edcio do sacerd\u00f3cio.<\/p>\n<p><img decoding=\"async\" loading=\"lazy\" class=\"alignnone wp-image-836 size-full\" title=\"Arquidiocese De Teresina\" src=\"http:\/\/www.encontrateresina.com\/sobre\/wp-content\/uploads\/2018\/06\/arquidiocese-de-teresina.jpg\" alt=\"Arquidiocese De Teresina\" width=\"680\" height=\"189\" srcset=\"https:\/\/www.encontrateresina.com\/sobre\/wp-content\/uploads\/2018\/06\/arquidiocese-de-teresina.jpg 680w, https:\/\/www.encontrateresina.com\/sobre\/wp-content\/uploads\/2018\/06\/arquidiocese-de-teresina-300x83.jpg 300w\" sizes=\"(max-width: 680px) 100vw, 680px\" \/><\/p>\n<p>Come\u00e7am as primeiras Visitas Pastorais \u00e0s par\u00f3quias do Piau\u00ed, favorecendo a vida do povo e do clero.<\/p>\n<p>A evangeliza\u00e7\u00e3o dos brancos, dos escravos negros, dos mesti\u00e7os e dos ind\u00edgenas que v\u00e3o se aculturando, apesar das discrimina\u00e7\u00f5es do tempo, vai se desenvolvendo atrav\u00e9s destas Visitas Pastorais, cada vez mais frequentes, das desobrigas nos povoados, e aldeamentos ind\u00edgenas, das miss\u00f5es ambulantes e dos p\u00e1rocos encomendados.<\/p>\n<p>O conte\u00fado b\u00e1sico da evangeliza\u00e7\u00e3o era a doutrina\u00e7\u00e3o catequ\u00e9tica e a administra\u00e7\u00e3o dos sacramentos.<\/p>\n<p>A parir de Dom Joaquim Ferreira de Carvalho (1799 \u2013 1801), por v\u00e1rias vezes foi mostrada a necessidade e feita a proposta de cria\u00e7\u00e3o de uma Diocese no Piau\u00ed, sugerida a sede ora para Oeiras, ora para Parna\u00edba, ora para Teresina.<\/p>\n<p>A campanha foi reiniciada em 1897, pelo Padre Joaquim Oliveira Lopes, Vig\u00e1rio de Pedro II. Foram constitu\u00eddas comiss\u00f5es em cada par\u00f3quia e uma comiss\u00e3o central formada por personalidades importantes do mundo cat\u00f3lico piauiense, com o apoio de v\u00e1rios jornais, que trabalharam pela cria\u00e7\u00e3o da Diocese.<\/p>\n<p>Finalmente a Diocese foi criada pela Bula \u201cSupremum Catholicam Ecclesiam\u201d de 20 de fevereiro de 1901, do Papa Le\u00e3o XIII, abrangendo todas as par\u00f3quias do Piau\u00ed e tendo como Catedral a Igreja de Nossa Senhora das Dores, em Teresina.<\/p>\n<p>O Decreto de Instala\u00e7\u00e3o, por\u00e9m, \u00e9 de 11 de mar\u00e7o de 1903. O primeiro bispo eleito foi monsenhor Ant\u00f4nio Fabr\u00edcio de Ara\u00fajo Pereira, que renunciou antes de ser ordenado Bispo.<\/p>\n<p>O primeiro bispo que governou efetivamente a Diocese do Piau\u00ed de 12.03.1906 a 02.11.1910 foi Dom Joaquim Ant\u00f4nio de Almeida. Era uma \u00e9poca em que a Igreja come\u00e7ava a experimentar o seu desligamento do Sistema de Padroado, extinto com a proclama\u00e7\u00e3o da Rep\u00fablica em 1889. A Igreja agora, livre das injun\u00e7\u00f5es pol\u00edticas do Governo Imperial, p\u00f4de cuidar melhor das necessidades pastorais do povo.<\/p>\n<p>A nova Diocese ficou em melhores condi\u00e7\u00f5es para solicitar a ajuda pastoral das ordens religiosas, de organizar novas par\u00f3quias conforme as necessidades das popula\u00e7\u00f5es dispersas pelo vasto territ\u00f3rio piauiense, sobretudo quando foi fundado o Semin\u00e1rio Diocesano por Dom Joaquim, e ainda depois do pedido do segundo Bispo, Dom Otaviano Pereira de Albuquerque, em criar a Prelazia de Bom Jesus do Gurgu\u00e9ia, em 1920, no que foi atendido pela Santa s\u00e9.<\/p>\n<p>Em 1944, a pedido de Dom Severino, o Papa Pio XII cria as Dioceses de Oeiras e Parna\u00edba, passando a ent\u00e3o Diocese do Piau\u00ed a se chamar Diocese de Teresina, que em 1953 foi elevada \u00e0 categoria de Arquidiocese, tendo como seu primeiro Arcebispo o mesmo bispo que desde 1924 j\u00e1 vinha pastoreando neste territ\u00f3rio, Dom Severino Vieira de Melo, o qual veio a falecer em 27 de maio de 1955, transcorridos 31 anos \u00e0 frente da grei piauiense.<\/p>\n<p>Para suceder Dom Severino, o Papa Pio XII, em 1956, nomeou para Teresina o ilustre Dom Avelar Brand\u00e3o Vilela que, com sua eloqu\u00eancia e dinamismo, pr\u00f3prios de sua personalidade, introduziu a Arquidiocese nos ventos das renova\u00e7\u00f5es pastoral, lit\u00fargica e eclesial do tempo, corroborados pelo Conc\u00edlio Vaticano II.<\/p>\n<p>Chegaram, nos anos seguintes, pastores que continuaram o trabalho pr\u00f3prio da Igreja, sempre balizados e inteirados das reais necessidades do rebanho a eles confiado, a saber: Dom Jos\u00e9 Freire Falc\u00e3o, com sua prud\u00eancia e zelo pastoral; Dom Miguel Fenelon C\u00e2mara Filho, com sua bondade e determina\u00e7\u00e3o nas a\u00e7\u00f5es eclesiais e sociais; Dom Celso Jos\u00e9 Pinto da Silva, com sua mansid\u00e3o e firmeza nas decis\u00f5es; Dom S\u00e9rgio da Rocha, com sua cultura e abertura ao di\u00e1logo e, finalmente, at\u00e9 os dias atuais, Dom Jacinto Furtado de Brito Sobrinho, com sua simplicidade, seguran\u00e7a e senso de organiza\u00e7\u00e3o pastoral, lit\u00fargica e administrativa.<\/p>\n<h2>Arquidiocese de Teresina Facebook<\/h2>\n<p>Visite a pagina da Arquidiocese de Teresina no<a href=\"https:\/\/www.facebook.com\/Arquidiocese-de-Teresina-138249922960987\/\" target=\"_blank\" rel=\"noopener\"> Facebook.<\/a><\/p>\n<h3>Hor\u00e1rio das Missas Arquidiocese de Teresina<\/h3>\n<ul>\n<li>Segunda a s\u00e1bado \u00e1s 06h30 e 17h30 \/ Domingo \u00e1s 06h30, 9h, 11h, 18h<\/li>\n<\/ul>\n<h3>Onde Fica, Endere\u00e7o e Telefone Arquidiocese de Teresina<\/h3>\n<ul>\n<li>Av. Frei Serafim, 1693 &#8211; Centro (Sul) &#8211; Teresina &#8211; PI<\/li>\n<li>Telefone: (86) 3222-2667<\/li>\n<\/ul>\n<h4>Outras informa\u00e7\u00f5es Site e CNPJ<\/h4>\n<ul>\n<li>Mais informa\u00e7\u00f5es: <a href=\"http:\/\/arquidiocesedeteresina.org.br\/\" target=\"_blank\" rel=\"noopener noreferrer\">www.arquidiocesedeteresina.org.br<\/a><\/li>\n<li>CNPJ: 06.516.967\/0001-07<\/li>\n<\/ul>\n<h4>Mapa de localiza\u00e7\u00e3o<\/h4>\n<a class=\"wp-colorbox-iframe\" href=\"https:\/\/www.google.com\/maps\/embed?pb=!1m14!1m8!1m3!1d15896.494598837635!2d-42.7989493!3d-5.0836968!3m2!1i1024!2i768!4f13.1!3m3!1m2!1s0x00xb422ad93361f9f3!2sArquidiocese+de+Teresina!5e0!3m2!1spt-BR!2sbr!4v1529349676568\"><img src=\"http:\/\/www.encontrabelohorizonte.com.br\/imgs\/maps-post.png\"><\/a>\n\n<div style=\"font-size: 0px; height: 0px; line-height: 0px; margin: 0; padding: 0; clear: both;\"><\/div>","protected":false},"excerpt":{"rendered":"<p>A Arquidiocese de Teresina (Archidioecesis Teresiana) \u00e9 uma circunscri\u00e7\u00e3o eclesi\u00e1stica da Igreja Cat\u00f3lica no estado do Piau\u00ed. O Bispado do Maranh\u00e3o, ap\u00f3s a anexa\u00e7\u00e3o do Piau\u00ed \u00e0 sua jurisdi\u00e7\u00e3o em 1728, teve o cuidado de aumentar o n\u00famero de Freguesias no vasto territ\u00f3rio piauiense, prov\u00ea-las de p\u00e1rocos zelosos e de melhorar o exerc\u00edcio do sacerd\u00f3cio. Come\u00e7am as primeiras Visitas Pastorais \u00e0s par\u00f3quias do Piau\u00ed, favorecendo a vida do povo e do clero. A evangeliza\u00e7\u00e3o dos brancos, dos escravos negros, dos mesti\u00e7os e dos ind\u00edgenas que v\u00e3o se aculturando, apesar das discrimina\u00e7\u00f5es do tempo, vai se desenvolvendo atrav\u00e9s destas Visitas Pastorais, <\/p>\n","protected":false},"author":1,"featured_media":0,"parent":0,"menu_order":0,"comment_status":"closed","ping_status":"closed","template":"","meta":[],"aioseo_notices":[],"_links":{"self":[{"href":"https:\/\/www.encontrateresina.com\/sobre\/wp-json\/wp\/v2\/pages\/834"}],"collection":[{"href":"https:\/\/www.encontrateresina.com\/sobre\/wp-json\/wp\/v2\/pages"}],"about":[{"href":"https:\/\/www.encontrateresina.com\/sobre\/wp-json\/wp\/v2\/types\/page"}],"author":[{"embeddable":true,"href":"https:\/\/www.encontrateresina.com\/sobre\/wp-json\/wp\/v2\/users\/1"}],"replies":[{"embeddable":true,"href":"https:\/\/www.encontrateresina.com\/sobre\/wp-json\/wp\/v2\/comments?post=834"}],"version-history":[{"count":0,"href":"https:\/\/www.encontrateresina.com\/sobre\/wp-json\/wp\/v2\/pages\/834\/revisions"}],"wp:attachment":[{"href":"https:\/\/www.encontrateresina.com\/sobre\/wp-json\/wp\/v2\/media?parent=834"}],"curies":[{"name":"wp","href":"https:\/\/api.w.org\/{rel}","templated":true}]}}