{"id":840,"date":"2018-06-18T17:58:09","date_gmt":"2018-06-18T20:58:09","guid":{"rendered":"http:\/\/www.encontrateresina.com\/sobre\/?page_id=840"},"modified":"2019-05-02T14:39:10","modified_gmt":"2019-05-02T17:39:10","slug":"shopping-rio-poty-teresina","status":"publish","type":"page","link":"https:\/\/www.encontrateresina.com\/sobre\/shopping-rio-poty-teresina\/","title":{"rendered":"Shopping Rio Poty Teresina"},"content":{"rendered":"<div class=\"0a7f0342045e68db0e2c8d55d9616140\" data-index=\"1\" style=\"float: left; margin: 15px 15px 15px 0;\">\n<!-- EBR \/Novo-Bairro-Topo\/ 300x250 -->\r\n<ins class=\"adsbygoogle\"\r\n     style=\"display:inline-block;width:300px;height:250px\"\r\n     data-ad-client=\"ca-pub-6414922941841817\"\r\n     data-ad-slot=\"5351822287\"><\/ins>\r\n<script>\r\n(adsbygoogle = window.adsbygoogle || []).push({});\r\n<\/script>\n<\/div>\n<p>Um novo centro de compras chega a Teresina trazendo mais felicidade para uma das capitais mais promissoras do Nordeste.<\/p>\n<p>O <strong>Shopping Rio Poty Teresina<\/strong> fica localizado na Av. Marechal Castelo Branco, \u00e0s margens do rio, com uma bela vista da regi\u00e3o que mais cresce na cidade, sin\u00f4nimo de desenvolvimento e bons neg\u00f3cios.<\/p>\n<p><img decoding=\"async\" loading=\"lazy\" class=\"alignnone wp-image-842 size-full\" title=\"Shopping Rio Poty Teresina\" src=\"http:\/\/www.encontrateresina.com\/sobre\/wp-content\/uploads\/2018\/06\/shopping-rio-poty-teresina.jpg\" alt=\"Shopping Rio Poty Teresina\" width=\"680\" height=\"189\" srcset=\"https:\/\/www.encontrateresina.com\/sobre\/wp-content\/uploads\/2018\/06\/shopping-rio-poty-teresina.jpg 680w, https:\/\/www.encontrateresina.com\/sobre\/wp-content\/uploads\/2018\/06\/shopping-rio-poty-teresina-300x83.jpg 300w\" sizes=\"(max-width: 680px) 100vw, 680px\" \/><\/p>\n<p>Com uma arquitetura moderna e diferenciada o empreendimento conta com 44.000m2 de \u00e1rea bruta loc\u00e1vel (ABL) e 219 lojas distribu\u00eddas em 4 pisos. Pra deixar voc\u00ea ainda mais feliz temos 2.293 vagas de estacionamento e a novidade s\u00e3o as vagas cobertas em quase todos os andares.<\/p>\n<p>Al\u00e9m disso, o shopping trouxe para Teresina marcas exclusivas e in\u00e9ditas na capital, dentre elas podemos destacar: Le Lis Blanc, Siberian, Livraria Leitura, Tok Stok, Camicado e Bodytech.<\/p>\n<p>Se voc\u00ea \u00e9 daqueles que adora divers\u00e3o o Shopping Rio Poty \u00e9 o seu lugar.<\/p>\n<p>O Shopping Rio Poty tem a maior Pra\u00e7a de Alimenta\u00e7\u00e3o de Teresina com uma linda varanda, de onde voc\u00ea pode apreciar a bela vista do Rio Poty.<\/p>\n<p>No Parque Danny&#8217;s Park, temos quase 1.000m2 de pura divers\u00e3o e 12 salas de cinema com 3 salas VIP&#8217;s da rede Cin\u00e9polis, a maior rede de cinemas do Brasil.<\/p>\n<h2>Shopping Rio Poty Teresina Instagram<\/h2>\n<p>Acesse a pagina do Shopping Rio Poty Teresina no <a href=\"https:\/\/www.instagram.com\/shoppingriopoty\/?hl=pt-br\" target=\"_blank\" rel=\"noopener\">Instagram.<\/a><\/p>\n<h3>Shopping Rio Poty Teresina Cinema<\/h3>\n<p>Toda semana a\u00a0programa\u00e7\u00e3o do Cin\u00e9polis \u00e9 atualizada. Para conferir hor\u00e1rios, salas e valores consulte a p\u00e1gina do cinema no portal oficial do Shopping.<\/p>\n<h3>Shopping Rio Poty Teresina Curr\u00edculo<\/h3>\n<p>Se voc\u00ea quer fazer parte da <span style=\"text-decoration: underline;\">equipe<\/span> do Shopping Rio Poty Teresina acesse o site para mais informa\u00e7\u00f5es de como enviar seu <span style=\"text-decoration: underline;\">curr\u00edculo.<\/span><\/p>\n<h3>Hor\u00e1rio de Funcionamento Shopping Rio Poty Teresina<\/h3>\n<ul>\n<li>Segunda a s\u00e1bado das 10h \u00e1s 22h \/ Domingo das 12h \u00e1s 22h<\/li>\n<\/ul>\n<h3>Onde Fica, Endere\u00e7o e Telefone Shopping Rio Poty Teresina<\/h3>\n<ul>\n<li>Av. Mal. Castelo Branco, 911 &#8211; Porenquanto &#8211; Teresina &#8211; PI<\/li>\n<li>Telefone: (86) 3122-6000<\/li>\n<\/ul>\n<h4>Outras informa\u00e7\u00f5es e site<\/h4>\n<ul>\n<li>Mais informa\u00e7\u00f5es: <a href=\"http:\/\/www.shoppingriopoty.com.br\/\" target=\"_blank\" rel=\"noopener noreferrer\">www.shoppingriopoty.com.br<\/a><\/li>\n<\/ul>\n<h4>Mapa de localiza\u00e7\u00e3o<\/h4>\n<a class=\"wp-colorbox-iframe\" href=\"https:\/\/www.google.com\/maps\/embed?pb=!1m18!1m12!1m3!1d3974.161668493646!2d-42.80407383581704!3d-5.077531652939524!2m3!1f0!2f0!3f0!3m2!1i1024!2i768!4f13.1!3m3!1m2!1s0x78e39ebc53570f50x3c3fe19f6cfcdb04!2sShopping+Rio+Poty!5e0!3m2!1spt-BR!2sbr!4v1529350888721\"><img src=\"http:\/\/www.encontrabelohorizonte.com.br\/imgs\/maps-post.png\"><\/a>\n\n<div style=\"font-size: 0px; height: 0px; line-height: 0px; margin: 0; padding: 0; clear: both;\"><\/div>","protected":false},"excerpt":{"rendered":"<p>Um novo centro de compras chega a Teresina trazendo mais felicidade para uma das capitais mais promissoras do Nordeste. O Shopping Rio Poty Teresina fica localizado na Av. Marechal Castelo Branco, \u00e0s margens do rio, com uma bela vista da regi\u00e3o que mais cresce na cidade, sin\u00f4nimo de desenvolvimento e bons neg\u00f3cios. Com uma arquitetura moderna e diferenciada o empreendimento conta com 44.000m2 de \u00e1rea bruta loc\u00e1vel (ABL) e 219 lojas distribu\u00eddas em 4 pisos. Pra deixar voc\u00ea ainda mais feliz temos 2.293 vagas de estacionamento e a novidade s\u00e3o as vagas cobertas em quase todos os andares. Al\u00e9m disso, <\/p>\n","protected":false},"author":1,"featured_media":0,"parent":0,"menu_order":0,"comment_status":"closed","ping_status":"closed","template":"","meta":[],"aioseo_notices":[],"_links":{"self":[{"href":"https:\/\/www.encontrateresina.com\/sobre\/wp-json\/wp\/v2\/pages\/840"}],"collection":[{"href":"https:\/\/www.encontrateresina.com\/sobre\/wp-json\/wp\/v2\/pages"}],"about":[{"href":"https:\/\/www.encontrateresina.com\/sobre\/wp-json\/wp\/v2\/types\/page"}],"author":[{"embeddable":true,"href":"https:\/\/www.encontrateresina.com\/sobre\/wp-json\/wp\/v2\/users\/1"}],"replies":[{"embeddable":true,"href":"https:\/\/www.encontrateresina.com\/sobre\/wp-json\/wp\/v2\/comments?post=840"}],"version-history":[{"count":0,"href":"https:\/\/www.encontrateresina.com\/sobre\/wp-json\/wp\/v2\/pages\/840\/revisions"}],"wp:attachment":[{"href":"https:\/\/www.encontrateresina.com\/sobre\/wp-json\/wp\/v2\/media?parent=840"}],"curies":[{"name":"wp","href":"https:\/\/api.w.org\/{rel}","templated":true}]}}