{"id":9,"date":"2017-12-13T08:38:48","date_gmt":"2017-12-13T10:38:48","guid":{"rendered":"http:\/\/www.encontrateresina.com\/sobre\/?page_id=9"},"modified":"2021-06-30T09:01:34","modified_gmt":"2021-06-30T12:01:34","slug":"sobre-teresina","status":"publish","type":"page","link":"https:\/\/www.encontrateresina.com\/sobre\/","title":{"rendered":"Sobre Teresina"},"content":{"rendered":"<p><a href=\"https:\/\/www.encontrateresina.com\/sobre\/noticias-em-teresina\"><img decoding=\"async\" loading=\"lazy\" class=\"aligncenter\" src=\"https:\/\/feeds.feedburner.com\/encontratresina.gif?w=1&amp;c=1&amp;bb=QzfW\" alt=\"Encontra Teresina (Osvaldir)\" width=\"468\" height=\"60\" \/><\/a><\/p>\n<h2>Limites &#8211; Cidades Vizinhas<\/h2>\n<p>No Piau\u00ed: Uni\u00e3o, Altos, Monsenhor Gil, Jos\u00e9 de Freitas, Naz\u00e1ria e Demerval Lob\u00e3o.<br \/>\nNo Maranh\u00e3o: Timon e Caxias<\/p>\n<h2>Dados Principais sobre a Cidade de Teresina<\/h2>\n<p><img decoding=\"async\" loading=\"lazy\" class=\"alignright size-full wp-image-11\" src=\"https:\/\/www.encontrateresina.com\/sobre\/wp-content\/uploads\/2017\/12\/brasao-de-teresina.jpg\" alt=\"\" width=\"104\" height=\"119\" \/><\/p>\n<p><strong>Anivers\u00e1rio:<\/strong> 16 de agosto<img decoding=\"async\" loading=\"lazy\" class=\"alignright size-full wp-image-10\" src=\"https:\/\/www.encontrateresina.com\/sobre\/wp-content\/uploads\/2017\/12\/bandeira-de-teresina.jpg\" alt=\"\" width=\"145\" height=\"93\" \/><br \/>\n<strong>Funda\u00e7\u00e3o:<\/strong> 1852<br \/>\n<strong>Gent\u00edlico:<\/strong> Teresinense<br \/>\n<strong>\u00c1rea:<\/strong> 1 381,981 Km\u00b2<br \/>\n<strong>Popula\u00e7\u00e3o:<\/strong> 847 430 hab. (2015)<br \/>\n<strong>IDH:<\/strong> 0,751 &#8211; elevado\u00a0<strong><br \/>\nPrefeitura:<\/strong> Teresina<\/p>\n<h2>V\u00eddeo sobre a cidade de Teresina<\/h2>\n<p><iframe loading=\"lazy\" style=\"width: 100%; height: 315px;\" src=\"https:\/\/www.youtube-nocookie.com\/embed\/a7fAKH1ycXc?rel=0&amp;showinfo=0\" width=\"300\" height=\"150\" frameborder=\"0\" allowfullscreen=\"allowfullscreen\"><\/iframe><\/p>\n<h2>Mapa Teresina<\/h2>\n<p><iframe loading=\"lazy\" style=\"border: 0; width: 100%; height: 450px;\" src=\"https:\/\/www.google.com\/maps\/embed?pb=!1m18!1m12!1m3!1d1017212.1132356011!2d-43.362023299255476!3d-5.186196997833765!2m3!1f0!2f0!3f0!3m2!1i1024!2i768!4f13.1!3m3!1m2!1s0x78e34b4df8526b1%3A0x2c29cfbdbb7d7359!2sTeresina+-+PI!5e0!3m2!1spt-BR!2sbr!4v1513161942559\" width=\"300\" height=\"150\" frameborder=\"0\" allowfullscreen=\"allowfullscreen\"><\/iframe><\/p>\n<h2>Moradores ilustres de Teresina<\/h2>\n<div id=\"fb-root\"><\/div>\n<p><script>(function(d, s, id) {\n  var js, fjs = d.getElementsByTagName(s)[0];\n  if (d.getElementById(id)) return;\n  js = d.createElement(s); js.id = id;\n  js.src = 'https:\/\/connect.facebook.net\/pt_BR\/sdk.js#xfbml=1&version=v2.11';\n  fjs.parentNode.insertBefore(js, fjs);\n}(document, 'script', 'facebook-jssdk'));<\/script><\/p>\n<div class=\"fb-page\" style=\"border: none; overflow: hidden; width: 100%; height: 252px;\" data-href=\"https:\/\/www.facebook.com\/piteresina\" data-width=\"730\" data-height=\"252\" data-small-header=\"false\" data-adapt-container-width=\"true\" data-hide-cover=\"false\" data-show-facepile=\"true\">\n<blockquote class=\"fb-xfbml-parse-ignore\" cite=\"https:\/\/www.facebook.com\/piteresina\"><p><a href=\"https:\/\/www.facebook.com\/piteresina\">Teresina &#8211; PI<\/a><\/p><\/blockquote>\n<\/div>\n<h2>Hist\u00f3ria da cidade de Teresina<\/h2>\n<p><img decoding=\"async\" loading=\"lazy\" width=\"737\" height=\"258\" class=\"alignnone size-full wp-image-17\" style=\"width: 100%; height: 100%;\" src=\"https:\/\/www.encontrateresina.com\/sobre\/wp-content\/uploads\/2017\/12\/cidade-de-teresina.jpg\" alt=\"\" srcset=\"https:\/\/www.encontrateresina.com\/sobre\/wp-content\/uploads\/2017\/12\/cidade-de-teresina.jpg 737w, https:\/\/www.encontrateresina.com\/sobre\/wp-content\/uploads\/2017\/12\/cidade-de-teresina-300x105.jpg 300w\" sizes=\"(max-width: 737px) 100vw, 737px\" \/><br \/>\n<strong>Teresina<\/strong> \u00e9 a capital e o munic\u00edpio mais populoso do estado brasileiro do Piau\u00ed. Localiza-se no Centro-Norte Piauiense a 343 km do litoral, sendo, portanto, a \u00fanica capital da Regi\u00e3o Nordeste que n\u00e3o se localiza \u00e0s margens do Oceano Atl\u00e2ntico. Est\u00e1 conurbada com a cidade maranhense de Timon, formando, assim, a Regi\u00e3o Integrada de Desenvolvimento da Grande Teresina, que aglomera cerca de 1.194.911 habitantes, sendo a segunda RIDE mais populosa de todo o Brasil, atr\u00e1s apenas de Bras\u00edlia. Teresina \u00e9 a 21\u00aa maior cidade do Brasil e a 17\u00aa maior capital de estado, sendo a 7\u00aa capital mais populosa e a 7\u00aa capital mais rica do Nordeste.<\/p>\n<p>Teresina \u00e9 a terceira capital com melhor qualidade de vida do Norte-Nordeste segundo o \u00cdndice FIRJAN de Desenvolvimento Municipal, e segundo o IPEA \u00e9 a terceira capital mais segura do Brasil (perdendo apenas para Natal\/RN e Palmas\/TO). A cidade tem um IDH alto (\u00cdndice de Desenvolvimento Humano), por\u00e9m, ainda \u00e9 a oitava colocada entre as capitais do Nordeste, ficando \u00e0 frente apenas de Macei\u00f3. Teresina tamb\u00e9m \u00e9 a terceira cidade onde mais acontecem sequ\u00eancias de descargas el\u00e9tricas no mundo. Por esta raz\u00e3o, a regi\u00e3o recebe a curiosa denomina\u00e7\u00e3o de &#8220;Chapada do Corisco&#8221;.<\/p>\n<p>Seu lema \u00e9 a frase &#8220;Omnia in Charitate&#8221;, que significa, em portugu\u00eas, &#8220;Tudo pela caridade&#8221;. A cidade \u00e9 a terra natal de Torquato Neto, poeta do Tropicalismo, e de Carlos Castelo Branco, colunista pol\u00edtico do Jornal do Brasil.<\/p>\n<p>Historicamente, Teresina desenvolveu-se por meio do Rio Parna\u00edba, atrav\u00e9s da navega\u00e7\u00e3o fluvial. Teresina \u00e9 conhecida por Cidade Verde, codinome dado pelo escritor maranhense Coelho Neto, em virtude de ter ruas e avenidas entremeadas de \u00e1rvores. \u00c9 um munic\u00edpio em fase de crescimento galopante e, atualmente, possui uma \u00e1rea de 1.673 km\u00b2 e uma popula\u00e7\u00e3o de quase 900 mil habitantes. \u00c9 uma das mais pr\u00f3speras cidades brasileiras, destacando-se atualmente no setor de presta\u00e7\u00e3o de servi\u00e7os, com\u00e9rcio intenso, rede de ensino avan\u00e7ada, eventos culturais e esportivos, congressos, ind\u00fastria t\u00eaxtil, com uma justi\u00e7a trabalhista c\u00e9lere, e um grande complexo e moderno centro m\u00e9dico que atrai pacientes de v\u00e1rios estados.<\/p>\n<h2>Hist\u00f3ria<\/h2>\n<p>A origem de Teresina \u00e9 ligada diretamente ao Rio Poti. O primeiro propriet\u00e1rio foi o seu sargento-mor Antonio Coelho Teixeira, cuja sesmaria foi confirmada, em Lisboa, no dia 1 de julho de 1744. \u00c0s margens desse rio havia um povoado, que depois seria elevado \u00e0 condi\u00e7\u00e3o de Nova Vila (do Poti ou Poti velho). Essencialmente formada por pescadores e pequenos comerciantes, era cortada por uma estrada que ligava Oeiras, ent\u00e3o capital da Prov\u00edncia do Piau\u00ed, a Parna\u00edba, um dos mais pr\u00f3speros centros do atual Estado. Ainda por volta de 1740, o Pe. Romualdo da Silva Bezerra possu\u00eda sesmaria na Regi\u00e3o das Aldeias Altas, isto \u00e9, na Regi\u00e3o norte da Capitania. \u00c9 bom lembrar que havia diversos povoados ao logo dos rios e caminhos. A capital nasceu no que corresponde hoje ao bairro do Poti Velho, que embora tenha surgido mais de 100 anos antes do que a capital, s\u00f3 foi anexado a mesma em meados do s\u00e9culo XX. Hoje, apesar da grande e profunda mudan\u00e7a em sua paisagem, o bairro ainda preserva seus costumes e suas tradi\u00e7\u00f5es. Hoje \u00e9 considerado o bairro mais velho da capital, por\u00e9m o marco e a data de funda\u00e7\u00e3o da cidade s\u00e3o atribu\u00eddos a funda\u00e7\u00e3o do atual centro da capital.<\/p>\n<p>Uma das primeiras constru\u00e7\u00f5es de Teresina foi a Igreja de Nossa Senhora do Amparo, localizada no Centro da Capital, o que mostra a verdadeira devo\u00e7\u00e3o religiosa do povo da antiga vila. A cidade j\u00e1 nasceu, ou seja, foi fundada, em 1852, com o objetivo de tornar-se capital da Prov\u00edncia do Piau\u00ed, totalmente planejada pelo Conselheiro Jos\u00e9 Ant\u00f4nio Saraiva, sendo, portanto, oficialmente a primeira capital planejada do Brasil.A constru\u00e7\u00e3o faz parte da atual Pra\u00e7a Marechal Deodoro, onde na funda\u00e7\u00e3o da cidade concentrava toda a esfera pol\u00edtica do estado, com o pr\u00e9dio da Justi\u00e7a Federal e do Pal\u00e1cio do Governo (Atual museu do Piau\u00ed) e tamb\u00e9m destacava-se como centro econ\u00f4mico, com a inaugura\u00e7\u00e3o do mercado velho. Hoje, marco zero da funda\u00e7\u00e3o da cidade, a pra\u00e7a possu\u00ed ainda o Pal\u00e1cio da Cidade(Antiga escola normal) e o Mercado central(Mercado velho) do que integrava a sua funda\u00e7\u00e3o.<\/p>\n<p>Vale ressaltar que a transfer\u00eancia da capital da Prov\u00edncia do Piau\u00ed de Oeiras para Teresina realizou-se sob v\u00e1rios protestos da comunidade oeirense, que desejava a todo custo, garantir a perman\u00eancia da capital naquela cidade. Contudo, apesar da press\u00e3o, o Presidente da Prov\u00edncia, Jos\u00e9 Ant\u00f4nio Saraiva, ardoroso defensor das ideias mudancistas, efetiva a transfer\u00eancia da capital. E em 16 de agosto de 1852, dirige circular a todos os Presidentes de Prov\u00edncia do Imp\u00e9rio do Brasil comunicando o fato, instituindo-a assim, como nova capita da Prov\u00edncia<\/p>\n<p>O nome da cidade remete a imperatriz Teresa Cristina Maria de Bourbon, que teria intermediado com o imperador Dom Pedro II a ideia de mudan\u00e7a da capital, e em sua homenagem deu-se o nome da cidade, que \u00e9 a contra\u00e7\u00e3o (mistura) das palavras Teresa e Cristina. Tornada capital, Teresina passou por um crescimento bastante acentuado, aumentando de 49 para cerca de 8 mil habitantes em duas d\u00e9cadas. Essa foi a primeira cidade do Brasil constru\u00edda em tra\u00e7ado geom\u00e9trico. Ela n\u00e3o nasceu de forma espont\u00e2nea, mas de modo artificial. Saraiva, pessoalmente, tomou as primeiras provid\u00eancias: planejou tudo, juntamente com o mestre-de-obras portugu\u00eas Jo\u00e3o Isidoro Fran\u00e7a, com o cuidado de estabelecer logradouros em linhas paralelas, simetricamente dispostas, todas partindo do Rio Parna\u00edba, rumo ao Rio Poti,principais fontes de \u00e1gua da cidade, at\u00e9 hoje.<\/p>\n<p>No ano de 1860, a nova capital j\u00e1 contava com uma \u00e1rea urbanizada de um quil\u00f4metro de extens\u00e3o na dire\u00e7\u00e3o norte-sul, com os seguintes confrontos: de um lado o largo do quartel do Batalh\u00e3o (atual Est\u00e1dio Lindolfo Monteiro) e do outro o &#8220;Barroc\u00e3o&#8221; (atual Avenida Jos\u00e9 dos Santos e Silva). Na dire\u00e7\u00e3o leste-oeste o desenvolvimento n\u00e3o ganhou a mesma intensidade. Tomando-se como base o lado do Parna\u00edba, as ruas findavam a algumas dezenas de metros acima das duas principais pra\u00e7as, a da Constitui\u00e7\u00e3o, atual Pra\u00e7a Marechal Deodoro da Fonseca (que anteriormente tamb\u00e9m denominou-se Pra\u00e7a do Pal\u00e1cio e Largo do Amparo), e a do Largo do Saraiva (atualmente Pra\u00e7a Saraiva). Para o lado do Poti, nem todas as ruas chegavam ao rio. A Rua Grande, atual Rua \u00c1lvaro Mendes, uma das principais ruas da nova capital teve um papel significante no desenvolvimento da nova cidade.<\/p>\n<p>Teresina \u00e9 conhecida por Cidade Verde, codinome dado pelo escritor maranhense Coelho Neto, em virtude de ter ruas e avenidas entremeadas de \u00e1rvores. \u00c9 um Munic\u00edpio em fase de crescimento e, atualmente, possui uma \u00e1rea de 1.673 km\u00b2 e uma popula\u00e7\u00e3o de 800 mil habitantes. \u00c9 uma das mais pr\u00f3speras cidades brasileiras, destacando-se atualmente no setor de eventos, congressos, ind\u00fastria t\u00eaxtil, com uma Justi\u00e7a trabalhista c\u00e9lere e centro m\u00e9dico da regi\u00e3o.<\/p>\n<p>Outros comentam que a cria\u00e7\u00e3o da capital Teresina teria sido uma medida pol\u00edtico-estrat\u00e9gica, sob o fato de que a cidade de Caxias, do estado vizinho do Maranh\u00e3o, estava amea\u00e7ando a hegemonia da regi\u00e3o norte do estado do Piau\u00ed, tendo ent\u00e3o o conselheiro transferido a capital para resolver a quest\u00e3o da centraliza\u00e7\u00e3o no estado.<\/p>\n<p>Teresina foi a primeira capital do Brasil especificamente planejada para substituir outra j\u00e1 existente; as outras s\u00e3o Aracaju (1855), Belo Horizonte (1894), Goi\u00e2nia (1933), Bras\u00edlia (1960), e Palmas (1989). Todavia, conv\u00e9m ressaltar, que os n\u00facleos fundacionais das cidades de Salvador (1549), S\u00e3o Lu\u00eds (1612) e Recife (Mauritsstadt &#8211; 1637) tamb\u00e9m foram projetados. Ainda assim, os tra\u00e7ados de Salvador e Mauritsstadt tinham uma malha reticulada flex\u00edvel e tais cidades n\u00e3o foram projetadas para substituir outras Capitais j\u00e1 existentes.<\/p>\n<p>Nos primeiros anos ap\u00f3s a sua funda\u00e7\u00e3o,Teresina experimentou um crescimento &#8211; principalmente, populacional e estrutural &#8211; em um ritmo bem acelerado. A popula\u00e7\u00e3o passou de 49 habitantes a um n\u00famero pr\u00f3ximo de 20 mil, em apenas 20 anos. O principal motivo do desenvolvimento acelerado \u00e9 a extra\u00e7\u00e3o da borracha de mani\u00e7oba e da cera de carna\u00faba.Teresina tamb\u00e9m come\u00e7ou a ganhar postura estrutural de uma capital. Al\u00e9m da entrega da Igreja Matriz de Nossa Senhora do Amparo, ainda no mesmo ano da funda\u00e7\u00e3o da cidade, Teresina ganhou o teatro \u201cSanta Teresinha\u201d em 1858. Em 1867, a Igreja de Nossa Senhora das Dores \u2013 depois elevada a Catedral \u2013 \u00e9 conclu\u00edda e, no mesmo ano, a cidade ganhou seu primeiro sistema de ilumina\u00e7\u00e3o p\u00fablica, dispondo de seis combustores de querosene sobre postes de madeira, ampliado em 1882. Em 1886, \u00e9 inaugurada a Igreja de S\u00e3o Benedito.<\/p>\n<p>Entre 1937 e 1941, ocorreram uma s\u00e9rie de inc\u00eandios clandestinos para expandir as \u00e1reas nobres da cidade. Esses inc\u00eandios atingiram barracos e desabrigaram centenas de pessoas. Ao longo dos anos, a cidade se recuperou, e iniciou uma constante expans\u00e3o para o leste.<\/p>\n<p><!-- EBR \/Novo-Bairro\/ Correspondente - pub-64 --><br \/>\n<ins class=\"adsbygoogle\"\n     style=\"display:block\"\n     data-ad-format=\"autorelaxed\"\n     data-ad-client=\"ca-pub-6414922941841817\"\n     data-ad-slot=\"5727871924\"><\/ins><br \/>\n<script>\n     (adsbygoogle = window.adsbygoogle || []).push({});\n<\/script><\/p>\n\n<div style=\"font-size: 0px; height: 0px; line-height: 0px; margin: 0; padding: 0; clear: both;\"><\/div>","protected":false},"excerpt":{"rendered":"<p>Limites &#8211; Cidades Vizinhas No Piau\u00ed: Uni\u00e3o, Altos, Monsenhor Gil, Jos\u00e9 de Freitas, Naz\u00e1ria e Demerval Lob\u00e3o. No Maranh\u00e3o: Timon e Caxias Dados Principais sobre a Cidade de Teresina Anivers\u00e1rio: 16 de agosto Funda\u00e7\u00e3o: 1852 Gent\u00edlico: Teresinense \u00c1rea: 1 381,981 Km\u00b2 Popula\u00e7\u00e3o: 847 430 hab. (2015) IDH: 0,751 &#8211; elevado\u00a0 Prefeitura: Teresina V\u00eddeo sobre a cidade de Teresina Mapa Teresina Moradores ilustres de Teresina Teresina &#8211; PI Hist\u00f3ria da cidade de Teresina Teresina \u00e9 a capital e o munic\u00edpio mais populoso do estado brasileiro do Piau\u00ed. Localiza-se no Centro-Norte Piauiense a 343 km do litoral, sendo, portanto, a \u00fanica capital <\/p>\n","protected":false},"author":1,"featured_media":0,"parent":0,"menu_order":0,"comment_status":"closed","ping_status":"closed","template":"","meta":[],"aioseo_notices":[],"_links":{"self":[{"href":"https:\/\/www.encontrateresina.com\/sobre\/wp-json\/wp\/v2\/pages\/9"}],"collection":[{"href":"https:\/\/www.encontrateresina.com\/sobre\/wp-json\/wp\/v2\/pages"}],"about":[{"href":"https:\/\/www.encontrateresina.com\/sobre\/wp-json\/wp\/v2\/types\/page"}],"author":[{"embeddable":true,"href":"https:\/\/www.encontrateresina.com\/sobre\/wp-json\/wp\/v2\/users\/1"}],"replies":[{"embeddable":true,"href":"https:\/\/www.encontrateresina.com\/sobre\/wp-json\/wp\/v2\/comments?post=9"}],"version-history":[{"count":0,"href":"https:\/\/www.encontrateresina.com\/sobre\/wp-json\/wp\/v2\/pages\/9\/revisions"}],"wp:attachment":[{"href":"https:\/\/www.encontrateresina.com\/sobre\/wp-json\/wp\/v2\/media?parent=9"}],"curies":[{"name":"wp","href":"https:\/\/api.w.org\/{rel}","templated":true}]}}