{"id":940,"date":"2018-06-26T18:53:40","date_gmt":"2018-06-26T21:53:40","guid":{"rendered":"http:\/\/www.encontrateresina.com\/sobre\/?page_id=940"},"modified":"2019-05-02T18:53:34","modified_gmt":"2019-05-02T21:53:34","slug":"banco-do-nordeste-teresina","status":"publish","type":"page","link":"https:\/\/www.encontrateresina.com\/sobre\/banco-do-nordeste-teresina\/","title":{"rendered":"Banco do Nordeste Teresina"},"content":{"rendered":"<div class=\"0a7f0342045e68db0e2c8d55d9616140\" data-index=\"1\" style=\"float: left; margin: 15px 15px 15px 0;\">\n<!-- EBR \/Novo-Bairro-Topo\/ 300x250 -->\r\n<ins class=\"adsbygoogle\"\r\n     style=\"display:inline-block;width:300px;height:250px\"\r\n     data-ad-client=\"ca-pub-6414922941841817\"\r\n     data-ad-slot=\"5351822287\"><\/ins>\r\n<script>\r\n(adsbygoogle = window.adsbygoogle || []).push({});\r\n<\/script>\n<\/div>\n<p>O Banco do Nordeste do Brasil S. A. \u00e9 o maior banco de desenvolvimento regional da Am\u00e9rica Latina e diferencia-se das demais institui\u00e7\u00f5es financeiras pela miss\u00e3o que tem a cumprir: Atuar como Banco de Desenvolvimento da Regi\u00e3o Nordeste.<\/p>\n<p><strong>Banco do Nordeste Teresina<\/strong> \u00e9 o Banco preferido do Nordeste, reconhecido pela sua capacidade de promover o bem-estar das fam\u00edlias e a competitividade das empresas da Regi\u00e3o.<\/p>\n<p><img decoding=\"async\" loading=\"lazy\" class=\"alignnone wp-image-942 size-full\" title=\"Banco do Nordeste Teresina\" src=\"http:\/\/www.encontrateresina.com\/sobre\/wp-content\/uploads\/2018\/06\/banco-do-nordeste-teresina.jpg\" alt=\"Banco do Nordeste Teresina\" width=\"680\" height=\"189\" srcset=\"https:\/\/www.encontrateresina.com\/sobre\/wp-content\/uploads\/2018\/06\/banco-do-nordeste-teresina.jpg 680w, https:\/\/www.encontrateresina.com\/sobre\/wp-content\/uploads\/2018\/06\/banco-do-nordeste-teresina-300x83.jpg 300w\" sizes=\"(max-width: 680px) 100vw, 680px\" \/><\/p>\n<p>Sua preocupa\u00e7\u00e3o b\u00e1sica \u00e9 executar uma pol\u00edtica de desenvolvimento \u00e1gil e seletiva, capaz de contribuir de forma decisiva para a supera\u00e7\u00e3o dos desafios e para a constru\u00e7\u00e3o de um padr\u00e3o de vida compat\u00edvel com os recursos, potencialidades e oportunidades da Regi\u00e3o.<\/p>\n<h2>Banco do Nordeste Teresina Trabalhe Conosco<\/h2>\n<p>Para aqueles que almejam trabalhar em uma empresa que preza por realizar servi\u00e7os da mais alta qualidade, e que zela por seus colaboradores e profissionalismo sempre, estes profissionais devem trabalhar no Banco do Nordeste Teresina, acesse o site para enviar seu curr\u00edculo.<\/p>\n<h3>Banco do Nordeste Teresina Empr\u00e9stimo<\/h3>\n<p>Uma linha de <em>cr\u00e9dito f\u00e1cil<\/em> de contratar para voc\u00ea organizar o or\u00e7amento, reformar sua casa, viajar e realizar seus planos.<\/p>\n<h3>Banco do Nordeste Teresina Solu\u00e7\u00f5es Digitais<\/h3>\n<ul>\n<li>App Banco do Nordeste<br \/>\nFa\u00e7a transfer\u00eancias, pagamentos, solicita\u00e7\u00f5es de cr\u00e9dito, investimentos e muito mais pelo aplicativo. Baixe para o seu tablet ou smartphone e tenha essas facilidades sempre \u00e0 m\u00e3o.<\/li>\n<li>App Banco do Nordeste Cart\u00f5es<br \/>\nEm breve! Consulte e pague faturas, organize suas compras por categorias e verifique seu limite sempre que precisar. Com o aplicativo, fica f\u00e1cil controlar os gastos e servi\u00e7os do seu cart\u00e3o de cr\u00e9dito.<\/li>\n<li>Touch ID<br \/>\nAcesse os aplicativos do Banco do Nordeste com a sua digital. \u00c9 mais r\u00e1pido e seguro. Se o seu celular possui essa fun\u00e7\u00e3o, baixe nossos apps e aproveite essa comodidade.<\/li>\n<li>Saque sem cart\u00e3o<br \/>\nRealize saques sem o seu cart\u00e3o de d\u00e9bito nos terminais de autoatendimento do Banco do Nordeste. Fa\u00e7a j\u00e1 a sua ades\u00e3o no app ou Internet Banking e utilize essa comodidade.<\/li>\n<li>Cr\u00e9dito pessoal online<br \/>\nCliente Banco do Nordeste tem uma linha de cr\u00e9dito r\u00e1pida e f\u00e1cil de contratar. Consulte o seu limite de cr\u00e9dito dispon\u00edvel e solicite sempre que precisar pelo app ou Internet Banking.<\/li>\n<li>Giro Digital<br \/>\nReponha seu estoque e aumente as suas vendas com capital de giro automatizado e taxas atrativas. Conhe\u00e7a as condi\u00e7\u00f5es e aproveite.<\/li>\n<li>Cart\u00e3o BNB<br \/>\nCr\u00e9dito rotativo pr\u00e9-aprovado com validade de 5 anos, menor custo de contrata\u00e7\u00e3o e desburocratiza\u00e7\u00e3o para a compra de bens e insumos.<\/li>\n<li>Cart\u00e3o BNB Agro<br \/>\nCr\u00e9dito rotativo pr\u00e9-aprovado v\u00e1lido por 5 anos para a compra e manuten\u00e7\u00e3o de ve\u00edculos e m\u00e1quinas (incluindo pe\u00e7as) e para aquisi\u00e7\u00e3o de equipamentos. Ideal para levar mais agilidade \u00e0 concess\u00e3o de cr\u00e9dito do seu agroneg\u00f3cio.<\/li>\n<li>Pagamento com c\u00f3digo de barras<br \/>\nUse o seu celular como leitor de c\u00f3digo de barras para pagar seus boletos de forma r\u00e1pida e segura. Baixe o app e garanta essa facilidade.<\/li>\n<li>Simuladores de cr\u00e9dito<br \/>\nSimule seu cr\u00e9dito em diversas linhas de financiamento, desde o capital de giro at\u00e9 o cr\u00e9dito para inova\u00e7\u00e3o urbana e rural.<\/li>\n<li>App BNB GEO<br \/>\nCapture e transmita ao Banco do Nordeste as coordenadas geod\u00e9sicas das \u00e1reas a serem financiadas. Se voc\u00ea \u00e9 produtor rural, baixe o app e aproveite essa facilidade para acelerar seus projetos.<\/li>\n<li>Cadastro digital<br \/>\nO cadastro digital do Banco do Nordeste \u00e9 para voc\u00ea, para sua empresa e, o melhor de tudo, \u00e9 simples de fazer. Solicite o seu agora mesmo.<\/li>\n<li>Cadastro de Fornecedores Cart\u00e3o BNB<br \/>\nCadastre a sua empresa e amplie as suas oportunidades de neg\u00f3cio, realizando vendas de forma f\u00e1cil e segura.<\/li>\n<\/ul>\n<h3>Hor\u00e1rio de Funcionamento Banco do Nordeste Teresina<\/h3>\n<ul>\n<li>Segunda a sexta das 1h \u00e1s 16h<\/li>\n<\/ul>\n<h3>Endere\u00e7o e Telefone Banco do Nordeste Teresina<\/h3>\n<ul>\n<li><strong>Centro (Sul):<\/strong> R. Rui Barbosa, 163 &#8211; Centro (Sul) &#8211; Tel.: (86) 3216-8600<\/li>\n<li><strong>S\u00e3o Crist\u00f3v\u00e3o:<\/strong> Av. Jo\u00e3o XXIII, 3083 &#8211; S\u00e3o Crist\u00f3v\u00e3o &#8211; Tel.: (86) 3216-8700<\/li>\n<li><strong>Itarar\u00e9:<\/strong> Cj Dirceu Arcoverde II Qd &#8211; 183 &#8211; Itarar\u00e9 &#8211; Tel.: (86) 3235-4747<\/li>\n<li><strong>Redonda:<\/strong> Av. Joaquim Nelson, 2547-2653 &#8211; Redonda &#8211; Tel.: (86) 3198-1350<\/li>\n<\/ul>\n<h4>Outras informa\u00e7\u00f5es Site e CNPJ<\/h4>\n<ul>\n<li>Mais informa\u00e7\u00f5es: <a href=\"https:\/\/www.bnb.gov.br\/\" target=\"_blank\" rel=\"noopener noreferrer\">www.bnb.gov.br<\/a><\/li>\n<li>CNPJ: 07.237.373\/0194-91<\/li>\n<\/ul>\n<h4>Mapa de localiza\u00e7\u00e3o Centro (Sul)<\/h4>\n<a class=\"wp-colorbox-iframe\" href=\"https:\/\/www.google.com\/maps\/embed?pb=!1m18!1m12!1m3!1d3974.0771236920805!2d-42.818509385816924!3d-5.091231353043369!2m3!1f0!2f0!3f0!3m2!1i1024!2i768!4f13.1!3m3!1m2!1s0x78e3764cd73566d0x8329af39e5004106!2sBNB+-+Banco+do+Nordeste!5e0!3m2!1spt-BR!2sbr!4v1530040687045\"><img src=\"http:\/\/www.encontrabelohorizonte.com.br\/imgs\/maps-post.png\"><\/a>\n\n<div style=\"font-size: 0px; height: 0px; line-height: 0px; margin: 0; padding: 0; clear: both;\"><\/div>","protected":false},"excerpt":{"rendered":"<p>O Banco do Nordeste do Brasil S. A. \u00e9 o maior banco de desenvolvimento regional da Am\u00e9rica Latina e diferencia-se das demais institui\u00e7\u00f5es financeiras pela miss\u00e3o que tem a cumprir: Atuar como Banco de Desenvolvimento da Regi\u00e3o Nordeste. Banco do Nordeste Teresina \u00e9 o Banco preferido do Nordeste, reconhecido pela sua capacidade de promover o bem-estar das fam\u00edlias e a competitividade das empresas da Regi\u00e3o. Sua preocupa\u00e7\u00e3o b\u00e1sica \u00e9 executar uma pol\u00edtica de desenvolvimento \u00e1gil e seletiva, capaz de contribuir de forma decisiva para a supera\u00e7\u00e3o dos desafios e para a constru\u00e7\u00e3o de um padr\u00e3o de vida compat\u00edvel com os <\/p>\n","protected":false},"author":1,"featured_media":0,"parent":0,"menu_order":0,"comment_status":"closed","ping_status":"closed","template":"","meta":[],"aioseo_notices":[],"_links":{"self":[{"href":"https:\/\/www.encontrateresina.com\/sobre\/wp-json\/wp\/v2\/pages\/940"}],"collection":[{"href":"https:\/\/www.encontrateresina.com\/sobre\/wp-json\/wp\/v2\/pages"}],"about":[{"href":"https:\/\/www.encontrateresina.com\/sobre\/wp-json\/wp\/v2\/types\/page"}],"author":[{"embeddable":true,"href":"https:\/\/www.encontrateresina.com\/sobre\/wp-json\/wp\/v2\/users\/1"}],"replies":[{"embeddable":true,"href":"https:\/\/www.encontrateresina.com\/sobre\/wp-json\/wp\/v2\/comments?post=940"}],"version-history":[{"count":0,"href":"https:\/\/www.encontrateresina.com\/sobre\/wp-json\/wp\/v2\/pages\/940\/revisions"}],"wp:attachment":[{"href":"https:\/\/www.encontrateresina.com\/sobre\/wp-json\/wp\/v2\/media?parent=940"}],"curies":[{"name":"wp","href":"https:\/\/api.w.org\/{rel}","templated":true}]}}