{"id":951,"date":"2018-06-27T11:27:47","date_gmt":"2018-06-27T14:27:47","guid":{"rendered":"http:\/\/www.encontrateresina.com\/sobre\/?page_id=951"},"modified":"2019-05-03T11:03:33","modified_gmt":"2019-05-03T14:03:33","slug":"casa-da-cultura-teresina","status":"publish","type":"page","link":"https:\/\/www.encontrateresina.com\/sobre\/casa-da-cultura-teresina\/","title":{"rendered":"Casa da Cultura Teresina"},"content":{"rendered":"<div class=\"0a7f0342045e68db0e2c8d55d9616140\" data-index=\"1\" style=\"float: left; margin: 15px 15px 15px 0;\">\n<!-- EBR \/Novo-Bairro-Topo\/ 300x250 -->\r\n<ins class=\"adsbygoogle\"\r\n     style=\"display:inline-block;width:300px;height:250px\"\r\n     data-ad-client=\"ca-pub-6414922941841817\"\r\n     data-ad-slot=\"5351822287\"><\/ins>\r\n<script>\r\n(adsbygoogle = window.adsbygoogle || []).push({});\r\n<\/script>\n<\/div>\n<p>Como boa parte das constru\u00e7\u00f5es no centro teresinense, a <strong>Casa da Cultura Teresina<\/strong> \u00e9 permeada por hist\u00f3ria.<\/p>\n<p>O imponente casar\u00e3o j\u00e1 foi lar de bar\u00e3o, semin\u00e1rio e resid\u00eancia episcopal.<\/p>\n<p>Hoje, faz-se ainda lar, por\u00e9m das mais diversas formas de arte.<\/p>\n<p><img decoding=\"async\" loading=\"lazy\" class=\"alignnone wp-image-953 size-full\" title=\"Casa da Cultura Teresina\" src=\"http:\/\/www.encontrateresina.com\/sobre\/wp-content\/uploads\/2018\/06\/casa-da-cultura-teresina.jpg\" alt=\"Casa da Cultura Teresina\" width=\"680\" height=\"189\" srcset=\"https:\/\/www.encontrateresina.com\/sobre\/wp-content\/uploads\/2018\/06\/casa-da-cultura-teresina.jpg 680w, https:\/\/www.encontrateresina.com\/sobre\/wp-content\/uploads\/2018\/06\/casa-da-cultura-teresina-300x83.jpg 300w\" sizes=\"(max-width: 680px) 100vw, 680px\" \/><\/p>\n<p>Em seus mais de 20 anos de funcionamento, a Casa da Cultura manteve a proposta de multiculturalidade que seu nome explicita. Suas instala\u00e7\u00f5es abrigam exposi\u00e7\u00f5es itinerantes e residentes, grupos de dan\u00e7a, aulas de m\u00fasica e apresenta\u00e7\u00f5es art\u00edsticas.<\/p>\n<p>A Casa da Cultura de Teresina, inaugurada em 12 de agosto de 1994, ocupa uma edifica\u00e7\u00e3o constru\u00edda entre 1870 e 1880, pelo Sr. Jo\u00e3o do Rego Monteiro, o Bar\u00e3o de Gurgu\u00e9ia (1809-1897), para sua resid\u00eancia e fam\u00edlia. Segundo historiadores, al\u00e9m de resid\u00eancia, a casa serviu tamb\u00e9m como quartel e enfermaria.<br \/>\nEntre 1906 e 1911, o Monsenhor Joaquim d\u2019Almeida instalou um Semin\u00e1rio no pr\u00e9dio e, em 1913, os herdeiros do Bar\u00e3o venderam o pr\u00e9dio para a Diocese de Teresina, que deu continuidade ao Semin\u00e1rio.<\/p>\n<p>Depois de fechado, o casar\u00e3o foi transformado em resid\u00eancia episcopal, tendo sofrido algumas altera\u00e7\u00f5es na fachada principal, na gest\u00e3o de D. Otaviano Pereira de Albuquerque. Seu substituto, D. Severino Vieira de Melo, reabriu o Semin\u00e1rio, construindo um anexo par sua resid\u00eancia, no estilo do pr\u00e9dio original. Com a transfer\u00eancia do Semin\u00e1rio para outro local, nele passou a funcionar, por v\u00e1rios anos, a sede do Departamento Nacional de Obras Contra as Secas (DNOCS) no Piau\u00ed, para depois abrigar, tamb\u00e9m por longo per\u00edodo, o Col\u00e9gio Pedro II, que fez diversas modifica\u00e7\u00f5es no pr\u00e9dio. Em 1986, foi tombado pelo Departamento do Patrim\u00f4nio Hist\u00f3rico, Art\u00edstico e Natural do Piau\u00ed.<\/p>\n<p>O pr\u00e9dio \u00e9 um dos mais bonitos exemplares da arquitetura ecl\u00e9tica piauiense da segunda metade do s\u00e9culo XIX, com aplica\u00e7\u00e3o das tradicionais ogivas nas portas e janelas.<br \/>\nEm 1993, iniciaram-se as obras de restauro do pr\u00e9dio atrav\u00e9s de convenio firmado entre a Prefeitura de Teresina e o Governo do Estado do Piau\u00ed. O pavimento superior foi cedido, pelo prazo de vinte anos em forma de comodato, pela Arquidiocese de Teresina \u00e0 Prefeitura, que alugou o pavimento t\u00e9rreo para complementar a ocupa\u00e7\u00e3o do edif\u00edcio. Assim, em 1994, ap\u00f3s restaurada, foi inaugurada a Casa da Cultura de Teresina no imponente casar\u00e3o da Pra\u00e7a Saraiva, pelo Governador Guilherme Melo e Prefeito Wall Ferraz.<br \/>\nObjetivando preservar, promover e divulgar a cultura do Estado e especialmente a do munic\u00edpio, a Casa da Cultura proporciona a estudantes, pesquisadores, turistas e a comunidade em geral a oportunidade de ampliar seu conhecimento, atrav\u00e9s de visitas a seu acervo museol\u00f3gico, de consulta \u00e0s fontes de pesquisa bibliogr\u00e1ficas e arquiv\u00edsticas, da forma\u00e7\u00e3o cultural e do lazer por meio de cursos, oficinas de arte e outras atividades culturais.<\/p>\n<p>A Casa da Cultura de Teresina abriga:<\/p>\n<ul>\n<li>Biblioteca Jornalista Carlos Castello Branco: com acervo de 4.927 livros e 918 peri\u00f3dicos;<\/li>\n<li>Biblioteca de Artes Wall Ferraz: acervo em torno de 1.500 livros e mais de 300 peri\u00f3dicos;<\/li>\n<\/ul>\n<p>Museu com o seguinte acervo:<\/p>\n<p style=\"padding-left: 30px;\">&#8211; Mostra de Geologia, Paleontologia e Numism\u00e1tica;<br \/>\n&#8211; Cole\u00e7\u00e3o Fotogr\u00e1fica Jos\u00e9 Medeiros &#8211; arquivo fotogr\u00e1fico, livros, recortes de peri\u00f3dicos, trof\u00e9us, telas, cartografia, objetos ind\u00edgenas, objetos de trabalho e pessoais do fot\u00f3grafo e cineasta,;<br \/>\n&#8211; Cole\u00e7\u00e3o Carlos Castello Branco &#8211; com homenagens, livros, peri\u00f3dicos e objetos pessoais do jornalista, como o fard\u00e3o da Academia Brasileira de Letras;<br \/>\n&#8211; Cole\u00e7\u00e3o Arquidiocese de Teresina, objetos sacros, orat\u00f3rios e paramentos;<br \/>\n&#8211; Cole\u00e7\u00e3o Historiador Josias Clarence Carneiro da Silva &#8211; objetos sacros, mobili\u00e1rio, porcelanas e instrumentos musicais;<br \/>\n&#8211; Cole\u00e7\u00e3o Professor No\u00e9 Mendes de Oliveira- objetos sacros.<br \/>\n&#8211; Memorial Professor Wall Ferraz &#8211; biografias, fotos, homenagens e objetos pessoais;<br \/>\n&#8211; Galeria de Artes Luc\u00edlio Albuquerque<br \/>\n&#8211; Audit\u00f3rio Professor Clemente Fortes &#8211; com 60 lugares<br \/>\n&#8211; Sala de Artes C\u00eanicas<br \/>\n&#8211; Sala de V\u00eddeo &#8211; com 50 lugares e uma videoteca abrangendo document\u00e1rio, filmes de longa e curta metragem e clipes.<br \/>\n&#8211; Sala de Artes Pl\u00e1sticas<br \/>\n&#8211; Varand\u00e3o Cultural<br \/>\n&#8211; P\u00e1tio com palco a c\u00e9u aberto<\/p>\n<h2>Hor\u00e1rio de Funcionamento Casa da Cultura Teresina<\/h2>\n<ul>\n<li>Segunda a sexta das 7h30 \u00e1s 18h<\/li>\n<\/ul>\n<h3>Onde Fica, Endere\u00e7o e Telefone Casa da Cultura Teresina<\/h3>\n<ul>\n<li>R. Rui Barbosa, 348 &#8211; Centro (Sul) &#8211; Teresina &#8211; PI<\/li>\n<li>Telefone: (86) 3215-7849<\/li>\n<\/ul>\n<h4>Outras informa\u00e7\u00f5es e site<\/h4>\n<ul>\n<li>Mais informa\u00e7\u00f5es: <a href=\"https:\/\/www.facebook.com\/Casa-da-Cultura-de-Teresina-380105772002399\/\" target=\"_blank\" rel=\"noopener noreferrer\">www.facebook.com\/Casa-da-Cultura-de-Teresina<\/a><\/li>\n<\/ul>\n<h4>Mapa de localiza\u00e7\u00e3o<\/h4>\n<a class=\"wp-colorbox-iframe\" href=\"https:\/\/www.google.com\/maps\/embed?pb=!1m14!1m8!1m3!1d15896.209499941364!2d-42.8142638!3d-5.0952347!3m2!1i1024!2i768!4f13.1!3m3!1m2!1s0x00xba480aceaa86e97d!2sCasa+da+Cultura+de+Teresina!5e0!3m2!1spt-BR!2sbr!4v1530101796726\"><img src=\"http:\/\/www.encontrabelohorizonte.com.br\/imgs\/maps-post.png\"><\/a>\n\n<div style=\"font-size: 0px; height: 0px; line-height: 0px; margin: 0; padding: 0; clear: both;\"><\/div>","protected":false},"excerpt":{"rendered":"<p>Como boa parte das constru\u00e7\u00f5es no centro teresinense, a Casa da Cultura Teresina \u00e9 permeada por hist\u00f3ria. O imponente casar\u00e3o j\u00e1 foi lar de bar\u00e3o, semin\u00e1rio e resid\u00eancia episcopal. Hoje, faz-se ainda lar, por\u00e9m das mais diversas formas de arte. Em seus mais de 20 anos de funcionamento, a Casa da Cultura manteve a proposta de multiculturalidade que seu nome explicita. Suas instala\u00e7\u00f5es abrigam exposi\u00e7\u00f5es itinerantes e residentes, grupos de dan\u00e7a, aulas de m\u00fasica e apresenta\u00e7\u00f5es art\u00edsticas. A Casa da Cultura de Teresina, inaugurada em 12 de agosto de 1994, ocupa uma edifica\u00e7\u00e3o constru\u00edda entre 1870 e 1880, pelo Sr. <\/p>\n","protected":false},"author":1,"featured_media":0,"parent":0,"menu_order":0,"comment_status":"closed","ping_status":"closed","template":"","meta":[],"aioseo_notices":[],"_links":{"self":[{"href":"https:\/\/www.encontrateresina.com\/sobre\/wp-json\/wp\/v2\/pages\/951"}],"collection":[{"href":"https:\/\/www.encontrateresina.com\/sobre\/wp-json\/wp\/v2\/pages"}],"about":[{"href":"https:\/\/www.encontrateresina.com\/sobre\/wp-json\/wp\/v2\/types\/page"}],"author":[{"embeddable":true,"href":"https:\/\/www.encontrateresina.com\/sobre\/wp-json\/wp\/v2\/users\/1"}],"replies":[{"embeddable":true,"href":"https:\/\/www.encontrateresina.com\/sobre\/wp-json\/wp\/v2\/comments?post=951"}],"version-history":[{"count":0,"href":"https:\/\/www.encontrateresina.com\/sobre\/wp-json\/wp\/v2\/pages\/951\/revisions"}],"wp:attachment":[{"href":"https:\/\/www.encontrateresina.com\/sobre\/wp-json\/wp\/v2\/media?parent=951"}],"curies":[{"name":"wp","href":"https:\/\/api.w.org\/{rel}","templated":true}]}}